{"id":91,"date":"2015-12-18T07:48:51","date_gmt":"2015-12-18T12:48:51","guid":{"rendered":"http:\/\/omh-ohcc.ca\/hu\/?page_id=91"},"modified":"2024-08-21T17:47:24","modified_gmt":"2024-08-21T21:47:24","slug":"hirdetesek","status":"publish","type":"page","link":"https:\/\/omh-ohcc.ca\/hu\/hirdetesek\/","title":{"rendered":"Hirdet\u00e9sek"},"content":{"rendered":"<h1><span style=\"color:red\">Disclaimer<\/span><\/h1>\n<p><span style=\"color:red\">Last updated 2024-08-19<\/span><\/p>\n<h1><span style=\"color:red\">INTRODUCTION<\/span><\/h1>\n<p><span style=\"color:red\">The information provided by Ottawa Hungarian Community Centre  on omh-ohcc.ca is for general informational purposes only. All information on the Site is provided in good faith, however we make no representation or warranty of any kind, express or implied, regarding the accuracy, adequacy, validity, reliability, availability or completeness of any information on the Site.<\/span><\/p>\n<p><span style=\"color:red\">Under no circumstance shall we have any liability to you for any loss or damage of any kind incurred as a result of the use of the site or reliance on any information provided on the site omh-ohcc.ca. Your use of the site  and your reliance on any information on the site  is solely at your own risk.<\/span><\/p>\n<h1><span style=\"color:red\">EXTERNAL LINKS DISCLAIMER FOR WEBSITE<\/span><\/h1>\n<p><span style=\"color:red\">The Site omh-ohcc.ca may contain (or you may be sent through the Site)  to other websites or content belonging to or originating from third parties or links to websites and features in banners or other advertising. Such external links are not investigated, monitored, or checked for accuracy, adequacy, validity, reliability, availability or completeness by us. We do not warrant, endorse, guarantee, or assume responsibility for the accuracy or reliability of any information offered by third-party websites linked through the site or any website or feature linked in any banner or other advertising. We will not be a party to or in any way be responsible for monitoring any transaction between you and third-party providers of products or services.<\/span><\/p>\n<h1>Rokonkeres\u0151<\/h1>\n<p>Egyre gyakrabban k\u00e9rik a H\u00e1z seg\u00edts\u00e9g\u00e9t elveszett rokons\u00e1gi, bar\u00e1ti kapcsolatok felkutat\u00e1s\u00e1ra. Amennyiben ismer\u0151s valamelyik al\u00e1bb sorolt n\u00e9v, k\u00e9rj\u00fck \u00e9rtes\u00edts\u00e9k a keresett szem\u00e9lyeket vagy lesz\u00e1rmazottjaikat, hogy l\u00e9pjenek kapcsolatba az OMH vezet\u0151s\u00e9g\u00e9vel. Ha a keresettek is ig\u00e9nylik, kapcsolatba hozzuk az \u0151ket keres\u0151kkel.<\/p>\n<ul>\n<li>Keresett szem\u00e9ly: <strong>Mihalk\u00f3 Magdolna<\/strong>, sz. Kassa, 1910 k\u00f6r\u00fcl. \u00c9lt: Ottaw\u00e1ban. Keresi: Juh\u00e1sz Judit, Toront\u00f3<\/li>\n<\/ul>\n<hr>\n<h1>V\u00e1llalkoz\u00e1sok<\/h1>\n<h2>K\u00f6z\u00f6ss\u00e9g\u00fcnk soraiban<\/h2>\n<p><!--\n\n\n<h3>B\u00e1nyai Andr\u00e1s<\/h3>\n\n\n\n\n<table style=\"border: none\">\n\n<tbody>\n\n<tr>\n\n\n<td style=\"border: none;vertical-align: top\">\n\n\n<ul>\n\t\n\n<li>Utaz\u00e1si \u00fcgyn\u00f6k<\/li>\n\n\n\t\n\n<li>Hivatalos okm\u00e1nyok hiteles\u00edt\u00e9se (esk\u00fcbiztos)<\/li>\n\n\n\t\n\n<li>Ford\u00edt\u00e1sok - angol, francia, magyar, rom\u00e1n nyelvre<\/li>\n\n\n<\/ul>\n\n\n\n<strong>Consimpex<\/strong>\nTel.\/Fax: 819-557-1480\nCell: 819-635-7969\nE-mail: <a href=\"mailto:abconsim1@videotron.ca\">abconsim1@videotron.ca<\/a><\/td>\n\n\n\n\n<td style=\"border: none;width: 200px;vertical-align: top\"><img decoding=\"async\" class=\"alignnone\" src=\"\/kep\/300\/be\/reklam\/banyai-hu.jpg\" alt=\"n\u00e9vjegyk\u00e1rtya\" width=\"160\"\/><\/td>\n\n\n<\/tr>\n\n<\/tbody>\n\n<\/table>\n\n\n--><\/p>\n<h3>Demeter Katalin<\/h3>\n<table style=\"border: none\">\n<tbody>\n<tr>\n<td style=\"border: none;vertical-align: top\">\n<ul>\n<li>Gondnok<\/li>\n<li>Magyar, rom\u00e1n, angol, francia, n\u00e9met<\/li>\n<li>T\u00e1rsalg\u00e1s, s\u00fct\u00e9s-f\u0151z\u00e9s, h\u00e1zvezet\u00e9s, bev\u00e1s\u00e1rl\u00e1s, mos\u00e1s, takar\u00edt\u00e1s, eml\u00e9keztet\u00e9s<\/li>\n<\/ul>\n<p><strong>Kate cares<\/strong><br \/>\nTel: 613-899-3616<br \/>\nE-mail: <a href=\"mailto:demeterhuszar@gmail.com\">demeterhuszar@gmail.com<\/a><\/td>\n<td style=\"border: none;width: 200px;vertical-align: top\"><img decoding=\"async\" class=\"alignnone\" src=\"\/kep\/be\/reklam\/DemeterKati.jpg\" alt=\"n\u00e9vjegyk\u00e1rtya\" width=\"160\"\/><\/td>\n<\/tr>\n<\/tbody>\n<\/table>\n<h3>Hegyi Ferenc<\/h3>\n<table style=\"border: none\">\n<tbody>\n<tr>\n<td style=\"border: none;vertical-align: top\">\n<a href=\"http:\/\/www.hegyipublications.com\">www.hegyipublications.com<\/a><\/p>\n<p>1240 Kilborn Place, Unit 5<br \/>\nOttawa, ON<br \/>\nK1H 1B4<br \/>\nToll Free: (613) 869-7355\n<\/td>\n<td style=\"border: none;width: 160px;vertical-align: top\"><img decoding=\"async\" class=\"alignnone\" src=\"\/kep\/300\/be\/reklam\/hegyi.jpg\" alt=\"n\u00e9vjegyk\u00e1rtya\" width=\"160\" \/><\/td>\n<\/tr>\n<\/tbody>\n<\/table>\n<h3>N\u00e9meth Margaret<\/h3>\n<table style=\"border: none\">\n<tbody>\n<tr>\n<td style=\"border: none;vertical-align: top\">\nVibrational Healing<\/p>\n<ul>\n<li>Certified Solfeggio Tuning Fork Practitioner<\/li>\n<li>Reiki Practitioner<\/li>\n<\/ul>\n<p><strong>Holistic Clinic<\/strong><br \/>\n436 MacLaren St.<br \/>\nOttawa, ON<br \/>\nTel.: 613-260-2469<br \/>\nE-mail: <a href=\"mailto:margaret@healingsound.ca\">margaret@healingsound.ca<\/a><br \/>\n<a href=\"http:\/\/www.healingsound.ca\">www.healingsound.ca<\/a><\/td>\n<td style=\"border: none;width: 200px;vertical-align: top\"><img decoding=\"async\" class=\"alignnone\" src=\"\/kep\/300\/be\/reklam\/margit.jpg\" alt=\"n\u00e9vjegyk\u00e1rtya\" width=\"160\" \/><\/td>\n<\/tr>\n<\/tbody>\n<\/table>\n<h3>Szelepcs\u00e9nyi Anik\u00f3<\/h3>\n<table style=\"border: none\">\n<tbody>\n<tr>\n<td style=\"border: none;vertical-align: top\">\nUtaz\u00e1si \u00fcgyn\u00f6k<\/p>\n<p><strong>ByTown Travel Ltd.<\/strong><br \/>\n80 Marketplace Ave, Unit J4<br \/>\nNepean, ON K2J 5G3<br \/>\nTel.: 613-226-5476<br \/>\nE-mail: <a href=\"mailto:aniko@bytowntravel.com\">aniko@bytowntravel.com<\/a><\/td>\n<td style=\"border: none;width: 200px;vertical-align: top\"><img decoding=\"async\" class=\"alignnone\" src=\"\/kep\/300\/be\/reklam\/SzelepcsenyiAniko.jpg\" alt=\"n\u00e9vjegyk\u00e1rtya\" \/><\/td>\n<\/tr>\n<\/tbody>\n<\/table>\n<h3>Szelepcs\u00e9nyi Ern\u0151<\/h3>\n<table style=\"border: none\">\n<tbody>\n<tr>\n<td style=\"border: none;vertical-align: top\">\nBroker<\/p>\n<p><strong>Guidestar Realty Corporation<\/strong><br \/>\n215-1400 Clyde Ave.<br \/>\nOttawa, ON K2G 3J2<br \/>\nBus: 613-226-3018 \/ ext.225<br \/>\nResidence: 613-613-226-5476<br \/>\nCell: 613-799-4696<br \/>\nE-mail: <a href=\"mailto:kontac@rogers.com\">kontac@rogers.com<\/a><\/td>\n<td style=\"border: none;width: 200px;vertical-align: top\"><img decoding=\"async\" class=\"alignnone\" src=\"\/kep\/300\/be\/reklam\/SzelepcsenyiErno.jpg\" alt=\"n\u00e9vjegyk\u00e1rtya\" \/><\/td>\n<\/tr>\n<\/tbody>\n<\/table>\n<p><!--\n\n\n<h3>Vincze Ildik\u00f3<\/h3>\n\n\n\n\n<table style=\"border: none\">\n\n<tbody>\n\n<tr>\n\n\n<td style=\"border: none;vertical-align: top\">\nkeny\u00e9r, pog\u00e1csa, cip\u00f3, kifli\n\nTel.: 613-821-6185\nE-mail: <a href=\"mailto:vincze.ildiko@yahoo.com\">vincze.ildiko@yahoo.com<\/a><\/td>\n\n\n\n\n<td style=\"border: none;width: 200px;vertical-align: top\"><img decoding=\"async\" class=\"alignnone\" src=\"\/kep\/300\/be\/reklam\/VinczeIldiko.png\" alt=\"n\u00e9vjegyk\u00e1rtya\" \/><\/td>\n\n\n<\/tr>\n\n<\/tbody>\n\n<\/table>\n\n\n--><\/p>\n<h3>Hamar Tam\u00e1s<\/h3>\n<table style=\"border: none\">\n<tbody>\n<tr>\n<td style=\"border: none;vertical-align: top\">\nOntario bejegyzett Szak\u00e1cs<\/p>\n<p>\u00d6r\u00f6mmel mutatjuk be \u00e9telkihord\u00e1si c\u00e9g\u00fcnket, ahol eg\u00e9szs\u00e9ges, h\u00e1zias \u00e9teleket k\u00e9sz\u00edt\u00fcnk vend\u00e9geink sz\u00e1m\u00e1ra.<\/p>\n<ul>\n<li>6 \u00e9tel k\u00f6z\u00fcl lehet v\u00e1lasztani<\/li>\n<li>keddenk\u00e9nt lesz  el\u00e9rhet\u0151<\/li>\n<li>k\u00e9rhetik h\u00e1zhoz sz\u00e1ll\u00edt\u00e1ssal is<\/li>\n<li>a rendel\u00e9st 1 h\u00e9ttel korr\u00e1bban kell megtenni az al\u00e1bbi telefonsz\u00e1mon<\/li>\n<\/ul>\n<p>Szeretettel v\u00e1rjuk rendel\u00e9s\u00fcket!<\/p>\n<p><strong>XCLUSIVE Meal Plan<\/strong><br \/>\nTel: 613-804-0299<\/td>\n<td style=\"border: none;width: 200px;vertical-align: top\"><img decoding=\"async\" class=\"alignnone\" src=\"\/kep\/be\/reklam\/HamarTamas.png\" alt=\"n\u00e9vjegyk\u00e1rtya\" width=\"160\"\/><\/td>\n<\/tr>\n<\/tbody>\n<\/table>\n<hr>\n<h1>T\u00e1mogat\u00f3ink<\/h1>\n<h3>European Delicatessen *****<\/h3>\n<table style=\"border: none\">\n<tbody>\n<tr>\n<td style=\"border: none;vertical-align: top\">\nOttawa European Food Experts<br \/>\n99-1568 Merivale Road<br \/>\nOttawa, ON<br \/>\nK2G 5Y7<br \/>\nTel.: (613) 228-0394<\/td>\n<td style=\"border: none;width: 200px;vertical-align: top\"><img decoding=\"async\" class=\"alignnone\" src=\"\/kep\/300\/be\/reklam\/european_deli.jpg\" alt=\"n\u00e9vjegyk\u00e1rtya\" \/><\/td>\n<\/tr>\n<\/tbody>\n<\/table>\n<h3>Lakomka<\/h3>\n<table style=\"border: none\">\n<tbody>\n<tr>\n<td style=\"border: none;vertical-align: top\">\nRussian and European Fine Foods<br \/>\n1127 Baxter Rd.<br \/>\nOttawa, ON<br \/>\nK2C 3R4<br \/>\nTel.: 613-596-4666<\/td>\n<td style=\"border: none;width: 200px;vertical-align: top\"><img decoding=\"async\" class=\"alignnone\" src=\"\/kep\/300\/be\/reklam\/lakomka.jpg\" alt=\"n\u00e9vjegyk\u00e1rtya\" \/><\/td>\n<\/tr>\n<\/tbody>\n<\/table>\n<h3>Warsaw Polish Deli<\/h3>\n<table style=\"border: none\">\n<tbody>\n<tr>\n<td style=\"border: none;vertical-align: top\">\n747-G Richmond Rd.<br \/>\nOttawa, ON<br \/>\nK2A 0G6<br \/>\nTel.: 613-722-5440<\/td>\n<td style=\"border: none;width: 200px;vertical-align: top\"><img decoding=\"async\" class=\"alignnone\" src=\"\/kep\/300\/be\/reklam\/warsaw_deli.jpg\" alt=\"n\u00e9vjegyk\u00e1rtya\" \/><\/td>\n<\/tr>\n<\/tbody>\n<\/table>\n<h3>Little Euro Deli<\/h3>\n<table style=\"border: none\">\n<tbody>\n<tr>\n<td style=\"border: none;vertical-align: top\">\nvegyesbolt, szendvicsek<br \/>\n2D Goldrigde Drive<br \/>\nKanata, ON<br \/>\nK2T 1C7<br \/>\nTel.: 613-271-0608<\/p>\n<td style=\"border: none;width: 200px;vertical-align: top\"><img decoding=\"async\" class=\"alignnone\" src=\"\/kep\/300\/be\/reklam\/little_euro_deli.png\" alt=\"n\u00e9vjegyk\u00e1rtya\" \/><\/td>\n<\/tr>\n<\/tbody>\n<\/table>\n<h3>Lavergne Western Beef Inc.<\/h3>\n<table style=\"border: none\">\n<tbody>\n<tr>\n<td style=\"border: none;vertical-align: top\">\n\u00c1llamilag megvizsg\u00e1lt diszn\u00f3 \u00e9s marhah\u00fas<br \/>\n3971 Navan Rd.<br \/>\nOttawa, ON<br \/>\nK4B 1H9<br \/>\nTel.: 613-824-8175<br \/>\nFax: 613-824-1402<\/td>\n<td style=\"border: none;width: 200px;vertical-align: top\"><img decoding=\"async\" class=\"alignnone\" src=\"\/kep\/300\/be\/reklam\/laverne_beef.jpg\" alt=\"n\u00e9vjegyk\u00e1rtya\" \/><\/td>\n<\/tr>\n<\/tbody>\n<\/table>\n<h3>Ivan&#8217;s European Deli and Specialty Meat Shop<\/h3>\n<table style=\"border: none\">\n<tbody>\n<tr>\n<td style=\"border: none;vertical-align: top\">\nCatering, Deli Sandwiches, European Cuisene, BBQ Specialities<br \/>\n1496 Stittsville Main St.<br \/>\nBox 1032<br \/>\nStittsville, ON<br \/>\nK2S 1B2<br \/>\nTel.: 613-435-7679<\/td>\n<td style=\"border: none;width: 200px;vertical-align: top\"><img decoding=\"async\" class=\"alignnone\" src=\"\/kep\/300\/be\/reklam\/ivans_deli.jpg\" alt=\"n\u00e9vjegyk\u00e1rtya\" \/><\/td>\n<\/tr>\n<\/tbody>\n<\/table>\n","protected":false},"excerpt":{"rendered":"<p>Disclaimer Last updated 2024-08-19 INTRODUCTION The information provided by Ottawa Hungarian Community Centre on omh-ohcc.ca is for general informational purposes only. All information on the Site is provided in good faith, however we make no representation or warranty of any kind, express or implied, regarding the accuracy, adequacy, validity, reliability, availability or completeness of any [&hellip;]<\/p>\n","protected":false},"author":1,"featured_media":0,"parent":0,"menu_order":50000,"comment_status":"closed","ping_status":"closed","template":"","meta":[],"_links":{"self":[{"href":"https:\/\/omh-ohcc.ca\/hu\/wp-json\/wp\/v2\/pages\/91"}],"collection":[{"href":"https:\/\/omh-ohcc.ca\/hu\/wp-json\/wp\/v2\/pages"}],"about":[{"href":"https:\/\/omh-ohcc.ca\/hu\/wp-json\/wp\/v2\/types\/page"}],"author":[{"embeddable":true,"href":"https:\/\/omh-ohcc.ca\/hu\/wp-json\/wp\/v2\/users\/1"}],"replies":[{"embeddable":true,"href":"https:\/\/omh-ohcc.ca\/hu\/wp-json\/wp\/v2\/comments?post=91"}],"version-history":[{"count":7,"href":"https:\/\/omh-ohcc.ca\/hu\/wp-json\/wp\/v2\/pages\/91\/revisions"}],"predecessor-version":[{"id":438914,"href":"https:\/\/omh-ohcc.ca\/hu\/wp-json\/wp\/v2\/pages\/91\/revisions\/438914"}],"wp:attachment":[{"href":"https:\/\/omh-ohcc.ca\/hu\/wp-json\/wp\/v2\/media?parent=91"}],"curies":[{"name":"wp","href":"https:\/\/api.w.org\/{rel}","templated":true}]}}