{"id":89,"date":"2015-12-18T07:47:56","date_gmt":"2015-12-18T12:47:56","guid":{"rendered":"http:\/\/omh-ohcc.ca\/hu\/?page_id=89"},"modified":"2025-05-04T17:56:22","modified_gmt":"2025-05-04T21:56:22","slug":"ottawai-magyar-szervezetek","status":"publish","type":"page","link":"https:\/\/omh-ohcc.ca\/hu\/ottawai-magyar-elet\/ottawai-magyar-szervezetek\/","title":{"rendered":"Ottawai magyar szervezetek"},"content":{"rendered":"<p><img decoding=\"async\" class=\"alignright\" src=\"\/kep\/160\/be\/jelveny\/28_kolcsey_cs_cs.jpg\" alt=\"jelv\u00e9ny\" width=\"160\" \/><\/p>\n<h3>Ottawai 28-as K\u00f6lcsey Ferenc cserk\u00e9szcsapat<\/h3>\n<p>Ottawai Magyar H\u00e1z<br \/>\n43 Capital Drive, Ottawa, K2G 0E7<\/p>\n<p align=\"justify\">Szombatonk\u00e9nt 12.00-t\u00f3l d\u00e9lut\u00e1n 14.00-ig, 6 \u00e9ven fel\u00fcli magyarul besz\u00e9l\u0151 gyerekek sz\u00e1m\u00e1ra. Magyarul besz\u00e9l\u0151 feln\u0151ttek seg\u00edts\u00e9g\u00e9t \u00e9s t\u00e1mogat\u00e1s\u00e1t nagyon sz\u00edvesen fogadj\u00e1k.<\/p>\n<p>Parancsnok: Siket Gyuri (+1) 613-714-1866, <a href=\"mailto:siket.gyorgy@kmcssz.org\">siket.gyorgy@kmcssz.org<\/a><\/p>\n<p>Inform\u00e1ci\u00f3s honlapok:<br \/>\n<a href=\"https:\/\/www.ottawacserkesz.org\/\">Ottawai Cserkeszet &#8211; 28. sz. K\u00f6lcsey Ferenc Cserk\u00e9szcsapat<\/a><br \/>\n<a href=\"https:\/\/m.facebook.com\/p\/28as-K%C3%B6lcsey-Ferenc-Cserk%C3%A9szcsapat-Ottawa-100068909739448\/\">28. sz. K\u00f6lcsey Ferenc Cserk\u00e9szcsapat Ottawa &#8211; Facebook<\/a><\/p>\n<h3>Ottawai Magyar Iskola \u2013 Oskola<\/h3>\n<p>Ottawai Magyar H\u00e1z<br \/>\n43 Capital Drive, Ottawa, K2G 0E7<\/p>\n<p>Vezet\u0151: Demeter Katalin (+1) 613-899-3616<\/p>\n<p>Inform\u00e1ci\u00f3s honlap: <a href=\"https:\/\/www.facebook.com\/OttawaiMagyarIskola\">Ottawai Magyar Iskola &#8211; Facebook<\/a><\/p>\n<h3>Ottawai Magyar Katolikus K\u00f6z\u00f6ss\u00e9g<\/h3>\n<p>Rev. Fr. Martin Ndyanabo<\/p>\n<p>Magyar-angol Szentmise minden vas\u00e1rnap d\u00e9lt\u0151l 13:00 \u00f3r\u00e1ig a Szent Erzs\u00e9bet templomban:<br \/>\n1303 Leaside Ave, Ottawa, ON K1Z 7R2<br \/>\nTel.: (+1) 613-407-4287<\/p>\n<p>Vil\u00e1gi eln\u00f6k: Kolesz\u00e1r Istv\u00e1n (+1)613-291-8590<\/p>\n<p>Inform\u00e1ci\u00f3s honlap: <a href=\"https:\/\/hu-hu.facebook.com\/ottawaikatolikus\/\">Ottawai Magyar Katolikus K\u00f6z\u00f6ss\u00e9g &#8211; Facebook<\/a><\/p>\n<h3>Ottawai Magyar Reform\u00e1tus K\u00f6z\u00f6ss\u00e9g<\/h3>\n<p>Nt. P\u00e9ter L\u00e1szl\u00f3<\/p>\n<p>Istentiszteletek a Gloucester reform\u00e1tus templomban:<br \/>\n91 Pike St., Ottawa, ON K1T 3J6<br \/>\nTel.: (+1) 343-984-5485<br \/>\nInform\u00e1ci\u00f3s honlap: <a href=\"http:\/\/calvinhungarian.org\/\" rel=\"noopener\" target=\"_blank\">http:\/\/calvinhungarian.org\/<\/a><br \/>\n<!--\n<img decoding=\"async\" class=\"alignright\" src=\"\/kep\/160\/be\/jelveny\/CHINlogo.jpg\" alt=\"jelv\u00e9ny\" width=\"160\" \/>\n\n<h3>Ottawai Magyar R\u00e1di\u00f3<\/h3>\n\n\n\n\n<p align=\"justify\">A Kanadai\u00a0R\u00e1di\u00f3 \u00e9s Telev\u00edzi\u00f3 Bizotts\u00e1g 2001 okt\u00f3ber\u00e9ben sz\u00fcletett d\u00f6nt\u00e9se szerint a toront\u00f3i\u00a0<a href=\"http:\/\/chinradio.com\/\" target=\"_blank\" rel=\"noopener\">CHIN\u00a0Radio\/TV International<\/a> nev\u0171 v\u00e1llalkoz\u00e1s enged\u00e9lyt kapott az Ottawa \u00e9s k\u00f6rny\u00e9k\u00e9n \u00e9l\u0151 nemzetis\u00e9gek r\u00e9sz\u00e9re egy saj\u00e1t anyanyelv\u00fck\u00f6n sug\u00e1rz\u00f3 r\u00e1di\u00f3\u00e1llom\u00e1s l\u00e9tes\u00edt\u00e9s\u00e9re.<\/p>\n\n\n\n\n\n<p align=\"justify\">A Toront\u00f3ban akkor m\u00e1r t\u00f6bb mint 50 \u00e9ve m\u0171k\u00f6d\u0151\u00a0CHIN\u00a0r\u00e1di\u00f3\u00a0eln\u00f6ke, Lenny Lombardi kapcsolatot teremtett az ottawai k\u00f6z\u00f6ss\u00e9gek, \u00edgy a magyar k\u00f6z\u00f6ss\u00e9gek vezet\u0151ivel is. Mivel az Ottawai Magyar H\u00e1z adott egy otthont a k\u00f6rny\u00e9k\u00fcnk\u00f6n \u00e9l\u0151 magyaroknak, akiknek nagy r\u00e9sze tagja, s\u0151t alap\u00edt\u00f3ja volt a H\u00e1znak, Lombardi \u00far. \u00e9rtelemszer\u0171en a H\u00e1z akkori eln\u00f6k\u00e9t, Gy\u00f6rffy Lajost kereste fel az aj\u00e1nlattal. Gy\u00f6rffy Lajos a tags\u00e1g \u00e9s az egyh\u00e1zi k\u00f6z\u00f6ss\u00e9gek v\u00e9lem\u00e9ny\u00e9t k\u00e9rve megb\u00edz\u00e1st kapott, hogy a tov\u00e1bbi t\u00e1rgyal\u00e1sokon k\u00e9pviselje a magyar nyelv\u0171 ad\u00e1s fel\u00e1ll\u00edt\u00e1s\u00e1nak \u00fcgy\u00e9t.<\/p>\n\n\n\n\n\n<p align=\"justify\">H\u00f3napokon \u00e1t folytak az egyeztet\u00e9sek a CRTC es a\u00a0CHIN\u00a0Radio\u00a0k\u00e9pvisel\u0151j\u00e9vel, m\u00edg v\u00e9g\u00fcl 2003. december 5-\u00e9n szombaton reggel 7 \u00f3rakor elhangzott az els\u0151 magyar sz\u00f3 az ottawai\u00a0CHIN\u00a0Radio\u00a0FM 97,9 MHz-es hull\u00e1mhossz\u00e1n.<\/p>\n\n\n\n\n\n<p align=\"justify\">A\u00a0r\u00e1di\u00f3\u00a0igazgat\u00f3s\u00e1g Hadh\u00e1zy \u00c9v\u00e1t nevezte ki a m\u0171sor szerkeszt\u0151j\u00e9v\u00e9.<\/p>\n\n\n\n\n\n<p align=\"justify\">A k\u00f6vetkez\u0151 \u00e9v elej\u00e9n T\u00f3th R\u00f3zsa mint t\u00e1rsszerkeszt\u0151 vett r\u00e9szt a m\u0171sorok \u00f6ssze\u00e1ll\u00edt\u00e1s\u00e1ban.<\/p>\n\n\n\n\n\n<p align=\"justify\">Dombi K\u00e1roly el\u0151sz\u00f6r 2004. m\u00e1rcius 8-\u00e1n a Nemzetk\u00f6zi N\u0151nap m\u00e9ltat\u00e1s\u00e1ra szerkesztett megeml\u00e9kez\u00e9s\u00e9vel lett r\u00e9sze\u00a0CHIN\u00a0R\u00e1di\u00f3\u00a0magyar nyelv\u0171 m\u0171sor\u00e1nak. Mivel a ny\u00e1ri h\u00f3napok folyam\u00e1n \u00c9va egyed\u00fcl maradt a m\u0171sorok \u00f6ssze\u00e1ll\u00edt\u00e1s\u00e1val, \u00e9s hivat\u00e1sa is egyre nehezebb\u00e9 tette az ad\u00e1sra k\u00e9sz m\u0171sorok rendszeres k\u00e9sz\u00edt\u00e9s\u00e9t \u00e9s r\u00f6gz\u00edt\u00e9s\u00e9t, felk\u00e9rte Dombi K\u00e1rolyt, hogy v\u00e1llaljon \u00e1lland\u00f3 szerepet a\u00a0r\u00e1di\u00f3\u00a0\u00e9let\u00e9ben.<\/p>\n\n\n\n[caption id=\"\" align=\"alignright\" width=\"200\"]<a href=\"\/kep\/be\/egyen\/DombiKaroly-01.jpg\" target=\"_blank\" rel=\"noopener\"><img decoding=\"async\" src=\"\/kep\/be\/egyen\/DombiKaroly-02.jpg\" alt=\"fot\u00f3\" width=\"200\" \/><\/a>Dombi K\u00e1roly[\/caption]\n\n<p align=\"justify\">2006. augusztus v\u00e9g\u00e9n Hadh\u00e1zy \u00c9va lemondta a felel\u0151s szerkeszt\u0151i megb\u00edzat\u00e1s\u00e1t \u00e9s szeptembert\u0151l ezt Dombi K\u00e1roly vette \u00e1t.\u00a0Az Ottawai Magyar H\u00e1z \u00e9s a helyi magyar szervezetek tagjai k\u00f6z\u00fcl t\u00f6bben beseg\u00edtettek a m\u0171sorok szerkeszt\u00e9s\u00e9be, gazdag\u00edt\u00e1s\u00e1ba.\u00a0T\u00f6bbek k\u00f6z\u00f6tt Kov\u00e1cs Ibolya, Kedei Veronika, Kov\u00e1cs Elvira, Dr. Feszty D\u00e1niel, Valsamas Mikl\u00f3s, Dr. Csepregi G\u00e1bor, Szeri B\u00e9la, T\u00f3th Magdolna, L\u00f3czi Tam\u00e1s atya, Kurnyek R\u00f3bert atya, a Kolesz\u00e1r h\u00e1zasp\u00e1r, a Finta h\u00e1zasp\u00e1r \u00e9s K\u00f6nt\u00e9s B\u00e9la.<\/p>\n\n\n\n\n\n<p align=\"justify\">2008. janu\u00e1r 5-t\u0151l a CHIN R\u00e1di\u00f3\u00a0magyar nyelv\u0171 m\u0171sor\u00e1t\u00a0\u00e9l\u0151ben sug\u00e1rozt\u00e1k.<\/p>\n\n\n\n\n\n<p align=\"justify\">2014. m\u00e1jus\u00e1t\u00f3l okt\u00f3ber v\u00e9g\u00e9ig Simon Diana, a K\u0151r\u00f6si Csoma Program \u00f6szt\u00f6nd\u00edjasa szerkesztette a m\u0171sort.<\/p>\n\n\n\n\n\n<p align=\"justify\">2014. november\u00e9t\u0151l 2015. m\u00e1jus 31-ig ism\u00e9t Dombi K\u00e1roly szolg\u00e1lta a hallgat\u00f3kat.<\/p>\n\n\n\n\n\n<p align=\"justify\">Ezen t\u00edz \u00e9v m\u0171sor\u00e1t a <a href=\"http:\/\/www.hunmagyar.org\/radio\">www.hunmagyar.org\/radio<\/a> honlap hangt\u00e1r\u00e1b\u00f3l lehet meghallgatni.<\/p>\n\n\n\n\n\n<p align=\"justify\">2015. j\u00fanius els\u0151 het\u00e9ben Pet\u00e9nyi Judit lett az Ottawai CHIN R\u00e1di\u00f3 magyar nyelv\u0171 ad\u00e1s\u00e1nak szerkeszt\u0151je. Az \u00e1ltala k\u00e9sz\u00edtett m\u0171sorok tartalm\u00e1\u00e9rt az OMH semmilyen felel\u0151ss\u00e9get sem v\u00e1llalt s\u0151t, pontatlans\u00e1ga \u00e9s ir\u00e1nyzata miatt elhat\u00e1rolta mag\u00e1t t\u0151le, \u00e9s nem ismerte el mint az ottawai magyar k\u00f6z\u00f6ss\u00e9g hangj\u00e1t. Annak ellen\u00e9re, hogy az ad\u00e1s id\u0151pontj\u00e1t siker\u00fclt \u00e1thelyezni egy kedvez\u0151bb id\u0151pontra, a vas\u00e1rnapi kora est\u00e9kre 19.00-t\u0151l 20.00 \u00f3r\u00e1ig, a szerkeszt\u0151 nem kapott megfelel\u0151 k\u00f6z\u00f6ss\u00e9gi t\u00e1mogat\u00e1st, \u00e9s 2017. j\u00fanius 4-\u00e9n bejelentette felmond\u00e1s\u00e1t \u00e9s befejezte hivatalos tev\u00e9kenys\u00e9g\u00e9t a CHIN r\u00e1di\u00f3n\u00e1l.<\/p>\n\n\n\n\n\n<h3>Jelenlegi magyar nyelv\u0171 r\u00e1di\u00f3ad\u00e1s<\/h3>\n\n\n\n\n<p align=\"justify\">A magyar ad\u00e1sok  beind\u00edt\u00e1s\u00e1t a Magyar H\u00e1z vezet\u0151s\u00e9ge eszk\u00f6z\u00f6lte ki 2003-ban, \u00e9s tags\u00e1ga  t\u00e1mogatta fennmarad\u00e1s\u00e1t t\u00f6bb mint egy \u00e9vtizedig. A 2016-2018-as id\u0151szakra megv\u00e1lasztott vezet\u0151s\u00e9g nem n\u00e9zhette t\u00e9tlen\u00fcl ennek a fontos int\u00e9zm\u00e9nynek a megsz\u00fcntet\u00e9s\u00e9t, \u00e9s \u00fagy d\u00f6nt\u00f6tt, megk\u00eds\u00e9reli az ad\u00e1s \u00fajraind\u00edt\u00e1s\u00e1t \u00e9s szellem\u00e9nek meg\u00faj\u00edt\u00e1s\u00e1t. Ez\u00e9rt, 2017. j\u00fanius 25-\u00e9vel kezd\u0151d\u0151en az Ottawai Magyar H\u00e1z vette \u00e1t a r\u00e1di\u00f3ad\u00e1s szerkeszt\u00e9s\u00e9t \u00e9s ir\u00e1ny\u00edt\u00e1s\u00e1t. Az els\u0151 ad\u00e1st 2017. j\u00falius 16-\u00e1n sug\u00e1rozt\u00e1k az \u00e9terbe.<\/p>\n\n\n\n\n\n<p align=\"justify\">Az <strong>OMH R\u00e1di\u00f3ja<\/strong> a CHIN R\u00e1di\u00f3 97,9 MHz-es frekvenci\u00e1j\u00e1n \u0151rzi \u00e9s testes\u00edti meg az alap\u00edt\u00f3k \u00f6r\u00f6ks\u00e9g\u00e9t, \u00e9s minden vas\u00e1rnap este 19.00-t\u0151l 20.00 \u00f3r\u00e1ig hangzik el. A r\u00e1di\u00f3 <a href=\"http:\/\/radio.securenetsystems.net\/v5\/CJLLFM\" target=\"_blank\" rel=\"noopener\">a vil\u00e1gh\u00e1l\u00f3n<\/a> is meg az ingyenes <a href=\"https:\/\/itunes.apple.com\/ca\/app\/chin-radio-ottawa\/id1211882458?mt=8\" target=\"_blank\" rel=\"noopener\">okostelefon alkalmaz\u00e1son<\/a> kereszt\u00fcl is b\u00e1rhonnan hallgathat\u00f3 \u00e9l\u0151ben. <a href=\"\/hu\/ottawai-magyar-elet\/omh-radio\/\">M\u0171sorismertet\u0151j\u00e9t \u00e9s hangt\u00e1r\u00e1t<\/a> itt a honlapunkon tessz\u00fck el\u00e9rhet\u0151v\u00e9. Az utols\u00f3 n\u00e9gy ad\u00e1st a CHIN R\u00e1di\u00f3 is elt\u00e9rolja a saj\u00e1t hangt\u00e1r\u00e1ban.<\/p>\n\n\n\n\n\n<p align=\"justify\">Minden m\u00e1s Ottawai Magyar R\u00e1di\u00f3 ill. Magyar Ad\u00e1s, vagy ezekhez hasonl\u00f3 n\u00e9v alatt szerkesztett m\u00e9diaaktivit\u00e1sokt\u00f3l az OMH elhat\u00e1rolja mag\u00e1t. Kiz\u00e1r\u00f3lag a CHIN r\u00e1di\u00f3 \u00e9s az OMH honlapj\u00e1n k\u00f6z\u00f6lt ad\u00e1sok\u00e9rt v\u00e1llal felel\u0151ss\u00e9get az OMH vezet\u0151s\u00e9ge \u00e9s szerkeszt\u0151s\u00e9ge.<\/p>\n\n\n--><\/p>\n","protected":false},"excerpt":{"rendered":"<p>Ottawai 28-as K\u00f6lcsey Ferenc cserk\u00e9szcsapat Ottawai Magyar H\u00e1z 43 Capital Drive, Ottawa, K2G 0E7 Szombatonk\u00e9nt 12.00-t\u00f3l d\u00e9lut\u00e1n 14.00-ig, 6 \u00e9ven fel\u00fcli magyarul besz\u00e9l\u0151 gyerekek sz\u00e1m\u00e1ra. Magyarul besz\u00e9l\u0151 feln\u0151ttek seg\u00edts\u00e9g\u00e9t \u00e9s t\u00e1mogat\u00e1s\u00e1t nagyon sz\u00edvesen fogadj\u00e1k. Parancsnok: Siket Gyuri (+1) 613-714-1866, siket.gyorgy@kmcssz.org Inform\u00e1ci\u00f3s honlapok: Ottawai Cserkeszet &#8211; 28. sz. K\u00f6lcsey Ferenc Cserk\u00e9szcsapat 28. sz. K\u00f6lcsey Ferenc Cserk\u00e9szcsapat [&hellip;]<\/p>\n","protected":false},"author":1,"featured_media":0,"parent":432573,"menu_order":61000,"comment_status":"closed","ping_status":"closed","template":"","meta":[],"_links":{"self":[{"href":"https:\/\/omh-ohcc.ca\/hu\/wp-json\/wp\/v2\/pages\/89"}],"collection":[{"href":"https:\/\/omh-ohcc.ca\/hu\/wp-json\/wp\/v2\/pages"}],"about":[{"href":"https:\/\/omh-ohcc.ca\/hu\/wp-json\/wp\/v2\/types\/page"}],"author":[{"embeddable":true,"href":"https:\/\/omh-ohcc.ca\/hu\/wp-json\/wp\/v2\/users\/1"}],"replies":[{"embeddable":true,"href":"https:\/\/omh-ohcc.ca\/hu\/wp-json\/wp\/v2\/comments?post=89"}],"version-history":[{"count":36,"href":"https:\/\/omh-ohcc.ca\/hu\/wp-json\/wp\/v2\/pages\/89\/revisions"}],"predecessor-version":[{"id":439254,"href":"https:\/\/omh-ohcc.ca\/hu\/wp-json\/wp\/v2\/pages\/89\/revisions\/439254"}],"up":[{"embeddable":true,"href":"https:\/\/omh-ohcc.ca\/hu\/wp-json\/wp\/v2\/pages\/432573"}],"wp:attachment":[{"href":"https:\/\/omh-ohcc.ca\/hu\/wp-json\/wp\/v2\/media?parent=89"}],"curies":[{"name":"wp","href":"https:\/\/api.w.org\/{rel}","templated":true}]}}