{"id":87,"date":"2015-12-18T07:46:16","date_gmt":"2015-12-18T12:46:16","guid":{"rendered":"http:\/\/omh-ohcc.ca\/hu\/?page_id=87"},"modified":"2025-06-12T21:49:59","modified_gmt":"2025-06-13T01:49:59","slug":"igazgatoi-tanacs","status":"publish","type":"page","link":"https:\/\/omh-ohcc.ca\/hu\/rolunk\/igazgatoi-tanacs\/","title":{"rendered":"Vezet\u0151s\u00e9g"},"content":{"rendered":"<h3>Igazgat\u00f3i Tan\u00e1cs*<\/h3>\n<table style=\"border: none\">\n<tbody>\n<tr>\n<td style=\"border: none;width: 30%\">Eln\u00f6k<\/td>\n<td style=\"border: none;width: 50%\">Szab\u00f3 B\u00e9la<\/td>\n<\/tr>\n<tr>\n<td style=\"border: none;width: 30%\">Aleln\u00f6k<\/td>\n<td style=\"border: none;width: 50%\">Finta G\u00e1bor<\/td>\n<\/tr>\n<tr>\n<td style=\"border: none;width: 30%\">P\u00e9nzt\u00e1ros<\/td>\n<td style=\"border: none;width: 50%\">B\u00e1ns\u00e1gi Rudolf<\/td>\n<\/tr>\n<tr>\n<td style=\"border: none;width: 30%\">Titk\u00e1r<\/td>\n<td style=\"border: none;width: 50%\">Szeri B\u00e9la<\/td>\n<\/tr>\n<tr>\n<td style=\"border: none;width: 30%;vertical-align: top\"><\/td>\n<td style=\"border: none;width: 50%\"><\/td>\n<\/tr>\n<\/tbody>\n<\/table>\n<h3>Ellen\u0151r\u00f6k*<\/h3>\n<p>Palencs\u00e1r Edit<\/p>\n<h3>K\u00f6nyvt\u00e1ros<\/h3>\n<p>B\u00e1ns\u00e1gi Rudolf<\/p>\n<p>* Tags\u00e1g \u00e1ltal megv\u00e1lasztott szem\u00e9lyek.<\/p>\n","protected":false},"excerpt":{"rendered":"<p>Igazgat\u00f3i Tan\u00e1cs* Eln\u00f6k Szab\u00f3 B\u00e9la Aleln\u00f6k Finta G\u00e1bor P\u00e9nzt\u00e1ros B\u00e1ns\u00e1gi Rudolf Titk\u00e1r Szeri B\u00e9la Ellen\u0151r\u00f6k* Palencs\u00e1r Edit K\u00f6nyvt\u00e1ros B\u00e1ns\u00e1gi Rudolf * Tags\u00e1g \u00e1ltal megv\u00e1lasztott szem\u00e9lyek.<\/p>\n","protected":false},"author":1,"featured_media":0,"parent":34,"menu_order":83000,"comment_status":"closed","ping_status":"closed","template":"","meta":[],"_links":{"self":[{"href":"https:\/\/omh-ohcc.ca\/hu\/wp-json\/wp\/v2\/pages\/87"}],"collection":[{"href":"https:\/\/omh-ohcc.ca\/hu\/wp-json\/wp\/v2\/pages"}],"about":[{"href":"https:\/\/omh-ohcc.ca\/hu\/wp-json\/wp\/v2\/types\/page"}],"author":[{"embeddable":true,"href":"https:\/\/omh-ohcc.ca\/hu\/wp-json\/wp\/v2\/users\/1"}],"replies":[{"embeddable":true,"href":"https:\/\/omh-ohcc.ca\/hu\/wp-json\/wp\/v2\/comments?post=87"}],"version-history":[{"count":7,"href":"https:\/\/omh-ohcc.ca\/hu\/wp-json\/wp\/v2\/pages\/87\/revisions"}],"predecessor-version":[{"id":439105,"href":"https:\/\/omh-ohcc.ca\/hu\/wp-json\/wp\/v2\/pages\/87\/revisions\/439105"}],"up":[{"embeddable":true,"href":"https:\/\/omh-ohcc.ca\/hu\/wp-json\/wp\/v2\/pages\/34"}],"wp:attachment":[{"href":"https:\/\/omh-ohcc.ca\/hu\/wp-json\/wp\/v2\/media?parent=87"}],"curies":[{"name":"wp","href":"https:\/\/api.w.org\/{rel}","templated":true}]}}