{"id":85,"date":"2015-12-18T07:45:36","date_gmt":"2015-12-18T12:45:36","guid":{"rendered":"http:\/\/omh-ohcc.ca\/hu\/?page_id=85"},"modified":"2025-07-23T18:25:43","modified_gmt":"2025-07-23T22:25:43","slug":"teremberles","status":"publish","type":"page","link":"https:\/\/omh-ohcc.ca\/hu\/teremberles\/","title":{"rendered":"Teremb\u00e9rl\u00e9s"},"content":{"rendered":"<p>Az Ottawai Magyar H\u00e1z kib\u00e9relhet\u0151 minden alkalomra (lakodalomra, menyasszony- \u00e9s v\u0151leg\u00e9ny- b\u00facs\u00faztat\u00f3ra, <img decoding=\"async\" class=\"alignleft\" src=\"\/kep\/be\/omh\/terem-2.png\" alt=\"terem sz\u00ednpaddal\" width=\"300\" \/>sz\u00fclet\u00e9snapra, ballag\u00e1sra, nyugd\u00edjaz\u00e1s meg\u00fcnnepl\u00e9s\u00e9re, kar\u00e1csonyi vagy b\u00e1rmilyen t\u00e1rsadalmi \u00f6sszej\u00f6vetelre, kisebb koncertekre, sz\u00ednh\u00e1zi el\u0151ad\u00e1sokra, konferenci\u00e1ra), amikor azt a H\u00e1z saj\u00e1t rendezv\u00e9nyei lehet\u0151v\u00e9 teszik. Eligazod\u00e1sk\u00e9nt, k\u00e9rj\u00fck, vessenek egy pillant\u00e1st az <a href=\"\/hu\/events\/\">esem\u00e9nynapt\u00e1runkra<\/a>. Ha foglalt az a nap, amire sz\u00e1m\u00edtanak, ne adj\u00e1k fel r\u00f6gt\u00f6n a rem\u00e9nyt, mert a lehet\u0151s\u00e9gek szerint megpr\u00f3b\u00e1lkozunk mindenkin seg\u00edteni.<\/p>\n<p>A b\u00e9rbev\u00e9tel k\u00f6lts\u00e9ge az ig\u00e9nyelt szolg\u00e1ltat\u00e1sok m\u00e9rt\u00e9k\u00e9nek f\u00fcggv\u00e9nye. D\u00edjszab\u00e1sunk t\u00f6bb \u00f6sszetev\u0151b\u0151l \u00e1ll <img decoding=\"async\" class=\"alignright\" src=\"\/kep\/be\/omh\/terem-1.png\" alt=\"U terem b\u00e1rrall\" width=\"300\" \/>\u00e9s a piaci \u00e1rak als\u00f3 tartom\u00e1ny\u00e1ba illeszkedik be, ezzel is kedvezve mind az egy\u00e9ni b\u00e9rl\u0151knek, mind a k\u00f6z\u00f6ss\u00e9gi gy\u00fclekezeteknek. Mi egy \u00f6nk\u00f6lts\u00e9geit kitermelni hivatott, nem haszon\u00e9rt m\u0171k\u00f6d\u0151 szervezet vagyunk, \u00e9s \u00f6nk\u00e9ntes er\u0151forr\u00e1saink korl\u00e1tozottak, de minden t elk\u00f6vet\u00fcnk, hogy a felvezet\u00e9si id\u0151szakban a k\u00e9relem minden r\u00e9szlet\u00e9re megtal\u00e1ljuk a megfelel\u0151 embert.<\/p>\n<p>Ha az \u00f6sszej\u00f6vetel \u00e9lelmiszerell\u00e1t\u00e1s\u00e1r\u00f3l \u00f6n\u00f6k gondoskodnak, a k\u00f6zeg\u00e9szs\u00e9g\u00fcgyi elv\u00e1r\u00e1soknak val\u00f3 megfelel\u00e9s felel\u0151ss\u00e9ge szint\u00e9n \u00f6n\u00f6kre h\u00e1rul. <\/p>\n<p>Ugyanez az elv \u00e9rv\u00e9nyes a szeszes italok \u00f6nerej\u0171 felszolg\u00e1l\u00e1s\u00e1ra is. A b\u00e9rl\u0151 felel\u0151ss\u00e9ge az alkalmi enged\u00e9ly <a href=\"http:\/\/hellolcbo.com\/\">Special Occasion Permit (SOP)<\/a> beszerz\u00e9se az LCBO-t\u00f3l, \u00e9s az abban szerepl\u0151 elj\u00e1r\u00e1sok, kik\u00f6t\u00e9sek betart\u00e1sa. Ide tartozik az is, hogy <strong>csakis az enged\u00e9llyel v\u00e1s\u00e1rolt \u00e9s felb\u00e9lyegzett italt szolg\u00e1lhatnak fel a H\u00e1zban \u00e9s, hogy a vend\u00e9geik nem hozhatj\u00e1k be saj\u00e1t italukat<\/strong>.<\/p>\n<p><strong>A H\u00e1zr\u00f3l<\/strong><\/p>\n<table style=\"border: none;\">\n<tbody>\n<tr>\n<th style=\"border: none; text-align: right; vertical-align: top;\">Terem befogad\u00f3-k\u00e9pess\u00e9ge:<\/th>\n<td style=\"border: none; text-align: left; vertical-align: top;\">asztalokn\u00e1l \u00fclve 120 f\u0151, \u00e9s \u00f6sszeg\u00e9ben nem haladhatja meg a 140 f\u0151t.<\/td>\n<\/tr>\n<tr>\n<th style=\"border: none; text-align: right; vertical-align: top;\">Elrendez\u00e9si tervrajzok:<\/th>\n<td style=\"border: none; text-align: right; vertical-align: top;\">\n<table style=\"border: none;\">\n<tbody>\n<tr>\n<td style=\"border: none; text-align: center; vertical-align: top;\">\n<div style=\"width: 170px\" class=\"wp-caption aligncenter\"><img decoding=\"async\" class=\"\"  src=\"\/kep\/be\/omh\/terem\/ultetes-rajz-20180510-Layout1.png\" alt=\"m\u00e9retek\" width=\"50\" \/><p class=\"wp-caption-text\"><a href=\"\/kep\/be\/omh\/terem\/ultetes-rajz-20180510-Layout1.png\" target=\"none\" rel=\"noopener\">1. elrendez\u00e9s p\u00e9lda<\/a><\/p><\/div><\/td>\n<td style=\"border: none; text-align: center; vertical-align: top;\">\n<div style=\"width: 170px\" class=\"wp-caption aligncenter\"><img decoding=\"async\" class=\"\"  src=\"\/kep\/be\/omh\/terem\/ultetes-rajz-20180510-Layout2.png\" alt=\"m\u00e9retek\" width=\"50\" \/><p class=\"wp-caption-text\"><a href=\"\/kep\/be\/omh\/terem\/ultetes-rajz-20180510-Layout2.png\" target=\"none\" rel=\"noopener\">2. elrendez\u00e9s p\u00e9lda<\/a><\/p><\/div><\/td>\n<\/tr>\n<tr>\n<td style=\"border: none; text-align: center; vertical-align: top;\">\n<div style=\"width: 170px\" class=\"wp-caption aligncenter\"><img decoding=\"async\" class=\"\"  src=\"\/kep\/be\/omh\/terem\/ultetes-rajz-20180510-Layout3.png\" alt=\"m\u00e9retek\" width=\"160\" \/><p class=\"wp-caption-text\"><a href=\"\/kep\/be\/omh\/terem\/ultetes-rajz-20180510-Layout3.png\" target=\"none\" rel=\"noopener\">3. sz\u00edh\u00e1zi elrendez\u00e9s p\u00e9lda<\/a><\/p><\/div><\/td>\n<td style=\"border: none; text-align: center; vertical-align: top;\">\n<img decoding=\"async\" class=\"\" src=\"\/kep\/be\/jelveny\/dwg.png\" alt=\"DWG\" width=\"50\" \/> Szerkeszthet\u0151 <a href=\"\/irat\/omh\/ultetes\/ultetes-rajz-20191122.dwg\" target=\"none\" rel=\"noopener\">DWG technikai rajz<\/a>. Szerkeszt\u0151: <a href=\"https:\/\/www.autodesk.ca\/\" target=\"none\" rel=\"noopener\">Autodesk<\/a><br \/>\n<br \/>\n<img decoding=\"async\" class=\"\" src=\"\/kep\/be\/jelveny\/dxf.png\" alt=\"DXF\" width=\"50\" \/> Szerkeszthet\u0151 <a href=\"\/irat\/omh\/ultetes\/ultetes-rajz-20191122.dxf\" target=\"none\" rel=\"noopener\">DXF technikai rajz<\/a>. Aj\u00e1nlott d\u00edjmentes szerkeszt\u0151: <a href=\"https:\/\/librecad.org\/\" target=\"none\" rel=\"noopener\">LibreCAD<\/a><\/td>\n<\/tr>\n<\/tbody>\n<\/table>\n<\/td>\n<\/tr>\n<tr>\n<th style=\"border: none; text-align: right; vertical-align: top;\">Konyha:<\/th>\n<td style=\"border: none; text-align: left; vertical-align: top;\">8 r\u00f3zs\u00e1s g\u00e1zk\u00e1lyha 2 f\u00fcggetlen s\u00fct\u0151vel, mikrohull\u00e1m\u00fa s\u00fct\u0151, 2 h\u0171t\u0151szekr\u00e9ny, 2 nagy teljes\u00edtm\u00e9ny\u0171 k\u00e1v\u00e9f\u0151z\u0151.<\/td>\n<\/tr>\n<tr>\n<th style=\"border: none; text-align: right; vertical-align: top;\">Ingyenes parkol\u00e1s:<\/th>\n<td style=\"border: none; text-align: left; vertical-align: top;\">A H\u00e1z m\u00f6g\u00f6tt kb. 25 aut\u00f3nak van helye, viszont a H\u00e1z k\u00f6rny\u00e9k\u00e9n az utca mindk\u00e9t fel\u00e9n korl\u00e1tlanul park\u00edrozhat a vend\u00e9g.<\/td>\n<\/tr>\n<tr>\n<th style=\"border: none; text-align: right; vertical-align: top;\">B\u00e1r:<\/th>\n<td style=\"border: none; text-align: left; vertical-align: top;\">k\u00f6zel biztosan \u00e1ll\u00edthatjuk, hogy b\u00e1runk a kanadai v\u00e1rosok legalacsonyabb \u00e1rszintj\u00e9n aj\u00e1nlja a sz\u0171k sz\u00e1m\u00fa magyaros italk\u00e9szlet\u00e9t. Az aj\u00e1nlatot, id\u0151ben elhelyezett k\u00e9r\u00e9sre, megpr\u00f3b\u00e1lhatjuk kieg\u00e9sz\u00edteni. Italt felszolg\u00e1l\u00f3 \u00f6nk\u00e9nteseink SMART SERVE-k\u00e9pzettek \u00e9s jogos\u00edtv\u00e1nnyal rendelkeznek.<br \/>\n<em>K\u00e9rj\u00fck mindig m\u00f3dj\u00e1val fogyasszanak!<\/em><\/td>\n<\/tr>\n<tr>\n<th style=\"border: none; text-align: right; vertical-align: top;\">Hangos\u00edt\u00f3 berendez\u00e9s:<\/th>\n<td style=\"border: none; text-align: left; vertical-align: top;\">hangfalak, 2\u00d71000 W teljes\u00edtm\u00e9ny er\u0151s\u00edt\u0151, egy sz\u00e1m\u00edt\u00f3g\u00e9p vez\u00e9relt 16 csatorn\u00e1s <a href=\"https:\/\/www.behringer.com\/Categories\/Behringer\/Mixers\/Digital\/XR16\/p\/P0BI7\/Downloads#googtrans(en%7Cen)\">Behringer XR16<\/a>-os kever\u0151 pult (<a href=\"https:\/\/behringerwiki.musictribe.com\/index.php?title=1._Introduction\">Wiki<\/a>), egy szabv\u00e1nyos 6 csatorn\u00e1s kever\u0151pult, 6 vezet\u00e9kes dinamikus mikrofon, 1 mobil mikrofon<\/td>\n<\/tr>\n<tr>\n<th style=\"border: none; text-align: right; vertical-align: top;\">Video felszerel\u00e9s:<\/th>\n<td style=\"border: none; text-align: left; vertical-align: top;\">60&#8243; falra szerelt TV HDMI bemenetekkel, BD lej\u00e1tsz\u00f3, 4K Chromecast, 4K-s vet\u00edt\u0151 \u00e9s 116&#8243; v\u00e1szon<\/td>\n<\/tr>\n<tr>\n<th style=\"border: none; text-align: right; vertical-align: top;\">Vil\u00e1g\u00edt\u00e1s:<\/th>\n<td style=\"border: none; text-align: left; vertical-align: top;\">vez\u00e9relt fali l\u00e1mp\u00e1k, sz\u00e1m\u00edt\u00f3g\u00e9p vez\u00e9relt sz\u00ednpad megvil\u00e1g\u00edt\u00e1s: sz\u00edn\u00f6sszetev\u0151nk\u00e9nt 255 szintes RGB sz\u00ednkever\u00e9s, 255 szintes f\u00e9nyer\u0151 \u00e1ll\u00edthat\u00f3s\u00e1ggal rendelkezik mind a 7 f\u00e9nyforr\u00e1s: k\u00e9t mozg\u00f3fejes, 4 sz\u00ednpad feletti r\u00f6gz\u00edtett, \u00e9s 3 h\u00e1ts\u00f3 fali sorl\u00e1mpa. Egy gumilencs\u00e9s k\u00f6vet\u0151l\u00e1mpa.<\/td>\n<\/tr>\n<\/tbody>\n<\/table>\n<p>Tov\u00e1bbi szolg\u00e1ltat\u00e1si r\u00e9szletek\u00e9rt \u00e9s felvil\u00e1gos\u00edt\u00e1s\u00e9rt, k\u00e9rj\u00fck, l\u00e9pjenek vel\u00fcnk \u00f6sszek\u00f6ttet\u00e9sbe <a href=\"mailto:info@omh-ohcc.ca\">villanypost\u00e1n<\/a> vagy telefonon. Az el\u0151bbi a c\u00e9lravezet\u0151 megold\u00e1s, mert a h\u00e9tv\u00e9gi tev\u00e9kenys\u00e9geken k\u00edv\u00fcl, csak sz\u00fcks\u00e9g eset\u00e9n \u00e9s rendszertelen id\u0151pontokban vagyunk jelen a H\u00e1zban. Terepszeml\u00e9re legink\u00e1bb a p\u00e9nteki nap alkalmas, reggel 9 \u00e9s du. 3 \u00f3ra k\u00f6z\u00f6tt, de megl\u00e1togathat rendezv\u00e9nyeinken is, vagy el\u0151zetes megbesz\u00e9l\u00e9s alapj\u00e1n b\u00e1rmikor.<\/p>\n<p><em>K\u00f6sz\u00f6nj\u00fck \u00e9rdekl\u0151d\u00e9s\u00fcket!<\/em><\/p>\n","protected":false},"excerpt":{"rendered":"<p>Az Ottawai Magyar H\u00e1z kib\u00e9relhet\u0151 minden alkalomra (lakodalomra, menyasszony- \u00e9s v\u0151leg\u00e9ny- b\u00facs\u00faztat\u00f3ra, sz\u00fclet\u00e9snapra, ballag\u00e1sra, nyugd\u00edjaz\u00e1s meg\u00fcnnepl\u00e9s\u00e9re, kar\u00e1csonyi vagy b\u00e1rmilyen t\u00e1rsadalmi \u00f6sszej\u00f6vetelre, kisebb koncertekre, sz\u00ednh\u00e1zi el\u0151ad\u00e1sokra, konferenci\u00e1ra), amikor azt a H\u00e1z saj\u00e1t rendezv\u00e9nyei lehet\u0151v\u00e9 teszik. Eligazod\u00e1sk\u00e9nt, k\u00e9rj\u00fck, vessenek egy pillant\u00e1st az esem\u00e9nynapt\u00e1runkra. Ha foglalt az a nap, amire sz\u00e1m\u00edtanak, ne adj\u00e1k fel r\u00f6gt\u00f6n a rem\u00e9nyt, mert [&hellip;]<\/p>\n","protected":false},"author":1,"featured_media":0,"parent":0,"menu_order":10000,"comment_status":"closed","ping_status":"closed","template":"","meta":[],"_links":{"self":[{"href":"https:\/\/omh-ohcc.ca\/hu\/wp-json\/wp\/v2\/pages\/85"}],"collection":[{"href":"https:\/\/omh-ohcc.ca\/hu\/wp-json\/wp\/v2\/pages"}],"about":[{"href":"https:\/\/omh-ohcc.ca\/hu\/wp-json\/wp\/v2\/types\/page"}],"author":[{"embeddable":true,"href":"https:\/\/omh-ohcc.ca\/hu\/wp-json\/wp\/v2\/users\/1"}],"replies":[{"embeddable":true,"href":"https:\/\/omh-ohcc.ca\/hu\/wp-json\/wp\/v2\/comments?post=85"}],"version-history":[{"count":4,"href":"https:\/\/omh-ohcc.ca\/hu\/wp-json\/wp\/v2\/pages\/85\/revisions"}],"predecessor-version":[{"id":439120,"href":"https:\/\/omh-ohcc.ca\/hu\/wp-json\/wp\/v2\/pages\/85\/revisions\/439120"}],"wp:attachment":[{"href":"https:\/\/omh-ohcc.ca\/hu\/wp-json\/wp\/v2\/media?parent=85"}],"curies":[{"name":"wp","href":"https:\/\/api.w.org\/{rel}","templated":true}]}}