{"id":66,"date":"2015-12-17T14:11:06","date_gmt":"2015-12-17T19:11:06","guid":{"rendered":"http:\/\/omh-ohcc.ca\/hu\/?page_id=66"},"modified":"2024-09-23T21:11:40","modified_gmt":"2024-09-24T01:11:40","slug":"kapcsolatfelvetel-es-nyitvatartas","status":"publish","type":"page","link":"https:\/\/omh-ohcc.ca\/hu\/rolunk\/kapcsolatfelvetel-es-nyitvatartas\/","title":{"rendered":"Kapcsolatfelv\u00e9tel \u00e9s nyitvatart\u00e1s"},"content":{"rendered":"<h1>Postac\u00edm<\/h1>\n<p><a href=\"\/kep\/be\/omh\/43CapitalDr-Ottawa.png\"><img decoding=\"async\" class=\"alignright\" src=\"\/kep\/be\/omh\/43CapitalDr-Ottawa.png\" alt=\"omh\" width=\"250\" \/><\/a>43 Capital Drive<br \/>\nOttawa, ON K2G 0E7<br \/>\nCanada<\/p>\n<h1>Telefon<\/h1>\n<p>(+1) 613-225-8754<\/p>\n<h1>Villanyposta<\/h1>\n<p><a href=\"mailto:info@omh-ohcc.ca\">info@omh-ohcc.ca<\/a><\/p>\n<h1>Nyitvatart\u00e1s<\/h1>\n<ul>\n<li>Rendezv\u00e9nyeink alkalm\u00e1val.<\/li>\n<li><a href=\"https:\/\/omh-ohcc.ca\/hu\/esemenyek\/\">Esem\u00e9nyek<\/a><\/li>\n<\/ul>\n","protected":false},"excerpt":{"rendered":"<p>Postac\u00edm 43 Capital Drive Ottawa, ON K2G 0E7 Canada Telefon (+1) 613-225-8754 Villanyposta info@omh-ohcc.ca Nyitvatart\u00e1s Rendezv\u00e9nyeink alkalm\u00e1val. Esem\u00e9nyek<\/p>\n","protected":false},"author":1,"featured_media":0,"parent":34,"menu_order":82000,"comment_status":"closed","ping_status":"closed","template":"","meta":[],"_links":{"self":[{"href":"https:\/\/omh-ohcc.ca\/hu\/wp-json\/wp\/v2\/pages\/66"}],"collection":[{"href":"https:\/\/omh-ohcc.ca\/hu\/wp-json\/wp\/v2\/pages"}],"about":[{"href":"https:\/\/omh-ohcc.ca\/hu\/wp-json\/wp\/v2\/types\/page"}],"author":[{"embeddable":true,"href":"https:\/\/omh-ohcc.ca\/hu\/wp-json\/wp\/v2\/users\/1"}],"replies":[{"embeddable":true,"href":"https:\/\/omh-ohcc.ca\/hu\/wp-json\/wp\/v2\/comments?post=66"}],"version-history":[{"count":2,"href":"https:\/\/omh-ohcc.ca\/hu\/wp-json\/wp\/v2\/pages\/66\/revisions"}],"predecessor-version":[{"id":438926,"href":"https:\/\/omh-ohcc.ca\/hu\/wp-json\/wp\/v2\/pages\/66\/revisions\/438926"}],"up":[{"embeddable":true,"href":"https:\/\/omh-ohcc.ca\/hu\/wp-json\/wp\/v2\/pages\/34"}],"wp:attachment":[{"href":"https:\/\/omh-ohcc.ca\/hu\/wp-json\/wp\/v2\/media?parent=66"}],"curies":[{"name":"wp","href":"https:\/\/api.w.org\/{rel}","templated":true}]}}