{"id":6,"date":"2015-12-16T02:45:41","date_gmt":"2015-12-16T07:45:41","guid":{"rendered":"http:\/\/omh-ohcc.ca\/hu\/esemenyek\/"},"modified":"2022-08-03T13:10:46","modified_gmt":"2022-08-03T17:10:46","slug":"esemenyek","status":"publish","type":"page","link":"https:\/\/omh-ohcc.ca\/hu\/esemenyek\/","title":{"rendered":"Esem\u00e9nyek"},"content":{"rendered":"<p><!--\nA rendezv\u00e9nyeken helyet csak foglal\u00e1sok ellen\u00e9ben tudunk biztos\u00edtani, vacsor\u00e1zni pedig csakis el\u0151zetes jelentkez\u00e9ssel lehet. K\u00e9rj\u00fck foglalj\u00e1k le jegyeiket illetve helyeiket az el\u0151ad\u00e1sokat megel\u0151z\u0151 p\u00e9nteki napokon 21.00 \u00f3r\u00e1ig. Az ett\u0151l elt\u00e9r\u0151 eseteket k\u00fcl\u00f6n felt\u00fcntetj\u00fck.\n--><br \/>\nA honlapon sikeresen bek\u00fcld\u00f6tt foglal\u00e1sokat dr\u00f3tposta \u00fczenet nyugt\u00e1zza.<\/p>\n<p>CONTENTS<\/p>\n","protected":false},"excerpt":{"rendered":"<p>A honlapon sikeresen bek\u00fcld\u00f6tt foglal\u00e1sokat dr\u00f3tposta \u00fczenet nyugt\u00e1zza. CONTENTS<\/p>\n","protected":false},"author":1,"featured_media":0,"parent":0,"menu_order":30000,"comment_status":"closed","ping_status":"closed","template":"t_no-right-page.php","meta":[],"_links":{"self":[{"href":"https:\/\/omh-ohcc.ca\/hu\/wp-json\/wp\/v2\/pages\/6"}],"collection":[{"href":"https:\/\/omh-ohcc.ca\/hu\/wp-json\/wp\/v2\/pages"}],"about":[{"href":"https:\/\/omh-ohcc.ca\/hu\/wp-json\/wp\/v2\/types\/page"}],"author":[{"embeddable":true,"href":"https:\/\/omh-ohcc.ca\/hu\/wp-json\/wp\/v2\/users\/1"}],"replies":[{"embeddable":true,"href":"https:\/\/omh-ohcc.ca\/hu\/wp-json\/wp\/v2\/comments?post=6"}],"version-history":[{"count":1,"href":"https:\/\/omh-ohcc.ca\/hu\/wp-json\/wp\/v2\/pages\/6\/revisions"}],"predecessor-version":[{"id":438048,"href":"https:\/\/omh-ohcc.ca\/hu\/wp-json\/wp\/v2\/pages\/6\/revisions\/438048"}],"wp:attachment":[{"href":"https:\/\/omh-ohcc.ca\/hu\/wp-json\/wp\/v2\/media?parent=6"}],"curies":[{"name":"wp","href":"https:\/\/api.w.org\/{rel}","templated":true}]}}