{"id":56,"date":"2015-12-17T07:04:56","date_gmt":"2015-12-17T12:04:56","guid":{"rendered":"http:\/\/omh-ohcc.ca\/hu\/?page_id=56"},"modified":"2026-02-13T20:19:40","modified_gmt":"2026-02-14T01:19:40","slug":"tagsag","status":"publish","type":"page","link":"https:\/\/omh-ohcc.ca\/hu\/rolunk\/tagsag\/","title":{"rendered":"Tags\u00e1g"},"content":{"rendered":"<h3>Mi\u00e9rt fontos, hogy \u00d6n az Ottawai Magyar H\u00e1z tagja legyen?<\/h3>\n<p>Az Ottawai Magyar H\u00e1z (OMH) nem haszon\u00e9rdek\u0171 szervezet, \u00e9s mint ilyen, az \u00e9ves tags\u00e1gi d\u00edj nagyon fontos bev\u00e9teli forr\u00e1s a h\u00e1z fenntart\u00e1si k\u00f6lts\u00e9geinek fedez\u00e9se szempontj\u00e1b\u00f3l. A tags\u00e1g \u00e1ltal megv\u00e1lasztott vezet\u0151s\u00e9g \u00e9s igazgat\u00f3s\u00e1gi tan\u00e1cs tagok \u00f6nk\u00e9ntes alapon, mindennem\u0171 ellenszolg\u00e1ltat\u00e1s n\u00e9lk\u00fcl l\u00e1tj\u00e1k el faladataikat. A k\u00f6zel 200 tagot sz\u00e1ml\u00e1l\u00f3 tags\u00e1g t\u00e1mogat\u00e1sa n\u00e9lk\u00fcl az OMH nem l\u00e9tezhetne.<\/p>\n<p>Amennyiben \u00d6n magyar sz\u00e1rmaz\u00e1s\u00fa, vagy egyszr\u0171en csak szereti a magyarok t\u00e1rsas\u00e1g\u00e1t, arra b\u00edztatjuk, hogy l\u00e9pjen be tagjaink k\u00f6z\u00e9 \u00e9s ezzel is t\u00e1mogassa szervezet\u00fcnket! Tags\u00e1gi viszony\u00e1val hozz\u00e1j\u00e1rul ahhoz, hogy tov\u00e1bb folytathassuk programjaink szervez\u00e9s\u00e9t, hogy fenntarthassuk kult\u00far\u00e1nkat, anyanyelv\u00fcnket, hagyom\u00e1nyainkat, zenei \u00e9s m\u0171v\u00e9szeti \u00e9rt\u00e9keinket, a magyaros konyh\u00e1t, ami\u00e9rt cser\u00e9ben egy olyan csal\u00e1dias, bar\u00e1ti k\u00f6rnyezetet biztos\u00edtunk \u00d6nnek, amelyben csal\u00e1dj\u00e1val egy\u00fctt r\u00e9gi \u00e9s \u00faj bar\u00e1tokkal tal\u00e1lkozhat.<\/p>\n<p>Nem sz\u00fcks\u00e9ges, hogy \u00d6n magyar sz\u00e1rmaz\u00e1s\u00fa legyen, vagy magyarul besz\u00e9ljen ahhoz, hogy az OMH tagja lehessen, mert nemzetis\u00e9gi hovatartoz\u00e1st\u00f3l f\u00fcggetlen\u00fcl mindenkit nagy szeretettel fogadunk k\u00f6r\u00fcnkben.<\/p>\n<h3>A tags\u00e1gi viszonnyal j\u00e1r\u00f3 jogok \u00e9s lehet\u0151s\u00e9gek<\/h3>\n<p>Mint az OMH tagja, \u00d6nnek joga van:<\/p>\n<ul style=\"list-style-type: disc;\">\n<li>r\u00e9sztvenni a taggy\u0171l\u00e9seken,<\/li>\n<li>r\u00e9sztvenni a vezet\u0151s\u00e9gi- \u00e9s igazgat\u00f3s\u00e1gi tan\u00e1cs tagok megv\u00e1laszt\u00e1s\u00e1ban,<\/li>\n<li>vezet\u0151s\u00e9gi, vagy igazgat\u00f3s\u00e1gi tan\u00e1cs tagnak jelentkezni (1 \u00e9ves tags\u00e1gi viszony ut\u00e1n),<\/li>\n<li>szavazni a Magyar H\u00e1z sors\u00e1t \u00e9rint\u0151 k\u00e9rd\u00e9sekben,<\/li>\n<li>elmondani \u00e9p\u00edt\u0151 javaslatait, \u00f6tleteit, amelyek hozz\u00e1j\u00e1rulhatnak a Magyar H\u00e1z tov\u00e1bbi fejl\u0151d\u00e9s\u00e9hez,<\/li>\n<li>naprak\u00e9sz inform\u00e1ci\u00f3kat kapni a h\u00e1z m\u0171k\u00f6d\u00e9s\u00e9vel kapcsolatosan,<\/li>\n<li>20% kedvezm\u00e9nyt kapni a legt\u00f6bb zen\u00e9s vacsor\u00e1k bel\u00e9p\u0151ib\u0151l, mint pl. Szilveszteri b\u00e1l, Valentin b\u00e1l, Katalin b\u00e1l, stb.,<\/li>\n<li>tags\u00e1gi igazolv\u00e1nnyal rendelkezni,<\/li>\n<li>csal\u00e1di tags\u00e1g\u00e1val az egy\u00e9ni, vagy \u00fczleti h\u00edrdet\u00e9seit ingyen hirdetheti a Magyar H\u00e1z honlapj\u00e1n. Egy\u00e9ni tags\u00e1g\u00e1val 6 h\u00f3napig ingyen, ut\u00e1na pedig kedvezm\u00e9nyes \u00e1ron hirdethet.<\/li>\n<li>az aktu\u00e1lis esem\u00e9nyek \u00e9rtes\u00edt\u0151it email-en, vagy post\u00e1n megkapni, valamint<\/li>\n<li>a soron k\u00f6vetkez\u0151 rendezv\u00e9nyekr\u0151l email-en eml\u00e9keztet\u0151t kapni.<\/li>\n<\/ul>\n<h3>\u00c9ves tags\u00e1gi d\u00edj<\/h3>\n<p>A tags\u00e1gi viszonyt \u00e9vente meg kell \u00faj\u00edtani. A tags\u00e1gi d\u00edjat minden napt\u00e1ri \u00e9vben, janu\u00e1r 31-e el\u0151tt kell befizetni, \u00e9s az adott \u00e9v december 31-\u00e9ig \u00e9rv\u00e9nyes. Amennyiben \u00d6n m\u00e9g sohasem volt tagja az OMH-nak \u00e9s m\u00e1rcius 31-e ut\u00e1n k\u00edv\u00e1n tags\u00e1gi viszonyt l\u00e9trehozni, a tags\u00e1gi d\u00edj az \u00e9v ezen id\u0151pontja ut\u00e1n h\u00e1tralev\u0151 napjai sz\u00e1m\u00e1val (275) id\u0151ar\u00e1nyos. Visszat\u00e9r\u0151 tagok sz\u00e1m\u00e1ra a tags\u00e1gi d\u00edj mindig a teljes \u00f6sszeg. <\/p>\n<p>A tags\u00e1gi viszony \u00e1rak a k\u00f6vetkez\u0151k<sup>*<\/sup>:<\/p>\n<ul>\n<li>$110 &#8222;csal\u00e1di&#8221; tags\u00e1gi viszony (k\u00e9t feln\u0151tt \u00e9s kiskor\u00fa gyermekeik)<\/li>\n<li>$70 &#8222;egy\u00e9ni&#8221; tags\u00e1gi viszony (feln\u0151tt)<\/li>\n<\/ul>\n<p>A legels\u0151 beiratkoz\u00e1skor a tags\u00e1gi d\u00edjak a k\u00f6vetkez\u0151 t\u00e1bl\u00e1zatnak megfelel\u0151en id\u0151ar\u00e1nyosak:<\/p>\n<table class=\" aligncenter\" style=\"border-style: none;\">\n<tbody>\n<tr>\n<th style=\"border-style: none; text-align: center;\">\nH\u00f3nap\n<\/th>\n<th style=\"border-style: none; text-align: center;\">\nI-III\n<\/th>\n<th style=\"border-style: none; text-align: center;\">\nIV\n<\/th>\n<th style=\"border-style: none; text-align: center;\">\nV\n<\/th>\n<th style=\"border-style: none; text-align: center;\">\nVI\n<\/th>\n<th style=\"border-style: none; text-align: center;\">\nVII\n<\/th>\n<th style=\"border-style: none; text-align: center;\">\nVIII\n<\/th>\n<th style=\"border-style: none; text-align: center;\">\nIX\n<\/th>\n<th style=\"border-style: none; text-align: center;\">\nX\n<\/th>\n<th style=\"border-style: none; text-align: center;\">\nXI\n<\/th>\n<th style=\"border-style: none; text-align: center;\">\nXII\n<\/th>\n<\/tr>\n<tr>\n<th style=\"border-style: none; text-align: center;\" >\nEgy\u00e9ni\n<\/th>\n<td style=\"border-style: none; text-align: center;\">\n$70\n<\/td>\n<td style=\"border-style: none; text-align: center;\">\n$63\n<\/td>\n<td style=\"border-style: none; text-align: center;\">\n$56\n<\/td>\n<td style=\"border-style: none; text-align: center;\">\n$49\n<\/td>\n<td style=\"border-style: none; text-align: center;\">\n$42\n<\/td>\n<td style=\"border-style: none; text-align: center;\">\n$35\n<\/td>\n<td style=\"border-style: none; text-align: center;\">\n$28\n<\/td>\n<td style=\"border-style: none; text-align: center;\">\n$21\n<\/td>\n<td style=\"border-style: none; text-align: center;\">\n$14\n<\/td>\n<td style=\"border-style: none; text-align: center;\">\n$7\n<\/td>\n<\/tr>\n<tr>\n<th style=\"border-style: none; text-align: center;\" >\nCsal\u00e1di\n<\/th>\n<td style=\"border-style: none; text-align: center;\">\n$110\n<\/td>\n<td style=\"border-style: none; text-align: center;\">\n$99\n<\/td>\n<td style=\"border-style: none; text-align: center;\">\n$88\n<\/td>\n<td style=\"border-style: none; text-align: center;\">\n$77\n<\/td>\n<td style=\"border-style: none; text-align: center;\">\n$66\n<\/td>\n<td style=\"border-style: none; text-align: center;\">\n$55\n<\/td>\n<td style=\"border-style: none; text-align: center;\">\n$44\n<\/td>\n<td style=\"border-style: none; text-align: center;\">\n$33\n<\/td>\n<td style=\"border-style: none; text-align: center;\">\n$22\n<\/td>\n<td style=\"border-style: none; text-align: center;\">\n$11\n<\/td>\n<\/tr>\n<\/tbody>\n<\/table>\n<p>* A tags\u00e1g fele plusz egyes szavaz\u00e1s\u00fa d\u00f6nt\u00e9se szerint v\u00e1ltozhatnak.<\/p>\n<h3>Hogyan lehet \u00d6n a Magyar H\u00e1z tagja?<\/h3>\n<td style=\"border: none;\"><img decoding=\"async\" class=\"alignleft\" src=\"\/kep\/160\/be\/targy\/gyules\/tagsag-1.jpg\" alt=\"tags\u00e1g\" width=\"160\" \/><\/td>\n<p>T\u00f6ltse le a megfelel\u0151 \u00e9vj\u00e1rat\u00fa tags\u00e1gi k\u00e9rv\u00e9nyt az al\u00e1bbi c\u00edmek egyik\u00e9r\u0151l, t\u00f6ltse ki, \u00edrja al\u00e1, majd k\u00fcldje be post\u00e1n a megfelel\u0151 d\u00edjjal egy\u00fctt az Ottawai Magyar H\u00e1z lev\u00e9lc\u00edm\u00e9re, vagy adja be szem\u00e9lyesen. K\u00e9rj\u00fck ellen\u0151rizze a nyitvatart\u00e1sunkat miel\u0151tt \u00fatra kelne.<\/p>\n<h3>A befizet\u00e9s m\u00f3djai<\/h3>\n<ol>\n<li>elektronikus \u00e1tutal\u00e1s (e-Transfer) a <br \/><img decoding=\"async\" class=\"\" src=\"\/irat\/omh\/membership_at.png\" alt=\"villanyposta c\u00edm\" \/><br \/> c\u00edmre; (A let\u00e9t \u00f6nm\u0171k\u00f6d\u0151. \u00c1tutal\u00e1skor k\u00e9rj\u00fck \u00edrj\u00e1k be a megjegyz\u00e9s mez\u0151be, hogy az illet\u0151 \u00f6sszeg pontosan mire sz\u00f3l.)<\/li>\n<li>k\u00e9szp\u00e9nz;<\/li>\n<li>csekk;<\/li>\n<li>bankcsekk &#8222;money order&#8221;;<\/li>\n<\/ol>\n<p>A csekket k\u00e9rj\u00fck az <em>&#8222;Ottawa Hungarian Community Centre&#8221;<\/em> n\u00e9vre ki\u00e1ll\u00edtani.<\/p>\n<p>Hitelk\u00e1rty\u00e1t \u00e9s bankk\u00e1rty\u00e1t sajnos nem \u00e1ll m\u00f3dunkban elfogadni, ez\u00e9rt sz\u00edves eln\u00e9z\u00e9s\u00e9t \u00e9s meg\u00e9rt\u00e9s\u00e9t k\u00e9rj\u00fck!<\/p>\n<p>Amennyiben nem siker\u00fcl let\u00f6ltenie a tags\u00e1gi k\u00e9rv\u00e9nyt, k\u00e9rj\u00fck, h\u00edvja a Magyar H\u00e1zat a 613-225-8754-es telefonsz\u00e1mon, adja meg postai c\u00edm\u00e9t, \u00e9s akkor mi az \u0171rlapot lev\u00e9lben kik\u00fcldj\u00fck \u00d6nnek.<\/p>\n<h3>Let\u00f6lthet\u0151 iratok<\/h3>\n<ul>\n<!-- --><\/p>\n<li><a href=\"\/irat\/omh\/omh-tagsagi_kerveny-2026.pdf\" target=\"_blank\" rel=\"noopener\">2026-os tags\u00e1gi k\u00e9rv\u00e9ny (elektronikusan is kit\u00f6lthet\u0151)<img decoding=\"async\" src=\"\/kep\/be\/jelveny\/pdf.png\" alt=\"\" width=\"30\" \/><\/a><\/li>\n<li><a href=\"\/irat\/omh\/ohcc-bylaw-no11-20210321-signed.pdf\" target=\"_blank\" rel=\"noopener\"> Alapszab\u00e1ly<img decoding=\"async\" src=\"\/kep\/be\/jelveny\/pdf.png\" alt=\"\" width=\"30\"\/><\/a><\/li>\n<li><a href=\"\/irat\/omh\/ohcc-articles_of_continuance-20130303.pdf\" target=\"_blank\" rel=\"noopener\"> Sz\u00e1nd\u00e9knyilatkozat<img decoding=\"async\" src=\"\/kep\/be\/jelveny\/pdf.png\" alt=\"\" width=\"30\" \/><\/a><\/li>\n<\/ul>\n","protected":false},"excerpt":{"rendered":"<p>Mi\u00e9rt fontos, hogy \u00d6n az Ottawai Magyar H\u00e1z tagja legyen? Az Ottawai Magyar H\u00e1z (OMH) nem haszon\u00e9rdek\u0171 szervezet, \u00e9s mint ilyen, az \u00e9ves tags\u00e1gi d\u00edj nagyon fontos bev\u00e9teli forr\u00e1s a h\u00e1z fenntart\u00e1si k\u00f6lts\u00e9geinek fedez\u00e9se szempontj\u00e1b\u00f3l. A tags\u00e1g \u00e1ltal megv\u00e1lasztott vezet\u0151s\u00e9g \u00e9s igazgat\u00f3s\u00e1gi tan\u00e1cs tagok \u00f6nk\u00e9ntes alapon, mindennem\u0171 ellenszolg\u00e1ltat\u00e1s n\u00e9lk\u00fcl l\u00e1tj\u00e1k el faladataikat. A k\u00f6zel 200 [&hellip;]<\/p>\n","protected":false},"author":1,"featured_media":0,"parent":34,"menu_order":81000,"comment_status":"closed","ping_status":"closed","template":"","meta":[],"_links":{"self":[{"href":"https:\/\/omh-ohcc.ca\/hu\/wp-json\/wp\/v2\/pages\/56"}],"collection":[{"href":"https:\/\/omh-ohcc.ca\/hu\/wp-json\/wp\/v2\/pages"}],"about":[{"href":"https:\/\/omh-ohcc.ca\/hu\/wp-json\/wp\/v2\/types\/page"}],"author":[{"embeddable":true,"href":"https:\/\/omh-ohcc.ca\/hu\/wp-json\/wp\/v2\/users\/1"}],"replies":[{"embeddable":true,"href":"https:\/\/omh-ohcc.ca\/hu\/wp-json\/wp\/v2\/comments?post=56"}],"version-history":[{"count":10,"href":"https:\/\/omh-ohcc.ca\/hu\/wp-json\/wp\/v2\/pages\/56\/revisions"}],"predecessor-version":[{"id":439256,"href":"https:\/\/omh-ohcc.ca\/hu\/wp-json\/wp\/v2\/pages\/56\/revisions\/439256"}],"up":[{"embeddable":true,"href":"https:\/\/omh-ohcc.ca\/hu\/wp-json\/wp\/v2\/pages\/34"}],"wp:attachment":[{"href":"https:\/\/omh-ohcc.ca\/hu\/wp-json\/wp\/v2\/media?parent=56"}],"curies":[{"name":"wp","href":"https:\/\/api.w.org\/{rel}","templated":true}]}}