{"id":438214,"date":"2023-01-15T12:52:46","date_gmt":"2023-01-15T17:52:46","guid":{"rendered":"https:\/\/omh-ohcc.ca\/hu\/?page_id=438214"},"modified":"2023-01-15T13:11:35","modified_gmt":"2023-01-15T18:11:35","slug":"tehetsegkutatas","status":"publish","type":"page","link":"https:\/\/omh-ohcc.ca\/hu\/tehetsegkutatas\/","title":{"rendered":"Tehets\u00e9gkutat\u00e1s"},"content":{"rendered":"<p>Ezennel szeretn\u00e9nk felh\u00edvni minden kanadai magyar honfit\u00e1rsunk figyelm\u00e9t, hogy a magyar nyelv \u00e9s hagyom\u00e1nyok meg\u0151rz\u00e9se \u00e9rdek\u00e9ben tehets\u00e9gkutat\u00e1st kezdem\u00e9nyez\u00fcnk eg\u00e9sz Ottawa ter\u00fclet\u00e9n.<\/p>\n<p>Sz\u00e1nd\u00e9kunk az, hogy olyan jelenkez\u0151ket toborozzunk akik egyr\u00e9szt j\u00e1rtasak valamilyen magyar szok\u00e1s, hagyom\u00e1ny, vagy m\u0171v\u00e9szet ter\u00fclet\u00e9n, m\u00e1sr\u00e9szt akik szivesen r\u00e9szt venn\u00e9nek ezen hagyom\u00e1nyok m\u0171vel\u00e9s\u00e9ben, fejleszt\u00e9s\u00e9ben. Tov\u00e1bb\u00e1 hangs\u00falyozzuk, hogy ehhez semmif\u00e9le iskolai k\u00e9pzetts\u00e9g nem sz\u00fcks\u00e9ges, csup\u00e1n r\u00e9szv\u00e9teli hajland\u00f3s\u00e1got kell nyilv\u00e1nitani egyszer\u0171 jelentkez\u00e9s form\u00e1j\u00e1ban.<\/p>\n<p>C\u00e9lunk az, hogy a k\u00fclf\u00f6ld\u00f6n \u00e9l\u0151 magyars\u00e1g nyelv\u00e9t, hagyom\u00e1nyait fenntartsuk \u00e9s terjessz\u00fck a fiatals\u00e1g k\u00f6r\u00e9ben is, valamint a magyars\u00e1g k\u00f6zpontjait (magyar h\u00e1zait) is meger\u0151s\u00edts\u00fck.<\/p>\n<p>A felsorolt csoportok kialakul\u00e1sa \u00e9s sikeres tev\u00e9kenys\u00e9ge ut\u00e1n term\u00e9szetesen alkalom lesz az alkot\u00e1sok bemutat\u00e1s\u00e1ra az Ottawai Magyar H\u00e1z keret\u00e9n bel\u0171l. A csoportok m\u0171k\u00f6d\u00e9se t\u00f6bbnyire az Ottawai Magyar H\u00e1z ter\u00fclet\u00e9n, vagy termeiben zajlana le.<\/p>\n<p>Minden \u00e9rdekl\u0151d\u0151t szeretettel v\u00e1runk \u00e9s t\u00e1rsul\u00e1si hajland\u00f3s\u00e1g\u00e1t szivesen fogadjuk.<\/p>\n<p>Az al\u00e1bbi \u0171rlapon felsorolunk egy p\u00e1r olyan ter\u00fcletet amely felkelten\u00e9 a jelentkez\u0151 \u00e9rdekl\u0151d\u00e9s\u00e9t (a felsoroltakat visszajelz\u00e9s alapj\u00e1n tov\u00e1bb b\u0151vithetj\u00fck).<\/p>\n<p>A vil\u00e1gh\u00e1l\u00f3val nem rendelkez\u0151k az OttawaiMagyar H\u00e1z \u00fczenetr\u00f6gz\u00edt\u0151j\u00e9n kereszt\u00fcl vehetik fel vel\u00fcnk a kapcsolatot. K\u00e9rj\u00fck a pontos nevet \u00e9s melyik csoportba val\u00f3 tartoz\u00e1st jelezz\u00e9k!&nbsp;<\/p>\n\n<div class=\"wpcf7 no-js\" id=\"wpcf7-f438213-o1\" lang=\"hu-HU\" dir=\"ltr\">\n<div class=\"screen-reader-response\"><p role=\"status\" aria-live=\"polite\" aria-atomic=\"true\"><\/p> <ul><\/ul><\/div>\n<form action=\"\/hu\/wp-json\/wp\/v2\/pages\/438214#wpcf7-f438213-o1\" method=\"post\" class=\"wpcf7-form init\" aria-label=\"Kapcsolatfelv\u00e9teli \u0171rlap\" novalidate=\"novalidate\" data-status=\"init\">\n<div style=\"display: none;\">\n<input type=\"hidden\" name=\"_wpcf7\" value=\"438213\" \/>\n<input type=\"hidden\" name=\"_wpcf7_version\" value=\"5.7.5.1\" \/>\n<input type=\"hidden\" name=\"_wpcf7_locale\" value=\"hu_HU\" \/>\n<input type=\"hidden\" name=\"_wpcf7_unit_tag\" value=\"wpcf7-f438213-o1\" \/>\n<input type=\"hidden\" name=\"_wpcf7_container_post\" value=\"0\" \/>\n<input type=\"hidden\" name=\"_wpcf7_posted_data_hash\" value=\"\" \/>\n<\/div>\n<h2>Szeretn\u00e9k a k\u00f6vetkez\u0151 ter\u00fcleteken aktivan r\u00e9szt venni vagy beseg\u00edteni:\n<\/h2>\n<p>(k\u00e9rj\u00fck jel\u00f6lje meg a k\u00edv\u00e1nt aktivit\u00e1st, ak\u00e1r t\u00f6bbet is egyszerre)\n<\/p>\n<p><span class=\"wpcf7-form-control-wrap\" data-name=\"teruletek\"><span class=\"wpcf7-form-control wpcf7-checkbox\"><span class=\"wpcf7-list-item first\"><label><input type=\"checkbox\" name=\"teruletek[]\" value=\"Zene, b\u00e1rmilyen hangszeren (komoly, k\u00f6nny\u0171, n\u00e9pi stb.)\" \/><span class=\"wpcf7-list-item-label\">Zene, b\u00e1rmilyen hangszeren (komoly, k\u00f6nny\u0171, n\u00e9pi stb.)<\/span><\/label><\/span><span class=\"wpcf7-list-item\"><label><input type=\"checkbox\" name=\"teruletek[]\" value=\"Sz\u00ednj\u00e1tsz\u00e1s\" \/><span class=\"wpcf7-list-item-label\">Sz\u00ednj\u00e1tsz\u00e1s<\/span><\/label><\/span><span class=\"wpcf7-list-item\"><label><input type=\"checkbox\" name=\"teruletek[]\" value=\"T\u00e1nc (n\u00e9pi, modern, stb.)\" \/><span class=\"wpcf7-list-item-label\">T\u00e1nc (n\u00e9pi, modern, stb.)<\/span><\/label><\/span><span class=\"wpcf7-list-item\"><label><input type=\"checkbox\" name=\"teruletek[]\" value=\"\u00c9nekl\u00e9s, karaoke (k\u00f3rus, egy\u00e9ni\/sz\u00f3l\u00f3, t\u00e1nczene)\" \/><span class=\"wpcf7-list-item-label\">\u00c9nekl\u00e9s, karaoke (k\u00f3rus, egy\u00e9ni\/sz\u00f3l\u00f3, t\u00e1nczene)<\/span><\/label><\/span><span class=\"wpcf7-list-item\"><label><input type=\"checkbox\" name=\"teruletek[]\" value=\"K\u00e9pz\u0151m\u0171v\u00e9szet (fest\u00e9s, k\u00e9zimunka, fafarag\u00e1s, toj\u00e1s fest\u00e9s, stb.)\" \/><span class=\"wpcf7-list-item-label\">K\u00e9pz\u0151m\u0171v\u00e9szet (fest\u00e9s, k\u00e9zimunka, fafarag\u00e1s, toj\u00e1s fest\u00e9s, stb.)<\/span><\/label><\/span><span class=\"wpcf7-list-item\"><label><input type=\"checkbox\" name=\"teruletek[]\" value=\"Irodalom (k\u00f6lt\u0151k, \u00edr\u00f3k, szaval\u00f3k, mesemond\u00f3k)\" \/><span class=\"wpcf7-list-item-label\">Irodalom (k\u00f6lt\u0151k, \u00edr\u00f3k, szaval\u00f3k, mesemond\u00f3k)<\/span><\/label><\/span><span class=\"wpcf7-list-item\"><label><input type=\"checkbox\" name=\"teruletek[]\" value=\"Hagyom\u00e1nyos gy\u00f3gy\u00edt\u00e1s, gy\u00f3gyn\u00f6v\u00e9nyek ismertet\u00e9se\" \/><span class=\"wpcf7-list-item-label\">Hagyom\u00e1nyos gy\u00f3gy\u00edt\u00e1s, gy\u00f3gyn\u00f6v\u00e9nyek ismertet\u00e9se<\/span><\/label><\/span><span class=\"wpcf7-list-item\"><label><input type=\"checkbox\" name=\"teruletek[]\" value=\"F\u0151z\u00e9s, s\u00fct\u00e9s\" \/><span class=\"wpcf7-list-item-label\">F\u0151z\u00e9s, s\u00fct\u00e9s<\/span><\/label><\/span><span class=\"wpcf7-list-item last\"><label><input type=\"checkbox\" name=\"teruletek[]\" value=\"Egy\u00e9b (a megjegyz\u00e9s mez\u0151ben)\" \/><span class=\"wpcf7-list-item-label\">Egy\u00e9b (a megjegyz\u00e9s mez\u0151ben)<\/span><\/label><\/span><\/span><\/span>\n<\/p>\n<p><label>Megjegyz\u00e9s <span class=\"wpcf7-form-control-wrap\" data-name=\"megjegyzes\"><textarea cols=\"40\" rows=\"10\" class=\"wpcf7-form-control wpcf7-textarea\" aria-invalid=\"false\" name=\"megjegyzes\"><\/textarea><\/span> <\/label>\n<\/p>\n<p><label>Vezet\u00e9kn\u00e9v<sup>*<\/sup> <span class=\"wpcf7-form-control-wrap\" data-name=\"vezetek\"><input size=\"40\" class=\"wpcf7-form-control wpcf7-text wpcf7-validates-as-required\" aria-required=\"true\" aria-invalid=\"false\" value=\"\" type=\"text\" name=\"vezetek\" \/><\/span><\/label><br \/>\n<label>Keresztn\u00e9v<sup>*<\/sup> <span class=\"wpcf7-form-control-wrap\" data-name=\"kereszt\"><input size=\"40\" class=\"wpcf7-form-control wpcf7-text wpcf7-validates-as-required\" aria-required=\"true\" aria-invalid=\"false\" value=\"\" type=\"text\" name=\"kereszt\" \/><\/span><\/label><br \/>\n<label>Email c\u00edm<sup>*<\/sup> <span class=\"wpcf7-form-control-wrap\" data-name=\"email\"><input size=\"40\" class=\"wpcf7-form-control wpcf7-text wpcf7-email wpcf7-validates-as-required wpcf7-validates-as-email\" aria-required=\"true\" aria-invalid=\"false\" value=\"\" type=\"email\" name=\"email\" \/><\/span> <\/label><br \/>\n<label>Telefonsz\u00e1m<sup>*<\/sup> <span class=\"wpcf7-form-control-wrap\" data-name=\"tel\"><input size=\"40\" class=\"wpcf7-form-control wpcf7-text wpcf7-tel wpcf7-validates-as-required wpcf7-validates-as-tel\" aria-required=\"true\" aria-invalid=\"false\" value=\"\" type=\"tel\" name=\"tel\" \/><\/span> <\/label>\n<\/p>\n<p>Bek\u00fcld\u00e9st enged\u00e9lyez\u0151 k\u00e9rd\u00e9s<sup>*<\/sup>:\n<\/p>\n<p><span class=\"wpcf7-form-control-wrap\" data-name=\"kapus\"><label><span class=\"wpcf7-quiz-label\">Kanada f\u0151v\u00e1rosa...<\/span> <input size=\"40\" class=\"wpcf7-form-control wpcf7-quiz\" autocomplete=\"off\" aria-required=\"true\" aria-invalid=\"false\" type=\"text\" name=\"kapus\" \/><\/label><input type=\"hidden\" name=\"_wpcf7_quiz_answer_kapus\" value=\"3ed29094369f415368fb2ade276a3205\" \/><\/span><br \/>\n<sup>*<\/sup> K\u00f6telez\u0151 mez\u0151k.<br \/>\n<sup>**<\/sup> \u00c9rv\u00e9nyes di\u00e1kigazolv\u00e1ny felmutat\u00e1s\u00e1val.<br \/>\n<input class=\"wpcf7-form-control has-spinner wpcf7-submit\" type=\"submit\" value=\"K\u00fcld\u00e9s\" \/>\n<\/p><div class=\"wpcf7-response-output\" aria-hidden=\"true\"><\/div>\n<\/form>\n<\/div>\n\n<p>K\u00f6sz\u00f6net minden \u00e9rdekl\u0151d\u0151nek!<\/p>\n","protected":false},"excerpt":{"rendered":"<p>Ezennel szeretn\u00e9nk felh\u00edvni minden kanadai magyar honfit\u00e1rsunk figyelm\u00e9t, hogy a magyar nyelv \u00e9s hagyom\u00e1nyok meg\u0151rz\u00e9se \u00e9rdek\u00e9ben tehets\u00e9gkutat\u00e1st kezdem\u00e9nyez\u00fcnk eg\u00e9sz Ottawa ter\u00fclet\u00e9n. Sz\u00e1nd\u00e9kunk az, hogy olyan jelenkez\u0151ket toborozzunk akik egyr\u00e9szt j\u00e1rtasak valamilyen magyar szok\u00e1s, hagyom\u00e1ny, vagy m\u0171v\u00e9szet ter\u00fclet\u00e9n, m\u00e1sr\u00e9szt akik szivesen r\u00e9szt venn\u00e9nek ezen hagyom\u00e1nyok m\u0171vel\u00e9s\u00e9ben, fejleszt\u00e9s\u00e9ben. Tov\u00e1bb\u00e1 hangs\u00falyozzuk, hogy ehhez semmif\u00e9le iskolai k\u00e9pzetts\u00e9g nem sz\u00fcks\u00e9ges, [&hellip;]<\/p>\n","protected":false},"author":3,"featured_media":0,"parent":0,"menu_order":0,"comment_status":"closed","ping_status":"closed","template":"","meta":[],"_links":{"self":[{"href":"https:\/\/omh-ohcc.ca\/hu\/wp-json\/wp\/v2\/pages\/438214"}],"collection":[{"href":"https:\/\/omh-ohcc.ca\/hu\/wp-json\/wp\/v2\/pages"}],"about":[{"href":"https:\/\/omh-ohcc.ca\/hu\/wp-json\/wp\/v2\/types\/page"}],"author":[{"embeddable":true,"href":"https:\/\/omh-ohcc.ca\/hu\/wp-json\/wp\/v2\/users\/3"}],"replies":[{"embeddable":true,"href":"https:\/\/omh-ohcc.ca\/hu\/wp-json\/wp\/v2\/comments?post=438214"}],"version-history":[{"count":6,"href":"https:\/\/omh-ohcc.ca\/hu\/wp-json\/wp\/v2\/pages\/438214\/revisions"}],"predecessor-version":[{"id":438220,"href":"https:\/\/omh-ohcc.ca\/hu\/wp-json\/wp\/v2\/pages\/438214\/revisions\/438220"}],"wp:attachment":[{"href":"https:\/\/omh-ohcc.ca\/hu\/wp-json\/wp\/v2\/media?parent=438214"}],"curies":[{"name":"wp","href":"https:\/\/api.w.org\/{rel}","templated":true}]}}