{"id":437061,"date":"2021-04-15T12:55:10","date_gmt":"2021-04-15T16:55:10","guid":{"rendered":"https:\/\/omh-ohcc.ca\/hu\/?page_id=437061"},"modified":"2026-02-14T17:23:27","modified_gmt":"2026-02-14T22:23:27","slug":"omh-rtv","status":"publish","type":"page","link":"https:\/\/omh-ohcc.ca\/hu\/ottawai-magyar-elet\/omh-rtv\/","title":{"rendered":"OMH RTV"},"content":{"rendered":"<!-- lps\/start --><div id=\"lps-af273addd2663393fb5c99bc24f04d9f-wrap\" data-args=\"{&quot;ver&quot;:1,&quot;perpage&quot;:&quot;5&quot;,&quot;type&quot;:&quot;post&quot;,&quot;chrlimit&quot;:120,&quot;display&quot;:&quot;title,content&quot;,&quot;url&quot;:&quot;yes&quot;,&quot;elements&quot;:&quot;5&quot;,&quot;show_extra&quot;:&quot;tags,ajax_pagination&quot;,&quot;status&quot;:&quot;publish&quot;,&quot;orderby&quot;:&quot;dateD&quot;,&quot;taxonomy&quot;:&quot;category&quot;,&quot;term&quot;:&quot;omh-rtv&quot;,&quot;showpages&quot;:&quot;500&quot;,&quot;total_text&quot;:&quot;Total items: %d&quot;,&quot;pagespos&quot;:&quot;2&quot;}\" data-current=\"437061\" class=\"lps-top-section-wrap\" data-url=\"https:\/\/omh-ohcc.ca\/hu\/wp-json\/wp\/v2\/pages\/437061\"><div class=\"before lps-pagination-wrap \"><ul class=\"latest-post-selection pages  lps-af273addd2663393fb5c99bc24f04d9f\"><li class=\"pages-info\">Page 1 of 35<\/li><li class=\"go-to-prev disabled\"><a class=\"page-item\" data-page=\"1\" title=\"Previous\">&laquo;<\/a><\/li><li class=\"current\"><a class=\"page-item\" href=\"https:\/\/omh-ohcc.ca\/hu\/wp-json\/wp\/v2\/pages\/437061\" data-page=\"1\" title=\"First\">1<\/a><\/li><li><a class=\"page-item\" href=\"https:\/\/omh-ohcc.ca\/hu\/wp-json\/wp\/v2\/pages\/437061\/page\/2\/\" data-page=\"2\" title=\"Page 2\">2<\/a><\/li><li><a class=\"page-item\" href=\"https:\/\/omh-ohcc.ca\/hu\/wp-json\/wp\/v2\/pages\/437061\/page\/3\/\" data-page=\"3\" title=\"Page 3\">3<\/a><\/li><li><a class=\"page-item\" href=\"https:\/\/omh-ohcc.ca\/hu\/wp-json\/wp\/v2\/pages\/437061\/page\/4\/\" data-page=\"4\" title=\"Page 4\">4<\/a><\/li><li><a class=\"page-item\" href=\"https:\/\/omh-ohcc.ca\/hu\/wp-json\/wp\/v2\/pages\/437061\/page\/5\/\" data-page=\"5\" title=\"Page 5\">5<\/a><\/li><li><a class=\"page-item\" href=\"https:\/\/omh-ohcc.ca\/hu\/wp-json\/wp\/v2\/pages\/437061\/page\/6\/\" data-page=\"6\" title=\"Page 6\">6<\/a><\/li><li><a class=\"page-item\" href=\"https:\/\/omh-ohcc.ca\/hu\/wp-json\/wp\/v2\/pages\/437061\/page\/7\/\" data-page=\"7\" title=\"Page 7\">7<\/a><\/li><li><a class=\"page-item\" href=\"https:\/\/omh-ohcc.ca\/hu\/wp-json\/wp\/v2\/pages\/437061\/page\/8\/\" data-page=\"8\" title=\"Page 8\">8<\/a><\/li><li><a class=\"page-item\" href=\"https:\/\/omh-ohcc.ca\/hu\/wp-json\/wp\/v2\/pages\/437061\/page\/9\/\" data-page=\"9\" title=\"Page 9\">9<\/a><\/li><li><a class=\"page-item\" href=\"https:\/\/omh-ohcc.ca\/hu\/wp-json\/wp\/v2\/pages\/437061\/page\/10\/\" data-page=\"10\" title=\"Page 10\">10<\/a><\/li><li><a class=\"page-item\" href=\"https:\/\/omh-ohcc.ca\/hu\/wp-json\/wp\/v2\/pages\/437061\/page\/11\/\" data-page=\"11\" title=\"Page 11\">11<\/a><\/li><li><a class=\"page-item\" href=\"https:\/\/omh-ohcc.ca\/hu\/wp-json\/wp\/v2\/pages\/437061\/page\/12\/\" data-page=\"12\" title=\"Page 12\">12<\/a><\/li><li><a class=\"page-item\" href=\"https:\/\/omh-ohcc.ca\/hu\/wp-json\/wp\/v2\/pages\/437061\/page\/13\/\" data-page=\"13\" title=\"Page 13\">13<\/a><\/li><li><a class=\"page-item\" href=\"https:\/\/omh-ohcc.ca\/hu\/wp-json\/wp\/v2\/pages\/437061\/page\/14\/\" data-page=\"14\" title=\"Page 14\">14<\/a><\/li><li><a class=\"page-item\" href=\"https:\/\/omh-ohcc.ca\/hu\/wp-json\/wp\/v2\/pages\/437061\/page\/15\/\" data-page=\"15\" title=\"Page 15\">15<\/a><\/li><li><a class=\"page-item\" href=\"https:\/\/omh-ohcc.ca\/hu\/wp-json\/wp\/v2\/pages\/437061\/page\/16\/\" data-page=\"16\" title=\"Page 16\">16<\/a><\/li><li><a class=\"page-item\" href=\"https:\/\/omh-ohcc.ca\/hu\/wp-json\/wp\/v2\/pages\/437061\/page\/17\/\" data-page=\"17\" title=\"Page 17\">17<\/a><\/li><li><a class=\"page-item\" href=\"https:\/\/omh-ohcc.ca\/hu\/wp-json\/wp\/v2\/pages\/437061\/page\/18\/\" data-page=\"18\" title=\"Page 18\">18<\/a><\/li><li><a class=\"page-item\" href=\"https:\/\/omh-ohcc.ca\/hu\/wp-json\/wp\/v2\/pages\/437061\/page\/19\/\" data-page=\"19\" title=\"Page 19\">19<\/a><\/li><li><a class=\"page-item\" href=\"https:\/\/omh-ohcc.ca\/hu\/wp-json\/wp\/v2\/pages\/437061\/page\/20\/\" data-page=\"20\" title=\"Page 20\">20<\/a><\/li><li><a class=\"page-item\" href=\"https:\/\/omh-ohcc.ca\/hu\/wp-json\/wp\/v2\/pages\/437061\/page\/21\/\" data-page=\"21\" title=\"Page 21\">21<\/a><\/li><li><a class=\"page-item\" href=\"https:\/\/omh-ohcc.ca\/hu\/wp-json\/wp\/v2\/pages\/437061\/page\/22\/\" data-page=\"22\" title=\"Page 22\">22<\/a><\/li><li><a class=\"page-item\" href=\"https:\/\/omh-ohcc.ca\/hu\/wp-json\/wp\/v2\/pages\/437061\/page\/23\/\" data-page=\"23\" title=\"Page 23\">23<\/a><\/li><li><a class=\"page-item\" href=\"https:\/\/omh-ohcc.ca\/hu\/wp-json\/wp\/v2\/pages\/437061\/page\/24\/\" data-page=\"24\" title=\"Page 24\">24<\/a><\/li><li><a class=\"page-item\" href=\"https:\/\/omh-ohcc.ca\/hu\/wp-json\/wp\/v2\/pages\/437061\/page\/25\/\" data-page=\"25\" title=\"Page 25\">25<\/a><\/li><li><a class=\"page-item\" href=\"https:\/\/omh-ohcc.ca\/hu\/wp-json\/wp\/v2\/pages\/437061\/page\/26\/\" data-page=\"26\" title=\"Page 26\">26<\/a><\/li><li><a class=\"page-item\" href=\"https:\/\/omh-ohcc.ca\/hu\/wp-json\/wp\/v2\/pages\/437061\/page\/27\/\" data-page=\"27\" title=\"Page 27\">27<\/a><\/li><li><a class=\"page-item\" href=\"https:\/\/omh-ohcc.ca\/hu\/wp-json\/wp\/v2\/pages\/437061\/page\/28\/\" data-page=\"28\" title=\"Page 28\">28<\/a><\/li><li><a class=\"page-item\" href=\"https:\/\/omh-ohcc.ca\/hu\/wp-json\/wp\/v2\/pages\/437061\/page\/29\/\" data-page=\"29\" title=\"Page 29\">29<\/a><\/li><li><a class=\"page-item\" href=\"https:\/\/omh-ohcc.ca\/hu\/wp-json\/wp\/v2\/pages\/437061\/page\/30\/\" data-page=\"30\" title=\"Page 30\">30<\/a><\/li><li><a class=\"page-item\" href=\"https:\/\/omh-ohcc.ca\/hu\/wp-json\/wp\/v2\/pages\/437061\/page\/31\/\" data-page=\"31\" title=\"Page 31\">31<\/a><\/li><li><a class=\"page-item\" href=\"https:\/\/omh-ohcc.ca\/hu\/wp-json\/wp\/v2\/pages\/437061\/page\/32\/\" data-page=\"32\" title=\"Page 32\">32<\/a><\/li><li><a class=\"page-item\" href=\"https:\/\/omh-ohcc.ca\/hu\/wp-json\/wp\/v2\/pages\/437061\/page\/33\/\" data-page=\"33\" title=\"Page 33\">33<\/a><\/li><li><a class=\"page-item\" href=\"https:\/\/omh-ohcc.ca\/hu\/wp-json\/wp\/v2\/pages\/437061\/page\/34\/\" data-page=\"34\" title=\"Page 34\">34<\/a><\/li><li><a class=\"page-item\" href=\"https:\/\/omh-ohcc.ca\/hu\/wp-json\/wp\/v2\/pages\/437061\/page\/35\/\" data-page=\"35\" title=\"Page 35\">35<\/a><\/li><li class=\"go-to-next\"><a class=\"page-item\" href=\"https:\/\/omh-ohcc.ca\/hu\/wp-json\/wp\/v2\/pages\/437061\/page\/2\/\" data-page=\"2\" title=\"Next\">&raquo;<\/a><\/li><\/ul><\/div><section class=\"latest-post-selection ajax_pagination\" id=\"lps-af273addd2663393fb5c99bc24f04d9f\" style=\"\"><article class=\"post-439225 post type-post status-publish format-standard hentry category-omh-rtv\"><h3 class=\"item-title-tag\">Az OMH TV ad\u00e1sa 2025. december 22-\u00e9n<\/h3><p>Kar\u00e1csonyi \u00e9nekek, hangszeres darabok \u00e9s versek az Ottawai Magyar H\u00e1zban.<\/p>\n<p><iframe loading=\"lazy\" title=\"Kar\u00e1csonyv\u00e1r\u00e1s -2025. december 13.\" width=\"800\" height=\"450\" src=\"https:\/\/www.youtube.com\/embed\/za1AWxfZYP0?feature=oembed\" frameborder=\"0\" allow=\"accelerometer; autoplay; clipboard-write; encrypted-media; gyroscope; picture-in-picture; web-share\" referrerpolicy=\"strict-origin-when-cross-origin\" allowfullscreen><\/iframe><\/p>\n<a href=\"https:\/\/omh-ohcc.ca\/hu\/az-omh-tv-adasa-2025-december-22-en\/\" class=\"read-more\" title=\"Az OMH TV ad\u00e1sa 2025. december 22-\u00e9n\"><\/a><\/article><article class=\"post-439222 post type-post status-publish format-standard hentry category-omh-rtv\"><h3 class=\"item-title-tag\">Az OMH TV ad\u00e1sa 2025. december 18-\u00e1n<\/h3><p>Mikul\u00e1s \u00fcnneps\u00e9g az Ottawai Magyar H\u00e1zban<\/p>\n<p><iframe loading=\"lazy\" title=\"MIKUL\u00c1S-2025 OMH\" width=\"800\" height=\"450\" src=\"https:\/\/www.youtube.com\/embed\/H7wrO77Z0Mg?feature=oembed\" frameborder=\"0\" allow=\"accelerometer; autoplay; clipboard-write; encrypted-media; gyroscope; picture-in-picture; web-share\" referrerpolicy=\"strict-origin-when-cross-origin\" allowfullscreen><\/iframe><\/p>\n<a href=\"https:\/\/omh-ohcc.ca\/hu\/az-omh-tv-adasa-2025-december-18-an\/\" class=\"read-more\" title=\"Az OMH TV ad\u00e1sa 2025. december 18-\u00e1n\"><\/a><\/article><article class=\"post-439194 post type-post status-publish format-standard hentry category-omh-rtv\"><h3 class=\"item-title-tag\">Az OMH TV ad\u00e1sa 2025. november 21-\u00e9n<\/h3><p>Zene \u00e9s k\u00f6lt\u00e9szet d\u00e9lut\u00e1nja, 2025. november 15.<\/p>\n<p><iframe loading=\"lazy\" title=\"Zene \u00e9s K\u00f6lt\u00e9szet-2025. november 15.\" width=\"800\" height=\"450\" src=\"https:\/\/www.youtube.com\/embed\/mpPrYLcbRJA?feature=oembed\" frameborder=\"0\" allow=\"accelerometer; autoplay; clipboard-write; encrypted-media; gyroscope; picture-in-picture; web-share\" referrerpolicy=\"strict-origin-when-cross-origin\" allowfullscreen><\/iframe><\/p>\n<a href=\"https:\/\/omh-ohcc.ca\/hu\/az-omh-tv-adasa-2025-november-21-en\/\" class=\"read-more\" title=\"Az OMH TV ad\u00e1sa 2025. november 21-\u00e9n\"><\/a><\/article><article class=\"post-439192 post type-post status-publish format-standard hentry category-omh-rtv\"><h3 class=\"item-title-tag\">Az OMH TV ad\u00e1sa 2025. november 18-\u00e1n<\/h3><p>Sz\u00fcreti B\u00e1l<\/p>\n<p><iframe loading=\"lazy\" title=\"SZ\u00dcRETI B\u00c1L-OMH- 2025-11-08\" width=\"800\" height=\"450\" src=\"https:\/\/www.youtube.com\/embed\/vusZqOEvHko?feature=oembed\" frameborder=\"0\" allow=\"accelerometer; autoplay; clipboard-write; encrypted-media; gyroscope; picture-in-picture; web-share\" referrerpolicy=\"strict-origin-when-cross-origin\" allowfullscreen><\/iframe><\/p>\n<a href=\"https:\/\/omh-ohcc.ca\/hu\/az-omh-tv-adasa-2025-november-18-an\/\" class=\"read-more\" title=\"Az OMH TV ad\u00e1sa 2025. november 18-\u00e1n\"><\/a><\/article><article class=\"post-439188 post type-post status-publish format-standard hentry category-omh-rtv\"><h3 class=\"item-title-tag\">Az OMH TV ad\u00e1sa 2025. november 11-\u00e9n<\/h3><p>Megeml\u00e9kez\u00e9s az 56-os forradalomr\u00f3l (2025-10-25)<br \/>\n\u00dcnnepi m\u0171sor az Ottawai Magyar H\u00e1zban<\/p>\n<p><iframe loading=\"lazy\" title=\"Megeml\u00e9kez\u00e9s az 56-os forradalomr\u00f3l (2025-10-25)\" width=\"800\" height=\"450\" src=\"https:\/\/www.youtube.com\/embed\/ooDFxEHhYmA?feature=oembed\" frameborder=\"0\" allow=\"accelerometer; autoplay; clipboard-write; encrypted-media; gyroscope; picture-in-picture; web-share\" referrerpolicy=\"strict-origin-when-cross-origin\" allowfullscreen><\/iframe><\/p>\n<a href=\"https:\/\/omh-ohcc.ca\/hu\/az-omh-tv-adasa-2025-november-11-en\/\" class=\"read-more\" title=\"Az OMH TV ad\u00e1sa 2025. november 11-\u00e9n\"><\/a><\/article><\/section><div class=\"after lps-pagination-wrap \"><ul class=\"latest-post-selection pages  lps-af273addd2663393fb5c99bc24f04d9f\"><li class=\"pages-info\">Page 1 of 35<\/li><li class=\"go-to-prev disabled\"><a class=\"page-item\" data-page=\"1\" title=\"Previous\">&laquo;<\/a><\/li><li class=\"current\"><a class=\"page-item\" href=\"https:\/\/omh-ohcc.ca\/hu\/wp-json\/wp\/v2\/pages\/437061\" data-page=\"1\" title=\"First\">1<\/a><\/li><li><a class=\"page-item\" href=\"https:\/\/omh-ohcc.ca\/hu\/wp-json\/wp\/v2\/pages\/437061\/page\/2\/\" data-page=\"2\" title=\"Page 2\">2<\/a><\/li><li><a class=\"page-item\" href=\"https:\/\/omh-ohcc.ca\/hu\/wp-json\/wp\/v2\/pages\/437061\/page\/3\/\" data-page=\"3\" title=\"Page 3\">3<\/a><\/li><li><a class=\"page-item\" href=\"https:\/\/omh-ohcc.ca\/hu\/wp-json\/wp\/v2\/pages\/437061\/page\/4\/\" data-page=\"4\" title=\"Page 4\">4<\/a><\/li><li><a class=\"page-item\" href=\"https:\/\/omh-ohcc.ca\/hu\/wp-json\/wp\/v2\/pages\/437061\/page\/5\/\" data-page=\"5\" title=\"Page 5\">5<\/a><\/li><li><a class=\"page-item\" href=\"https:\/\/omh-ohcc.ca\/hu\/wp-json\/wp\/v2\/pages\/437061\/page\/6\/\" data-page=\"6\" title=\"Page 6\">6<\/a><\/li><li><a class=\"page-item\" href=\"https:\/\/omh-ohcc.ca\/hu\/wp-json\/wp\/v2\/pages\/437061\/page\/7\/\" data-page=\"7\" title=\"Page 7\">7<\/a><\/li><li><a class=\"page-item\" href=\"https:\/\/omh-ohcc.ca\/hu\/wp-json\/wp\/v2\/pages\/437061\/page\/8\/\" data-page=\"8\" title=\"Page 8\">8<\/a><\/li><li><a class=\"page-item\" href=\"https:\/\/omh-ohcc.ca\/hu\/wp-json\/wp\/v2\/pages\/437061\/page\/9\/\" data-page=\"9\" title=\"Page 9\">9<\/a><\/li><li><a class=\"page-item\" href=\"https:\/\/omh-ohcc.ca\/hu\/wp-json\/wp\/v2\/pages\/437061\/page\/10\/\" data-page=\"10\" title=\"Page 10\">10<\/a><\/li><li><a class=\"page-item\" href=\"https:\/\/omh-ohcc.ca\/hu\/wp-json\/wp\/v2\/pages\/437061\/page\/11\/\" data-page=\"11\" title=\"Page 11\">11<\/a><\/li><li><a class=\"page-item\" href=\"https:\/\/omh-ohcc.ca\/hu\/wp-json\/wp\/v2\/pages\/437061\/page\/12\/\" data-page=\"12\" title=\"Page 12\">12<\/a><\/li><li><a class=\"page-item\" href=\"https:\/\/omh-ohcc.ca\/hu\/wp-json\/wp\/v2\/pages\/437061\/page\/13\/\" data-page=\"13\" title=\"Page 13\">13<\/a><\/li><li><a class=\"page-item\" href=\"https:\/\/omh-ohcc.ca\/hu\/wp-json\/wp\/v2\/pages\/437061\/page\/14\/\" data-page=\"14\" title=\"Page 14\">14<\/a><\/li><li><a class=\"page-item\" href=\"https:\/\/omh-ohcc.ca\/hu\/wp-json\/wp\/v2\/pages\/437061\/page\/15\/\" data-page=\"15\" title=\"Page 15\">15<\/a><\/li><li><a class=\"page-item\" href=\"https:\/\/omh-ohcc.ca\/hu\/wp-json\/wp\/v2\/pages\/437061\/page\/16\/\" data-page=\"16\" title=\"Page 16\">16<\/a><\/li><li><a class=\"page-item\" href=\"https:\/\/omh-ohcc.ca\/hu\/wp-json\/wp\/v2\/pages\/437061\/page\/17\/\" data-page=\"17\" title=\"Page 17\">17<\/a><\/li><li><a class=\"page-item\" href=\"https:\/\/omh-ohcc.ca\/hu\/wp-json\/wp\/v2\/pages\/437061\/page\/18\/\" data-page=\"18\" title=\"Page 18\">18<\/a><\/li><li><a class=\"page-item\" href=\"https:\/\/omh-ohcc.ca\/hu\/wp-json\/wp\/v2\/pages\/437061\/page\/19\/\" data-page=\"19\" title=\"Page 19\">19<\/a><\/li><li><a class=\"page-item\" href=\"https:\/\/omh-ohcc.ca\/hu\/wp-json\/wp\/v2\/pages\/437061\/page\/20\/\" data-page=\"20\" title=\"Page 20\">20<\/a><\/li><li><a class=\"page-item\" href=\"https:\/\/omh-ohcc.ca\/hu\/wp-json\/wp\/v2\/pages\/437061\/page\/21\/\" data-page=\"21\" title=\"Page 21\">21<\/a><\/li><li><a class=\"page-item\" href=\"https:\/\/omh-ohcc.ca\/hu\/wp-json\/wp\/v2\/pages\/437061\/page\/22\/\" data-page=\"22\" title=\"Page 22\">22<\/a><\/li><li><a class=\"page-item\" href=\"https:\/\/omh-ohcc.ca\/hu\/wp-json\/wp\/v2\/pages\/437061\/page\/23\/\" data-page=\"23\" title=\"Page 23\">23<\/a><\/li><li><a class=\"page-item\" href=\"https:\/\/omh-ohcc.ca\/hu\/wp-json\/wp\/v2\/pages\/437061\/page\/24\/\" data-page=\"24\" title=\"Page 24\">24<\/a><\/li><li><a class=\"page-item\" href=\"https:\/\/omh-ohcc.ca\/hu\/wp-json\/wp\/v2\/pages\/437061\/page\/25\/\" data-page=\"25\" title=\"Page 25\">25<\/a><\/li><li><a class=\"page-item\" href=\"https:\/\/omh-ohcc.ca\/hu\/wp-json\/wp\/v2\/pages\/437061\/page\/26\/\" data-page=\"26\" title=\"Page 26\">26<\/a><\/li><li><a class=\"page-item\" href=\"https:\/\/omh-ohcc.ca\/hu\/wp-json\/wp\/v2\/pages\/437061\/page\/27\/\" data-page=\"27\" title=\"Page 27\">27<\/a><\/li><li><a class=\"page-item\" href=\"https:\/\/omh-ohcc.ca\/hu\/wp-json\/wp\/v2\/pages\/437061\/page\/28\/\" data-page=\"28\" title=\"Page 28\">28<\/a><\/li><li><a class=\"page-item\" href=\"https:\/\/omh-ohcc.ca\/hu\/wp-json\/wp\/v2\/pages\/437061\/page\/29\/\" data-page=\"29\" title=\"Page 29\">29<\/a><\/li><li><a class=\"page-item\" href=\"https:\/\/omh-ohcc.ca\/hu\/wp-json\/wp\/v2\/pages\/437061\/page\/30\/\" data-page=\"30\" title=\"Page 30\">30<\/a><\/li><li><a class=\"page-item\" href=\"https:\/\/omh-ohcc.ca\/hu\/wp-json\/wp\/v2\/pages\/437061\/page\/31\/\" data-page=\"31\" title=\"Page 31\">31<\/a><\/li><li><a class=\"page-item\" href=\"https:\/\/omh-ohcc.ca\/hu\/wp-json\/wp\/v2\/pages\/437061\/page\/32\/\" data-page=\"32\" title=\"Page 32\">32<\/a><\/li><li><a class=\"page-item\" href=\"https:\/\/omh-ohcc.ca\/hu\/wp-json\/wp\/v2\/pages\/437061\/page\/33\/\" data-page=\"33\" title=\"Page 33\">33<\/a><\/li><li><a class=\"page-item\" href=\"https:\/\/omh-ohcc.ca\/hu\/wp-json\/wp\/v2\/pages\/437061\/page\/34\/\" data-page=\"34\" title=\"Page 34\">34<\/a><\/li><li><a class=\"page-item\" href=\"https:\/\/omh-ohcc.ca\/hu\/wp-json\/wp\/v2\/pages\/437061\/page\/35\/\" data-page=\"35\" title=\"Page 35\">35<\/a><\/li><li class=\"go-to-next\"><a class=\"page-item\" href=\"https:\/\/omh-ohcc.ca\/hu\/wp-json\/wp\/v2\/pages\/437061\/page\/2\/\" data-page=\"2\" title=\"Next\">&raquo;<\/a><\/li><\/ul><\/div><\/div><!-- lps\/end -->\n","protected":false},"excerpt":{"rendered":"","protected":false},"author":3,"featured_media":0,"parent":432573,"menu_order":0,"comment_status":"closed","ping_status":"closed","template":"t_no-right-page.php","meta":[],"_links":{"self":[{"href":"https:\/\/omh-ohcc.ca\/hu\/wp-json\/wp\/v2\/pages\/437061"}],"collection":[{"href":"https:\/\/omh-ohcc.ca\/hu\/wp-json\/wp\/v2\/pages"}],"about":[{"href":"https:\/\/omh-ohcc.ca\/hu\/wp-json\/wp\/v2\/types\/page"}],"author":[{"embeddable":true,"href":"https:\/\/omh-ohcc.ca\/hu\/wp-json\/wp\/v2\/users\/3"}],"replies":[{"embeddable":true,"href":"https:\/\/omh-ohcc.ca\/hu\/wp-json\/wp\/v2\/comments?post=437061"}],"version-history":[{"count":1,"href":"https:\/\/omh-ohcc.ca\/hu\/wp-json\/wp\/v2\/pages\/437061\/revisions"}],"predecessor-version":[{"id":437543,"href":"https:\/\/omh-ohcc.ca\/hu\/wp-json\/wp\/v2\/pages\/437061\/revisions\/437543"}],"up":[{"embeddable":true,"href":"https:\/\/omh-ohcc.ca\/hu\/wp-json\/wp\/v2\/pages\/432573"}],"wp:attachment":[{"href":"https:\/\/omh-ohcc.ca\/hu\/wp-json\/wp\/v2\/media?parent=437061"}],"curies":[{"name":"wp","href":"https:\/\/api.w.org\/{rel}","templated":true}]}}