{"id":436620,"date":"2020-10-28T03:34:04","date_gmt":"2020-10-28T07:34:04","guid":{"rendered":"https:\/\/omh-ohcc.ca\/hu\/?page_id=436620"},"modified":"2020-10-28T03:51:09","modified_gmt":"2020-10-28T07:51:09","slug":"regi-hireink-reszletesen","status":"publish","type":"page","link":"https:\/\/omh-ohcc.ca\/hu\/archivumok\/regi-hireink-reszletesen\/","title":{"rendered":"R\u00e9gi h\u00edreink \u2013 R\u00e9szletesen"},"content":{"rendered":"<!-- lps\/start --><div id=\"lps-b25221acdd4f353ef7a5f558d49b5acc-wrap\" data-args=\"{&quot;ver&quot;:1,&quot;perpage&quot;:&quot;1&quot;,&quot;type&quot;:&quot;post&quot;,&quot;chrlimit&quot;:120,&quot;display&quot;:&quot;title,content&quot;,&quot;url&quot;:&quot;yes&quot;,&quot;elements&quot;:&quot;5&quot;,&quot;show_extra&quot;:&quot;tags,ajax_pagination&quot;,&quot;status&quot;:&quot;publish&quot;,&quot;orderby&quot;:&quot;dateD&quot;,&quot;taxonomy&quot;:&quot;category&quot;,&quot;term&quot;:&quot;hireink&quot;,&quot;showpages&quot;:&quot;10&quot;,&quot;total_text&quot;:&quot;Total items: %d&quot;,&quot;pagespos&quot;:&quot;2&quot;}\" data-current=\"436620\" class=\"lps-top-section-wrap\" data-url=\"https:\/\/omh-ohcc.ca\/hu\/wp-json\/wp\/v2\/pages\/436620\"><div class=\"before lps-pagination-wrap \"><ul class=\"latest-post-selection pages  lps-b25221acdd4f353ef7a5f558d49b5acc\"><li class=\"pages-info\">Page 1 of 44<\/li><li class=\"go-to-first disabled\"><a class=\"page-item\" data-page=\"1\" title=\"First\">&lsaquo;&nbsp;<\/a><\/li><li class=\"go-to-prev disabled\"><a class=\"page-item\" data-page=\"1\" title=\"Previous\">&laquo;<\/a><\/li><li class=\"current\"><a class=\"page-item\" href=\"https:\/\/omh-ohcc.ca\/hu\/wp-json\/wp\/v2\/pages\/436620\" data-page=\"1\" title=\"First\">1<\/a><\/li><li><a class=\"page-item\" href=\"https:\/\/omh-ohcc.ca\/hu\/wp-json\/wp\/v2\/pages\/436620\/page\/2\/\" data-page=\"2\" title=\"Page 2\">2<\/a><\/li><li><a class=\"page-item\" href=\"https:\/\/omh-ohcc.ca\/hu\/wp-json\/wp\/v2\/pages\/436620\/page\/3\/\" data-page=\"3\" title=\"Page 3\">3<\/a><\/li><li><a class=\"page-item\" href=\"https:\/\/omh-ohcc.ca\/hu\/wp-json\/wp\/v2\/pages\/436620\/page\/4\/\" data-page=\"4\" title=\"Page 4\">4<\/a><\/li><li><a class=\"page-item\" href=\"https:\/\/omh-ohcc.ca\/hu\/wp-json\/wp\/v2\/pages\/436620\/page\/5\/\" data-page=\"5\" title=\"Page 5\">5<\/a><\/li><li><a class=\"page-item\" href=\"https:\/\/omh-ohcc.ca\/hu\/wp-json\/wp\/v2\/pages\/436620\/page\/6\/\" data-page=\"6\" title=\"Page 6\">6<\/a><\/li><li><a class=\"page-item\" href=\"https:\/\/omh-ohcc.ca\/hu\/wp-json\/wp\/v2\/pages\/436620\/page\/7\/\" data-page=\"7\" title=\"Page 7\">7<\/a><\/li><li><a class=\"page-item\" href=\"https:\/\/omh-ohcc.ca\/hu\/wp-json\/wp\/v2\/pages\/436620\/page\/8\/\" data-page=\"8\" title=\"Page 8\">8<\/a><\/li><li><a class=\"page-item\" href=\"https:\/\/omh-ohcc.ca\/hu\/wp-json\/wp\/v2\/pages\/436620\/page\/9\/\" data-page=\"9\" title=\"Page 9\">9<\/a><\/li><li><a class=\"page-item\" href=\"https:\/\/omh-ohcc.ca\/hu\/wp-json\/wp\/v2\/pages\/436620\/page\/10\/\" data-page=\"10\" title=\"Page 10\">10<\/a><\/li><li class=\"go-to-next\"><a class=\"page-item\" href=\"https:\/\/omh-ohcc.ca\/hu\/wp-json\/wp\/v2\/pages\/436620\/page\/2\/\" data-page=\"2\" title=\"Next\">&raquo;<\/a><\/li><li class=\"go-to-last\"><a class=\"page-item\" href=\"https:\/\/omh-ohcc.ca\/hu\/wp-json\/wp\/v2\/pages\/436620\/page\/44\/\" data-page=\"44\" title=\"Last\">&nbsp;&rsaquo;<\/a><\/li><\/ul><\/div><section class=\"latest-post-selection ajax_pagination\" id=\"lps-b25221acdd4f353ef7a5f558d49b5acc\" style=\"\"><article class=\"post-438427 post type-post status-publish format-standard hentry category-hireink\"><h3 class=\"item-title-tag\">Zongoraest \u00e9s l\u00e1ngosv\u00e1s\u00e1r<\/h3><p>\nJ\u00falius 22-\u00e9n, szombaton egy nagyon sz\u00e9p m\u0171sort tekinthetnek meg az Ottawai Magyar H\u00e1zban. Az est f\u0151 el\u0151ad\u00f3ja Abbey Sugars-Keen, aki a Toront\u00f3i Royal Konzervat\u00f3rium v\u00e9gs\u0151, <strong>el\u0151ad\u00f3m\u0171v\u00e9szi<\/strong> vizsg\u00e1j\u00e1ra k\u00e9sz\u00fcl augusztusban. M\u0171sor\u00e1n Bach, Schubert, Liszt, Chopin, Debussy \u00e9s Bart\u00f3k n\u00e9pszer\u0171 m\u0171vei szerepelnek.<br \/>\nUgyancsak fell\u00e9p Finta G\u00e1bor m\u00e9g k\u00e9t m\u00e1sik tan\u00edtv\u00e1nya is: Lukas Villeneuve Chopin kering\u0151ket j\u00e1tszik, Muntra Dadjoo pedig Mozart A d\u00far zongoraverseny\u00e9nek (K.V 488) m\u00e1sodik t\u00e9tele mellett Haydn D d\u00far szon\u00e1t\u00e1j\u00e1nak els\u0151 t\u00e9tel\u00e9t \u00e9s Chopin B d\u00far mazurk\u00e1j\u00e1t j\u00e1tssza.\n<\/p>\n<p>\nRem\u00e9lj\u00fck, sokan lesznek, akik \u00e9rdekl\u0151dnek a fiatalok m\u0171sora ir\u00e1nt. A bel\u00e9p\u00e9s ingyenes \u00e9s a hangverseny el\u0151tt l\u00e1ngost is lehet kapni. Regisztr\u00e1lni csak a l\u00e1ngosv\u00e1s\u00e1rra kell.\n<\/p>\n<p>\nEmellett szeretn\u00e9nk bejelenteni, hogy j\u00falius 11-\u00e9n, kedden 14 \u00f3rakor a <em>Festival Music &#038; Beyond<\/em> keretein bel\u00fcl bemutat\u00e1sra ker\u00fcl Finta G\u00e1bor leg\u00fajabb heged\u0171-zongora darabja (Canzone &#038; Scherzo), kit\u0171n\u0151 m\u0171v\u00e9szek el\u0151ad\u00e1s\u00e1ban (Jasper Wood \u00e9s Fr\u00e9d\u00e9ric Lacroix). A helysz\u00edn a Woodroffe United Church, a Carlingwood Shopping Centre mellett (207 Woodroffe Avenue). Bel\u00e9p\u0151jegyek a helysz\u00ednen\u00a0 kaphat\u00f3k.<\/p>\n<a href=\"https:\/\/omh-ohcc.ca\/hu\/zongoraest-es-langosvasar\/\" class=\"read-more\" title=\"Zongoraest \u00e9s l\u00e1ngosv\u00e1s\u00e1r\"><\/a><\/article><\/section><div class=\"after lps-pagination-wrap \"><ul class=\"latest-post-selection pages  lps-b25221acdd4f353ef7a5f558d49b5acc\"><li class=\"pages-info\">Page 1 of 44<\/li><li class=\"go-to-first disabled\"><a class=\"page-item\" data-page=\"1\" title=\"First\">&lsaquo;&nbsp;<\/a><\/li><li class=\"go-to-prev disabled\"><a class=\"page-item\" data-page=\"1\" title=\"Previous\">&laquo;<\/a><\/li><li class=\"current\"><a class=\"page-item\" href=\"https:\/\/omh-ohcc.ca\/hu\/wp-json\/wp\/v2\/pages\/436620\" data-page=\"1\" title=\"First\">1<\/a><\/li><li><a class=\"page-item\" href=\"https:\/\/omh-ohcc.ca\/hu\/wp-json\/wp\/v2\/pages\/436620\/page\/2\/\" data-page=\"2\" title=\"Page 2\">2<\/a><\/li><li><a class=\"page-item\" href=\"https:\/\/omh-ohcc.ca\/hu\/wp-json\/wp\/v2\/pages\/436620\/page\/3\/\" data-page=\"3\" title=\"Page 3\">3<\/a><\/li><li><a class=\"page-item\" href=\"https:\/\/omh-ohcc.ca\/hu\/wp-json\/wp\/v2\/pages\/436620\/page\/4\/\" data-page=\"4\" title=\"Page 4\">4<\/a><\/li><li><a class=\"page-item\" href=\"https:\/\/omh-ohcc.ca\/hu\/wp-json\/wp\/v2\/pages\/436620\/page\/5\/\" data-page=\"5\" title=\"Page 5\">5<\/a><\/li><li><a class=\"page-item\" href=\"https:\/\/omh-ohcc.ca\/hu\/wp-json\/wp\/v2\/pages\/436620\/page\/6\/\" data-page=\"6\" title=\"Page 6\">6<\/a><\/li><li><a class=\"page-item\" href=\"https:\/\/omh-ohcc.ca\/hu\/wp-json\/wp\/v2\/pages\/436620\/page\/7\/\" data-page=\"7\" title=\"Page 7\">7<\/a><\/li><li><a class=\"page-item\" href=\"https:\/\/omh-ohcc.ca\/hu\/wp-json\/wp\/v2\/pages\/436620\/page\/8\/\" data-page=\"8\" title=\"Page 8\">8<\/a><\/li><li><a class=\"page-item\" href=\"https:\/\/omh-ohcc.ca\/hu\/wp-json\/wp\/v2\/pages\/436620\/page\/9\/\" data-page=\"9\" title=\"Page 9\">9<\/a><\/li><li><a class=\"page-item\" href=\"https:\/\/omh-ohcc.ca\/hu\/wp-json\/wp\/v2\/pages\/436620\/page\/10\/\" data-page=\"10\" title=\"Page 10\">10<\/a><\/li><li class=\"go-to-next\"><a class=\"page-item\" href=\"https:\/\/omh-ohcc.ca\/hu\/wp-json\/wp\/v2\/pages\/436620\/page\/2\/\" data-page=\"2\" title=\"Next\">&raquo;<\/a><\/li><li class=\"go-to-last\"><a class=\"page-item\" href=\"https:\/\/omh-ohcc.ca\/hu\/wp-json\/wp\/v2\/pages\/436620\/page\/44\/\" data-page=\"44\" title=\"Last\">&nbsp;&rsaquo;<\/a><\/li><\/ul><\/div><\/div><!-- lps\/end -->\n","protected":false},"excerpt":{"rendered":"","protected":false},"author":1,"featured_media":0,"parent":432192,"menu_order":43001,"comment_status":"closed","ping_status":"closed","template":"","meta":[],"_links":{"self":[{"href":"https:\/\/omh-ohcc.ca\/hu\/wp-json\/wp\/v2\/pages\/436620"}],"collection":[{"href":"https:\/\/omh-ohcc.ca\/hu\/wp-json\/wp\/v2\/pages"}],"about":[{"href":"https:\/\/omh-ohcc.ca\/hu\/wp-json\/wp\/v2\/types\/page"}],"author":[{"embeddable":true,"href":"https:\/\/omh-ohcc.ca\/hu\/wp-json\/wp\/v2\/users\/1"}],"replies":[{"embeddable":true,"href":"https:\/\/omh-ohcc.ca\/hu\/wp-json\/wp\/v2\/comments?post=436620"}],"version-history":[{"count":0,"href":"https:\/\/omh-ohcc.ca\/hu\/wp-json\/wp\/v2\/pages\/436620\/revisions"}],"up":[{"embeddable":true,"href":"https:\/\/omh-ohcc.ca\/hu\/wp-json\/wp\/v2\/pages\/432192"}],"wp:attachment":[{"href":"https:\/\/omh-ohcc.ca\/hu\/wp-json\/wp\/v2\/media?parent=436620"}],"curies":[{"name":"wp","href":"https:\/\/api.w.org\/{rel}","templated":true}]}}