{"id":436618,"date":"2020-10-28T03:30:35","date_gmt":"2020-10-28T07:30:35","guid":{"rendered":"https:\/\/omh-ohcc.ca\/hu\/?page_id=436618"},"modified":"2020-10-28T03:50:31","modified_gmt":"2020-10-28T07:50:31","slug":"regi-hireink-tartalomjegyzek","status":"publish","type":"page","link":"https:\/\/omh-ohcc.ca\/hu\/archivumok\/regi-hireink-tartalomjegyzek\/","title":{"rendered":"R\u00e9gi h\u00edreink \u2013 Tartalomjegyz\u00e9k"},"content":{"rendered":"<!-- lps\/start --><div id=\"lps-e880b4715873238d770eec9e17ab2504-wrap\" data-args=\"{&quot;ver&quot;:1,&quot;perpage&quot;:&quot;10&quot;,&quot;type&quot;:&quot;post&quot;,&quot;chrlimit&quot;:120,&quot;display&quot;:&quot;title,date&quot;,&quot;url&quot;:&quot;yes&quot;,&quot;elements&quot;:&quot;3&quot;,&quot;show_extra&quot;:&quot;tags,ajax_pagination&quot;,&quot;status&quot;:&quot;publish&quot;,&quot;orderby&quot;:&quot;dateD&quot;,&quot;taxonomy&quot;:&quot;category&quot;,&quot;term&quot;:&quot;hireink&quot;,&quot;showpages&quot;:&quot;10&quot;,&quot;total_text&quot;:&quot;Total items: %d&quot;,&quot;pagespos&quot;:&quot;2&quot;}\" data-current=\"436618\" class=\"lps-top-section-wrap\" data-url=\"https:\/\/omh-ohcc.ca\/hu\/wp-json\/wp\/v2\/pages\/436618\"><div class=\"before lps-pagination-wrap \"><ul class=\"latest-post-selection pages  lps-e880b4715873238d770eec9e17ab2504\"><li class=\"pages-info\">Page 1 of 5<\/li><li class=\"go-to-prev disabled\"><a class=\"page-item\" data-page=\"1\" title=\"Previous\">&laquo;<\/a><\/li><li class=\"current\"><a class=\"page-item\" href=\"https:\/\/omh-ohcc.ca\/hu\/wp-json\/wp\/v2\/pages\/436618\" data-page=\"1\" title=\"First\">1<\/a><\/li><li><a class=\"page-item\" href=\"https:\/\/omh-ohcc.ca\/hu\/wp-json\/wp\/v2\/pages\/436618\/page\/2\/\" data-page=\"2\" title=\"Page 2\">2<\/a><\/li><li><a class=\"page-item\" href=\"https:\/\/omh-ohcc.ca\/hu\/wp-json\/wp\/v2\/pages\/436618\/page\/3\/\" data-page=\"3\" title=\"Page 3\">3<\/a><\/li><li><a class=\"page-item\" href=\"https:\/\/omh-ohcc.ca\/hu\/wp-json\/wp\/v2\/pages\/436618\/page\/4\/\" data-page=\"4\" title=\"Page 4\">4<\/a><\/li><li><a class=\"page-item\" href=\"https:\/\/omh-ohcc.ca\/hu\/wp-json\/wp\/v2\/pages\/436618\/page\/5\/\" data-page=\"5\" title=\"Page 5\">5<\/a><\/li><li class=\"go-to-next\"><a class=\"page-item\" href=\"https:\/\/omh-ohcc.ca\/hu\/wp-json\/wp\/v2\/pages\/436618\/page\/2\/\" data-page=\"2\" title=\"Next\">&raquo;<\/a><\/li><\/ul><\/div><section class=\"latest-post-selection ajax_pagination\" id=\"lps-e880b4715873238d770eec9e17ab2504\" style=\"\"><article class=\"post-438427 post type-post status-publish format-standard hentry category-hireink has-link\"><a href=\"https:\/\/omh-ohcc.ca\/hu\/zongoraest-es-langosvasar\/\" class=\"main-link read-more-wrap\" title=\"Zongoraest \u00e9s l\u00e1ngosv\u00e1s\u00e1r\"><h3 class=\"item-title-tag\">Zongoraest \u00e9s l\u00e1ngosv\u00e1s\u00e1r<\/h3><em class=\"item-date\">2023-07-07 <i>09:13<\/i><\/em><\/a><\/article><article class=\"post-438339 post type-post status-publish format-standard hentry category-hireink has-link\"><a href=\"https:\/\/omh-ohcc.ca\/hu\/ferenc-papa-budapesten\/\" class=\"main-link read-more-wrap\" title=\"Ferenc p\u00e1pa Budapesten\"><h3 class=\"item-title-tag\">Ferenc p\u00e1pa Budapesten<\/h3><em class=\"item-date\">2023-04-29 <i>01:42<\/i><\/em><\/a><\/article><article class=\"post-438299 post type-post status-publish format-standard hentry category-hireink category-tabor has-link\"><a href=\"https:\/\/omh-ohcc.ca\/hu\/tucsok-tabor\/\" class=\"main-link read-more-wrap\" title=\"T\u00fccs\u00f6k t\u00e1bor\"><h3 class=\"item-title-tag\">T\u00fccs\u00f6k t\u00e1bor<\/h3><em class=\"item-date\">2023-03-12 <i>00:21<\/i><\/em><\/a><\/article><article class=\"post-438262 post type-post status-publish format-standard hentry category-hireink has-link\"><a href=\"https:\/\/omh-ohcc.ca\/hu\/tovabbtanulas-magyarorszagon\/\" class=\"main-link read-more-wrap\" title=\"Tov\u00e1bbtanul\u00e1s Magyarorsz\u00e1gon\"><h3 class=\"item-title-tag\">Tov\u00e1bbtanul\u00e1s Magyarorsz\u00e1gon<\/h3><em class=\"item-date\">2023-03-01 <i>19:13<\/i><\/em><\/a><\/article><article class=\"post-438238 post type-post status-publish format-standard hentry category-hireink has-link\"><a href=\"https:\/\/omh-ohcc.ca\/hu\/tehetsegkutatas\/\" class=\"main-link read-more-wrap\" title=\"Tehets\u00e9gkutat\u00e1s\"><h3 class=\"item-title-tag\">Tehets\u00e9gkutat\u00e1s<\/h3><em class=\"item-date\">2023-02-12 <i>21:27<\/i><\/em><\/a><\/article><article class=\"post-438185 post type-post status-publish format-standard hentry category-hireink has-link\"><a href=\"https:\/\/omh-ohcc.ca\/hu\/diaszpora-felsooktatasi-osztondijprogram\/\" class=\"main-link read-more-wrap\" title=\"Diaszp\u00f3ra Fels\u0151oktat\u00e1si \u00d6szt\u00f6nd\u00edjprogram\"><h3 class=\"item-title-tag\">Diaszp\u00f3ra Fels\u0151oktat\u00e1si \u00d6szt\u00f6nd\u00edjprogram<\/h3><em class=\"item-date\">2022-11-29 <i>18:56<\/i><\/em><\/a><\/article><article class=\"post-438171 post type-post status-publish format-standard hentry category-hireink has-link\"><a href=\"https:\/\/omh-ohcc.ca\/hu\/europai-unios-filmfesztival-2022\/\" class=\"main-link read-more-wrap\" title=\"Eur\u00f3pai Uni\u00f3s Filmfesztiv\u00e1l 2022\"><h3 class=\"item-title-tag\">Eur\u00f3pai Uni\u00f3s Filmfesztiv\u00e1l 2022<\/h3><em class=\"item-date\">2022-11-13 <i>18:50<\/i><\/em><\/a><\/article><article class=\"post-438112 post type-post status-publish format-standard hentry category-hireink has-link\"><a href=\"https:\/\/omh-ohcc.ca\/hu\/a-reformacio-unnepe\/\" class=\"main-link read-more-wrap\" title=\"A reform\u00e1ci\u00f3 \u00fcnnepe\"><h3 class=\"item-title-tag\">A reform\u00e1ci\u00f3 \u00fcnnepe<\/h3><em class=\"item-date\">2022-10-26 <i>21:11<\/i><\/em><\/a><\/article><article class=\"post-438091 post type-post status-publish format-standard hentry category-hireink has-link\"><a href=\"https:\/\/omh-ohcc.ca\/hu\/1956-unnepi-fogadas-es-koncert\/\" class=\"main-link read-more-wrap\" title=\"1956 - \u00dcnnepi fogad\u00e1s \u00e9s koncert\"><h3 class=\"item-title-tag\">1956 - \u00dcnnepi fogad\u00e1s \u00e9s koncert<\/h3><em class=\"item-date\">2022-10-05 <i>17:15<\/i><\/em><\/a><\/article><article class=\"post-438030 post type-post status-publish format-standard hentry category-hireink has-link\"><a href=\"https:\/\/omh-ohcc.ca\/hu\/nyari-kepvasar\/\" class=\"main-link read-more-wrap\" title=\"Ny\u00e1ri k\u00e9pv\u00e1s\u00e1r\"><h3 class=\"item-title-tag\">Ny\u00e1ri k\u00e9pv\u00e1s\u00e1r<\/h3><em class=\"item-date\">2022-07-18 <i>00:04<\/i><\/em><\/a><\/article><\/section><div class=\"after lps-pagination-wrap \"><ul class=\"latest-post-selection pages  lps-e880b4715873238d770eec9e17ab2504\"><li class=\"pages-info\">Page 1 of 5<\/li><li class=\"go-to-prev disabled\"><a class=\"page-item\" data-page=\"1\" title=\"Previous\">&laquo;<\/a><\/li><li class=\"current\"><a class=\"page-item\" href=\"https:\/\/omh-ohcc.ca\/hu\/wp-json\/wp\/v2\/pages\/436618\" data-page=\"1\" title=\"First\">1<\/a><\/li><li><a class=\"page-item\" href=\"https:\/\/omh-ohcc.ca\/hu\/wp-json\/wp\/v2\/pages\/436618\/page\/2\/\" data-page=\"2\" title=\"Page 2\">2<\/a><\/li><li><a class=\"page-item\" href=\"https:\/\/omh-ohcc.ca\/hu\/wp-json\/wp\/v2\/pages\/436618\/page\/3\/\" data-page=\"3\" title=\"Page 3\">3<\/a><\/li><li><a class=\"page-item\" href=\"https:\/\/omh-ohcc.ca\/hu\/wp-json\/wp\/v2\/pages\/436618\/page\/4\/\" data-page=\"4\" title=\"Page 4\">4<\/a><\/li><li><a class=\"page-item\" href=\"https:\/\/omh-ohcc.ca\/hu\/wp-json\/wp\/v2\/pages\/436618\/page\/5\/\" data-page=\"5\" title=\"Page 5\">5<\/a><\/li><li class=\"go-to-next\"><a class=\"page-item\" href=\"https:\/\/omh-ohcc.ca\/hu\/wp-json\/wp\/v2\/pages\/436618\/page\/2\/\" data-page=\"2\" title=\"Next\">&raquo;<\/a><\/li><\/ul><\/div><\/div><!-- lps\/end -->\n","protected":false},"excerpt":{"rendered":"","protected":false},"author":1,"featured_media":0,"parent":432192,"menu_order":43000,"comment_status":"closed","ping_status":"closed","template":"","meta":[],"_links":{"self":[{"href":"https:\/\/omh-ohcc.ca\/hu\/wp-json\/wp\/v2\/pages\/436618"}],"collection":[{"href":"https:\/\/omh-ohcc.ca\/hu\/wp-json\/wp\/v2\/pages"}],"about":[{"href":"https:\/\/omh-ohcc.ca\/hu\/wp-json\/wp\/v2\/types\/page"}],"author":[{"embeddable":true,"href":"https:\/\/omh-ohcc.ca\/hu\/wp-json\/wp\/v2\/users\/1"}],"replies":[{"embeddable":true,"href":"https:\/\/omh-ohcc.ca\/hu\/wp-json\/wp\/v2\/comments?post=436618"}],"version-history":[{"count":0,"href":"https:\/\/omh-ohcc.ca\/hu\/wp-json\/wp\/v2\/pages\/436618\/revisions"}],"up":[{"embeddable":true,"href":"https:\/\/omh-ohcc.ca\/hu\/wp-json\/wp\/v2\/pages\/432192"}],"wp:attachment":[{"href":"https:\/\/omh-ohcc.ca\/hu\/wp-json\/wp\/v2\/media?parent=436618"}],"curies":[{"name":"wp","href":"https:\/\/api.w.org\/{rel}","templated":true}]}}