{"id":433818,"date":"2017-06-24T14:49:11","date_gmt":"2017-06-24T18:49:11","guid":{"rendered":"http:\/\/omh-ohcc.ca\/hu\/?page_id=433818"},"modified":"2026-02-15T19:02:50","modified_gmt":"2026-02-16T00:02:50","slug":"omh-radio","status":"publish","type":"page","link":"https:\/\/omh-ohcc.ca\/hu\/ottawai-magyar-elet\/omh-radio\/","title":{"rendered":"OMH R\u00e1di\u00f3"},"content":{"rendered":"<h3>Az ottawai magyar r\u00e1di\u00f3ad\u00e1sok r\u00f6vid t\u00f6rt\u00e9nete<\/h3>\n<p>2002 \u00e9s 2003 k\u00f6z\u00f6tt az Ottawai Magyar H\u00e1z vezet\u0151s\u00e9ge, Gy\u0151rffy Lajos eln\u00f6k \u00e9s Dombi K\u00e1roly titk\u00e1r, folyamatos k\u00f6zbenj\u00e1r\u00e1sa \u00e9s jelent\u0151s t\u00e1mogat\u00e1sa folyt\u00e1n lehet\u0151v\u00e9 v\u00e1lt, hogy a nemzetis\u00e9gi m\u0171sorokat sug\u00e1rz\u00f3 CHIN r\u00e1di\u00f3h\u00e1l\u00f3zat ottawai ad\u00e1s\u00e1ban l\u00e9trej\u00f6jj\u00f6n egy magyar nyelv\u0171 m\u0171sor.<br \/>\n2002 j\u00fanius\u00e1t\u00f3l a CHIN r\u00e1di\u00f3h\u00e1l\u00f3zat megh\u00edvta az Ottawai Magyar H\u00e1z vezet\u0151s\u00e9g\u00e9t is az \u00faj ottawai multikultur\u00e1lis ad\u00e1sban val\u00f3 r\u00e9sztv\u00e9teli CRTC meghallgat\u00e1sokra, amelynek eredm\u00e9nyek\u00e9nt 2003. december\u00e9ben megindult A Magyar R\u00e1di\u00f3 ad\u00e1sa, Hadh\u00e1zy \u00c9va vezet\u00e9s\u00e9vel.<br \/>\n2004. m\u00e1rcius\u00e1ban Dombi K\u00e1roly csatlakozott a m\u0171sor szerkeszt\u00e9s\u00e9hez, \u00e9s 2006-t\u00f3l \u00e1tvette a m\u0171sorvezet\u0151 szerep\u00e9t, amit 2015 m\u00e1jus v\u00e9g\u00e9ig t\u00f6lt\u00f6tt be. A t\u00f6bb mint t\u00edz \u00e9ven \u00e1t ny\u00fajtott eredm\u00e9nyes tev\u00e9kenys\u00e9g\u00e9nek elismer\u00e9sek\u00e9nt Magyarorsz\u00e1g eln\u00f6ke <a href=\"https:\/\/www.hunmagyar.org\/radio\/\" rel=\"noopener\" target=\"_blank\">kit\u00fcntette<\/a> a Magyar K\u00f6zt\u00e1rsas\u00e1g Arany \u00c9rdemkeresztj\u00e9vel.<br \/>\nEzt k\u00f6vet\u0151en az OMH Vezet\u0151s\u00e9ge \u00e1ltal kinevezett szem\u00e9lyek folytatt\u00e1k a m\u0171sor szerkeszt\u00e9s\u00e9t m\u00e9g n\u00e9h\u00e1ny \u00e9ven \u00e1t.<br \/>\nA 2004 \u00e9s 2015 k\u00f6z\u00f6tt elhangzott m\u0171sorokra r\u00e1kereshetnek <a href=\"https:\/\/www.hunmagyar.org\/radio\/\" rel=\"noopener\" target=\"_blank\">ezen a weboldalon<\/a>.<\/p>\n<h3>M\u0171sorismertet\u0151 \u00e9s hangt\u00e1r<\/h3>\n<!-- lps\/start --><div id=\"lps-3020a984079d01017a30f4925ee52efc-wrap\" data-args=\"{&quot;ver&quot;:1,&quot;limit&quot;:&quot;100&quot;,&quot;perpage&quot;:&quot;10&quot;,&quot;type&quot;:&quot;post&quot;,&quot;chrlimit&quot;:&quot;120&quot;,&quot;display&quot;:&quot;title,content-small&quot;,&quot;url&quot;:&quot;yes&quot;,&quot;linktext&quot;:&quot;R\u00e9szletes m\u0171sortartalom \u00e9s meghallgat\u00e1s...&quot;,&quot;elements&quot;:&quot;5&quot;,&quot;show_extra&quot;:&quot;ajax_pagination&quot;,&quot;status&quot;:&quot;publish&quot;,&quot;orderby&quot;:&quot;dateD&quot;,&quot;taxonomy&quot;:&quot;category&quot;,&quot;term&quot;:&quot;R\u00e1di\u00f3&quot;,&quot;showpages&quot;:&quot;500&quot;,&quot;total_text&quot;:&quot;Total items: %d&quot;,&quot;pagespos&quot;:&quot;2&quot;}\" data-current=\"433818\" class=\"lps-top-section-wrap\" data-url=\"https:\/\/omh-ohcc.ca\/hu\/wp-json\/wp\/v2\/pages\/433818\"><div class=\"before lps-pagination-wrap \"><ul class=\"latest-post-selection pages  lps-3020a984079d01017a30f4925ee52efc\"><li class=\"pages-info\">Page 1 of 10<\/li><li class=\"go-to-prev disabled\"><a class=\"page-item\" data-page=\"1\" title=\"Previous\">&laquo;<\/a><\/li><li class=\"current\"><a class=\"page-item\" href=\"https:\/\/omh-ohcc.ca\/hu\/wp-json\/wp\/v2\/pages\/433818\" data-page=\"1\" title=\"First\">1<\/a><\/li><li><a class=\"page-item\" href=\"https:\/\/omh-ohcc.ca\/hu\/wp-json\/wp\/v2\/pages\/433818\/page\/2\/\" data-page=\"2\" title=\"Page 2\">2<\/a><\/li><li><a class=\"page-item\" href=\"https:\/\/omh-ohcc.ca\/hu\/wp-json\/wp\/v2\/pages\/433818\/page\/3\/\" data-page=\"3\" title=\"Page 3\">3<\/a><\/li><li><a class=\"page-item\" href=\"https:\/\/omh-ohcc.ca\/hu\/wp-json\/wp\/v2\/pages\/433818\/page\/4\/\" data-page=\"4\" title=\"Page 4\">4<\/a><\/li><li><a class=\"page-item\" href=\"https:\/\/omh-ohcc.ca\/hu\/wp-json\/wp\/v2\/pages\/433818\/page\/5\/\" data-page=\"5\" title=\"Page 5\">5<\/a><\/li><li><a class=\"page-item\" href=\"https:\/\/omh-ohcc.ca\/hu\/wp-json\/wp\/v2\/pages\/433818\/page\/6\/\" data-page=\"6\" title=\"Page 6\">6<\/a><\/li><li><a class=\"page-item\" href=\"https:\/\/omh-ohcc.ca\/hu\/wp-json\/wp\/v2\/pages\/433818\/page\/7\/\" data-page=\"7\" title=\"Page 7\">7<\/a><\/li><li><a class=\"page-item\" href=\"https:\/\/omh-ohcc.ca\/hu\/wp-json\/wp\/v2\/pages\/433818\/page\/8\/\" data-page=\"8\" title=\"Page 8\">8<\/a><\/li><li><a class=\"page-item\" href=\"https:\/\/omh-ohcc.ca\/hu\/wp-json\/wp\/v2\/pages\/433818\/page\/9\/\" data-page=\"9\" title=\"Page 9\">9<\/a><\/li><li><a class=\"page-item\" href=\"https:\/\/omh-ohcc.ca\/hu\/wp-json\/wp\/v2\/pages\/433818\/page\/10\/\" data-page=\"10\" title=\"Page 10\">10<\/a><\/li><li class=\"go-to-next\"><a class=\"page-item\" href=\"https:\/\/omh-ohcc.ca\/hu\/wp-json\/wp\/v2\/pages\/433818\/page\/2\/\" data-page=\"2\" title=\"Next\">&raquo;<\/a><\/li><\/ul><\/div><section class=\"latest-post-selection ajax_pagination\" id=\"lps-3020a984079d01017a30f4925ee52efc\" style=\"\"><article class=\"post-437036 post type-post status-publish format-standard hentry category-radio\"><h3 class=\"item-title-tag\">2021. m\u00e1rcius 28-i r\u00e1di\u00f3ad\u00e1s<\/h3><p>Tartalom A hallgat\u00f3k kiv\u00e1ns\u00e1g\u00e1ra (Finta G\u00e1bor) Br\u00f3dy J\u00e1nos: Az \u00e9n apuk\u00e1m (Hal\u00e1sz Judit) Br\u00f3dy J\u00e1nos: Mama k\u00e9rlek (Koncz<\/p>\n<a href=\"https:\/\/omh-ohcc.ca\/hu\/2021-marcius-28-i-radioadas\/\" class=\"read-more\" title=\"2021. m\u00e1rcius 28-i r\u00e1di\u00f3ad\u00e1s\"><span class=\"read-more\">R\u00e9szletes m\u0171sortartalom \u00e9s meghallgat\u00e1s...<\/span><\/a><\/article><article class=\"post-437028 post type-post status-publish format-standard hentry category-radio\"><h3 class=\"item-title-tag\">2021. m\u00e1rcius 21-i r\u00e1di\u00f3ad\u00e1s<\/h3><p>Tartalom Magyar klasszikusok \u2013 Finta G\u00e1bor bemutat\u00f3ja F\u00f6ldes J\u00e1nos k\u00e9r\u00e9se (Finta G\u00e1bor) Vincze Zsigmond, Kulinyi Ern\u0151: Sz\u00e9p<\/p>\n<a href=\"https:\/\/omh-ohcc.ca\/hu\/2021-marcius-21-i-radioadas\/\" class=\"read-more\" title=\"2021. m\u00e1rcius 21-i r\u00e1di\u00f3ad\u00e1s\"><span class=\"read-more\">R\u00e9szletes m\u0171sortartalom \u00e9s meghallgat\u00e1s...<\/span><\/a><\/article><article class=\"post-437006 post type-post status-publish format-standard hentry category-radio\"><h3 class=\"item-title-tag\">2021. m\u00e1rcius 14-i r\u00e1di\u00f3ad\u00e1s<\/h3><p>Tartalom Liszt Ferenc: Magyar rapsz\u00f3dia \u2013 M\u00e1rcius 15. esem\u00e9nyei \u00e9s helysz\u00ednei &#8211; akkor \u00e9s most. (Fr\u00e1ny\u00f3 Kriszta) M\u00e1rcius<\/p>\n<a href=\"https:\/\/omh-ohcc.ca\/hu\/2021-marcius-14-i-radioadas\/\" class=\"read-more\" title=\"2021. m\u00e1rcius 14-i r\u00e1di\u00f3ad\u00e1s\"><span class=\"read-more\">R\u00e9szletes m\u0171sortartalom \u00e9s meghallgat\u00e1s...<\/span><\/a><\/article><article class=\"post-436984 post type-post status-publish format-standard hentry category-radio\"><h3 class=\"item-title-tag\">2021. m\u00e1rcius 7-i r\u00e1di\u00f3ad\u00e1s<\/h3><p>Tartalom Magyar klasszikusok \u2013 Finta G\u00e1bor bemutat\u00f3ja N\u0151k napja (Finta G\u00e1bor) Bach-Gounod: Ave Maria (Ren\u00e9e Fleming) Dombi<\/p>\n<a href=\"https:\/\/omh-ohcc.ca\/hu\/2021-marcius-7-i-radioadas\/\" class=\"read-more\" title=\"2021. m\u00e1rcius 7-i r\u00e1di\u00f3ad\u00e1s\"><span class=\"read-more\">R\u00e9szletes m\u0171sortartalom \u00e9s meghallgat\u00e1s...<\/span><\/a><\/article><article class=\"post-436980 post type-post status-publish format-standard hentry category-radio\"><h3 class=\"item-title-tag\">2021. febru\u00e1r 28-i r\u00e1di\u00f3ad\u00e1s<\/h3><p>Tartalom Magyar klasszikusok \u2013 Finta G\u00e1bor bemutat\u00f3ja K\u00f3nya S\u00e1ndor bemutat\u00e1sa (Finta G\u00e1bor) Giacomo Puccini: La Boheme-duet<\/p>\n<a href=\"https:\/\/omh-ohcc.ca\/hu\/2021-februar-28-i-radioadas\/\" class=\"read-more\" title=\"2021. febru\u00e1r 28-i r\u00e1di\u00f3ad\u00e1s\"><span class=\"read-more\">R\u00e9szletes m\u0171sortartalom \u00e9s meghallgat\u00e1s...<\/span><\/a><\/article><article class=\"post-436957 post type-post status-publish format-standard hentry category-radio\"><h3 class=\"item-title-tag\">2021. febru\u00e1r 21-i r\u00e1di\u00f3ad\u00e1s<\/h3><p>Tartalom Magyar klasszikusok \u2013 Finta G\u00e1bor bemutat\u00f3ja Finta G\u00e1bor bemutat\u00f3ja 1 (Finta G\u00e1bor) C.P.A.Bach-Ittz\u00e9s: Solo Sonata<\/p>\n<a href=\"https:\/\/omh-ohcc.ca\/hu\/2021-februar-21-i-radioadas\/\" class=\"read-more\" title=\"2021. febru\u00e1r 21-i r\u00e1di\u00f3ad\u00e1s\"><span class=\"read-more\">R\u00e9szletes m\u0171sortartalom \u00e9s meghallgat\u00e1s...<\/span><\/a><\/article><article class=\"post-436953 post type-post status-publish format-standard hentry category-radio\"><h3 class=\"item-title-tag\">2021. febru\u00e1r 14-i r\u00e1di\u00f3ad\u00e1s<\/h3><p>Tartalom Magyar klasszikusok \u2013 Finta G\u00e1bor bemutat\u00f3ja Ilosfalvy R\u00f3bert bemutat\u00e1sa (Finta G\u00e1bor) Giuseppe Verdi: Rigoletto<\/p>\n<a href=\"https:\/\/omh-ohcc.ca\/hu\/2021-februar-14-i-radioadas\/\" class=\"read-more\" title=\"2021. febru\u00e1r 14-i r\u00e1di\u00f3ad\u00e1s\"><span class=\"read-more\">R\u00e9szletes m\u0171sortartalom \u00e9s meghallgat\u00e1s...<\/span><\/a><\/article><article class=\"post-436932 post type-post status-publish format-standard hentry category-radio\"><h3 class=\"item-title-tag\">2021. febru\u00e1r 7-i r\u00e1di\u00f3ad\u00e1s<\/h3><p>Tartalom Magyar klasszikusok \u2013 Finta G\u00e1bor bemutat\u00f3ja Koml\u00f3si Ildik\u00f3 bemutat\u00e1sa (Finta G\u00e1bor) Erkel Ferenc: B\u00e1nk b\u00e1n &#8211;<\/p>\n<a href=\"https:\/\/omh-ohcc.ca\/hu\/2021-februar-7-i-radioadas\/\" class=\"read-more\" title=\"2021. febru\u00e1r 7-i r\u00e1di\u00f3ad\u00e1s\"><span class=\"read-more\">R\u00e9szletes m\u0171sortartalom \u00e9s meghallgat\u00e1s...<\/span><\/a><\/article><article class=\"post-436873 post type-post status-publish format-standard hentry category-radio\"><h3 class=\"item-title-tag\">2021. janu\u00e1r 31-i r\u00e1di\u00f3ad\u00e1s<\/h3><p>Tartalom Magyar klasszikusok \u2013 Finta G\u00e1bor bemutat\u00f3ja Boldoczki p\u00e1ly\u00e1ja (Finta G\u00e1bor) Joseph Haydn: Trumpet Concerto in<\/p>\n<a href=\"https:\/\/omh-ohcc.ca\/hu\/2021-januar-31-i-radioadas\/\" class=\"read-more\" title=\"2021. janu\u00e1r 31-i r\u00e1di\u00f3ad\u00e1s\"><span class=\"read-more\">R\u00e9szletes m\u0171sortartalom \u00e9s meghallgat\u00e1s...<\/span><\/a><\/article><article class=\"post-436858 post type-post status-publish format-standard hentry category-radio\"><h3 class=\"item-title-tag\">2021. janu\u00e1r 24-i r\u00e1di\u00f3ad\u00e1s<\/h3><p>Tartalom Magyar klasszikusok \u2013 Finta G\u00e1bor bemutat\u00f3ja L\u00e1szl\u00f3 Margit p\u00e1ly\u00e1ja (G\u00e1bor Finta) W.A. Mozart: Don Giovanni duet<\/p>\n<a href=\"https:\/\/omh-ohcc.ca\/hu\/2020-januar-24-i-radioadas\/\" class=\"read-more\" title=\"2021. janu\u00e1r 24-i r\u00e1di\u00f3ad\u00e1s\"><span class=\"read-more\">R\u00e9szletes m\u0171sortartalom \u00e9s meghallgat\u00e1s...<\/span><\/a><\/article><\/section><div class=\"after lps-pagination-wrap \"><ul class=\"latest-post-selection pages  lps-3020a984079d01017a30f4925ee52efc\"><li class=\"pages-info\">Page 1 of 10<\/li><li class=\"go-to-prev disabled\"><a class=\"page-item\" data-page=\"1\" title=\"Previous\">&laquo;<\/a><\/li><li class=\"current\"><a class=\"page-item\" href=\"https:\/\/omh-ohcc.ca\/hu\/wp-json\/wp\/v2\/pages\/433818\" data-page=\"1\" title=\"First\">1<\/a><\/li><li><a class=\"page-item\" href=\"https:\/\/omh-ohcc.ca\/hu\/wp-json\/wp\/v2\/pages\/433818\/page\/2\/\" data-page=\"2\" title=\"Page 2\">2<\/a><\/li><li><a class=\"page-item\" href=\"https:\/\/omh-ohcc.ca\/hu\/wp-json\/wp\/v2\/pages\/433818\/page\/3\/\" data-page=\"3\" title=\"Page 3\">3<\/a><\/li><li><a class=\"page-item\" href=\"https:\/\/omh-ohcc.ca\/hu\/wp-json\/wp\/v2\/pages\/433818\/page\/4\/\" data-page=\"4\" title=\"Page 4\">4<\/a><\/li><li><a class=\"page-item\" href=\"https:\/\/omh-ohcc.ca\/hu\/wp-json\/wp\/v2\/pages\/433818\/page\/5\/\" data-page=\"5\" title=\"Page 5\">5<\/a><\/li><li><a class=\"page-item\" href=\"https:\/\/omh-ohcc.ca\/hu\/wp-json\/wp\/v2\/pages\/433818\/page\/6\/\" data-page=\"6\" title=\"Page 6\">6<\/a><\/li><li><a class=\"page-item\" href=\"https:\/\/omh-ohcc.ca\/hu\/wp-json\/wp\/v2\/pages\/433818\/page\/7\/\" data-page=\"7\" title=\"Page 7\">7<\/a><\/li><li><a class=\"page-item\" href=\"https:\/\/omh-ohcc.ca\/hu\/wp-json\/wp\/v2\/pages\/433818\/page\/8\/\" data-page=\"8\" title=\"Page 8\">8<\/a><\/li><li><a class=\"page-item\" href=\"https:\/\/omh-ohcc.ca\/hu\/wp-json\/wp\/v2\/pages\/433818\/page\/9\/\" data-page=\"9\" title=\"Page 9\">9<\/a><\/li><li><a class=\"page-item\" href=\"https:\/\/omh-ohcc.ca\/hu\/wp-json\/wp\/v2\/pages\/433818\/page\/10\/\" data-page=\"10\" title=\"Page 10\">10<\/a><\/li><li class=\"go-to-next\"><a class=\"page-item\" href=\"https:\/\/omh-ohcc.ca\/hu\/wp-json\/wp\/v2\/pages\/433818\/page\/2\/\" data-page=\"2\" title=\"Next\">&raquo;<\/a><\/li><\/ul><\/div><\/div><!-- lps\/end -->\n","protected":false},"excerpt":{"rendered":"<p>Az ottawai magyar r\u00e1di\u00f3ad\u00e1sok r\u00f6vid t\u00f6rt\u00e9nete 2002 \u00e9s 2003 k\u00f6z\u00f6tt az Ottawai Magyar H\u00e1z vezet\u0151s\u00e9ge, Gy\u0151rffy Lajos eln\u00f6k \u00e9s Dombi K\u00e1roly titk\u00e1r, folyamatos k\u00f6zbenj\u00e1r\u00e1sa \u00e9s jelent\u0151s t\u00e1mogat\u00e1sa folyt\u00e1n lehet\u0151v\u00e9 v\u00e1lt, hogy a nemzetis\u00e9gi m\u0171sorokat sug\u00e1rz\u00f3 CHIN r\u00e1di\u00f3h\u00e1l\u00f3zat ottawai ad\u00e1s\u00e1ban l\u00e9trej\u00f6jj\u00f6n egy magyar nyelv\u0171 m\u0171sor. 2002 j\u00fanius\u00e1t\u00f3l a CHIN r\u00e1di\u00f3h\u00e1l\u00f3zat megh\u00edvta az Ottawai Magyar H\u00e1z vezet\u0151s\u00e9g\u00e9t [&hellip;]<\/p>\n","protected":false},"author":1,"featured_media":0,"parent":432573,"menu_order":60500,"comment_status":"closed","ping_status":"closed","template":"","meta":[],"_links":{"self":[{"href":"https:\/\/omh-ohcc.ca\/hu\/wp-json\/wp\/v2\/pages\/433818"}],"collection":[{"href":"https:\/\/omh-ohcc.ca\/hu\/wp-json\/wp\/v2\/pages"}],"about":[{"href":"https:\/\/omh-ohcc.ca\/hu\/wp-json\/wp\/v2\/types\/page"}],"author":[{"embeddable":true,"href":"https:\/\/omh-ohcc.ca\/hu\/wp-json\/wp\/v2\/users\/1"}],"replies":[{"embeddable":true,"href":"https:\/\/omh-ohcc.ca\/hu\/wp-json\/wp\/v2\/comments?post=433818"}],"version-history":[{"count":8,"href":"https:\/\/omh-ohcc.ca\/hu\/wp-json\/wp\/v2\/pages\/433818\/revisions"}],"predecessor-version":[{"id":439271,"href":"https:\/\/omh-ohcc.ca\/hu\/wp-json\/wp\/v2\/pages\/433818\/revisions\/439271"}],"up":[{"embeddable":true,"href":"https:\/\/omh-ohcc.ca\/hu\/wp-json\/wp\/v2\/pages\/432573"}],"wp:attachment":[{"href":"https:\/\/omh-ohcc.ca\/hu\/wp-json\/wp\/v2\/media?parent=433818"}],"curies":[{"name":"wp","href":"https:\/\/api.w.org\/{rel}","templated":true}]}}