{"id":433460,"date":"2017-02-01T09:06:00","date_gmt":"2017-02-01T14:06:00","guid":{"rendered":"http:\/\/omh-ohcc.ca\/hu\/?page_id=433460"},"modified":"2021-05-28T19:46:48","modified_gmt":"2021-05-28T23:46:48","slug":"hireink","status":"publish","type":"page","link":"https:\/\/omh-ohcc.ca\/hu\/hireink\/","title":{"rendered":"H\u00edreink"},"content":{"rendered":"<!-- lps\/start --><div id=\"lps-d7427cf5f16443022aa57c806973c416-wrap\" data-args=\"{&quot;ver&quot;:1,&quot;perpage&quot;:&quot;5&quot;,&quot;type&quot;:&quot;post&quot;,&quot;titletag&quot;:&quot;h3&quot;,&quot;chrlimit&quot;:&quot;120&quot;,&quot;display&quot;:&quot;title,date,content-small&quot;,&quot;url&quot;:&quot;yes&quot;,&quot;linktext&quot;:&quot;Olvasd tov\u00e1bb...&quot;,&quot;elements&quot;:&quot;5&quot;,&quot;show_extra&quot;:&quot;ajax_pagination,dark_spinner&quot;,&quot;status&quot;:&quot;publish&quot;,&quot;orderby&quot;:&quot;dateD&quot;,&quot;taxonomy&quot;:&quot;category&quot;,&quot;term&quot;:&quot;hireink&quot;,&quot;taxonomy2&quot;:&quot;category&quot;,&quot;showpages&quot;:&quot;5&quot;,&quot;total_text&quot;:&quot;Total items: %d&quot;,&quot;pagespos&quot;:&quot;1&quot;}\" data-current=\"433460\" class=\"lps-top-section-wrap dark_spinner\" data-url=\"https:\/\/omh-ohcc.ca\/hu\/wp-json\/wp\/v2\/pages\/433460\"><section class=\"latest-post-selection ajax_pagination\" id=\"lps-d7427cf5f16443022aa57c806973c416\" style=\"\"><article class=\"post-438427 post type-post status-publish format-standard hentry category-hireink\"><h3 class=\"item-title-tag\">Zongoraest \u00e9s l\u00e1ngosv\u00e1s\u00e1r<\/h3><em class=\"item-date\">2023-07-07 <i>09:13<\/i><\/em><p>J\u00falius 22-\u00e9n, szombaton egy nagyon sz\u00e9p m\u0171sort tekinthetnek meg az Ottawai Magyar H\u00e1zban. Az est f\u0151 el\u0151ad\u00f3ja Abbey Sugars-Keen<\/p>\n<a href=\"https:\/\/omh-ohcc.ca\/hu\/zongoraest-es-langosvasar\/\" class=\"read-more\" title=\"Zongoraest \u00e9s l\u00e1ngosv\u00e1s\u00e1r\"><span class=\"read-more\">Olvasd tov\u00e1bb...<\/span><\/a><\/article><article class=\"post-438339 post type-post status-publish format-standard hentry category-hireink\"><h3 class=\"item-title-tag\">Ferenc p\u00e1pa Budapesten<\/h3><em class=\"item-date\">2023-04-29 <i>01:42<\/i><\/em><p>2023. \u00e1prilis 28\u201330. k\u00f6z\u00f6tt apostoli utaz\u00e1st tesz Magyarorsz\u00e1gon Ferenc p\u00e1pa. Szem\u00e9ly\u00e9ben \u00f6t\u00f6dik alkalommal l\u00e9p a magyar<\/p>\n<a href=\"https:\/\/omh-ohcc.ca\/hu\/ferenc-papa-budapesten\/\" class=\"read-more\" title=\"Ferenc p\u00e1pa Budapesten\"><span class=\"read-more\">Olvasd tov\u00e1bb...<\/span><\/a><\/article><article class=\"post-438299 post type-post status-publish format-standard hentry category-hireink category-tabor\"><h3 class=\"item-title-tag\">T\u00fccs\u00f6k t\u00e1bor<\/h3><em class=\"item-date\">2023-03-12 <i>00:21<\/i><\/em><p>A tavalyi siker mint\u00e1j\u00e1ra Paquette Szilvi az id\u00e9n majusban \u00fajra megrendezi a T\u00fccs\u00f6k t\u00e1bort a Sonrisa Farms-on (Alexandria<\/p>\n<a href=\"https:\/\/omh-ohcc.ca\/hu\/tucsok-tabor\/\" class=\"read-more\" title=\"T\u00fccs\u00f6k t\u00e1bor\"><span class=\"read-more\">Olvasd tov\u00e1bb...<\/span><\/a><\/article><article class=\"post-438262 post type-post status-publish format-standard hentry category-hireink\"><h3 class=\"item-title-tag\">Tov\u00e1bbtanul\u00e1s Magyarorsz\u00e1gon<\/h3><em class=\"item-date\">2023-03-01 <i>19:13<\/i><\/em><p>Magyar felmen\u0151kkel rendelkez\u0151 kanadai fiatalok figyelm\u00e9be aj\u00e1nljuk a mell\u00e9kelt plak\u00e1ton hirdetett virtu\u00e1lis tal\u00e1lkoz\u00f3t<\/p>\n<a href=\"https:\/\/omh-ohcc.ca\/hu\/tovabbtanulas-magyarorszagon\/\" class=\"read-more\" title=\"Tov\u00e1bbtanul\u00e1s Magyarorsz\u00e1gon\"><span class=\"read-more\">Olvasd tov\u00e1bb...<\/span><\/a><\/article><article class=\"post-438238 post type-post status-publish format-standard hentry category-hireink\"><h3 class=\"item-title-tag\">Tehets\u00e9gkutat\u00e1s<\/h3><em class=\"item-date\">2023-02-12 <i>21:27<\/i><\/em><p>Ezennel szeretn\u00e9nk felh\u00edvni minden kanadai magyar honfit\u00e1rsunk figyelm\u00e9t, hogy a magyar nyelv \u00e9s hagyom\u00e1nyok meg\u0151rz\u00e9se \u00e9rdek\u00e9ben<\/p>\n<a href=\"https:\/\/omh-ohcc.ca\/hu\/tehetsegkutatas\/\" class=\"read-more\" title=\"Tehets\u00e9gkutat\u00e1s\"><span class=\"read-more\">Olvasd tov\u00e1bb...<\/span><\/a><\/article><\/section><div class=\"after lps-pagination-wrap \"><ul class=\"latest-post-selection pages  lps-d7427cf5f16443022aa57c806973c416\"><li class=\"pages-info\">Page 1 of 9<\/li><li class=\"go-to-first disabled\"><a class=\"page-item\" data-page=\"1\" title=\"First\">&lsaquo;&nbsp;<\/a><\/li><li class=\"go-to-prev disabled\"><a class=\"page-item\" data-page=\"1\" title=\"Previous\">&laquo;<\/a><\/li><li class=\"current\"><a class=\"page-item\" href=\"https:\/\/omh-ohcc.ca\/hu\/wp-json\/wp\/v2\/pages\/433460\" data-page=\"1\" title=\"First\">1<\/a><\/li><li><a class=\"page-item\" href=\"https:\/\/omh-ohcc.ca\/hu\/wp-json\/wp\/v2\/pages\/433460\/page\/2\/\" data-page=\"2\" title=\"Page 2\">2<\/a><\/li><li><a class=\"page-item\" href=\"https:\/\/omh-ohcc.ca\/hu\/wp-json\/wp\/v2\/pages\/433460\/page\/3\/\" data-page=\"3\" title=\"Page 3\">3<\/a><\/li><li><a class=\"page-item\" href=\"https:\/\/omh-ohcc.ca\/hu\/wp-json\/wp\/v2\/pages\/433460\/page\/4\/\" data-page=\"4\" title=\"Page 4\">4<\/a><\/li><li><a class=\"page-item\" href=\"https:\/\/omh-ohcc.ca\/hu\/wp-json\/wp\/v2\/pages\/433460\/page\/5\/\" data-page=\"5\" title=\"Page 5\">5<\/a><\/li><li class=\"go-to-next\"><a class=\"page-item\" href=\"https:\/\/omh-ohcc.ca\/hu\/wp-json\/wp\/v2\/pages\/433460\/page\/2\/\" data-page=\"2\" title=\"Next\">&raquo;<\/a><\/li><li class=\"go-to-last\"><a class=\"page-item\" href=\"https:\/\/omh-ohcc.ca\/hu\/wp-json\/wp\/v2\/pages\/433460\/page\/9\/\" data-page=\"9\" title=\"Last\">&nbsp;&rsaquo;<\/a><\/li><\/ul><\/div><\/div><!-- lps\/end -->\n","protected":false},"excerpt":{"rendered":"","protected":false},"author":1,"featured_media":0,"parent":0,"menu_order":15000,"comment_status":"closed","ping_status":"closed","template":"","meta":[],"_links":{"self":[{"href":"https:\/\/omh-ohcc.ca\/hu\/wp-json\/wp\/v2\/pages\/433460"}],"collection":[{"href":"https:\/\/omh-ohcc.ca\/hu\/wp-json\/wp\/v2\/pages"}],"about":[{"href":"https:\/\/omh-ohcc.ca\/hu\/wp-json\/wp\/v2\/types\/page"}],"author":[{"embeddable":true,"href":"https:\/\/omh-ohcc.ca\/hu\/wp-json\/wp\/v2\/users\/1"}],"replies":[{"embeddable":true,"href":"https:\/\/omh-ohcc.ca\/hu\/wp-json\/wp\/v2\/comments?post=433460"}],"version-history":[{"count":0,"href":"https:\/\/omh-ohcc.ca\/hu\/wp-json\/wp\/v2\/pages\/433460\/revisions"}],"wp:attachment":[{"href":"https:\/\/omh-ohcc.ca\/hu\/wp-json\/wp\/v2\/media?parent=433460"}],"curies":[{"name":"wp","href":"https:\/\/api.w.org\/{rel}","templated":true}]}}