{"id":433026,"date":"2016-10-27T13:34:46","date_gmt":"2016-10-27T17:34:46","guid":{"rendered":"http:\/\/omh-ohcc.ca\/hu\/?page_id=433026"},"modified":"2017-11-21T23:58:52","modified_gmt":"2017-11-22T04:58:52","slug":"filmes-kronika-tartalomjegyzek","status":"publish","type":"page","link":"https:\/\/omh-ohcc.ca\/hu\/archivumok\/filmes-kronika-tartalomjegyzek\/","title":{"rendered":"Filmes kr\u00f3nika \u2013 Tartalomjegyz\u00e9k"},"content":{"rendered":"<!-- lps\/start --><div id=\"lps-bfae5222b81ffa5fd35ebcf308bb8530-wrap\" data-args=\"{&quot;ver&quot;:1,&quot;perpage&quot;:&quot;10&quot;,&quot;type&quot;:&quot;post&quot;,&quot;chrlimit&quot;:120,&quot;display&quot;:&quot;title,date&quot;,&quot;url&quot;:&quot;yes&quot;,&quot;elements&quot;:&quot;3&quot;,&quot;show_extra&quot;:&quot;tags,ajax_pagination&quot;,&quot;status&quot;:&quot;publish&quot;,&quot;orderby&quot;:&quot;dateD&quot;,&quot;taxonomy&quot;:&quot;category&quot;,&quot;term&quot;:&quot;filmes_kronika&quot;,&quot;showpages&quot;:&quot;10&quot;,&quot;total_text&quot;:&quot;Total items: %d&quot;,&quot;pagespos&quot;:&quot;2&quot;}\" data-current=\"433026\" class=\"lps-top-section-wrap\" data-url=\"https:\/\/omh-ohcc.ca\/hu\/wp-json\/wp\/v2\/pages\/433026\"><div class=\"before lps-pagination-wrap \"><ul class=\"latest-post-selection pages  lps-bfae5222b81ffa5fd35ebcf308bb8530\"><li class=\"pages-info\">Page 1 of 11<\/li><li class=\"go-to-first disabled\"><a class=\"page-item\" data-page=\"1\" title=\"First\">&lsaquo;&nbsp;<\/a><\/li><li class=\"go-to-prev disabled\"><a class=\"page-item\" data-page=\"1\" title=\"Previous\">&laquo;<\/a><\/li><li class=\"current\"><a class=\"page-item\" href=\"https:\/\/omh-ohcc.ca\/hu\/wp-json\/wp\/v2\/pages\/433026\" data-page=\"1\" title=\"First\">1<\/a><\/li><li><a class=\"page-item\" href=\"https:\/\/omh-ohcc.ca\/hu\/wp-json\/wp\/v2\/pages\/433026\/page\/2\/\" data-page=\"2\" title=\"Page 2\">2<\/a><\/li><li><a class=\"page-item\" href=\"https:\/\/omh-ohcc.ca\/hu\/wp-json\/wp\/v2\/pages\/433026\/page\/3\/\" data-page=\"3\" title=\"Page 3\">3<\/a><\/li><li><a class=\"page-item\" href=\"https:\/\/omh-ohcc.ca\/hu\/wp-json\/wp\/v2\/pages\/433026\/page\/4\/\" data-page=\"4\" title=\"Page 4\">4<\/a><\/li><li><a class=\"page-item\" href=\"https:\/\/omh-ohcc.ca\/hu\/wp-json\/wp\/v2\/pages\/433026\/page\/5\/\" data-page=\"5\" title=\"Page 5\">5<\/a><\/li><li><a class=\"page-item\" href=\"https:\/\/omh-ohcc.ca\/hu\/wp-json\/wp\/v2\/pages\/433026\/page\/6\/\" data-page=\"6\" title=\"Page 6\">6<\/a><\/li><li><a class=\"page-item\" href=\"https:\/\/omh-ohcc.ca\/hu\/wp-json\/wp\/v2\/pages\/433026\/page\/7\/\" data-page=\"7\" title=\"Page 7\">7<\/a><\/li><li><a class=\"page-item\" href=\"https:\/\/omh-ohcc.ca\/hu\/wp-json\/wp\/v2\/pages\/433026\/page\/8\/\" data-page=\"8\" title=\"Page 8\">8<\/a><\/li><li><a class=\"page-item\" href=\"https:\/\/omh-ohcc.ca\/hu\/wp-json\/wp\/v2\/pages\/433026\/page\/9\/\" data-page=\"9\" title=\"Page 9\">9<\/a><\/li><li><a class=\"page-item\" href=\"https:\/\/omh-ohcc.ca\/hu\/wp-json\/wp\/v2\/pages\/433026\/page\/10\/\" data-page=\"10\" title=\"Page 10\">10<\/a><\/li><li class=\"go-to-next\"><a class=\"page-item\" href=\"https:\/\/omh-ohcc.ca\/hu\/wp-json\/wp\/v2\/pages\/433026\/page\/2\/\" data-page=\"2\" title=\"Next\">&raquo;<\/a><\/li><li class=\"go-to-last\"><a class=\"page-item\" href=\"https:\/\/omh-ohcc.ca\/hu\/wp-json\/wp\/v2\/pages\/433026\/page\/11\/\" data-page=\"11\" title=\"Last\">&nbsp;&rsaquo;<\/a><\/li><\/ul><\/div><section class=\"latest-post-selection ajax_pagination\" id=\"lps-bfae5222b81ffa5fd35ebcf308bb8530\" style=\"\"><article class=\"post-436215 post type-post status-publish format-standard hentry category-filmes_kronika category-omh-rtv has-link\"><a href=\"https:\/\/omh-ohcc.ca\/hu\/padlofelujitas\/\" class=\"main-link read-more-wrap\" title=\"Padl\u00f3fel\u00faj\u00edt\u00e1s\"><h3 class=\"item-title-tag\">Padl\u00f3fel\u00faj\u00edt\u00e1s<\/h3><em class=\"item-date\">2020-06-16 <i>13:58<\/i><\/em><\/a><\/article><article class=\"post-436116 post type-post status-publish format-standard hentry category-filmes_kronika category-omh-rtv has-link\"><a href=\"https:\/\/omh-ohcc.ca\/hu\/felujitasok\/\" class=\"main-link read-more-wrap\" title=\"Fel\u00faj\u00edt\u00e1sok\"><h3 class=\"item-title-tag\">Fel\u00faj\u00edt\u00e1sok<\/h3><em class=\"item-date\">2020-05-12 <i>01:31<\/i><\/em><\/a><\/article><article class=\"post-435999 post type-post status-publish format-standard hentry category-filmes_kronika category-omh-rtv has-link\"><a href=\"https:\/\/omh-ohcc.ca\/hu\/gorgei-mint-hadvezer\/\" class=\"main-link read-more-wrap\" title=\"G\u00f6rgei, mint hadvez\u00e9r\"><h3 class=\"item-title-tag\">G\u00f6rgei, mint hadvez\u00e9r<\/h3><em class=\"item-date\">2020-03-19 <i>12:14<\/i><\/em><\/a><\/article><article class=\"post-435979 post type-post status-publish format-standard hentry category-filmes_kronika category-omh-rtv has-link\"><a href=\"https:\/\/omh-ohcc.ca\/hu\/teluzo\/\" class=\"main-link read-more-wrap\" title=\"T\u00e9l\u0171z\u0151\"><h3 class=\"item-title-tag\">T\u00e9l\u0171z\u0151<\/h3><em class=\"item-date\">2020-03-13 <i>16:05<\/i><\/em><\/a><\/article><article class=\"post-435906 post type-post status-publish format-standard hentry category-filmes_kronika category-omh-rtv has-link\"><a href=\"https:\/\/omh-ohcc.ca\/hu\/lengyel-magyar-tancest\/\" class=\"main-link read-more-wrap\" title=\"Lengyel-magyar t\u00e1ncest\"><h3 class=\"item-title-tag\">Lengyel-magyar t\u00e1ncest<\/h3><em class=\"item-date\">2020-02-04 <i>08:45<\/i><\/em><\/a><\/article><article class=\"post-435817 post type-post status-publish format-standard hentry category-filmes_kronika category-omh-rtv has-link\"><a href=\"https:\/\/omh-ohcc.ca\/hu\/dr-batta-andras-interju\/\" class=\"main-link read-more-wrap\" title=\"Dr. Batta Andr\u00e1s - interj\u00fa\"><h3 class=\"item-title-tag\">Dr. Batta Andr\u00e1s - interj\u00fa<\/h3><em class=\"item-date\">2019-12-02 <i>19:25<\/i><\/em><\/a><\/article><article class=\"post-435815 post type-post status-publish format-standard hentry category-filmes_kronika category-omh-rtv has-link\"><a href=\"https:\/\/omh-ohcc.ca\/hu\/mikulas-a-magyar-hazban\/\" class=\"main-link read-more-wrap\" title=\"Mikul\u00e1s a Magyar H\u00e1zban\"><h3 class=\"item-title-tag\">Mikul\u00e1s a Magyar H\u00e1zban<\/h3><em class=\"item-date\">2019-12-02 <i>19:17<\/i><\/em><\/a><\/article><article class=\"post-435784 post type-post status-publish format-standard hentry category-filmes_kronika category-omh-rtv has-link\"><a href=\"https:\/\/omh-ohcc.ca\/hu\/beszelgetes-szuts-aporral\/\" class=\"main-link read-more-wrap\" title=\"Besz\u00e9lget\u00e9s Sz\u0171ts Aporral\"><h3 class=\"item-title-tag\">Besz\u00e9lget\u00e9s Sz\u0171ts Aporral<\/h3><em class=\"item-date\">2019-11-20 <i>16:18<\/i><\/em><\/a><\/article><article class=\"post-435781 post type-post status-publish format-standard hentry category-filmes_kronika category-omh-rtv has-link\"><a href=\"https:\/\/omh-ohcc.ca\/hu\/a-virtuozok-hangversenye\/\" class=\"main-link read-more-wrap\" title=\"A Virtu\u00f3zok hangversenye\"><h3 class=\"item-title-tag\">A Virtu\u00f3zok hangversenye<\/h3><em class=\"item-date\">2019-11-20 <i>15:21<\/i><\/em><\/a><\/article><article class=\"post-435753 post type-post status-publish format-standard hentry category-filmes_kronika category-omh-rtv has-link\"><a href=\"https:\/\/omh-ohcc.ca\/hu\/koszoruzas-a-beechwood-temetoben\/\" class=\"main-link read-more-wrap\" title=\"Koszor\u00faz\u00e1s a Beechwood Temet\u0151ben\"><h3 class=\"item-title-tag\">Koszor\u00faz\u00e1s a Beechwood Temet\u0151ben<\/h3><em class=\"item-date\">2019-11-11 <i>18:40<\/i><\/em><\/a><\/article><\/section><div class=\"after lps-pagination-wrap \"><ul class=\"latest-post-selection pages  lps-bfae5222b81ffa5fd35ebcf308bb8530\"><li class=\"pages-info\">Page 1 of 11<\/li><li class=\"go-to-first disabled\"><a class=\"page-item\" data-page=\"1\" title=\"First\">&lsaquo;&nbsp;<\/a><\/li><li class=\"go-to-prev disabled\"><a class=\"page-item\" data-page=\"1\" title=\"Previous\">&laquo;<\/a><\/li><li class=\"current\"><a class=\"page-item\" href=\"https:\/\/omh-ohcc.ca\/hu\/wp-json\/wp\/v2\/pages\/433026\" data-page=\"1\" title=\"First\">1<\/a><\/li><li><a class=\"page-item\" href=\"https:\/\/omh-ohcc.ca\/hu\/wp-json\/wp\/v2\/pages\/433026\/page\/2\/\" data-page=\"2\" title=\"Page 2\">2<\/a><\/li><li><a class=\"page-item\" href=\"https:\/\/omh-ohcc.ca\/hu\/wp-json\/wp\/v2\/pages\/433026\/page\/3\/\" data-page=\"3\" title=\"Page 3\">3<\/a><\/li><li><a class=\"page-item\" href=\"https:\/\/omh-ohcc.ca\/hu\/wp-json\/wp\/v2\/pages\/433026\/page\/4\/\" data-page=\"4\" title=\"Page 4\">4<\/a><\/li><li><a class=\"page-item\" href=\"https:\/\/omh-ohcc.ca\/hu\/wp-json\/wp\/v2\/pages\/433026\/page\/5\/\" data-page=\"5\" title=\"Page 5\">5<\/a><\/li><li><a class=\"page-item\" href=\"https:\/\/omh-ohcc.ca\/hu\/wp-json\/wp\/v2\/pages\/433026\/page\/6\/\" data-page=\"6\" title=\"Page 6\">6<\/a><\/li><li><a class=\"page-item\" href=\"https:\/\/omh-ohcc.ca\/hu\/wp-json\/wp\/v2\/pages\/433026\/page\/7\/\" data-page=\"7\" title=\"Page 7\">7<\/a><\/li><li><a class=\"page-item\" href=\"https:\/\/omh-ohcc.ca\/hu\/wp-json\/wp\/v2\/pages\/433026\/page\/8\/\" data-page=\"8\" title=\"Page 8\">8<\/a><\/li><li><a class=\"page-item\" href=\"https:\/\/omh-ohcc.ca\/hu\/wp-json\/wp\/v2\/pages\/433026\/page\/9\/\" data-page=\"9\" title=\"Page 9\">9<\/a><\/li><li><a class=\"page-item\" href=\"https:\/\/omh-ohcc.ca\/hu\/wp-json\/wp\/v2\/pages\/433026\/page\/10\/\" data-page=\"10\" title=\"Page 10\">10<\/a><\/li><li class=\"go-to-next\"><a class=\"page-item\" href=\"https:\/\/omh-ohcc.ca\/hu\/wp-json\/wp\/v2\/pages\/433026\/page\/2\/\" data-page=\"2\" title=\"Next\">&raquo;<\/a><\/li><li class=\"go-to-last\"><a class=\"page-item\" href=\"https:\/\/omh-ohcc.ca\/hu\/wp-json\/wp\/v2\/pages\/433026\/page\/11\/\" data-page=\"11\" title=\"Last\">&nbsp;&rsaquo;<\/a><\/li><\/ul><\/div><\/div><!-- lps\/end -->\n","protected":false},"excerpt":{"rendered":"","protected":false},"author":1,"featured_media":0,"parent":432192,"menu_order":41000,"comment_status":"closed","ping_status":"closed","template":"","meta":[],"_links":{"self":[{"href":"https:\/\/omh-ohcc.ca\/hu\/wp-json\/wp\/v2\/pages\/433026"}],"collection":[{"href":"https:\/\/omh-ohcc.ca\/hu\/wp-json\/wp\/v2\/pages"}],"about":[{"href":"https:\/\/omh-ohcc.ca\/hu\/wp-json\/wp\/v2\/types\/page"}],"author":[{"embeddable":true,"href":"https:\/\/omh-ohcc.ca\/hu\/wp-json\/wp\/v2\/users\/1"}],"replies":[{"embeddable":true,"href":"https:\/\/omh-ohcc.ca\/hu\/wp-json\/wp\/v2\/comments?post=433026"}],"version-history":[{"count":0,"href":"https:\/\/omh-ohcc.ca\/hu\/wp-json\/wp\/v2\/pages\/433026\/revisions"}],"up":[{"embeddable":true,"href":"https:\/\/omh-ohcc.ca\/hu\/wp-json\/wp\/v2\/pages\/432192"}],"wp:attachment":[{"href":"https:\/\/omh-ohcc.ca\/hu\/wp-json\/wp\/v2\/media?parent=433026"}],"curies":[{"name":"wp","href":"https:\/\/api.w.org\/{rel}","templated":true}]}}