{"id":432577,"date":"2016-03-10T01:46:49","date_gmt":"2016-03-10T06:46:49","guid":{"rendered":"http:\/\/omh-ohcc.ca\/hu\/?page_id=432577"},"modified":"2017-11-27T00:04:39","modified_gmt":"2017-11-27T05:04:39","slug":"magyar-letesitmenyek-ottawaban","status":"publish","type":"page","link":"https:\/\/omh-ohcc.ca\/hu\/ottawai-magyar-elet\/magyar-letesitmenyek-ottawaban\/","title":{"rendered":"Magyar l\u00e9tes\u00edtm\u00e9nyek Ottaw\u00e1ban"},"content":{"rendered":"<!-- lps\/start --><div id=\"lps-fe1fd1f6f4f9c7f74fdfaf636c078edb-wrap\" data-args=\"{&quot;ver&quot;:1,&quot;limit&quot;:&quot;10&quot;,&quot;perpage&quot;:&quot;5&quot;,&quot;type&quot;:&quot;post&quot;,&quot;chrlimit&quot;:120,&quot;display&quot;:&quot;title&quot;,&quot;url&quot;:&quot;yes_blank&quot;,&quot;elements&quot;:&quot;3&quot;,&quot;show_extra&quot;:&quot;ajax_pagination&quot;,&quot;status&quot;:&quot;publish&quot;,&quot;orderby&quot;:&quot;dateA&quot;,&quot;taxonomy&quot;:&quot;category&quot;,&quot;term&quot;:&quot;Le\u00edr\u00e1s&quot;,&quot;showpages&quot;:&quot;10&quot;,&quot;total_text&quot;:&quot;Total items: %d&quot;}\" data-current=\"432577\" class=\"lps-top-section-wrap\" data-url=\"https:\/\/omh-ohcc.ca\/hu\/wp-json\/wp\/v2\/pages\/432577\"><section class=\"latest-post-selection ajax_pagination\" id=\"lps-fe1fd1f6f4f9c7f74fdfaf636c078edb\" style=\"\"><article class=\"post-434231 post type-post status-publish format-standard hentry category-leiras has-link\"><a href=\"https:\/\/omh-ohcc.ca\/hu\/a-fakereszt\/\" class=\"main-link read-more-wrap\" target=\"_blank\" title=\"A fakereszt\"><h3 class=\"item-title-tag\">A fakereszt<\/h3><\/a><\/article><article class=\"post-434236 post type-post status-publish format-standard hentry category-leiras has-link\"><a href=\"https:\/\/omh-ohcc.ca\/hu\/kossuth-lajos-szobor\/\" class=\"main-link read-more-wrap\" target=\"_blank\" title=\"Kossuth Lajos szobor\"><h3 class=\"item-title-tag\">Kossuth Lajos szobor<\/h3><\/a><\/article><article class=\"post-434242 post type-post status-publish format-standard hentry category-leiras has-link\"><a href=\"https:\/\/omh-ohcc.ca\/hu\/magyar-bevandorlasi-emlekmu\/\" class=\"main-link read-more-wrap\" target=\"_blank\" title=\"Magyar bev\u00e1ndorl\u00e1si eml\u00e9km\u0171\"><h3 class=\"item-title-tag\">Magyar bev\u00e1ndorl\u00e1si eml\u00e9km\u0171<\/h3><\/a><\/article><article class=\"post-434233 post type-post status-publish format-standard hentry category-leiras has-link\"><a href=\"https:\/\/omh-ohcc.ca\/hu\/a-szabadsagharcosok-es-56-os-elesettek-emlekmuve-a-beechwood-nemzeti-katonai-temetoben\/\" class=\"main-link read-more-wrap\" target=\"_blank\" title=\"A szabads\u00e1gharcosok \u00e9s 56-os elesettek eml\u00e9km\u0171ve a Beechwood Nemzeti Katonai Temet\u0151ben\"><h3 class=\"item-title-tag\">A szabads\u00e1gharcosok \u00e9s 56-os elesettek eml\u00e9km\u0171ve a Beechwood Nemzeti Katonai Temet\u0151ben<\/h3><\/a><\/article><\/section><\/div><!-- lps\/end -->\n","protected":false},"excerpt":{"rendered":"","protected":false},"author":1,"featured_media":0,"parent":432573,"menu_order":62000,"comment_status":"closed","ping_status":"closed","template":"","meta":[],"_links":{"self":[{"href":"https:\/\/omh-ohcc.ca\/hu\/wp-json\/wp\/v2\/pages\/432577"}],"collection":[{"href":"https:\/\/omh-ohcc.ca\/hu\/wp-json\/wp\/v2\/pages"}],"about":[{"href":"https:\/\/omh-ohcc.ca\/hu\/wp-json\/wp\/v2\/types\/page"}],"author":[{"embeddable":true,"href":"https:\/\/omh-ohcc.ca\/hu\/wp-json\/wp\/v2\/users\/1"}],"replies":[{"embeddable":true,"href":"https:\/\/omh-ohcc.ca\/hu\/wp-json\/wp\/v2\/comments?post=432577"}],"version-history":[{"count":1,"href":"https:\/\/omh-ohcc.ca\/hu\/wp-json\/wp\/v2\/pages\/432577\/revisions"}],"predecessor-version":[{"id":438438,"href":"https:\/\/omh-ohcc.ca\/hu\/wp-json\/wp\/v2\/pages\/432577\/revisions\/438438"}],"up":[{"embeddable":true,"href":"https:\/\/omh-ohcc.ca\/hu\/wp-json\/wp\/v2\/pages\/432573"}],"wp:attachment":[{"href":"https:\/\/omh-ohcc.ca\/hu\/wp-json\/wp\/v2\/media?parent=432577"}],"curies":[{"name":"wp","href":"https:\/\/api.w.org\/{rel}","templated":true}]}}