{"id":432573,"date":"2016-03-10T01:40:08","date_gmt":"2016-03-10T06:40:08","guid":{"rendered":"http:\/\/omh-ohcc.ca\/hu\/?page_id=432573"},"modified":"2025-07-23T18:32:06","modified_gmt":"2025-07-23T22:32:06","slug":"ottawai-magyar-elet","status":"publish","type":"page","link":"https:\/\/omh-ohcc.ca\/hu\/ottawai-magyar-elet\/","title":{"rendered":"Ottawai magyar \u00e9let"},"content":{"rendered":"<p><a href=\"\/hu\/ottawai-magyar-elet\/radio\/\">R\u00e1di\u00f3<\/a><\/p>\n<p><a href=\"\/hu\/ottawai-magyar-elet\/ottawai-magyar-szervezetek\/\">Ottawai magyar szervezetek<\/a><\/p>\n<p><a href=\"\/hu\/ottawai-magyar-elet\/magyar-letesitmenyek-ottawaban\/\">Magyar l\u00e9tes\u00edtm\u00e9nyek Ottaw\u00e1ban<\/a><\/p>\n<p><a href=\"\/hu\/ottawai-magyar-elet\/magyar-nyelvtanitas\/\">Magyar nyelvtan\u00edt\u00e1s<\/a><\/p>\n<p><!--<a href=\"\/hu\/ottawai-magyar-elet\/oregotthon\/\">\u00d6regotthon<\/a>--><\/p>\n","protected":false},"excerpt":{"rendered":"<p>R\u00e1di\u00f3 Ottawai magyar szervezetek Magyar l\u00e9tes\u00edtm\u00e9nyek Ottaw\u00e1ban Magyar nyelvtan\u00edt\u00e1s<\/p>\n","protected":false},"author":1,"featured_media":0,"parent":0,"menu_order":60000,"comment_status":"closed","ping_status":"closed","template":"","meta":[],"_links":{"self":[{"href":"https:\/\/omh-ohcc.ca\/hu\/wp-json\/wp\/v2\/pages\/432573"}],"collection":[{"href":"https:\/\/omh-ohcc.ca\/hu\/wp-json\/wp\/v2\/pages"}],"about":[{"href":"https:\/\/omh-ohcc.ca\/hu\/wp-json\/wp\/v2\/types\/page"}],"author":[{"embeddable":true,"href":"https:\/\/omh-ohcc.ca\/hu\/wp-json\/wp\/v2\/users\/1"}],"replies":[{"embeddable":true,"href":"https:\/\/omh-ohcc.ca\/hu\/wp-json\/wp\/v2\/comments?post=432573"}],"version-history":[{"count":2,"href":"https:\/\/omh-ohcc.ca\/hu\/wp-json\/wp\/v2\/pages\/432573\/revisions"}],"predecessor-version":[{"id":439122,"href":"https:\/\/omh-ohcc.ca\/hu\/wp-json\/wp\/v2\/pages\/432573\/revisions\/439122"}],"wp:attachment":[{"href":"https:\/\/omh-ohcc.ca\/hu\/wp-json\/wp\/v2\/media?parent=432573"}],"curies":[{"name":"wp","href":"https:\/\/api.w.org\/{rel}","templated":true}]}}