{"id":432446,"date":"2016-02-05T03:33:23","date_gmt":"2016-02-05T08:33:23","guid":{"rendered":"http:\/\/omh-ohcc.ca\/hu\/?page_id=432446"},"modified":"2020-10-04T00:19:37","modified_gmt":"2020-10-04T04:19:37","slug":"sugo","status":"publish","type":"page","link":"https:\/\/omh-ohcc.ca\/hu\/sugo\/","title":{"rendered":"S\u00fag\u00f3"},"content":{"rendered":"<h2>Haszn\u00e1lat<\/h2>\n<p>Ezen s\u00fag\u00f3 lapok k\u00e9pei megtekinthet\u0151k nagy felbont\u00e1sban is. Egy egyszer\u0171 bal gombos kattint\u00e1s hat\u00e1s\u00e1ra egy \u00faj f\u00fclben jelennek meg teljes m\u00e9ret\u00fckben. A megtekint\u00e9s sor\u00e1n a b\u00f6ng\u00e9sz\u0151 nem vesz\u00edti el eredeti \u00e1llapot\u00e1t. A forr\u00e1s-, azaz kiindul\u00e1si pontra a f\u00fcl v\u00e1lt\u00e1s\u00e1val lehet visszat\u00e9rni.<\/p>\n<h2>Tartalomjegyz\u00e9k<\/h2>\n<!-- lps\/start --><div id=\"lps-95ee0412c999c3cf8821072d56387524-wrap\" data-args=\"{&quot;ver&quot;:1,&quot;perpage&quot;:&quot;5&quot;,&quot;type&quot;:&quot;post&quot;,&quot;titletag&quot;:&quot;h3&quot;,&quot;chrlimit&quot;:&quot;120&quot;,&quot;display&quot;:&quot;title,content-small&quot;,&quot;url&quot;:&quot;yes&quot;,&quot;linktext&quot;:&quot;Olvasd tov\u00e1bb...&quot;,&quot;elements&quot;:&quot;5&quot;,&quot;show_extra&quot;:&quot;ajax_pagination,dark_spinner&quot;,&quot;status&quot;:&quot;publish&quot;,&quot;orderby&quot;:&quot;titleA&quot;,&quot;taxonomy&quot;:&quot;category&quot;,&quot;term&quot;:&quot;sugo&quot;,&quot;showpages&quot;:&quot;5&quot;,&quot;total_text&quot;:&quot;Total items: %d&quot;,&quot;pagespos&quot;:&quot;2&quot;}\" data-current=\"432446\" class=\"lps-top-section-wrap dark_spinner\" data-url=\"https:\/\/omh-ohcc.ca\/hu\/wp-json\/wp\/v2\/pages\/432446\"><div class=\"before lps-pagination-wrap \"><ul class=\"latest-post-selection pages  lps-95ee0412c999c3cf8821072d56387524\"><li class=\"pages-info\">Page 1 of 2<\/li><li class=\"go-to-prev disabled\"><a class=\"page-item\" data-page=\"1\" title=\"Previous\">&laquo;<\/a><\/li><li class=\"current\"><a class=\"page-item\" href=\"https:\/\/omh-ohcc.ca\/hu\/wp-json\/wp\/v2\/pages\/432446\" data-page=\"1\" title=\"First\">1<\/a><\/li><li><a class=\"page-item\" href=\"https:\/\/omh-ohcc.ca\/hu\/wp-json\/wp\/v2\/pages\/432446\/page\/2\/\" data-page=\"2\" title=\"Page 2\">2<\/a><\/li><li class=\"go-to-next\"><a class=\"page-item\" href=\"https:\/\/omh-ohcc.ca\/hu\/wp-json\/wp\/v2\/pages\/432446\/page\/2\/\" data-page=\"2\" title=\"Next\">&raquo;<\/a><\/li><\/ul><\/div><section class=\"latest-post-selection ajax_pagination\" id=\"lps-95ee0412c999c3cf8821072d56387524\" style=\"\"><article class=\"post-436460 post type-post status-publish format-standard hentry category-sugo\"><h3 class=\"item-title-tag\">A Chrome b\u00f6ng\u00e9sz\u0151, a Gmail \u00e9s a napt\u00e1r kapcsolata<\/h3><p>Ezen oldal szerkeszt\u00e9se folyamatban van. A l\u00e9tez\u0151 le\u00edr\u00e1shoz k\u00e9rj\u00fck v\u00e1ltson az angol nyelv\u0171 oldalra<\/p>\n<a href=\"https:\/\/omh-ohcc.ca\/hu\/a-chrome-bongeszo-a-gmail-es-a-naptar-kapcsolata\/\" class=\"read-more\" title=\"A Chrome b\u00f6ng\u00e9sz\u0151, a Gmail \u00e9s a napt\u00e1r kapcsolata\"><span class=\"read-more\">Olvasd tov\u00e1bb...<\/span><\/a><\/article><article class=\"post-436471 post type-post status-publish format-standard hentry category-sugo\"><h3 class=\"item-title-tag\">A Google Meet kezel\u00e9se<\/h3><p>Ezen oldal szerkeszt\u00e9se folyamatban van. A l\u00e9tez\u0151 le\u00edr\u00e1shoz k\u00e9rj\u00fck v\u00e1ltson az angol nyelv\u0171 oldalra<\/p>\n<a href=\"https:\/\/omh-ohcc.ca\/hu\/a-google-meet-kezelese\/\" class=\"read-more\" title=\"A Google Meet kezel\u00e9se\"><span class=\"read-more\">Olvasd tov\u00e1bb...<\/span><\/a><\/article><article class=\"post-436469 post type-post status-publish format-standard hentry category-sugo\"><h3 class=\"item-title-tag\">Csatlakoz\u00e1s egy Google Meet tal\u00e1lkoz\u00f3hoz<\/h3><p>Ezen oldal szerkeszt\u00e9se folyamatban van. A l\u00e9tez\u0151 le\u00edr\u00e1shoz k\u00e9rj\u00fck v\u00e1ltson az angol nyelv\u0171 oldalra<\/p>\n<a href=\"https:\/\/omh-ohcc.ca\/hu\/csatlakozas-egy-google-meet-talalkozohoz\/\" class=\"read-more\" title=\"Csatlakoz\u00e1s egy Google Meet tal\u00e1lkoz\u00f3hoz\"><span class=\"read-more\">Olvasd tov\u00e1bb...<\/span><\/a><\/article><article class=\"post-436451 post type-post status-publish format-standard hentry category-sugo\"><h3 class=\"item-title-tag\">Gmail postafi\u00f3k l\u00e9trehoz\u00e1sa<\/h3><p>Ezen oldal szerkeszt\u00e9se folyamatban van. A l\u00e9tez\u0151 le\u00edr\u00e1shoz k\u00e9rj\u00fck v\u00e1ltson az angol nyelv\u0171 oldalra<\/p>\n<a href=\"https:\/\/omh-ohcc.ca\/hu\/gmail-postafiok-letrehozasa\/\" class=\"read-more\" title=\"Gmail postafi\u00f3k l\u00e9trehoz\u00e1sa\"><span class=\"read-more\">Olvasd tov\u00e1bb...<\/span><\/a><\/article><article class=\"post-436467 post type-post status-publish format-standard hentry category-sugo\"><h3 class=\"item-title-tag\">Google Meet tal\u00e1lkoz\u00f3k elfogad\u00e1sa \u00e9s napt\u00e1rba jegyz\u00e9se<\/h3><p>Ezen oldal szerkeszt\u00e9se folyamatban van. A l\u00e9tez\u0151 le\u00edr\u00e1shoz k\u00e9rj\u00fck v\u00e1ltson az angol nyelv\u0171 oldalra<\/p>\n<a href=\"https:\/\/omh-ohcc.ca\/hu\/google-meet-talalkozok-elfogadasa-es-naptarba-jegyzese\/\" class=\"read-more\" title=\"Google Meet tal\u00e1lkoz\u00f3k elfogad\u00e1sa \u00e9s napt\u00e1rba jegyz\u00e9se\"><span class=\"read-more\">Olvasd tov\u00e1bb...<\/span><\/a><\/article><\/section><div class=\"after lps-pagination-wrap \"><ul class=\"latest-post-selection pages  lps-95ee0412c999c3cf8821072d56387524\"><li class=\"pages-info\">Page 1 of 2<\/li><li class=\"go-to-prev disabled\"><a class=\"page-item\" data-page=\"1\" title=\"Previous\">&laquo;<\/a><\/li><li class=\"current\"><a class=\"page-item\" href=\"https:\/\/omh-ohcc.ca\/hu\/wp-json\/wp\/v2\/pages\/432446\" data-page=\"1\" title=\"First\">1<\/a><\/li><li><a class=\"page-item\" href=\"https:\/\/omh-ohcc.ca\/hu\/wp-json\/wp\/v2\/pages\/432446\/page\/2\/\" data-page=\"2\" title=\"Page 2\">2<\/a><\/li><li class=\"go-to-next\"><a class=\"page-item\" href=\"https:\/\/omh-ohcc.ca\/hu\/wp-json\/wp\/v2\/pages\/432446\/page\/2\/\" data-page=\"2\" title=\"Next\">&raquo;<\/a><\/li><\/ul><\/div><\/div><!-- lps\/end -->\n","protected":false},"excerpt":{"rendered":"<p>Haszn\u00e1lat Ezen s\u00fag\u00f3 lapok k\u00e9pei megtekinthet\u0151k nagy felbont\u00e1sban is. Egy egyszer\u0171 bal gombos kattint\u00e1s hat\u00e1s\u00e1ra egy \u00faj f\u00fclben jelennek meg teljes m\u00e9ret\u00fckben. A megtekint\u00e9s sor\u00e1n a b\u00f6ng\u00e9sz\u0151 nem vesz\u00edti el eredeti \u00e1llapot\u00e1t. A forr\u00e1s-, azaz kiindul\u00e1si pontra a f\u00fcl v\u00e1lt\u00e1s\u00e1val lehet visszat\u00e9rni. Tartalomjegyz\u00e9k<\/p>\n","protected":false},"author":1,"featured_media":0,"parent":0,"menu_order":90000,"comment_status":"closed","ping_status":"closed","template":"","meta":[],"_links":{"self":[{"href":"https:\/\/omh-ohcc.ca\/hu\/wp-json\/wp\/v2\/pages\/432446"}],"collection":[{"href":"https:\/\/omh-ohcc.ca\/hu\/wp-json\/wp\/v2\/pages"}],"about":[{"href":"https:\/\/omh-ohcc.ca\/hu\/wp-json\/wp\/v2\/types\/page"}],"author":[{"embeddable":true,"href":"https:\/\/omh-ohcc.ca\/hu\/wp-json\/wp\/v2\/users\/1"}],"replies":[{"embeddable":true,"href":"https:\/\/omh-ohcc.ca\/hu\/wp-json\/wp\/v2\/comments?post=432446"}],"version-history":[{"count":0,"href":"https:\/\/omh-ohcc.ca\/hu\/wp-json\/wp\/v2\/pages\/432446\/revisions"}],"wp:attachment":[{"href":"https:\/\/omh-ohcc.ca\/hu\/wp-json\/wp\/v2\/media?parent=432446"}],"curies":[{"name":"wp","href":"https:\/\/api.w.org\/{rel}","templated":true}]}}