{"id":432298,"date":"2016-01-13T01:32:14","date_gmt":"2016-01-13T06:32:14","guid":{"rendered":"http:\/\/omh-ohcc.ca\/hu\/?page_id=432298"},"modified":"2018-05-01T19:15:50","modified_gmt":"2018-05-01T23:15:50","slug":"elozo-etlapok","status":"publish","type":"page","link":"https:\/\/omh-ohcc.ca\/hu\/penteki-etlap\/elozo-etlapok\/","title":{"rendered":"El\u0151z\u0151 \u00e9tlapok"},"content":{"rendered":"<!-- lps\/start --><div id=\"lps-eefdcde2bd000579012c26c24af2cfae-wrap\" data-args=\"{&quot;ver&quot;:1,&quot;perpage&quot;:&quot;12&quot;,&quot;type&quot;:&quot;post&quot;,&quot;chrlimit&quot;:120,&quot;display&quot;:&quot;title,content&quot;,&quot;css&quot;:&quot;penteki-etlap&quot;,&quot;show_extra&quot;:&quot;ajax_pagination&quot;,&quot;status&quot;:&quot;publish&quot;,&quot;orderby&quot;:&quot;dateD&quot;,&quot;taxonomy&quot;:&quot;category&quot;,&quot;term&quot;:&quot;penteki_etlap&quot;,&quot;showpages&quot;:&quot;10&quot;,&quot;total_text&quot;:&quot;Total items: %d&quot;,&quot;pagespos&quot;:&quot;2&quot;,&quot;image&quot;:&quot;full&quot;}\" data-current=\"432298\" class=\"lps-top-section-wrap\" data-url=\"https:\/\/omh-ohcc.ca\/hu\/wp-json\/wp\/v2\/pages\/432298\"><div class=\"before lps-pagination-wrap \"><ul class=\"latest-post-selection pages  lps-eefdcde2bd000579012c26c24af2cfae\"><li class=\"pages-info\">Page 1 of 19<\/li><li class=\"go-to-first disabled\"><a class=\"page-item\" data-page=\"1\" title=\"First\">&lsaquo;&nbsp;<\/a><\/li><li class=\"go-to-prev disabled\"><a class=\"page-item\" data-page=\"1\" title=\"Previous\">&laquo;<\/a><\/li><li class=\"current\"><a class=\"page-item\" href=\"https:\/\/omh-ohcc.ca\/hu\/wp-json\/wp\/v2\/pages\/432298\" data-page=\"1\" title=\"First\">1<\/a><\/li><li><a class=\"page-item\" href=\"https:\/\/omh-ohcc.ca\/hu\/wp-json\/wp\/v2\/pages\/432298\/page\/2\/\" data-page=\"2\" title=\"Page 2\">2<\/a><\/li><li><a class=\"page-item\" href=\"https:\/\/omh-ohcc.ca\/hu\/wp-json\/wp\/v2\/pages\/432298\/page\/3\/\" data-page=\"3\" title=\"Page 3\">3<\/a><\/li><li><a class=\"page-item\" href=\"https:\/\/omh-ohcc.ca\/hu\/wp-json\/wp\/v2\/pages\/432298\/page\/4\/\" data-page=\"4\" title=\"Page 4\">4<\/a><\/li><li><a class=\"page-item\" href=\"https:\/\/omh-ohcc.ca\/hu\/wp-json\/wp\/v2\/pages\/432298\/page\/5\/\" data-page=\"5\" title=\"Page 5\">5<\/a><\/li><li><a class=\"page-item\" href=\"https:\/\/omh-ohcc.ca\/hu\/wp-json\/wp\/v2\/pages\/432298\/page\/6\/\" data-page=\"6\" title=\"Page 6\">6<\/a><\/li><li><a class=\"page-item\" href=\"https:\/\/omh-ohcc.ca\/hu\/wp-json\/wp\/v2\/pages\/432298\/page\/7\/\" data-page=\"7\" title=\"Page 7\">7<\/a><\/li><li><a class=\"page-item\" href=\"https:\/\/omh-ohcc.ca\/hu\/wp-json\/wp\/v2\/pages\/432298\/page\/8\/\" data-page=\"8\" title=\"Page 8\">8<\/a><\/li><li><a class=\"page-item\" href=\"https:\/\/omh-ohcc.ca\/hu\/wp-json\/wp\/v2\/pages\/432298\/page\/9\/\" data-page=\"9\" title=\"Page 9\">9<\/a><\/li><li><a class=\"page-item\" href=\"https:\/\/omh-ohcc.ca\/hu\/wp-json\/wp\/v2\/pages\/432298\/page\/10\/\" data-page=\"10\" title=\"Page 10\">10<\/a><\/li><li class=\"go-to-next\"><a class=\"page-item\" href=\"https:\/\/omh-ohcc.ca\/hu\/wp-json\/wp\/v2\/pages\/432298\/page\/2\/\" data-page=\"2\" title=\"Next\">&raquo;<\/a><\/li><li class=\"go-to-last\"><a class=\"page-item\" href=\"https:\/\/omh-ohcc.ca\/hu\/wp-json\/wp\/v2\/pages\/432298\/page\/19\/\" data-page=\"19\" title=\"Last\">&nbsp;&rsaquo;<\/a><\/li><\/ul><\/div><section class=\"latest-post-selection penteki-etlap ajax_pagination\" id=\"lps-eefdcde2bd000579012c26c24af2cfae\" style=\"\"><article class=\"post-439198 post type-post status-publish format-standard hentry category-penteki_etlap\"><h3 class=\"item-title-tag\">2025. november 28.<\/h3><table style=\"border: none;\">\n<!--\n\n\n<thead><strong>Moldov\u00e1n Gizella<\/strong> hagyom\u00e1nyos magyar konyh\u00e1j\u00e1b\u00f3l:<\/thead>\n\n\n--><\/p>\n<thead>Hagyom\u00e1nyos magyar \u00e9tel:<\/thead>\n<tbody>\n<tr>\n<td style=\"border: none; text-align: center; vertical-align: top;\">\n<div style=\"width: 130px\" class=\"wp-caption aligncenter\"><img decoding=\"async\" class=\"\" src=\"\/kep\/160\/be\/etel\/toltott_kaposzta_tort_krumpli.jpg\" alt=\"f\u0151\u00e9tel\" width=\"160\"\/><p class=\"wp-caption-text\">T\u00f6lt\u00f6tt k\u00e1poszta petrezselymes krumplival<\/p><\/div><\/td>\n<td style=\"border: none; text-align: center; vertical-align: top;\">\n<div style=\"width: 130px\" class=\"wp-caption aligncenter\"><img decoding=\"async\" class=\"\" src=\"\/kep\/160\/be\/sutemeny\/tiramisu-Costco.png\" alt=\"\u00e9tel\" width=\"160\"\/><p class=\"wp-caption-text\">Tiramisu torta szelet<\/p><\/div><\/td>\n<\/tr>\n<\/tbody>\n<\/table>\n<\/article><article class=\"post-439018 post type-post status-publish format-standard hentry category-penteki_etlap\"><h3 class=\"item-title-tag\">2025. m\u00e1rcius 21.<\/h3><table style=\"border: none;\">\n<thead><strong>Moldov\u00e1n Gizella<\/strong> hagyom\u00e1nyos magyar konyh\u00e1j\u00e1b\u00f3l:<\/thead>\n<p><!--\n\n\n<thead>Hagyom\u00e1nyos magyar \u00e9tel:<\/thead>\n\n\n--><\/p>\n<tbody>\n<tr>\n<td style=\"border: none; text-align: center; vertical-align: top;\">\n<div style=\"width: 130px\" class=\"wp-caption aligncenter\"><img decoding=\"async\" class=\"\" src=\"\/kep\/160\/be\/etel\/sertes_porkolt_nokedlivel-2.jpg\" alt=\"f\u0151\u00e9tel\" width=\"160\"\/><p class=\"wp-caption-text\">Sert\u00e9s p\u00f6rk\u00f6lt nokedlivel<\/p><\/div><\/td>\n<td style=\"border: none; text-align: center; vertical-align: top;\">\n<div style=\"width: 130px\" class=\"wp-caption aligncenter\"><img decoding=\"async\" class=\"\" src=\"\/kep\/160\/be\/sutemeny\/malnas_sutemeny.png\" alt=\"\u00e9tel\" width=\"160\"\/><p class=\"wp-caption-text\">M\u00e1ln\u00e1s s\u00fctem\u00e9ny<\/p><\/div><\/td>\n<\/tr>\n<\/tbody>\n<\/table>\n<\/article><article class=\"post-438985 post type-post status-publish format-standard hentry category-penteki_etlap\"><h3 class=\"item-title-tag\">2025. febru\u00e1r 7.<\/h3><table style=\"border: none;\">\n<!--\n\n\n<thead><strong>Moldov\u00e1n Gizella<\/strong> hagyom\u00e1nyos magyar konyh\u00e1j\u00e1b\u00f3l:<\/thead>\n\n\n--><\/p>\n<thead>Hagyom\u00e1nyos magyar \u00e9tel:<\/thead>\n<tbody>\n<tr>\n<td style=\"border: none; text-align: center; vertical-align: top;\">\n<div style=\"width: 130px\" class=\"wp-caption aligncenter\"><img decoding=\"async\" class=\"\" src=\"\/kep\/160\/be\/etel\/toltott_kaposzta-1.jpg\" alt=\"f\u0151\u00e9tel\" width=\"160\"\/><p class=\"wp-caption-text\">T\u00f6lt\u00f6tt k\u00e1poszta \u00e9s t\u00f6rt krumpli<\/p><\/div><\/td>\n<td style=\"border: none; text-align: center; vertical-align: top;\">\n<div style=\"width: 130px\" class=\"wp-caption aligncenter\"><img decoding=\"async\" class=\"\" src=\"\/kep\/160\/be\/sutemeny\/meggyes_pite-01.png\" alt=\"\u00e9tel\" width=\"160\"\/><p class=\"wp-caption-text\">Meggyes pite<\/p><\/div><\/td>\n<\/tr>\n<\/tbody>\n<\/table>\n<\/article><article class=\"post-438889 post type-post status-publish format-standard hentry category-penteki_etlap\"><h3 class=\"item-title-tag\">2024. j\u00fanius 28.<\/h3><div style=\"width: 170px\" class=\"wp-caption aligncenter\"><img decoding=\"async\" src=\"\/kep\/be\/targy\/egyeb\/zarva.jpg\" alt=\"z\u00e1rva\" width=\"160\" \/><p class=\"wp-caption-text\">Sajn\u00e1ljuk, z\u00e1rva tartunk.<\/p><\/div>\n<\/article><article class=\"post-438842 post type-post status-publish format-standard hentry category-penteki_etlap\"><h3 class=\"item-title-tag\">2024. m\u00e1jus 24.<\/h3><table style=\"border: none;\">\n<!--\n\n\n<thead><strong>Moldov\u00e1n Gizella<\/strong> hagyom\u00e1nyos magyar konyh\u00e1j\u00e1b\u00f3l:<\/thead>\n\n\n--><\/p>\n<thead>Hagyom\u00e1nyos magyar \u00e9tel:<\/thead>\n<tbody>\n<tr>\n<td style=\"border: none; text-align: center; vertical-align: top;\">\n<div style=\"width: 130px\" class=\"wp-caption aligncenter\"><img decoding=\"async\" class=\"\" src=\"\/kep\/160\/be\/etel\/magyaros-karfiolleves.png\" alt=\"f\u0151\u00e9tel\" width=\"160\"\/><p class=\"wp-caption-text\">Magyaros karfiol leves<\/p><\/div><\/td>\n<td style=\"border: none; text-align: center; vertical-align: top;\">\n<div style=\"width: 130px\" class=\"wp-caption aligncenter\"><img decoding=\"async\" class=\"\" src=\"\/kep\/160\/be\/etel\/rantott-hus-petrezselymes-krumpli.png\" alt=\"f\u0151\u00e9tel\" width=\"160\"\/><p class=\"wp-caption-text\">R\u00e1ntott h\u00fas petrezselymes krumplival<\/p><\/div><\/td>\n<td style=\"border: none; text-align: center; vertical-align: top;\">\n<div style=\"width: 130px\" class=\"wp-caption aligncenter\"><img decoding=\"async\" class=\"\" src=\"\/kep\/160\/be\/sutemeny\/rizsfelfujt-baracklekvar.jpg\" alt=\"\u00e9tel\" width=\"160\"\/><p class=\"wp-caption-text\">Rizskoch (rizsfelf\u00fajt) barack lekv\u00e1rral<\/p><\/div><\/td>\n<\/tr>\n<\/tbody>\n<\/table>\n<\/article><article class=\"post-438821 post type-post status-publish format-standard hentry category-penteki_etlap\"><h3 class=\"item-title-tag\">2024. \u00e1prilis 12.<\/h3><table style=\"border: none;\">\n<!--\n\n\n<thead><strong>Moldov\u00e1n Gizella<\/strong> hagyom\u00e1nyos magyar konyh\u00e1j\u00e1b\u00f3l:<\/thead>\n\n\n--><\/p>\n<thead>Hagyom\u00e1nyos magyar \u00e9tel:<\/thead>\n<tbody>\n<tr>\n<td style=\"border: none; text-align: center; vertical-align: top;\">\n<div style=\"width: 130px\" class=\"wp-caption aligncenter\"><img decoding=\"async\" class=\"\" src=\"\/kep\/160\/be\/etel\/zoldsegleves_sonkagaluskaval.jpg\" alt=\"f\u0151\u00e9tel\" width=\"160\"\/><p class=\"wp-caption-text\">Z\u00f6lds\u00e9ges leves sonkagalusk\u00e1val<\/p><\/div><\/td>\n<td style=\"border: none; text-align: center; vertical-align: top;\">\n<div style=\"width: 130px\" class=\"wp-caption aligncenter\"><img decoding=\"async\" class=\"\" src=\"\/kep\/160\/be\/etel\/vasi_pecsenye_petrezselymes_krumplival.jpg\" alt=\"f\u0151\u00e9tel\" width=\"160\"\/><p class=\"wp-caption-text\">Vasi pecsenye petrezselymes krumplival<\/p><\/div><\/td>\n<td style=\"border: none; text-align: center; vertical-align: top;\">\n<div style=\"width: 130px\" class=\"wp-caption aligncenter\"><img decoding=\"async\" class=\"\" src=\"\/kep\/160\/be\/sutemeny\/omlos_barackos_pite.jpg\" alt=\"\u00e9tel\" width=\"160\"\/><p class=\"wp-caption-text\">Oml\u00f3s barackos pite<\/p><\/div><\/td>\n<\/tr>\n<\/tbody>\n<\/table>\n<\/article><article class=\"post-438775 post type-post status-publish format-standard hentry category-penteki_etlap\"><h3 class=\"item-title-tag\">2024. febru\u00e1r 23.<\/h3><table style=\"border: none;\">\n<!--\n\n\n<thead><strong>Moldov\u00e1n Gizella<\/strong> hagyom\u00e1nyos magyar konyh\u00e1j\u00e1b\u00f3l:<\/thead>\n\n\n--><\/p>\n<thead>Hagyom\u00e1nyos magyar \u00e9tel:<\/thead>\n<tbody>\n<tr>\n<td style=\"border: none; text-align: center; vertical-align: top;\">\n<div style=\"width: 130px\" class=\"wp-caption aligncenter\"><img decoding=\"async\" class=\"\" src=\"\/kep\/160\/be\/etel\/debreceni-tokany-tarhonyaval.jpg\" alt=\"f\u0151\u00e9tel\" width=\"160\"\/><p class=\"wp-caption-text\">Debreceni tok\u00e1ny tarhony\u00e1val (marha h\u00e1tsz\u00edn)<\/p><\/div><\/td>\n<td style=\"border: none; text-align: center; vertical-align: top;\">\n<div style=\"width: 130px\" class=\"wp-caption aligncenter\"><img decoding=\"async\" class=\"\" src=\"\/kep\/160\/be\/sutemeny\/gesztenye-rolad.jpg\" alt=\"\u00e9tel\" width=\"160\"\/><p class=\"wp-caption-text\">Gesztenye rol\u00e1d<\/p><\/div><\/td>\n<\/tr>\n<\/tbody>\n<\/table>\n<\/article><article class=\"post-438749 post type-post status-publish format-standard hentry category-penteki_etlap\"><h3 class=\"item-title-tag\">2024. janu\u00e1r 26.<\/h3><table style=\"border: none;\">\n<!--\n\n\n<thead><strong>Moldov\u00e1n Gizella<\/strong> hagyom\u00e1nyos magyar konyh\u00e1j\u00e1b\u00f3l:<\/thead>\n\n\n--><\/p>\n<thead>Hagyom\u00e1nyos magyar \u00e9tel:<\/thead>\n<tbody>\n<tr>\n<td style=\"border: none; text-align: center; vertical-align: top;\">\n<div style=\"width: 130px\" class=\"wp-caption aligncenter\"><img decoding=\"async\" class=\"\" src=\"\/kep\/160\/be\/etel\/rantott_hus_krumplipurevel.png\" alt=\"f\u0151\u00e9tel\" width=\"160\"\/><p class=\"wp-caption-text\">R\u00e1ntott h\u00fas krumplip\u00fcr\u00e9vel \u00e9s p\u00e1rolt z\u00f6lds\u00e9ggel<\/p><\/div><\/td>\n<td style=\"border: none; text-align: center; vertical-align: top;\">\n<div style=\"width: 130px\" class=\"wp-caption aligncenter\"><img decoding=\"async\" class=\"\" src=\"\/kep\/160\/be\/sutemeny\/tiramisu-Costco.png\" alt=\"\u00e9tel\" width=\"160\"\/><p class=\"wp-caption-text\">Tiramisu szelet<\/p><\/div><\/td>\n<\/tr>\n<\/tbody>\n<\/table>\n<\/article><article class=\"post-438727 post type-post status-publish format-standard hentry category-penteki_etlap\"><h3 class=\"item-title-tag\">2024. janu\u00e1r 12.<\/h3><table style=\"border: none;\">\n<!--\n\n\n<thead><strong>Moldov\u00e1n Gizella<\/strong> hagyom\u00e1nyos magyar konyh\u00e1j\u00e1b\u00f3l:<\/thead>\n\n\n--><\/p>\n<thead>Hagyom\u00e1nyos magyar \u00e9tel:<\/thead>\n<tbody>\n<tr>\n<td style=\"border: none; text-align: center; vertical-align: top;\">\n<div style=\"width: 130px\" class=\"wp-caption aligncenter\"><img decoding=\"async\" class=\"\" src=\"\/kep\/160\/be\/etel\/sertes_porkolt_nokedlivel-2.jpg\" alt=\"f\u0151\u00e9tel\" width=\"160\"\/><p class=\"wp-caption-text\">Sert\u00e9sp\u00f6rk\u00f6lt nokedlivel, savany\u00fa uborka<\/p><\/div><\/td>\n<td style=\"border: none; text-align: center; vertical-align: top;\">\n<div style=\"width: 130px\" class=\"wp-caption aligncenter\"><img decoding=\"async\" class=\"\" src=\"\/kep\/160\/be\/sutemeny\/tiramisu-Costco.png\" alt=\"\u00e9tel\" width=\"160\"\/><p class=\"wp-caption-text\">Tiramisu szelet<\/p><\/div><\/td>\n<\/tr>\n<\/tbody>\n<\/table>\n<\/article><article class=\"post-438490 post type-post status-publish format-standard hentry category-penteki_etlap\"><h3 class=\"item-title-tag\">2023. szeptember 8.<\/h3><table style=\"border: none;\">\n<thead><strong>Moldov\u00e1n Gizella<\/strong> hagyom\u00e1nyos magyar konyh\u00e1j\u00e1b\u00f3l:<\/thead>\n<tbody>\n<tr>\n<td style=\"border: none; text-align: center; vertical-align: top;\">\n<div style=\"width: 190px\" class=\"wp-caption aligncenter\"><img decoding=\"async\" class=\"\" src=\"\/kep\/160\/be\/etel\/rantott_hus_krumplipurevel.png\" alt=\"f\u0151\u00e9tel\" width=\"160\" \/><p class=\"wp-caption-text\">R\u00e1ntott h\u00fas krumplip\u00fcr\u00e9vel<\/p><\/div><\/td>\n<td style=\"border: none; text-align: center; vertical-align: top;\">\n<div style=\"width: 130px\" class=\"wp-caption aligncenter\"><img decoding=\"async\" class=\"\" src=\"\/kep\/160\/be\/sutemeny\/meggyes_piskota-3.png\" alt=\"\u00e9tel\" width=\"160\" \/><p class=\"wp-caption-text\">Meggyes pisk\u00f3ta<\/p><\/div><\/td>\n<\/tr>\n<\/tbody>\n<\/table>\n<\/article><article class=\"post-438407 post type-post status-publish format-standard hentry category-penteki_etlap\"><h3 class=\"item-title-tag\">2023. j\u00falius 14.<\/h3><table style=\"border: none;\">\n<thead><strong>Bogn\u00e1r Kati<\/strong> hagyom\u00e1nyos magyar konyh\u00e1j\u00e1b\u00f3l:<\/thead>\n<tbody>\n<tr>\n<td style=\"border: none; text-align: center; vertical-align: top;\">\n<div style=\"width: 190px\" class=\"wp-caption aligncenter\"><img decoding=\"async\" class=\"\" src=\"\/kep\/160\/be\/etel\/bakonyi_lecsos_csirke.jpg\" alt=\"f\u0151\u00e9tel\" width=\"160\" \/><p class=\"wp-caption-text\">Bakonyi csirke rizzsel<\/p><\/div><\/td>\n<td style=\"border: none; text-align: center; vertical-align: top;\">\n<div style=\"width: 130px\" class=\"wp-caption aligncenter\"><img decoding=\"async\" class=\"\" src=\"\/kep\/160\/be\/sutemeny\/almas_meggyes_retes.jpg\" alt=\"\u00e9tel\" width=\"160\" \/><p class=\"wp-caption-text\">Alm\u00e1s-meggyes r\u00e9tes<\/p><\/div><\/td>\n<\/tr>\n<\/tbody>\n<\/table>\n<\/article><article class=\"post-438346 post type-post status-publish format-standard hentry category-penteki_etlap\"><h3 class=\"item-title-tag\">2023. m\u00e1jus 12.<\/h3><table style=\"border: none;\">\n<tbody>\n<tr>\n<td style=\"border: none; text-align: center; vertical-align: top;\">\n<div style=\"width: 190px\" class=\"wp-caption aligncenter\"><img decoding=\"async\" class=\"\" src=\"\/kep\/160\/be\/etel\/porkolt_nokedlivel-2.png\" alt=\"f\u0151\u00e9tel\" width=\"160\" \/><p class=\"wp-caption-text\">Marhap\u00f6rk\u00f6lt nokedlivel, uborka<\/p><\/div><\/td>\n<td style=\"border: none; text-align: center; vertical-align: top;\">\n<div style=\"width: 130px\" class=\"wp-caption aligncenter\"><img decoding=\"async\" class=\"\" src=\"\/kep\/160\/be\/sutemeny\/tuxedo_torta.jpg\" alt=\"\u00e9tel\" width=\"160\" \/><p class=\"wp-caption-text\">Tuxedo torta<\/p><\/div><\/td>\n<\/tr>\n<\/tbody>\n<\/table>\n<\/article><\/section><div class=\"after lps-pagination-wrap \"><ul class=\"latest-post-selection pages  lps-eefdcde2bd000579012c26c24af2cfae\"><li class=\"pages-info\">Page 1 of 19<\/li><li class=\"go-to-first disabled\"><a class=\"page-item\" data-page=\"1\" title=\"First\">&lsaquo;&nbsp;<\/a><\/li><li class=\"go-to-prev disabled\"><a class=\"page-item\" data-page=\"1\" title=\"Previous\">&laquo;<\/a><\/li><li class=\"current\"><a class=\"page-item\" href=\"https:\/\/omh-ohcc.ca\/hu\/wp-json\/wp\/v2\/pages\/432298\" data-page=\"1\" title=\"First\">1<\/a><\/li><li><a class=\"page-item\" href=\"https:\/\/omh-ohcc.ca\/hu\/wp-json\/wp\/v2\/pages\/432298\/page\/2\/\" data-page=\"2\" title=\"Page 2\">2<\/a><\/li><li><a class=\"page-item\" href=\"https:\/\/omh-ohcc.ca\/hu\/wp-json\/wp\/v2\/pages\/432298\/page\/3\/\" data-page=\"3\" title=\"Page 3\">3<\/a><\/li><li><a class=\"page-item\" href=\"https:\/\/omh-ohcc.ca\/hu\/wp-json\/wp\/v2\/pages\/432298\/page\/4\/\" data-page=\"4\" title=\"Page 4\">4<\/a><\/li><li><a class=\"page-item\" href=\"https:\/\/omh-ohcc.ca\/hu\/wp-json\/wp\/v2\/pages\/432298\/page\/5\/\" data-page=\"5\" title=\"Page 5\">5<\/a><\/li><li><a class=\"page-item\" href=\"https:\/\/omh-ohcc.ca\/hu\/wp-json\/wp\/v2\/pages\/432298\/page\/6\/\" data-page=\"6\" title=\"Page 6\">6<\/a><\/li><li><a class=\"page-item\" href=\"https:\/\/omh-ohcc.ca\/hu\/wp-json\/wp\/v2\/pages\/432298\/page\/7\/\" data-page=\"7\" title=\"Page 7\">7<\/a><\/li><li><a class=\"page-item\" href=\"https:\/\/omh-ohcc.ca\/hu\/wp-json\/wp\/v2\/pages\/432298\/page\/8\/\" data-page=\"8\" title=\"Page 8\">8<\/a><\/li><li><a class=\"page-item\" href=\"https:\/\/omh-ohcc.ca\/hu\/wp-json\/wp\/v2\/pages\/432298\/page\/9\/\" data-page=\"9\" title=\"Page 9\">9<\/a><\/li><li><a class=\"page-item\" href=\"https:\/\/omh-ohcc.ca\/hu\/wp-json\/wp\/v2\/pages\/432298\/page\/10\/\" data-page=\"10\" title=\"Page 10\">10<\/a><\/li><li class=\"go-to-next\"><a class=\"page-item\" href=\"https:\/\/omh-ohcc.ca\/hu\/wp-json\/wp\/v2\/pages\/432298\/page\/2\/\" data-page=\"2\" title=\"Next\">&raquo;<\/a><\/li><li class=\"go-to-last\"><a class=\"page-item\" href=\"https:\/\/omh-ohcc.ca\/hu\/wp-json\/wp\/v2\/pages\/432298\/page\/19\/\" data-page=\"19\" title=\"Last\">&nbsp;&rsaquo;<\/a><\/li><\/ul><\/div><\/div><!-- lps\/end -->\n","protected":false},"excerpt":{"rendered":"","protected":false},"author":1,"featured_media":0,"parent":432176,"menu_order":21000,"comment_status":"closed","ping_status":"closed","template":"","meta":[],"_links":{"self":[{"href":"https:\/\/omh-ohcc.ca\/hu\/wp-json\/wp\/v2\/pages\/432298"}],"collection":[{"href":"https:\/\/omh-ohcc.ca\/hu\/wp-json\/wp\/v2\/pages"}],"about":[{"href":"https:\/\/omh-ohcc.ca\/hu\/wp-json\/wp\/v2\/types\/page"}],"author":[{"embeddable":true,"href":"https:\/\/omh-ohcc.ca\/hu\/wp-json\/wp\/v2\/users\/1"}],"replies":[{"embeddable":true,"href":"https:\/\/omh-ohcc.ca\/hu\/wp-json\/wp\/v2\/comments?post=432298"}],"version-history":[{"count":1,"href":"https:\/\/omh-ohcc.ca\/hu\/wp-json\/wp\/v2\/pages\/432298\/revisions"}],"predecessor-version":[{"id":438888,"href":"https:\/\/omh-ohcc.ca\/hu\/wp-json\/wp\/v2\/pages\/432298\/revisions\/438888"}],"up":[{"embeddable":true,"href":"https:\/\/omh-ohcc.ca\/hu\/wp-json\/wp\/v2\/pages\/432176"}],"wp:attachment":[{"href":"https:\/\/omh-ohcc.ca\/hu\/wp-json\/wp\/v2\/media?parent=432298"}],"curies":[{"name":"wp","href":"https:\/\/api.w.org\/{rel}","templated":true}]}}