{"id":432192,"date":"2016-01-08T21:03:43","date_gmt":"2016-01-09T02:03:43","guid":{"rendered":"http:\/\/omh-ohcc.ca\/hu\/?page_id=432192"},"modified":"2020-10-28T03:44:54","modified_gmt":"2020-10-28T07:44:54","slug":"archivumok","status":"publish","type":"page","link":"https:\/\/omh-ohcc.ca\/hu\/archivumok\/","title":{"rendered":"Arch\u00edvumok"},"content":{"rendered":"<h3>Esem\u00e9nyek<\/h3>\n<ul style=\"list-style-type: disc;\">\n<li>El\u0151z\u0151 esem\u00e9nyek \u2014 <a href=\"\/hu\/esemenyek\/elozo-esemenyek-tartalomjegyzek\/\">tartalomjegyz\u00e9k<\/a>, <a href=\"\/hu\/esemenyek\/elozo-esemenyek-reszletesen\/\">r\u00e9szletesen<\/a><\/li>\n<li><a href=\"\/wp-content\/uploads\/html\/hu\/Esemenyek-2015.html\" target=\"_blank\">El\u0151z\u0151 esem\u00e9nyek \u2014 2015<\/a><\/li>\n<li><a href=\"\/wp-content\/uploads\/html\/hu\/Esemenyek-2014.html\" target=\"_blank\">El\u0151z\u0151 esem\u00e9nyek \u2014 2014<\/a><\/li>\n<\/ul>\n<h3>Filmes kr\u00f3nika<\/h3>\n<ul>\n<li>Filmes kr\u00f3nika \u2013 <a href=\"\/hu\/filmes-kronika-tartalomjegyzek\/\">tartalomjegyz\u00e9k<\/a>, <a href=\"\/hu\/filmes-kronika-reszletes\/\">r\u00e9szletesen<\/a><\/li>\n<\/ul>\n<h3>H\u00edreink<\/h3>\n<ul>\n<li>R\u00e9gi h\u00edreink \u2013 <a href=\"\/hu\/regi-hireink-tartalomjegyzek\/\">tartalomjegyz\u00e9k<\/a>, <a href=\"\/hu\/regi-hireink-reszletes\/\">r\u00e9szletesen<\/a><\/li>\n<\/ul>\n<h3>\u00c9tlapok<\/h3>\n<ul style=\"list-style-type: disc;\">\n<li><a href=\"\/hu\/elozo-etlapok\/\">El\u0151z\u0151 \u00e9tlapok<\/a><\/li>\n<li><a href=\"\/wp-content\/uploads\/html\/hu\/Etlapok-2015.html\" target=\"_blank\">El\u0151z\u0151 \u00e9tlapok \u2014 2015<\/a><\/li>\n<li><a href=\"\/wp-content\/uploads\/html\/hu\/Etlapok-2014.html\" target=\"_blank\">El\u0151z\u0151 \u00e9tlapok \u2014 2014<\/a><\/li>\n<\/ul>\n","protected":false},"excerpt":{"rendered":"<p>Esem\u00e9nyek El\u0151z\u0151 esem\u00e9nyek \u2014 tartalomjegyz\u00e9k, r\u00e9szletesen El\u0151z\u0151 esem\u00e9nyek \u2014 2015 El\u0151z\u0151 esem\u00e9nyek \u2014 2014 Filmes kr\u00f3nika Filmes kr\u00f3nika \u2013 tartalomjegyz\u00e9k, r\u00e9szletesen H\u00edreink R\u00e9gi h\u00edreink \u2013 tartalomjegyz\u00e9k, r\u00e9szletesen \u00c9tlapok El\u0151z\u0151 \u00e9tlapok El\u0151z\u0151 \u00e9tlapok \u2014 2015 El\u0151z\u0151 \u00e9tlapok \u2014 2014<\/p>\n","protected":false},"author":1,"featured_media":0,"parent":0,"menu_order":40000,"comment_status":"closed","ping_status":"closed","template":"","meta":[],"_links":{"self":[{"href":"https:\/\/omh-ohcc.ca\/hu\/wp-json\/wp\/v2\/pages\/432192"}],"collection":[{"href":"https:\/\/omh-ohcc.ca\/hu\/wp-json\/wp\/v2\/pages"}],"about":[{"href":"https:\/\/omh-ohcc.ca\/hu\/wp-json\/wp\/v2\/types\/page"}],"author":[{"embeddable":true,"href":"https:\/\/omh-ohcc.ca\/hu\/wp-json\/wp\/v2\/users\/1"}],"replies":[{"embeddable":true,"href":"https:\/\/omh-ohcc.ca\/hu\/wp-json\/wp\/v2\/comments?post=432192"}],"version-history":[{"count":0,"href":"https:\/\/omh-ohcc.ca\/hu\/wp-json\/wp\/v2\/pages\/432192\/revisions"}],"wp:attachment":[{"href":"https:\/\/omh-ohcc.ca\/hu\/wp-json\/wp\/v2\/media?parent=432192"}],"curies":[{"name":"wp","href":"https:\/\/api.w.org\/{rel}","templated":true}]}}