{"id":432184,"date":"2016-01-14T16:56:20","date_gmt":"2016-01-14T21:56:20","guid":{"rendered":"http:\/\/omh-ohcc.ca\/hu\/?page_id=432184"},"modified":"2018-02-04T13:56:36","modified_gmt":"2018-02-04T18:56:36","slug":"osztondijak-egyetemek-taborok","status":"publish","type":"page","link":"https:\/\/omh-ohcc.ca\/hu\/osztondijak-egyetemek-taborok\/","title":{"rendered":"\u00d6szt\u00f6nd\u00edjak, egyetemek, t\u00e1borok"},"content":{"rendered":"<p>Ezen az oldalon t\u00f6bbnyire fiataloknak sz\u00f3l\u00f3, f\u0151leg magyarorsz\u00e1gi \u00f6szt\u00f6nd\u00edjakat, egyetemi k\u00e9pz\u00e9seket \u00e9s t\u00e1borokat szeretn\u00e9nk figyelm\u00fckbe aj\u00e1nlani. K\u00e9rj\u00fck juttassa el az inform\u00e1ci\u00f3t b\u00e1rkinek, akit \u00e9rdekelhetnek ezek a lehet\u0151s\u00e9gek, illetve ha tudom\u00e1sa van hasonl\u00f3kr\u00f3l, ossza meg vel\u00fcnk! Ha sz\u00fcks\u00e9ge van seg\u00edts\u00e9gre a jelentkez\u00e9shez, vagy tov\u00e1bbi magyarorsz\u00e1gi inform\u00e1ci\u00f3kra k\u00edv\u00e1ncsi, k\u00e9rj\u00fck villanypost\u00e1n keressen fel benn\u00fcnket.<\/p>\n<h1>\u00d6szt\u00f6nd\u00edjak<\/h1>\n<!-- lps\/start --><div id=\"lps-fd11be9853597bc5fbcfdbeb69dad8d4-wrap\" data-args=\"{&quot;ver&quot;:1,&quot;limit&quot;:&quot;5&quot;,&quot;perpage&quot;:&quot;5&quot;,&quot;type&quot;:&quot;post&quot;,&quot;chrlimit&quot;:&quot;120&quot;,&quot;display&quot;:&quot;date,title,content-small&quot;,&quot;url&quot;:&quot;yes&quot;,&quot;linktext&quot;:&quot;Read more...&quot;,&quot;elements&quot;:&quot;5&quot;,&quot;show_extra&quot;:&quot;tags,ajax_pagination&quot;,&quot;status&quot;:&quot;publish&quot;,&quot;orderby&quot;:&quot;dateD&quot;,&quot;taxonomy&quot;:&quot;category&quot;,&quot;term&quot;:&quot;osztondij&quot;,&quot;showpages&quot;:&quot;4&quot;,&quot;total_text&quot;:&quot;Total items: %d&quot;,&quot;image&quot;:&quot;full&quot;}\" data-current=\"432184\" class=\"lps-top-section-wrap\" data-url=\"https:\/\/omh-ohcc.ca\/hu\/wp-json\/wp\/v2\/pages\/432184\"><\/div><!-- lps\/end -->\n<h1>Egyetemek<\/h1>\n<!-- lps\/start --><div id=\"lps-2b40502a842963b11415e13837666911-wrap\" data-args=\"{&quot;ver&quot;:1,&quot;limit&quot;:&quot;5&quot;,&quot;perpage&quot;:&quot;5&quot;,&quot;type&quot;:&quot;post&quot;,&quot;chrlimit&quot;:&quot;120&quot;,&quot;display&quot;:&quot;date,title,content-small&quot;,&quot;url&quot;:&quot;yes&quot;,&quot;linktext&quot;:&quot;Read more...&quot;,&quot;elements&quot;:&quot;5&quot;,&quot;show_extra&quot;:&quot;tags,ajax_pagination&quot;,&quot;status&quot;:&quot;publish&quot;,&quot;orderby&quot;:&quot;dateD&quot;,&quot;taxonomy&quot;:&quot;category&quot;,&quot;term&quot;:&quot;egyetem&quot;,&quot;showpages&quot;:&quot;4&quot;,&quot;total_text&quot;:&quot;Total items: %d&quot;,&quot;image&quot;:&quot;full&quot;}\" data-current=\"432184\" class=\"lps-top-section-wrap\" data-url=\"https:\/\/omh-ohcc.ca\/hu\/wp-json\/wp\/v2\/pages\/432184\"><\/div><!-- lps\/end -->\n<h1>T\u00e1borok<\/h1>\n<!-- lps\/start --><div id=\"lps-4571c64891466e7ab6c5396e4e29eb43-wrap\" data-args=\"{&quot;ver&quot;:1,&quot;limit&quot;:&quot;5&quot;,&quot;perpage&quot;:&quot;5&quot;,&quot;type&quot;:&quot;post&quot;,&quot;chrlimit&quot;:&quot;120&quot;,&quot;display&quot;:&quot;date,title,content-small&quot;,&quot;url&quot;:&quot;yes&quot;,&quot;linktext&quot;:&quot;Read more...&quot;,&quot;elements&quot;:&quot;5&quot;,&quot;show_extra&quot;:&quot;tags,ajax_pagination&quot;,&quot;status&quot;:&quot;publish&quot;,&quot;orderby&quot;:&quot;dateD&quot;,&quot;taxonomy&quot;:&quot;category&quot;,&quot;term&quot;:&quot;tabor&quot;,&quot;showpages&quot;:&quot;4&quot;,&quot;total_text&quot;:&quot;Total items: %d&quot;,&quot;image&quot;:&quot;full&quot;}\" data-current=\"432184\" class=\"lps-top-section-wrap\" data-url=\"https:\/\/omh-ohcc.ca\/hu\/wp-json\/wp\/v2\/pages\/432184\"><\/div><!-- lps\/end -->\n","protected":false},"excerpt":{"rendered":"<p>Ezen az oldalon t\u00f6bbnyire fiataloknak sz\u00f3l\u00f3, f\u0151leg magyarorsz\u00e1gi \u00f6szt\u00f6nd\u00edjakat, egyetemi k\u00e9pz\u00e9seket \u00e9s t\u00e1borokat szeretn\u00e9nk figyelm\u00fckbe aj\u00e1nlani. K\u00e9rj\u00fck juttassa el az inform\u00e1ci\u00f3t b\u00e1rkinek, akit \u00e9rdekelhetnek ezek a lehet\u0151s\u00e9gek, illetve ha tudom\u00e1sa van hasonl\u00f3kr\u00f3l, ossza meg vel\u00fcnk! Ha sz\u00fcks\u00e9ge van seg\u00edts\u00e9gre a jelentkez\u00e9shez, vagy tov\u00e1bbi magyarorsz\u00e1gi inform\u00e1ci\u00f3kra k\u00edv\u00e1ncsi, k\u00e9rj\u00fck villanypost\u00e1n keressen fel benn\u00fcnket. \u00d6szt\u00f6nd\u00edjak Egyetemek T\u00e1borok<\/p>\n","protected":false},"author":1,"featured_media":0,"parent":0,"menu_order":70000,"comment_status":"closed","ping_status":"closed","template":"","meta":[],"_links":{"self":[{"href":"https:\/\/omh-ohcc.ca\/hu\/wp-json\/wp\/v2\/pages\/432184"}],"collection":[{"href":"https:\/\/omh-ohcc.ca\/hu\/wp-json\/wp\/v2\/pages"}],"about":[{"href":"https:\/\/omh-ohcc.ca\/hu\/wp-json\/wp\/v2\/types\/page"}],"author":[{"embeddable":true,"href":"https:\/\/omh-ohcc.ca\/hu\/wp-json\/wp\/v2\/users\/1"}],"replies":[{"embeddable":true,"href":"https:\/\/omh-ohcc.ca\/hu\/wp-json\/wp\/v2\/comments?post=432184"}],"version-history":[{"count":0,"href":"https:\/\/omh-ohcc.ca\/hu\/wp-json\/wp\/v2\/pages\/432184\/revisions"}],"wp:attachment":[{"href":"https:\/\/omh-ohcc.ca\/hu\/wp-json\/wp\/v2\/media?parent=432184"}],"curies":[{"name":"wp","href":"https:\/\/api.w.org\/{rel}","templated":true}]}}