{"id":432176,"date":"2016-01-08T13:55:12","date_gmt":"2016-01-08T18:55:12","guid":{"rendered":"http:\/\/omh-ohcc.ca\/hu\/?page_id=432176"},"modified":"2025-11-25T08:16:07","modified_gmt":"2025-11-25T13:16:07","slug":"penteki-etlap","status":"publish","type":"page","link":"https:\/\/omh-ohcc.ca\/hu\/penteki-etlap\/","title":{"rendered":"P\u00e9nteki \u00e9tlap"},"content":{"rendered":"<p><strong>Csak elvitelre<\/strong><\/p>\n<p>15.00 \u2014 17.00 \u00e9telcsomagok felv\u00e9tele<br \/>\n17.00 ut\u00e1n az \u00e9telcsomagokat h\u0171t\u0151szekr\u00e9nybe helyezz\u00fck<br \/>\n<!--\n<strong>Elvitelre \u00e9s helyben fogyaszt\u00e1sra<\/strong>\n\n17.00 \u2014 17.30 \u00e9telcsomagok felv\u00e9tele\n18.00 - 19.00 helyben fogyaszthat\u00f3 vacsora\n--><\/p>\n<p>A k\u00e9sz\u00edtm\u00e9nyeket csak az esem\u00e9nyt k\u00f6zvetlen\u00fcl megel\u0151z\u0151 <strong>cs\u00fct\u00f6rt\u00f6k d\u00e9li 12 \u00f3ra el\u0151tt<\/strong> leadott el\u0151rendel\u00e9sek ellen\u00e9ben tudjuk biztos\u00edtani.<br \/>\n<span style=\"color: red\"><strong>A rendel\u00e9seket lez\u00e1rjuk m\u00e1r a hat\u00e1rid\u0151 lej\u00e1rta el\u0151tt, ha mennyis\u00e9g\u00fck el\u00e9ri a konyha teljes\u00edt\u0151k\u00e9pess\u00e9g\u00e9nek hat\u00e1r\u00e1t. <\/strong><\/span> K\u00f6sz\u00f6nj\u00fck meg\u00e9rt\u00e9s\u00fcket!<br \/>\nAz \u00e9tel el\u0151re csomagoltan ker\u00fcl kiad\u00e1sra, k\u00e9rj\u00fck ne hozzanak \u00e9telhord\u00f3t otthonr\u00f3l. A honlapon sikeresen bek\u00fcld\u00f6tt foglal\u00e1sokat villanyposta \u00fczenet nyugt\u00e1zza. Ha az \u00e9tel\u00e9rt a <img decoding=\"async\" src=\"\/irat\/omh\/payments_at.png\" alt=\"villanyposta c\u00edm\" \/> c\u00edmre k\u00fcld\u00f6tt elektronikus \u00e1tutal\u00e1ssal (e-Transfer) fizetnek, k\u00e9rj\u00fck \u00edrj\u00e1k be a \u201eMessage\u201d mez\u0151be: \u201ep\u00e9ntek elvitelre\u201d \u00e9s az al\u00e1bb olvashat\u00f3 d\u00e1tumot.<\/p>\n<section class=\"latest-post-selection\" id=\"lps-17b078260a0c5bcdceb47b47682597a2\" style=\"\"><article class=\"post-439198 post type-post status-publish format-standard hentry category-penteki_etlap\"><h3 class=\"item-title-tag\">2025. november 28.<\/h3><table style=\"border: none;\">\n<!--\n\n\n<thead><strong>Moldov\u00e1n Gizella<\/strong> hagyom\u00e1nyos magyar konyh\u00e1j\u00e1b\u00f3l:<\/thead>\n\n\n--><\/p>\n<thead>Hagyom\u00e1nyos magyar \u00e9tel:<\/thead>\n<tbody>\n<tr>\n<td style=\"border: none; text-align: center; vertical-align: top;\">\n<div style=\"width: 130px\" class=\"wp-caption aligncenter\"><img decoding=\"async\" class=\"\" src=\"\/kep\/160\/be\/etel\/toltott_kaposzta_tort_krumpli.jpg\" alt=\"f\u0151\u00e9tel\" width=\"160\"\/><p class=\"wp-caption-text\">T\u00f6lt\u00f6tt k\u00e1poszta petrezselymes krumplival<\/p><\/div><\/td>\n<td style=\"border: none; text-align: center; vertical-align: top;\">\n<div style=\"width: 130px\" class=\"wp-caption aligncenter\"><img decoding=\"async\" class=\"\" src=\"\/kep\/160\/be\/sutemeny\/tiramisu-Costco.png\" alt=\"\u00e9tel\" width=\"160\"\/><p class=\"wp-caption-text\">Tiramisu torta szelet<\/p><\/div><\/td>\n<\/tr>\n<\/tbody>\n<\/table>\n<\/article><\/section>\n<p><div style=\"width: 170px\" class=\"wp-caption aligncenter\"><img decoding=\"async\" src=\"\/kep\/160\/be\/ital\/uditok-02.jpg\" alt=\"italok\" width=\"160\" \/><p class=\"wp-caption-text\">\u00dcd\u00edt\u0151k a b\u00e1rban v\u00e1s\u00e1rolhat\u00f3k<\/p><\/div><\/td>\n<h3>\u00c1rjegyz\u00e9k<\/h3>\n<p><!--\n\n\n<h3><span style=\"color:red\">\u00daj \u00e1rjegyz\u00e9k 2023 j\u00falius 1-t\u0151l<\/strong><\/span><\/h3>\n\n\n--><\/p>\n<table>\n<tbody>\n<tr>\n<th style=\"border: none;text-align: right\"><\/th>\n<th style=\"text-align: center\">Feln\u0151tt<\/th>\n<th style=\"text-align: center\">Ifj\u00fa v. di\u00e1k*<\/th>\n<th style=\"text-align: center\">Gyerek<\/th>\n<\/tr>\n<tr>\n<th style=\"text-align: right\">Tag<\/th>\n<td style=\"text-align: center\">$20<\/td>\n<td style=\"text-align: center\">$13<\/td>\n<td style=\"text-align: center\">$9<\/td>\n<\/tr>\n<tr>\n<th style=\"text-align: right\">Vend\u00e9g<\/th>\n<td style=\"text-align: center\">$24<\/td>\n<td style=\"text-align: center\">$16<\/td>\n<td style=\"text-align: center\">$11<\/td>\n<\/tr>\n<\/tbody>\n<\/table>\n<p>* Egyetemi nappali tagozatos hallgat\u00f3 \u00e9rv\u00e9nyes di\u00e1kigazolv\u00e1ny felmutat\u00e1s\u00e1val.<\/p>\n<p><!--\n\n\n<h3><span style=\"color:red\">Sajnos t\u00f6bb rendel\u00e9st nem tudunk elfogadni. K\u00f6sz\u00f6nj\u00fck meg\u00e9rt\u00e9s\u00e9t, visszav\u00e1rjuk a k\u00f6vetkez\u0151 alkalommal.<\/strong><\/span><\/h3>\n\n\n--><\/p>\n<h3>Rendel\u00e9s<\/h3>\n\n<div class=\"wpcf7 no-js\" id=\"wpcf7-f436361-o1\" lang=\"hu-HU\" dir=\"ltr\">\n<div class=\"screen-reader-response\"><p role=\"status\" aria-live=\"polite\" aria-atomic=\"true\"><\/p> <ul><\/ul><\/div>\n<form action=\"\/hu\/wp-json\/wp\/v2\/pages\/432176#wpcf7-f436361-o1\" method=\"post\" class=\"wpcf7-form init\" aria-label=\"Kapcsolatfelv\u00e9teli \u0171rlap\" novalidate=\"novalidate\" data-status=\"init\">\n<div style=\"display: none;\">\n<input type=\"hidden\" name=\"_wpcf7\" value=\"436361\" \/>\n<input type=\"hidden\" name=\"_wpcf7_version\" value=\"5.7.5.1\" \/>\n<input type=\"hidden\" name=\"_wpcf7_locale\" value=\"hu_HU\" \/>\n<input type=\"hidden\" name=\"_wpcf7_unit_tag\" value=\"wpcf7-f436361-o1\" \/>\n<input type=\"hidden\" name=\"_wpcf7_container_post\" value=\"0\" \/>\n<input type=\"hidden\" name=\"_wpcf7_posted_data_hash\" value=\"\" \/>\n<\/div>\n<p><label>Vezet\u00e9kn\u00e9v<sup>*<\/sup> <span class=\"wpcf7-form-control-wrap\" data-name=\"vezetek\"><input size=\"40\" class=\"wpcf7-form-control wpcf7-text wpcf7-validates-as-required\" aria-required=\"true\" aria-invalid=\"false\" value=\"\" type=\"text\" name=\"vezetek\" \/><\/span><\/label><br \/>\n<label>Keresztn\u00e9v<sup>*<\/sup> <span class=\"wpcf7-form-control-wrap\" data-name=\"kereszt\"><input size=\"40\" class=\"wpcf7-form-control wpcf7-text wpcf7-validates-as-required\" aria-required=\"true\" aria-invalid=\"false\" value=\"\" type=\"text\" name=\"kereszt\" \/><\/span><\/label><br \/>\n<label>Email c\u00edm<sup>*<\/sup> <span class=\"wpcf7-form-control-wrap\" data-name=\"email\"><input size=\"40\" class=\"wpcf7-form-control wpcf7-text wpcf7-email wpcf7-validates-as-required wpcf7-validates-as-email\" aria-required=\"true\" aria-invalid=\"false\" value=\"\" type=\"email\" name=\"email\" \/><\/span> <\/label><br \/>\n<label>Telefonsz\u00e1m<sup>*<\/sup> <span class=\"wpcf7-form-control-wrap\" data-name=\"tel\"><input size=\"40\" class=\"wpcf7-form-control wpcf7-text wpcf7-tel wpcf7-validates-as-required wpcf7-validates-as-tel\" aria-required=\"true\" aria-invalid=\"false\" value=\"\" type=\"tel\" name=\"tel\" \/><\/span> <\/label>\n<\/p>\n<h2>Darabsz\u00e1mok:\n<\/h2>\n<table>\n\t<tbody>\n\t\t<tr>\n\t\t\t<th style=\"border: none;\">\n\t\t\t<\/th>\n\t\t\t<th style=\"border: none;\">\n\t\t\t\t<p>Feln\u0151tt<sup>20$<\/sup>\n\t\t\t\t<\/p>\n\t\t\t<\/th>\n\t\t\t<th style=\"border: none;\">\n\t\t\t\t<p>Ifj\u00fa v. di\u00e1k<sup>** 13$<\/sup>\n\t\t\t\t<\/p>\n\t\t\t<\/th>\n\t\t\t<th style=\"border: none;\">\n\t\t\t\t<p>Gyerek<sup>9$<\/sup>\n\t\t\t\t<\/p>\n\t\t\t<\/th>\n\t\t<\/tr>\n\t\t<tr>\n\t\t\t<th style=\"border: none;\">\n\t\t\t\t<p>Tag\n\t\t\t\t<\/p>\n\t\t\t<\/th>\n\t\t\t<td style=\"border: none;\">\n\t\t\t\t<p><span class=\"wpcf7-form-control-wrap\" data-name=\"v1\"><select class=\"wpcf7-form-control wpcf7-select\" aria-invalid=\"false\" name=\"v1\"><option value=\"\">&#8212; K\u00e9rj\u00fck, v\u00e1lasszon egy opci\u00f3t &#8212;<\/option><option value=\"1\">1<\/option><option value=\"2\">2<\/option><option value=\"3\">3<\/option><option value=\"4\">4<\/option><option value=\"5\">5<\/option><\/select><\/span>\n\t\t\t\t<\/p>\n\t\t\t<\/td>\n\t\t\t<td style=\"border: none;\">\n\t\t\t\t<p><span class=\"wpcf7-form-control-wrap\" data-name=\"v2\"><select class=\"wpcf7-form-control wpcf7-select\" aria-invalid=\"false\" name=\"v2\"><option value=\"\">&#8212; K\u00e9rj\u00fck, v\u00e1lasszon egy opci\u00f3t &#8212;<\/option><option value=\"1\">1<\/option><option value=\"2\">2<\/option><option value=\"3\">3<\/option><option value=\"4\">4<\/option><option value=\"5\">5<\/option><\/select><\/span>\n\t\t\t\t<\/p>\n\t\t\t<\/td>\n\t\t\t<td style=\"border: none;\">\n\t\t\t\t<p><span class=\"wpcf7-form-control-wrap\" data-name=\"v3\"><select class=\"wpcf7-form-control wpcf7-select\" aria-invalid=\"false\" name=\"v3\"><option value=\"\">&#8212; K\u00e9rj\u00fck, v\u00e1lasszon egy opci\u00f3t &#8212;<\/option><option value=\"1\">1<\/option><option value=\"2\">2<\/option><option value=\"3\">3<\/option><option value=\"4\">4<\/option><option value=\"5\">5<\/option><\/select><\/span>\n\t\t\t\t<\/p>\n\t\t\t<\/td>\n\t\t<\/tr>\n\t\t<tr>\n\t\t\t<th style=\"border: none;\">\n\t\t\t<\/th>\n\t\t\t<th style=\"border: none;\">\n\t\t\t\t<p>Feln\u0151tt<sup>24$<\/sup>\n\t\t\t\t<\/p>\n\t\t\t<\/th>\n\t\t\t<th style=\"border: none;\">\n\t\t\t\t<p>Ifj\u00fa v. di\u00e1k<sup>** 16$<\/sup>\n\t\t\t\t<\/p>\n\t\t\t<\/th>\n\t\t\t<th style=\"border: none;\">\n\t\t\t\t<p>Gyerek<sup>11$<\/sup>\n\t\t\t\t<\/p>\n\t\t\t<\/th>\n\t\t<\/tr>\n\t\t<tr>\n\t\t\t<th style=\"border: none;\">\n\t\t\t\t<p>Vend\u00e9g\n\t\t\t\t<\/p>\n\t\t\t<\/th>\n\t\t\t<td style=\"border: none;\">\n\t\t\t\t<p><span class=\"wpcf7-form-control-wrap\" data-name=\"w1\"><select class=\"wpcf7-form-control wpcf7-select\" aria-invalid=\"false\" name=\"w1\"><option value=\"\">&#8212; K\u00e9rj\u00fck, v\u00e1lasszon egy opci\u00f3t &#8212;<\/option><option value=\"1\">1<\/option><option value=\"2\">2<\/option><option value=\"3\">3<\/option><option value=\"4\">4<\/option><option value=\"5\">5<\/option><option value=\"6\">6<\/option><option value=\"7\">7<\/option><option value=\"8\">8<\/option><option value=\"9\">9<\/option><option value=\"10\">10<\/option><\/select><\/span>\n\t\t\t\t<\/p>\n\t\t\t<\/td>\n\t\t\t<td style=\"border: none;\">\n\t\t\t\t<p><span class=\"wpcf7-form-control-wrap\" data-name=\"w2\"><select class=\"wpcf7-form-control wpcf7-select\" aria-invalid=\"false\" name=\"w2\"><option value=\"\">&#8212; K\u00e9rj\u00fck, v\u00e1lasszon egy opci\u00f3t &#8212;<\/option><option value=\"1\">1<\/option><option value=\"2\">2<\/option><option value=\"3\">3<\/option><option value=\"4\">4<\/option><option value=\"5\">5<\/option><option value=\"6\">6<\/option><option value=\"7\">7<\/option><option value=\"8\">8<\/option><option value=\"9\">9<\/option><option value=\"10\">10<\/option><\/select><\/span>\n\t\t\t\t<\/p>\n\t\t\t<\/td>\n\t\t\t<td style=\"border: none;\">\n\t\t\t\t<p><span class=\"wpcf7-form-control-wrap\" data-name=\"w3\"><select class=\"wpcf7-form-control wpcf7-select\" aria-invalid=\"false\" name=\"w3\"><option value=\"\">&#8212; K\u00e9rj\u00fck, v\u00e1lasszon egy opci\u00f3t &#8212;<\/option><option value=\"1\">1<\/option><option value=\"2\">2<\/option><option value=\"3\">3<\/option><option value=\"4\">4<\/option><option value=\"5\">5<\/option><option value=\"6\">6<\/option><option value=\"7\">7<\/option><option value=\"8\">8<\/option><option value=\"9\">9<\/option><option value=\"10\">10<\/option><\/select><\/span>\n\t\t\t\t<\/p>\n\t\t\t<\/td>\n\t\t<\/tr>\n\t<\/tbody>\n<\/table>\n<p><label>Megjegyz\u00e9s <span class=\"wpcf7-form-control-wrap\" data-name=\"megjegyzes\"><textarea cols=\"40\" rows=\"10\" class=\"wpcf7-form-control wpcf7-textarea\" aria-invalid=\"false\" name=\"megjegyzes\"><\/textarea><\/span> <\/label>\n<\/p>\n<p>Bek\u00fcld\u00e9st enged\u00e9lyez\u0151 k\u00e9rd\u00e9s<sup>*<\/sup>:\n<\/p>\n<p><span class=\"wpcf7-form-control-wrap\" data-name=\"kapus\"><label><span class=\"wpcf7-quiz-label\">Kanada f\u0151v\u00e1rosa...<\/span> <input size=\"40\" class=\"wpcf7-form-control wpcf7-quiz\" autocomplete=\"off\" aria-required=\"true\" aria-invalid=\"false\" type=\"text\" name=\"kapus\" \/><\/label><input type=\"hidden\" name=\"_wpcf7_quiz_answer_kapus\" value=\"3ed29094369f415368fb2ade276a3205\" \/><\/span><br \/>\n<sup>*<\/sup> K\u00f6telez\u0151 mez\u0151k.<br \/>\n<sup>**<\/sup> \u00c9rv\u00e9nyes di\u00e1kigazolv\u00e1ny felmutat\u00e1s\u00e1val.<br \/>\n<input class=\"wpcf7-form-control has-spinner wpcf7-submit\" type=\"submit\" value=\"K\u00fcld\u00e9s\" \/>\n<\/p><div class=\"wpcf7-response-output\" aria-hidden=\"true\"><\/div>\n<\/form>\n<\/div>\n\n","protected":false},"excerpt":{"rendered":"<p>Csak elvitelre 15.00 \u2014 17.00 \u00e9telcsomagok felv\u00e9tele 17.00 ut\u00e1n az \u00e9telcsomagokat h\u0171t\u0151szekr\u00e9nybe helyezz\u00fck A k\u00e9sz\u00edtm\u00e9nyeket csak az esem\u00e9nyt k\u00f6zvetlen\u00fcl megel\u0151z\u0151 cs\u00fct\u00f6rt\u00f6k d\u00e9li 12 \u00f3ra el\u0151tt leadott el\u0151rendel\u00e9sek ellen\u00e9ben tudjuk biztos\u00edtani. A rendel\u00e9seket lez\u00e1rjuk m\u00e1r a hat\u00e1rid\u0151 lej\u00e1rta el\u0151tt, ha mennyis\u00e9g\u00fck el\u00e9ri a konyha teljes\u00edt\u0151k\u00e9pess\u00e9g\u00e9nek hat\u00e1r\u00e1t. K\u00f6sz\u00f6nj\u00fck meg\u00e9rt\u00e9s\u00fcket! Az \u00e9tel el\u0151re csomagoltan ker\u00fcl kiad\u00e1sra, k\u00e9rj\u00fck ne [&hellip;]<\/p>\n","protected":false},"author":1,"featured_media":0,"parent":0,"menu_order":20000,"comment_status":"closed","ping_status":"closed","template":"","meta":[],"_links":{"self":[{"href":"https:\/\/omh-ohcc.ca\/hu\/wp-json\/wp\/v2\/pages\/432176"}],"collection":[{"href":"https:\/\/omh-ohcc.ca\/hu\/wp-json\/wp\/v2\/pages"}],"about":[{"href":"https:\/\/omh-ohcc.ca\/hu\/wp-json\/wp\/v2\/types\/page"}],"author":[{"embeddable":true,"href":"https:\/\/omh-ohcc.ca\/hu\/wp-json\/wp\/v2\/users\/1"}],"replies":[{"embeddable":true,"href":"https:\/\/omh-ohcc.ca\/hu\/wp-json\/wp\/v2\/comments?post=432176"}],"version-history":[{"count":159,"href":"https:\/\/omh-ohcc.ca\/hu\/wp-json\/wp\/v2\/pages\/432176\/revisions"}],"predecessor-version":[{"id":439214,"href":"https:\/\/omh-ohcc.ca\/hu\/wp-json\/wp\/v2\/pages\/432176\/revisions\/439214"}],"wp:attachment":[{"href":"https:\/\/omh-ohcc.ca\/hu\/wp-json\/wp\/v2\/media?parent=432176"}],"curies":[{"name":"wp","href":"https:\/\/api.w.org\/{rel}","templated":true}]}}