{"id":431985,"date":"2015-12-27T23:47:27","date_gmt":"2015-12-28T04:47:27","guid":{"rendered":"http:\/\/omh-ohcc.ca\/hu\/?page_id=431985"},"modified":"2016-10-27T14:05:22","modified_gmt":"2016-10-27T18:05:22","slug":"filmes-kronika-reszletesen","status":"publish","type":"page","link":"https:\/\/omh-ohcc.ca\/hu\/archivumok\/filmes-kronika-reszletesen\/","title":{"rendered":"Filmes kr\u00f3nika \u2013 R\u00e9szletesen"},"content":{"rendered":"<!-- lps\/start --><div id=\"lps-36d40a4d239cff4f7de9f6dc295d1cc5-wrap\" data-args=\"{&quot;ver&quot;:1,&quot;perpage&quot;:&quot;1&quot;,&quot;type&quot;:&quot;post&quot;,&quot;chrlimit&quot;:120,&quot;display&quot;:&quot;title,content&quot;,&quot;url&quot;:&quot;yes&quot;,&quot;elements&quot;:&quot;5&quot;,&quot;show_extra&quot;:&quot;tags,ajax_pagination&quot;,&quot;status&quot;:&quot;publish&quot;,&quot;orderby&quot;:&quot;dateD&quot;,&quot;taxonomy&quot;:&quot;category&quot;,&quot;term&quot;:&quot;filmes_kronika&quot;,&quot;showpages&quot;:&quot;10&quot;,&quot;total_text&quot;:&quot;Total items: %d&quot;,&quot;pagespos&quot;:&quot;2&quot;}\" data-current=\"431985\" class=\"lps-top-section-wrap\" data-url=\"https:\/\/omh-ohcc.ca\/hu\/wp-json\/wp\/v2\/pages\/431985\"><div class=\"before lps-pagination-wrap \"><ul class=\"latest-post-selection pages  lps-36d40a4d239cff4f7de9f6dc295d1cc5\"><li class=\"pages-info\">Page 1 of 107<\/li><li class=\"go-to-first disabled\"><a class=\"page-item\" data-page=\"1\" title=\"First\">&lsaquo;&nbsp;<\/a><\/li><li class=\"go-to-prev disabled\"><a class=\"page-item\" data-page=\"1\" title=\"Previous\">&laquo;<\/a><\/li><li class=\"current\"><a class=\"page-item\" href=\"https:\/\/omh-ohcc.ca\/hu\/wp-json\/wp\/v2\/pages\/431985\" data-page=\"1\" title=\"First\">1<\/a><\/li><li><a class=\"page-item\" href=\"https:\/\/omh-ohcc.ca\/hu\/wp-json\/wp\/v2\/pages\/431985\/page\/2\/\" data-page=\"2\" title=\"Page 2\">2<\/a><\/li><li><a class=\"page-item\" href=\"https:\/\/omh-ohcc.ca\/hu\/wp-json\/wp\/v2\/pages\/431985\/page\/3\/\" data-page=\"3\" title=\"Page 3\">3<\/a><\/li><li><a class=\"page-item\" href=\"https:\/\/omh-ohcc.ca\/hu\/wp-json\/wp\/v2\/pages\/431985\/page\/4\/\" data-page=\"4\" title=\"Page 4\">4<\/a><\/li><li><a class=\"page-item\" href=\"https:\/\/omh-ohcc.ca\/hu\/wp-json\/wp\/v2\/pages\/431985\/page\/5\/\" data-page=\"5\" title=\"Page 5\">5<\/a><\/li><li><a class=\"page-item\" href=\"https:\/\/omh-ohcc.ca\/hu\/wp-json\/wp\/v2\/pages\/431985\/page\/6\/\" data-page=\"6\" title=\"Page 6\">6<\/a><\/li><li><a class=\"page-item\" href=\"https:\/\/omh-ohcc.ca\/hu\/wp-json\/wp\/v2\/pages\/431985\/page\/7\/\" data-page=\"7\" title=\"Page 7\">7<\/a><\/li><li><a class=\"page-item\" href=\"https:\/\/omh-ohcc.ca\/hu\/wp-json\/wp\/v2\/pages\/431985\/page\/8\/\" data-page=\"8\" title=\"Page 8\">8<\/a><\/li><li><a class=\"page-item\" href=\"https:\/\/omh-ohcc.ca\/hu\/wp-json\/wp\/v2\/pages\/431985\/page\/9\/\" data-page=\"9\" title=\"Page 9\">9<\/a><\/li><li><a class=\"page-item\" href=\"https:\/\/omh-ohcc.ca\/hu\/wp-json\/wp\/v2\/pages\/431985\/page\/10\/\" data-page=\"10\" title=\"Page 10\">10<\/a><\/li><li class=\"go-to-next\"><a class=\"page-item\" href=\"https:\/\/omh-ohcc.ca\/hu\/wp-json\/wp\/v2\/pages\/431985\/page\/2\/\" data-page=\"2\" title=\"Next\">&raquo;<\/a><\/li><li class=\"go-to-last\"><a class=\"page-item\" href=\"https:\/\/omh-ohcc.ca\/hu\/wp-json\/wp\/v2\/pages\/431985\/page\/107\/\" data-page=\"107\" title=\"Last\">&nbsp;&rsaquo;<\/a><\/li><\/ul><\/div><section class=\"latest-post-selection ajax_pagination\" id=\"lps-36d40a4d239cff4f7de9f6dc295d1cc5\" style=\"\"><article class=\"post-436215 post type-post status-publish format-standard hentry category-filmes_kronika category-omh-rtv\"><h3 class=\"item-title-tag\">Padl\u00f3fel\u00faj\u00edt\u00e1s<\/h3><p>ELK\u00c9SZ\u00dcLT A MAGYAR H\u00c1Z PADL\u00d3J\u00c1NAK FEL\u00daJ\u00cdT\u00c1SA!<br \/>\nMint jelentett\u00fck, a H\u00e1z k\u00e9nyszer\u0171 bez\u00e1r\u00e1sa alkalmat adott arra, hogy a r\u00e9gen esed\u00e9kes padl\u00f3fel\u00faj\u00edt\u00e1st saj\u00e1t er\u0151b\u0151l elv\u00e9gezz\u00fck. Felv\u00e9teleinken nyomon k\u00f6vethetik a munka folyamat\u00e1t \u00e9s az els\u0151 alkalmat, amikor a tags\u00e1g megn\u00e9zhette munk\u00e1nk eredm\u00e9ny\u00e9t.<\/p>\n<p>&nbsp;<\/p>\n<table>\n<tbody>\n<tr>\n<td><iframe loading=\"lazy\" width=\"400\" height=\"225\" src=\"https:\/\/www.youtube.com\/embed\/Xg_GY2vYQeA?feature=oembed\" frameborder=\"0\" allow=\"accelerometer; autoplay; encrypted-media; gyroscope; picture-in-picture\" allowfullscreen><\/iframe><\/td>\n<\/tr>\n<\/tbody>\n<\/table>\n<table>\n<tbody>\n<tr>\n<td><iframe loading=\"lazy\" width=\"400\" height=\"225\" src=\"https:\/\/www.youtube.com\/embed\/sb2Z-XZZA5Q?feature=oembed\" frameborder=\"0\" allow=\"accelerometer; autoplay; encrypted-media; gyroscope; picture-in-picture\" allowfullscreen><\/iframe><\/td>\n<\/tr>\n<\/tbody>\n<\/table>\n<table>\n<tbody>\n<tr>\n<td><iframe loading=\"lazy\" width=\"400\" height=\"225\" src=\"https:\/\/www.youtube.com\/embed\/fd37r-uVu6U?feature=oembed\" frameborder=\"0\" allow=\"accelerometer; autoplay; encrypted-media; gyroscope; picture-in-picture\" allowfullscreen><\/iframe><\/td>\n<\/tr>\n<\/tbody>\n<\/table>\n<p><em>(Finta G\u00e1bor felv\u00e9telei)\u00a0<\/em><\/p>\n<a href=\"https:\/\/omh-ohcc.ca\/hu\/padlofelujitas\/\" class=\"read-more\" title=\"Padl\u00f3fel\u00faj\u00edt\u00e1s\"><\/a><\/article><\/section><div class=\"after lps-pagination-wrap \"><ul class=\"latest-post-selection pages  lps-36d40a4d239cff4f7de9f6dc295d1cc5\"><li class=\"pages-info\">Page 1 of 107<\/li><li class=\"go-to-first disabled\"><a class=\"page-item\" data-page=\"1\" title=\"First\">&lsaquo;&nbsp;<\/a><\/li><li class=\"go-to-prev disabled\"><a class=\"page-item\" data-page=\"1\" title=\"Previous\">&laquo;<\/a><\/li><li class=\"current\"><a class=\"page-item\" href=\"https:\/\/omh-ohcc.ca\/hu\/wp-json\/wp\/v2\/pages\/431985\" data-page=\"1\" title=\"First\">1<\/a><\/li><li><a class=\"page-item\" href=\"https:\/\/omh-ohcc.ca\/hu\/wp-json\/wp\/v2\/pages\/431985\/page\/2\/\" data-page=\"2\" title=\"Page 2\">2<\/a><\/li><li><a class=\"page-item\" href=\"https:\/\/omh-ohcc.ca\/hu\/wp-json\/wp\/v2\/pages\/431985\/page\/3\/\" data-page=\"3\" title=\"Page 3\">3<\/a><\/li><li><a class=\"page-item\" href=\"https:\/\/omh-ohcc.ca\/hu\/wp-json\/wp\/v2\/pages\/431985\/page\/4\/\" data-page=\"4\" title=\"Page 4\">4<\/a><\/li><li><a class=\"page-item\" href=\"https:\/\/omh-ohcc.ca\/hu\/wp-json\/wp\/v2\/pages\/431985\/page\/5\/\" data-page=\"5\" title=\"Page 5\">5<\/a><\/li><li><a class=\"page-item\" href=\"https:\/\/omh-ohcc.ca\/hu\/wp-json\/wp\/v2\/pages\/431985\/page\/6\/\" data-page=\"6\" title=\"Page 6\">6<\/a><\/li><li><a class=\"page-item\" href=\"https:\/\/omh-ohcc.ca\/hu\/wp-json\/wp\/v2\/pages\/431985\/page\/7\/\" data-page=\"7\" title=\"Page 7\">7<\/a><\/li><li><a class=\"page-item\" href=\"https:\/\/omh-ohcc.ca\/hu\/wp-json\/wp\/v2\/pages\/431985\/page\/8\/\" data-page=\"8\" title=\"Page 8\">8<\/a><\/li><li><a class=\"page-item\" href=\"https:\/\/omh-ohcc.ca\/hu\/wp-json\/wp\/v2\/pages\/431985\/page\/9\/\" data-page=\"9\" title=\"Page 9\">9<\/a><\/li><li><a class=\"page-item\" href=\"https:\/\/omh-ohcc.ca\/hu\/wp-json\/wp\/v2\/pages\/431985\/page\/10\/\" data-page=\"10\" title=\"Page 10\">10<\/a><\/li><li class=\"go-to-next\"><a class=\"page-item\" href=\"https:\/\/omh-ohcc.ca\/hu\/wp-json\/wp\/v2\/pages\/431985\/page\/2\/\" data-page=\"2\" title=\"Next\">&raquo;<\/a><\/li><li class=\"go-to-last\"><a class=\"page-item\" href=\"https:\/\/omh-ohcc.ca\/hu\/wp-json\/wp\/v2\/pages\/431985\/page\/107\/\" data-page=\"107\" title=\"Last\">&nbsp;&rsaquo;<\/a><\/li><\/ul><\/div><\/div><!-- lps\/end -->\n","protected":false},"excerpt":{"rendered":"","protected":false},"author":1,"featured_media":0,"parent":432192,"menu_order":41001,"comment_status":"closed","ping_status":"closed","template":"","meta":[],"_links":{"self":[{"href":"https:\/\/omh-ohcc.ca\/hu\/wp-json\/wp\/v2\/pages\/431985"}],"collection":[{"href":"https:\/\/omh-ohcc.ca\/hu\/wp-json\/wp\/v2\/pages"}],"about":[{"href":"https:\/\/omh-ohcc.ca\/hu\/wp-json\/wp\/v2\/types\/page"}],"author":[{"embeddable":true,"href":"https:\/\/omh-ohcc.ca\/hu\/wp-json\/wp\/v2\/users\/1"}],"replies":[{"embeddable":true,"href":"https:\/\/omh-ohcc.ca\/hu\/wp-json\/wp\/v2\/comments?post=431985"}],"version-history":[{"count":0,"href":"https:\/\/omh-ohcc.ca\/hu\/wp-json\/wp\/v2\/pages\/431985\/revisions"}],"up":[{"embeddable":true,"href":"https:\/\/omh-ohcc.ca\/hu\/wp-json\/wp\/v2\/pages\/432192"}],"wp:attachment":[{"href":"https:\/\/omh-ohcc.ca\/hu\/wp-json\/wp\/v2\/media?parent=431985"}],"curies":[{"name":"wp","href":"https:\/\/api.w.org\/{rel}","templated":true}]}}