{"id":34,"date":"2015-12-17T02:40:15","date_gmt":"2015-12-17T07:40:15","guid":{"rendered":"http:\/\/omh-ohcc.ca\/hu\/?page_id=34"},"modified":"2021-05-27T21:19:20","modified_gmt":"2021-05-28T01:19:20","slug":"rolunk","status":"publish","type":"page","link":"https:\/\/omh-ohcc.ca\/hu\/rolunk\/","title":{"rendered":"R\u00f3lunk"},"content":{"rendered":"<h3>C\u00e9lunk<\/h3>\n<ul style=\"list-style-type: disc;\">\n<li>A f\u0151v\u00e1ros magyars\u00e1g\u00e1nak k\u00f6z\u00f6ss\u00e9gi otthont biztos\u00edtunk<\/li>\n<li>Seg\u00edtj\u00fck a magyar nemzeti hovatartoz\u00e1s, a kult\u00fara, a nyelv \u00e9s hagyom\u00e1nyok meg\u0151rz\u00e9s\u00e9t Kanad\u00e1ban<\/li>\n<li>Egy\u00fcttm\u0171k\u00f6d\u00fcnk kanadai magyar szervezetekkel, gazdas\u00e1gi, tudom\u00e1nyos, m\u0171v\u00e9szeti, hivat\u00e1sos \u00e9s amat\u0151r csoportokkal<\/li>\n<li>A vil\u00e1g magyars\u00e1g\u00e1val kapcsolatot tartunk<\/li>\n<li>\u00daj magyar emigr\u00e1nsok leteleped\u00e9s\u00e9t seg\u00edtj\u00fck a f\u0151v\u00e1rosban<\/li>\n<li>Tev\u00e9kenyen r\u00e9szt vesz\u00fcnk Kanada multikult\u00far\u00e1lis \u00e9let\u00e9ben \u00e9s meg\u0151rizz\u00fcka kanadai \u00e9rt\u00e9keket.<\/li>\n<\/ul>\n<h3>R\u00f6viden a h\u00e1zr\u00f3l<\/h3>\n<p>Az Ottawai Magyar H\u00e1z egy hivatalosan bejegyzett <a href=\"https:\/\/www.ic.gc.ca\/app\/scr\/cc\/CorporationsCanada\/fdrlCrpDtls.html?corpId=237507&amp;V_TOKEN=1450360104317&amp;crpNm=Ottawa%20hungarian%20community%20centre&amp;crpNmbr=&amp;bsNmbr=\">kanadai jogi szem\u00e9ly<\/a>.<\/p>\n<p>Az Ottawai Magyar H\u00e1z (OMH) a kanadai f\u0151v\u00e1rosban \u00e9s annak k\u00f6rny\u00e9k\u00e9n \u00e9l\u0151 magyars\u00e1g r\u00e9sz\u00e9re ny\u00fajt kultur\u00e1lis, m\u0171vel\u0151d\u00e9si \u00e9s sz\u00f3rakoz\u00e1si lehet\u0151s\u00e9get.<\/p>\n<p>A vezet\u0151s\u00e9g, azaz Igazgat\u00f3i Tan\u00e1cs, \u00e1ltal \u00f6ssze\u00e1ll\u00edtott rendezv\u00e9nyeken a helybeli amat\u0151r csoportok, n\u00e9pit\u00e1nc egy\u00fcttesek, sz\u00ednj\u00e1tsz\u00f3 k\u00f6r\u00f6k \u00e9s zenekarok, valamint Magyarorsz\u00e1gr\u00f3l \u00e9s m\u00e1s, magyarlakta ter\u00fcletekr\u0151l \u00e9rkez\u0151 m\u0171v\u00e9szek \u00e9s egy\u00fcttesek szerepelnek.<\/p>\n<div style=\"width: 259px\" class=\"wp-caption alignleft\"><img decoding=\"async\" loading=\"lazy\" class=\"\" src=\"\/kep\/be\/omh\/konyvtar-1.jpg\" alt=\"Az OMH k\u00f6nyvt\u00e1ra\" width=\"249\" height=\"179\" \/><p class=\"wp-caption-text\">Az OMH k\u00f6nyvt\u00e1ra<\/p><\/div>\n<p>A k\u00f6zel 4000 k\u00f6tettel rendelkez\u0151 k\u00f6nyvt\u00e1r a k\u00f6lcs\u00f6nz\u00e9sen k\u00edv\u00fcl magyar nyelv tanfolyamoknak, irodalmi est\u00e9knek \u00e9s tudom\u00e1nyos el\u0151ad\u00e1soknak ad otthont.<\/p>\n<p>Az OMH m\u0171k\u00f6d\u00e9se a 2013. m\u00e1rcius 3-\u00e1n megszavazott \u00e9s 2013. m\u00e1rcius 7-\u00e9n beiktatott sz\u00e1nd\u00e9knyilatkozat\u00e1n \u00e9s alapszab\u00e1ly\u00e1n alapszik. Az\u00f3ta az ut\u00f3bbi\u00a0m\u00e9g fejl\u0151d\u00f6tt \u00e9s b\u0151v\u00fclt. Jelenleg a 2021. m\u00e1rcius 21-\u00e9n megszavazott \u00e9s beiktatott 11-es sorsz\u00e1m\u00fa alapszab\u00e1ly van \u00e9rv\u00e9nyben. Nyomtatott form\u00e1jukban a H\u00e1z k\u00f6nyvt\u00e1r\u00e1ban tal\u00e1lhat\u00f3k meg a nagyk\u00f6z\u00f6ns\u00e9g sz\u00e1m\u00e1ra, a tagjaik pedig saj\u00e1t p\u00e9ld\u00e1nyt is kaphatnak amennyiben azt ig\u00e9nylik. A honlapunkr\u00f3l is let\u00f6lthet\u0151k a <a href=\"\/hu\/rolunk\/tagsag\/\">Tags\u00e1gi viszony<\/a>\u00a0 oldalunkr\u00f3l. Mivel mind a sz\u00e1nd\u00e9knyilatkozat, mind az alapszab\u00e1ly\u00a0kanadai hivatalos irat, egyel\u0151re csak angol nyelven l\u00e9teznek de a magyar nyelvre val\u00f3 ford\u00edt\u00e1suk is folyamatban van.<\/p>\n","protected":false},"excerpt":{"rendered":"<p>C\u00e9lunk A f\u0151v\u00e1ros magyars\u00e1g\u00e1nak k\u00f6z\u00f6ss\u00e9gi otthont biztos\u00edtunk Seg\u00edtj\u00fck a magyar nemzeti hovatartoz\u00e1s, a kult\u00fara, a nyelv \u00e9s hagyom\u00e1nyok meg\u0151rz\u00e9s\u00e9t Kanad\u00e1ban Egy\u00fcttm\u0171k\u00f6d\u00fcnk kanadai magyar szervezetekkel, gazdas\u00e1gi, tudom\u00e1nyos, m\u0171v\u00e9szeti, hivat\u00e1sos \u00e9s amat\u0151r csoportokkal A vil\u00e1g magyars\u00e1g\u00e1val kapcsolatot tartunk \u00daj magyar emigr\u00e1nsok leteleped\u00e9s\u00e9t seg\u00edtj\u00fck a f\u0151v\u00e1rosban Tev\u00e9kenyen r\u00e9szt vesz\u00fcnk Kanada multikult\u00far\u00e1lis \u00e9let\u00e9ben \u00e9s meg\u0151rizz\u00fcka kanadai \u00e9rt\u00e9keket. R\u00f6viden a [&hellip;]<\/p>\n","protected":false},"author":1,"featured_media":0,"parent":0,"menu_order":80000,"comment_status":"closed","ping_status":"closed","template":"","meta":[],"_links":{"self":[{"href":"https:\/\/omh-ohcc.ca\/hu\/wp-json\/wp\/v2\/pages\/34"}],"collection":[{"href":"https:\/\/omh-ohcc.ca\/hu\/wp-json\/wp\/v2\/pages"}],"about":[{"href":"https:\/\/omh-ohcc.ca\/hu\/wp-json\/wp\/v2\/types\/page"}],"author":[{"embeddable":true,"href":"https:\/\/omh-ohcc.ca\/hu\/wp-json\/wp\/v2\/users\/1"}],"replies":[{"embeddable":true,"href":"https:\/\/omh-ohcc.ca\/hu\/wp-json\/wp\/v2\/comments?post=34"}],"version-history":[{"count":1,"href":"https:\/\/omh-ohcc.ca\/hu\/wp-json\/wp\/v2\/pages\/34\/revisions"}],"predecessor-version":[{"id":439123,"href":"https:\/\/omh-ohcc.ca\/hu\/wp-json\/wp\/v2\/pages\/34\/revisions\/439123"}],"wp:attachment":[{"href":"https:\/\/omh-ohcc.ca\/hu\/wp-json\/wp\/v2\/media?parent=34"}],"curies":[{"name":"wp","href":"https:\/\/api.w.org\/{rel}","templated":true}]}}