{"id":2,"date":"2015-12-16T00:00:22","date_gmt":"2015-12-16T05:00:22","guid":{"rendered":"http:\/\/omh-ohcc.ca\/hu\/?page_id=2"},"modified":"2020-10-03T20:40:54","modified_gmt":"2020-10-04T00:40:54","slug":"udvozoljuk-honlapunkon","status":"publish","type":"page","link":"https:\/\/omh-ohcc.ca\/hu\/","title":{"rendered":"\u00dcdv\u00f6z\u00f6lj\u00fck honlapunkon!"},"content":{"rendered":"<table style=\"border: none;\">\n<tbody>\n<tr>\n<td style=\"border: none;\"><img decoding=\"async\" class=\"aligncenter\" src=\"\/kep\/160\/be\/targy\/egyeb\/virag-005.jpg\" alt=\"vir\u00e1g\" width=\"80\" \/><\/td>\n<td style=\"border: none;\"><script>\/\/ <![CDATA[\nfunction initArray() {\n  this.length = initArray.arguments.length\n  for (var i = 0; i < this.length; i++)\n  this[i+1] = initArray.arguments[i];\n}\n\nfunction honev(ho) {\nvar month = new initArray(\"janu\u00e1r\", \"febru\u00e1r\", \"m\u00e1rcius\", \"\u00e1prilis\", \"m\u00e1jus\", \"j\u00fanius\", \"j\u00falius\", \"augusztus\", \"szeptember\", \"okt\u00f3ber\", \"november\", \"december\");\nreturn month[ho];\n}\n\nfunction napnev(szam) {\nvar napok = new initArray(\"vas\u00e1rnap\", \"h\u00e9tfo\", \"kedd\", \"szerda\", \"cs\u00fct\u00f6rt\u00f6k\", \"p\u00e9ntek\", \"szombat\", \"vas\u00e1rnap\")\nreturn napok[szam];\n}\n\nvar ido = new Date()\nvar ev = ido.getYear()\nif (ev<2000) ev=ev+1900\nvar ho = ido.getMonth()+1\nvar nap = ido.getDate()\n\ndocument.writeln('<font color=\"#000000\" face=\"ms sans serif, arial, verdana\" size=\"3\">' + ev + '. ' + honev(ho) + ' ' + nap + '. ' + napnev(ido.getDay()+1) + '<\/font>')\n\/\/ ]]><\/script><\/p>\n<p><script>\/\/ <![CDATA[\nfunction initArray() {\n  this.length = initArray.arguments.length\n  for (var i = 0; i < this.length; i++)\n  this[i+1] = initArray.arguments[i];\n}\n\nfunction havinev(ev, ho, nap) {\nif (ho==1)\n  { var napok = new initArray(\"\u00daj\u00e9v, Fruzsina\", \"\u00c1bel\", \"Genov\u00e9va, Benj\u00e1min\", \"Titusz, Leona\",\n\t\"Simon\", \"Boldizs\u00e1r\", \"Attila, Ram\u00f3na\", \"Gy\u00f6ngyv\u00e9r\", \"Marcell\",\n\t\"Mel\u00e1nia\", \"\u00c1gota\", \"Erno\", \"Veronika\", \"B\u00f3dog\", \"L\u00f3r\u00e1nt, Lor\u00e1nd\",\n\t\"Guszt\u00e1v\", \"Antal, Ant\u00f3nia\", \"Piroska\", \"S\u00e1ra, M\u00e1ri\u00f3\", \"F\u00e1bi\u00e1n, Sebesty\u00e9n\",\n\t\"\u00c1gnes\", \"Vince, Art\u00far\", \"Zelma, Rajmund\", \"Tim\u00f3t\", \"P\u00e1l\", \"Vanda, Paula\",\n\t\"Angelika\", \"K\u00e1roly, Karola\", \"Ad\u00e9l\", \"Martina, Gerda\", \"Marcella\", \"Ign\u00e1c\") }\nif (ho==2)\n  if (0)\n    { var napok=new initArray(\"Ign\u00e1c\", \"Karolina, Aida\", \"Bal\u00e1zs\", \"R\u00e1hel, Csenge\", \"\u00c1gota, Ingrid\",\n\t\"Dorottya, D\u00f3ra\", \"T\u00f3dor, R\u00f3me\u00f3\", \"Aranka\", \"Abig\u00e9l, Alex\", \"Elvira\",\n\t\"Bertold, Marietta\", \"L\u00edvia, L\u00eddia\", \"Ella, Linda\", \"B\u00e1lint, Valentin\",\n\t\"Kolos, Georgina\", \"Julianna, Lilla\", \"Don\u00e1t\", \"Bernadett\", \"Zsuzsanna\",\n\t\"Alad\u00e1r, \u00c1lmos\", \"Eleon\u00f3ra\", \"Gerzson\", \"Alfr\u00e9d\",\n\t\"M\u00e1ty\u00e1s\", \"G\u00e9za\", \"Edina\", \"\u00c1kos, B\u00e1tor\", \"Elem\u00e9r\", \"Albin\")  }\n     else\n    { var napok=new initArray(\"Ign\u00e1c\", \"Karolina, Aida\", \"Bal\u00e1zs\", \"R\u00e1hel, Csenge\", \"\u00c1gota, Ingrid\",\n\t\"Dorottya, D\u00f3ra\", \"T\u00f3dor, R\u00f3me\u00f3\", \"Aranka\", \"Abig\u00e9l, Alex\", \"Elvira\",\n\t\"Bertold, Marietta\", \"L\u00edvia, L\u00eddia\", \"Ella, Linda\", \"B\u00e1lint, Valentin\",\n\t\"Kolos, Georgina\", \"Julianna, Lilla\", \"Don\u00e1t\", \"Bernadett\", \"Zsuzsanna\",\n\t\"Alad\u00e1r, \u00c1lmos\", \"Eleon\u00f3ra\", \"Gerzson\", \"Alfr\u00e9d\",\n\t\"Sz\u00f6k\u0151nap\", \"M\u00e1ty\u00e1s\", \"G\u00e9za\", \"Edina\", \"\u00c1kos, B\u00e1tor\", \"Elem\u00e9r\", \"Albin\") }\nif (ho==3)\n  { var napok=new initArray(\"Albin\", \"Lujza\", \"Korn\u00e9lia\", \"K\u00e1zm\u00e9r\", \"Adorj\u00e1n, Adri\u00e1n\", \"Leon\u00f3ra, Inez\",\n\t\"Tam\u00e1s\", \"nemzetk\u00f6zi n\u0151nap, Zolt\u00e1n\", \"Franciska, Fanni\", \"Ildik\u00f3\", \"Szil\u00e1rd\",\n\t\"Gergely\", \"Kriszti\u00e1n, Ajtony\", \"Matild\", \"Nemzeti \u00dcnnep, Krist\u00f3f\",\n\t\"Henrietta\", \"Gertr\u00fad, Patrik\", \"S\u00e1ndor, Ede\", \"J\u00f3zsef, B\u00e1nk\", \"Klaudia\",\n\t\"Benedek\", \"Be\u00e1ta, Izolda\", \"Emoke\", \"G\u00e1bor, Karina\", \"Ir\u00e9n, Irisz\",\n\t\"Em\u00e1nuel\", \"Hajnalka\", \"Gedeon, Johanna\", \"Auguszta\", \"Zal\u00e1n\", \"\u00c1rp\u00e1d\", \"Hug\u00f3\") }\nif (ho==4)\n  { var napok=new initArray(\"Hug\u00f3\", \"\u00c1ron\", \"Buda, Rich\u00e1rd\", \"Izidor\", \"Vince\", \"Vilmos, B\u00edborka\",\n\t\"Herman\", \"D\u00e9nes\", \"Erhard\", \"Zsolt\", \"Le\u00f3, Szaniszl\u00f3\", \"Gyula\", \"Ida\",\n\t\"Tibor\", \"Anaszt\u00e1zia, Tas\", \"Csongor\", \"Rudolf\", \"Andrea, Ilma\", \"Emma\",\n\t\"Tivadar\", \"Konr\u00e1d\", \"Csilla, No\u00e9mi\", \"B\u00e9la\", \"Gy\u00f6rgy\", \"M\u00e1rk\", \"Ervin\",\n\t\"Zita\", \"Val\u00e9ria\", \"P\u00e9ter\", \"Katalin, Kitti\", \"Munka \u00dcnnepe, F\u00fcl\u00f6p, Jakab\")}\nif (ho==5)\n  { var napok=new initArray(\"Munka \u00dcnnepe , F\u00fcl\u00f6p, Jakab\", \"Zsigmond\", \"T\u00edmea, Irma\", \"M\u00f3nika, Fl\u00f3ri\u00e1n\",\n\t\"Gy\u00f6rgyi\", \"Ivett, Frida\", \"Gizella\", \"Mih\u00e1ly\", \"Gergely\", \"\u00c1rmin, P\u00e1lma\",\n\t\"Ferenc\", \"Pongr\u00e1c\", \"Szerv\u00e1c, Imola\", \"Bonif\u00e1c\", \"Zs\u00f3fia, Szonja\",\n\t\"M\u00f3zes, Botond\", \"Paszk\u00e1l\", \"Erik, Alexandra\", \"Iv\u00f3, Mil\u00e1n\",\n\t\"Bern\u00e1t, Fel\u00edcia\", \"Konstantin\", \"J\u00falia, Rita\", \"Dezso\", \"Eszter, Eliza\",\n\t\"Orb\u00e1n\", \"F\u00fcl\u00f6p, Evelin\", \"Hella\", \"Emil, Csan\u00e1d\", \"Magdolna\",\n\t\"Janka, Zsanett\", \"Ang\u00e9la, Petronella\", \"T\u00fcnde\")}\nif (ho==6)\n  { var napok=new initArray(\"T\u00fcnde\", \"K\u00e1rmen, Anita\", \"Klotild\", \"Bulcs\u00fa\", \"Fatime\", \"Norbert, Cintia\",\n\t\"R\u00f3bert\", \"Med\u00e1rd\", \"F\u00e9lix\", \"Margit, Gr\u00e9ta\", \"Barnab\u00e1s\", \"Villo\",\n\t\"Antal, Anett\", \"Vazul\", \"Jol\u00e1n, Vid\", \"Jusztin\", \"Laura, Alida\",\n\t\"Arnold, Levente\", \"Gy\u00e1rf\u00e1s\", \"Rafael\", \"Alajos, Leila\", \"Paulina\",\n\t\"Zolt\u00e1n\", \"Iv\u00e1n\", \"Vilmos\", \"J\u00e1nos, P\u00e1l\", \"L\u00e1szl\u00f3\", \"Levente, Ir\u00e9n\",\n\t\"P\u00e9ter, P\u00e1l\", \"P\u00e1l\", \"Tiham\u00e9r\") }\nif (ho==7)\n  { var napok=new initArray(\"Tiham\u00e9r, Annam\u00e1ria\", \"Ott\u00f3\", \"Korn\u00e9l, Soma\", \"Ulrik\", \"Emese, Sarolta\",\n\t\"Csaba\", \"Appol\u00f3nia\", \"Ell\u00e1k\", \"Lukr\u00e9cia\", \"Am\u00e1lia\", \"N\u00f3ra, Lili\",\n\t\"Izabella, Dalma\", \"Jeno\", \"Ors, Stella\", \"Henrik, Roland\", \"Valter\",\n\t\"Endre, Elek\", \"Frigyes\", \"Em\u00edlia\", \"Ill\u00e9s\", \"D\u00e1niel, Daniella\",\n\t\"Magdolna\", \"Lenke\", \"Kinga, Kincso\", \"Krist\u00f3f, Jakab\", \"Anna, Anik\u00f3\",\n\t\"Olga, Lili\u00e1na\", \"Szabolcs\", \"M\u00e1rta, Fl\u00f3ra\", \"Judit, X\u00e9nia\", \"Oszk\u00e1r\", \"Bogl\u00e1rka\")}\nif (ho==8)\n  { var napok=new initArray(\"Bogl\u00e1rka\", \"Lehel\", \"Hermina\", \"Domonkos, Dominika\", \"Krisztina\",\n\t\"Berta, Bettina\", \"Ibolya\", \"L\u00e1szl\u00f3\", \"Emod\", \"L\u00f6rinc\",\n\t\"Zsuzsanna, Tiborc\", \"Kl\u00e1ra\", \"Ipoly\", \"Marcell\", \"M\u00e1ria\", \"\u00c1brah\u00e1m\",\n\t\"J\u00e1cint\", \"Ilona\", \"Huba\", \"Alkotm\u00e1ny \u00dcnnepe, Istv\u00e1n\", \"S\u00e1muel, Hajna\",\n\t\"Menyh\u00e9rt, Mirjam\", \"Bence\", \"Bertalan\", \"Lajos, Patr\u00edcia\", \"Izs\u00f3\",\n\t\"G\u00e1sp\u00e1r\", \"\u00c1goston\", \"Beatrix, Erna\", \"R\u00f3zsa\", \"Erika, Bella\", \"Egyed, Egon\")}\nif (ho==9)\n  { var napok= new initArray(\"Egyed, Egon\", \"Rebeka, Dorina\", \"Hilda\", \"Roz\u00e1lia\", \"Viktor, Lorinc\",\n\t\"Zakari\u00e1s\", \"Regina\", \"M\u00e1ria, Adrienn\", \"\u00c1d\u00e1m\", \"Nikolett, Hunor\",\n\t\"Teod\u00f3ra\", \"M\u00e1ria\", \"Korn\u00e9l\", \"Szer\u00e9na, Rox\u00e1na\", \"Eniko, Melitta\", \"Edit\",\n\t\"Zs\u00f3fia\", \"Di\u00e1na\", \"Vilhelmina\", \"Friderika\", \"M\u00e1t\u00e9, Mirella\", \"M\u00f3ric\",\n\t\"Tekla\", \"Gell\u00e9rt, Merc\u00e9desz\", \"Eufrozina, Kende\", \"Jusztina\", \"Adalbert\",\n\t\"Vencel\", \"Mih\u00e1ly\", \"Jeromos\", \"Malvin\")}\nif (ho==10)\n  { var napok= new initArray(\"Malvin\", \"Petra\", \"Helga\", \"Ferenc\", \"Aur\u00e9l\", \"Br\u00fan\u00f3, Ren\u00e1ta\", \"Am\u00e1lia\",\n\t\"Kopp\u00e1ny\", \"D\u00e9nes\", \"Gedeon\", \"Brigitta\", \"Miksa\", \"K\u00e1lm\u00e1n, Ede\", \"Hel\u00e9n\",\n\t\"Ter\u00e9z\", \"G\u00e1l\", \"Hedvig\", \"Luk\u00e1cs\", \"N\u00e1ndor\", \"Vendel\", \"Orsolya\", \"El\u0151d\",\n\t\"K\u00f6zt\u00e1rsas\u00e1g kiki\u00e1lt., Gy\u00f6ngyi\", \"Salamon\", \"Blanka, Bianka\", \"D\u00f6m\u00f6t\u00f6r\",\n\t\"Szabina\", \"Simon, Szimonetta\", \"N\u00e1rcisz\", \"Alfonz\", \"Farkas\", \"Marianna\")}\nif (ho==11)\n  { var napok=new initArray(\"Marianna\", \"Achilles\", \"Gyozo\", \"K\u00e1roly\", \"Imre\", \"L\u00e9n\u00e1rd\", \"Rezso\",\n\t\"Zsombor\", \"Tivadar\", \"R\u00e9ka\", \"M\u00e1rton\", \"J\u00f3n\u00e1s, Ren\u00e1t\u00f3\", \"Szilvia\",\n\t\"Aliz\", \"Albert, Lip\u00f3t\", \"\u00d6d\u00f6n\", \"Hortenzia, Gergo\", \"Jeno\", \"Erzs\u00e9bet\",\n\t\"Jol\u00e1n\", \"Oliv\u00e9r\", \"Cec\u00edlia\", \"Kelemen, Klementina\", \"Emma\", \"Katalin\",\n\t\"Vir\u00e1g\", \"Virgil\", \"Stef\u00e1nia\", \"Taksony\", \"Andr\u00e1s, Andor\", \"Elza\")}\nif (ho==12)\n  { var napok=new initArray(\"Elza\", \"Melinda, Vivien\", \"Ferenc, Ol\u00edvia\", \"Borb\u00e1la, Barbara\", \"Vilma\",\n\t\"Mikl\u00f3s\", \"Ambrus\", \"M\u00e1ria\", \"Nat\u00e1lia\", \"Judit\", \"\u00c1rp\u00e1d\", \"Gabriella\",\n\t\"Luca, Ot\u00edlia\", \"Szil\u00e1rda\", \"Val\u00e9r\", \"Etelka, Aletta\", \"L\u00e1z\u00e1r, Olimpia\",\n\t\"Auguszta\", \"Viola\", \"Teofil\", \"Tam\u00e1s\", \"Z\u00e9no\", \"Vikt\u00f3ria\", \"\u00c1d\u00e1m, \u00c9va\",\n\t\"Kar\u00e1csony, Eug\u00e9nia\", \"Kar\u00e1csony, Istv\u00e1n\", \"J\u00e1nos\", \"Kamilla\",\n\t\"Tam\u00e1s, Tamara\", \"D\u00e1vid\", \"Szilveszter\", \"\u00daj\u00e9v, Fruzsina\")}\nreturn napok[nap];\n}\n\nvar ido = new Date()\nvar ev = ido.getYear()\nif (ev<2000) ev=ev+1900\nvar ho = ido.getMonth()+1\nvar nap = ido.getDate()\n\ndocument.writeln('<font color=\"#000000\" face=\"ms sans serif, arial, verdana\" size=\"3\">Ma <b><font color=\"#ff0000\"> ' + havinev(ev, ho, nap) + '<\/font><\/b>, holnap <b><font color=\"#ff0000\">' + havinev(ev,ho, nap+1) + '<\/font><\/b> \u00fcnnepli a n\u00e9vnapj\u00e1t.<\/font>')\n\/\/ ]]><\/script><\/td>\n<\/tr>\n<\/tbody>\n<\/table>\n<p align=\"justify\">Az OMH esem\u00e9nyeivel kapcsolatos hiteles felvil\u00e1gos\u00edt\u00e1sok\u00e9rt k\u00e9rj\u00fck olvass\u00e1k a H\u00e1z esem\u00e9nynapt\u00e1r\u00e1t, arch\u00edvum\u00e1t \u00e9s h\u00edrleveleit, vagy k\u00f6zvetlen\u00fcl <a href=\"mailto:ottawaimagyarhaz@gmail.com\">dr\u00f3tpost\u00e1n<\/a> illetve telefonon \u00e9rdekl\u0151djenek.<\/p>\n<h2>Legk\u00f6zelebbi rendezv\u00e9nyeink<\/h2>\nNincsenek esem\u00e9nyek\n<h2>Legfrissebb h\u00edreink<\/h2>\n<section class=\"latest-post-selection\" id=\"lps-48e5d1ba24fc888e379795d2b1a27382\" style=\"\"><article class=\"post-438427 post type-post status-publish format-standard hentry category-hireink\"><h3 class=\"item-title-tag\">Zongoraest \u00e9s l\u00e1ngosv\u00e1s\u00e1r<\/h3><em class=\"item-date\">2023-07-07 <i>09:13<\/i><\/em><p>J\u00falius 22-\u00e9n, szombaton egy nagyon sz\u00e9p m\u0171sort tekinthetnek meg az Ottawai Magyar H\u00e1zban. Az est f\u0151 el\u0151ad\u00f3ja Abbey Sugars-Keen<\/p>\n<a href=\"https:\/\/omh-ohcc.ca\/hu\/zongoraest-es-langosvasar\/\" class=\"read-more\" title=\"Zongoraest \u00e9s l\u00e1ngosv\u00e1s\u00e1r\"><span class=\"read-more\">Olvasd tov\u00e1bb...<\/span><\/a><\/article><article class=\"post-438339 post type-post status-publish format-standard hentry category-hireink\"><h3 class=\"item-title-tag\">Ferenc p\u00e1pa Budapesten<\/h3><em class=\"item-date\">2023-04-29 <i>01:42<\/i><\/em><p>2023. \u00e1prilis 28\u201330. k\u00f6z\u00f6tt apostoli utaz\u00e1st tesz Magyarorsz\u00e1gon Ferenc p\u00e1pa. Szem\u00e9ly\u00e9ben \u00f6t\u00f6dik alkalommal l\u00e9p a magyar<\/p>\n<a href=\"https:\/\/omh-ohcc.ca\/hu\/ferenc-papa-budapesten\/\" class=\"read-more\" title=\"Ferenc p\u00e1pa Budapesten\"><span class=\"read-more\">Olvasd tov\u00e1bb...<\/span><\/a><\/article><article class=\"post-438299 post type-post status-publish format-standard hentry category-hireink category-tabor\"><h3 class=\"item-title-tag\">T\u00fccs\u00f6k t\u00e1bor<\/h3><em class=\"item-date\">2023-03-12 <i>00:21<\/i><\/em><p>A tavalyi siker mint\u00e1j\u00e1ra Paquette Szilvi az id\u00e9n majusban \u00fajra megrendezi a T\u00fccs\u00f6k t\u00e1bort a Sonrisa Farms-on (Alexandria<\/p>\n<a href=\"https:\/\/omh-ohcc.ca\/hu\/tucsok-tabor\/\" class=\"read-more\" title=\"T\u00fccs\u00f6k t\u00e1bor\"><span class=\"read-more\">Olvasd tov\u00e1bb...<\/span><\/a><\/article><article class=\"post-438262 post type-post status-publish format-standard hentry category-hireink\"><h3 class=\"item-title-tag\">Tov\u00e1bbtanul\u00e1s Magyarorsz\u00e1gon<\/h3><em class=\"item-date\">2023-03-01 <i>19:13<\/i><\/em><p>Magyar felmen\u0151kkel rendelkez\u0151 kanadai fiatalok figyelm\u00e9be aj\u00e1nljuk a mell\u00e9kelt plak\u00e1ton hirdetett virtu\u00e1lis tal\u00e1lkoz\u00f3t<\/p>\n<a href=\"https:\/\/omh-ohcc.ca\/hu\/tovabbtanulas-magyarorszagon\/\" class=\"read-more\" title=\"Tov\u00e1bbtanul\u00e1s Magyarorsz\u00e1gon\"><span class=\"read-more\">Olvasd tov\u00e1bb...<\/span><\/a><\/article><article class=\"post-438238 post type-post status-publish format-standard hentry category-hireink\"><h3 class=\"item-title-tag\">Tehets\u00e9gkutat\u00e1s<\/h3><em class=\"item-date\">2023-02-12 <i>21:27<\/i><\/em><p>Ezennel szeretn\u00e9nk felh\u00edvni minden kanadai magyar honfit\u00e1rsunk figyelm\u00e9t, hogy a magyar nyelv \u00e9s hagyom\u00e1nyok meg\u0151rz\u00e9se \u00e9rdek\u00e9ben<\/p>\n<a href=\"https:\/\/omh-ohcc.ca\/hu\/tehetsegkutatas\/\" class=\"read-more\" title=\"Tehets\u00e9gkutat\u00e1s\"><span class=\"read-more\">Olvasd tov\u00e1bb...<\/span><\/a><\/article><\/section>\n","protected":false},"excerpt":{"rendered":"<p>Az OMH esem\u00e9nyeivel kapcsolatos hiteles felvil\u00e1gos\u00edt\u00e1sok\u00e9rt k\u00e9rj\u00fck olvass\u00e1k a H\u00e1z esem\u00e9nynapt\u00e1r\u00e1t, arch\u00edvum\u00e1t \u00e9s h\u00edrleveleit, vagy k\u00f6zvetlen\u00fcl dr\u00f3tpost\u00e1n illetve telefonon \u00e9rdekl\u0151djenek. Legk\u00f6zelebbi rendezv\u00e9nyeink Legfrissebb h\u00edreink<\/p>\n","protected":false},"author":1,"featured_media":0,"parent":0,"menu_order":100,"comment_status":"closed","ping_status":"closed","template":"","meta":[],"_links":{"self":[{"href":"https:\/\/omh-ohcc.ca\/hu\/wp-json\/wp\/v2\/pages\/2"}],"collection":[{"href":"https:\/\/omh-ohcc.ca\/hu\/wp-json\/wp\/v2\/pages"}],"about":[{"href":"https:\/\/omh-ohcc.ca\/hu\/wp-json\/wp\/v2\/types\/page"}],"author":[{"embeddable":true,"href":"https:\/\/omh-ohcc.ca\/hu\/wp-json\/wp\/v2\/users\/1"}],"replies":[{"embeddable":true,"href":"https:\/\/omh-ohcc.ca\/hu\/wp-json\/wp\/v2\/comments?post=2"}],"version-history":[{"count":1,"href":"https:\/\/omh-ohcc.ca\/hu\/wp-json\/wp\/v2\/pages\/2\/revisions"}],"predecessor-version":[{"id":439124,"href":"https:\/\/omh-ohcc.ca\/hu\/wp-json\/wp\/v2\/pages\/2\/revisions\/439124"}],"wp:attachment":[{"href":"https:\/\/omh-ohcc.ca\/hu\/wp-json\/wp\/v2\/media?parent=2"}],"curies":[{"name":"wp","href":"https:\/\/api.w.org\/{rel}","templated":true}]}}