{"id":59,"date":"2015-12-18T08:21:11","date_gmt":"2015-12-18T13:21:11","guid":{"rendered":"http:\/\/omh-ohcc.ca\/en\/?page_id=59"},"modified":"2025-06-12T21:49:59","modified_gmt":"2025-06-13T01:49:59","slug":"management","status":"publish","type":"page","link":"https:\/\/omh-ohcc.ca\/en\/about-us\/management\/","title":{"rendered":"Management"},"content":{"rendered":"<h3>Board of Directors*<\/h3>\n<table style=\"border: none\">\n<tbody>\n<tr>\n<td style=\"border: none;width: 30%\">President<\/td>\n<td style=\"border: none;width: 50%\">B\u00e9la Szab\u00f3<\/td>\n<\/tr>\n<tr>\n<td style=\"border: none;width: 30%\">Vice-President<\/td>\n<td style=\"border: none;width: 50%\">G\u00e1bor Finta<\/td>\n<\/tr>\n<tr>\n<td style=\"border: none;width: 30%\">Treasurer<\/td>\n<td style=\"border: none;width: 50%\">Rudolf B\u00e1ns\u00e1gi<\/td>\n<\/tr>\n<tr>\n<td style=\"border: none;width: 30%\">Secretary<\/td>\n<td style=\"border: none;width: 50%\">B\u00e9la Szeri<\/td>\n<\/tr>\n<tr>\n<td style=\"border: none;width: 30%;vertical-align: top\"><\/td>\n<td style=\"border: none;width: 50%\"><\/td>\n<\/tr>\n<\/tbody>\n<\/table>\n<h3>Auditors*<\/h3>\n<p>Edit Palencs\u00e1r<\/p>\n<h3>Librarian<\/h3>\n<p>Rudolf B\u00e1ns\u00e1gi<\/p>\n<p>* Officers elected by the membership.<\/p>\n","protected":false},"excerpt":{"rendered":"<p>Board of Directors* President B\u00e9la Szab\u00f3 Vice-President G\u00e1bor Finta Treasurer Rudolf B\u00e1ns\u00e1gi Secretary B\u00e9la Szeri Auditors* Edit Palencs\u00e1r Librarian Rudolf B\u00e1ns\u00e1gi * Officers elected by the membership.<\/p>\n","protected":false},"author":1,"featured_media":0,"parent":20,"menu_order":83000,"comment_status":"closed","ping_status":"closed","template":"","meta":[],"_links":{"self":[{"href":"https:\/\/omh-ohcc.ca\/en\/wp-json\/wp\/v2\/pages\/59"}],"collection":[{"href":"https:\/\/omh-ohcc.ca\/en\/wp-json\/wp\/v2\/pages"}],"about":[{"href":"https:\/\/omh-ohcc.ca\/en\/wp-json\/wp\/v2\/types\/page"}],"author":[{"embeddable":true,"href":"https:\/\/omh-ohcc.ca\/en\/wp-json\/wp\/v2\/users\/1"}],"replies":[{"embeddable":true,"href":"https:\/\/omh-ohcc.ca\/en\/wp-json\/wp\/v2\/comments?post=59"}],"version-history":[{"count":10,"href":"https:\/\/omh-ohcc.ca\/en\/wp-json\/wp\/v2\/pages\/59\/revisions"}],"predecessor-version":[{"id":5710,"href":"https:\/\/omh-ohcc.ca\/en\/wp-json\/wp\/v2\/pages\/59\/revisions\/5710"}],"up":[{"embeddable":true,"href":"https:\/\/omh-ohcc.ca\/en\/wp-json\/wp\/v2\/pages\/20"}],"wp:attachment":[{"href":"https:\/\/omh-ohcc.ca\/en\/wp-json\/wp\/v2\/media?parent=59"}],"curies":[{"name":"wp","href":"https:\/\/api.w.org\/{rel}","templated":true}]}}