{"id":5,"date":"2015-12-16T07:08:18","date_gmt":"2015-12-16T12:08:18","guid":{"rendered":"http:\/\/omh-ohcc.ca\/en\/?page_id=5"},"modified":"2020-10-03T20:40:54","modified_gmt":"2020-10-04T00:40:54","slug":"welcome-to-our-website","status":"publish","type":"page","link":"https:\/\/omh-ohcc.ca\/en\/","title":{"rendered":"Welcome to our website!"},"content":{"rendered":"<table style=\"border: none;\">\n<tbody>\n<tr>\n<td style=\"border: none;\"><img decoding=\"async\" class=\"aligncenter\" src=\"\/kep\/160\/be\/targy\/egyeb\/virag-005.jpg\" alt=\"flower\" width=\"80\" \/><\/td>\n<td style=\"border: none;\"><script>\/\/ <![CDATA[\nfunction initArray() {\n  this.length = initArray.arguments.length\n  for (var i = 0; i < this.length; i++)\n  this[i+1] = initArray.arguments[i];\n}\n\nfunction honev(ho) {\nvar month = new initArray(\"January\", \"February\", \"March\", \"April\", \"May\", \"June\", \"July\", \"August\", \"September\", \"October\", \"November\", \"December\");\nreturn month[ho];\n}\n\nfunction napnev(szam) {\nvar napok = new initArray(\"Sunday\", \"Monday\", \"Tuesday\", \"Wednesday\", \"Thursday\", \"Friday\", \"Saturday\", \"Sunday\")\nreturn napok[szam];\n}\n\nvar ido = new Date()\nvar ev = ido.getYear()\nif (ev<2000) ev=ev+1900\nvar ho = ido.getMonth()+1\nvar nap = ido.getDate()\n\ndocument.writeln('<font color=\"#000000\" face=\"ms sans serif, arial, verdana\" size=\"3\">' + napnev(ido.getDay()+1) + ', ' + honev(ho) + ' ' + nap + ', ' + ev + '<\/font>')\n\/\/ ]]><\/script><\/p>\n<p><script>\/\/ <![CDATA[\nfunction initArray() {\n  this.length = initArray.arguments.length\n  for (var i = 0; i < this.length; i++)\n  this[i+1] = initArray.arguments[i];\n}\n\nfunction havinev(ev, ho, nap) {\nif (ho==1)\n  { var napok = new initArray(\"\u00daj\u00e9v, Fruzsina\", \"\u00c1bel\", \"Genov\u00e9va, Benj\u00e1min\", \"Titusz, Leona\",\n\t\"Simon\", \"Boldizs\u00e1r\", \"Attila, Ram\u00f3na\", \"Gy\u00f6ngyv\u00e9r\", \"Marcell\",\n\t\"Mel\u00e1nia\", \"\u00c1gota\", \"Erno\", \"Veronika\", \"B\u00f3dog\", \"L\u00f3r\u00e1nt, Lor\u00e1nd\",\n\t\"Guszt\u00e1v\", \"Antal, Ant\u00f3nia\", \"Piroska\", \"S\u00e1ra, M\u00e1ri\u00f3\", \"F\u00e1bi\u00e1n, Sebesty\u00e9n\",\n\t\"\u00c1gnes\", \"Vince, Art\u00far\", \"Zelma, Rajmund\", \"Tim\u00f3t\", \"P\u00e1l\", \"Vanda, Paula\",\n\t\"Angelika\", \"K\u00e1roly, Karola\", \"Ad\u00e9l\", \"Martina, Gerda\", \"Marcella\", \"Ign\u00e1c\") }\nif (ho==2)\n  if (0)\n    { var napok=new initArray(\"Ign\u00e1c\", \"Karolina, Aida\", \"Bal\u00e1zs\", \"R\u00e1hel, Csenge\", \"\u00c1gota, Ingrid\",\n\t\"Dorottya, D\u00f3ra\", \"T\u00f3dor, R\u00f3me\u00f3\", \"Aranka\", \"Abig\u00e9l, Alex\", \"Elvira\",\n\t\"Bertold, Marietta\", \"L\u00edvia, L\u00eddia\", \"Ella, Linda\", \"B\u00e1lint, Valentin\",\n\t\"Kolos, Georgina\", \"Julianna, Lilla\", \"Don\u00e1t\", \"Bernadett\", \"Zsuzsanna\",\n\t\"Alad\u00e1r, \u00c1lmos\", \"Eleon\u00f3ra\", \"Gerzson\", \"Alfr\u00e9d\",\n\t\"M\u00e1ty\u00e1s\", \"G\u00e9za\", \"Edina\", \"\u00c1kos, B\u00e1tor\", \"Elem\u00e9r\", \"Albin\")  }\n     else\n    { var napok=new initArray(\"Ign\u00e1c\", \"Karolina, Aida\", \"Bal\u00e1zs\", \"R\u00e1hel, Csenge\", \"\u00c1gota, Ingrid\",\n\t\"Dorottya, D\u00f3ra\", \"T\u00f3dor, R\u00f3me\u00f3\", \"Aranka\", \"Abig\u00e9l, Alex\", \"Elvira\",\n\t\"Bertold, Marietta\", \"L\u00edvia, L\u00eddia\", \"Ella, Linda\", \"B\u00e1lint, Valentin\",\n\t\"Kolos, Georgina\", \"Julianna, Lilla\", \"Don\u00e1t\", \"Bernadett\", \"Zsuzsanna\",\n\t\"Alad\u00e1r, \u00c1lmos\", \"Eleon\u00f3ra\", \"Gerzson\", \"Alfr\u00e9d\",\n\t\"Sz\u00f6k\u0151nap\", \"M\u00e1ty\u00e1s\", \"G\u00e9za\", \"Edina\", \"\u00c1kos, B\u00e1tor\", \"Elem\u00e9r\", \"Albin\") }\nif (ho==3)\n  { var napok=new initArray(\"Albin\", \"Lujza\", \"Korn\u00e9lia\", \"K\u00e1zm\u00e9r\", \"Adorj\u00e1n, Adri\u00e1n\", \"Leon\u00f3ra, Inez\",\n\t\"Tam\u00e1s\", \"International Women's Day, Zolt\u00e1n\", \"Franciska, Fanni\", \"Ildik\u00f3\", \"Szil\u00e1rd\",\n\t\"Gergely\", \"Kriszti\u00e1n, Ajtony\", \"Matild\", \"Nemzeti \u00dcnnep, Krist\u00f3f\",\n\t\"Henrietta\", \"Gertr\u00fad, Patrik\", \"S\u00e1ndor, Ede\", \"J\u00f3zsef, B\u00e1nk\", \"Klaudia\",\n\t\"Benedek\", \"Be\u00e1ta, Izolda\", \"Emoke\", \"G\u00e1bor, Karina\", \"Ir\u00e9n, Irisz\",\n\t\"Em\u00e1nuel\", \"Hajnalka\", \"Gedeon, Johanna\", \"Auguszta\", \"Zal\u00e1n\", \"\u00c1rp\u00e1d\", \"Hug\u00f3\") }\nif (ho==4)\n  { var napok=new initArray(\"Hug\u00f3\", \"\u00c1ron\", \"Buda, Rich\u00e1rd\", \"Izidor\", \"Vince\", \"Vilmos, B\u00edborka\",\n\t\"Herman\", \"D\u00e9nes\", \"Erhard\", \"Zsolt\", \"Le\u00f3, Szaniszl\u00f3\", \"Gyula\", \"Ida\",\n\t\"Tibor\", \"Anaszt\u00e1zia, Tas\", \"Csongor\", \"Rudolf\", \"Andrea, Ilma\", \"Emma\",\n\t\"Tivadar\", \"Konr\u00e1d\", \"Csilla, No\u00e9mi\", \"B\u00e9la\", \"Gy\u00f6rgy\", \"M\u00e1rk\", \"Ervin\",\n\t\"Zita\", \"Val\u00e9ria\", \"P\u00e9ter\", \"Katalin, Kitti\", \"Munka \u00dcnnepe, F\u00fcl\u00f6p, Jakab\")}\nif (ho==5)\n  { var napok=new initArray(\"Munka \u00dcnnepe , F\u00fcl\u00f6p, Jakab\", \"Zsigmond\", \"T\u00edmea, Irma\", \"M\u00f3nika, Fl\u00f3ri\u00e1n\",\n\t\"Gy\u00f6rgyi\", \"Ivett, Frida\", \"Gizella\", \"Mih\u00e1ly\", \"Gergely\", \"\u00c1rmin, P\u00e1lma\",\n\t\"Ferenc\", \"Pongr\u00e1c\", \"Szerv\u00e1c, Imola\", \"Bonif\u00e1c\", \"Zs\u00f3fia, Szonja\",\n\t\"M\u00f3zes, Botond\", \"Paszk\u00e1l\", \"Erik, Alexandra\", \"Iv\u00f3, Mil\u00e1n\",\n\t\"Bern\u00e1t, Fel\u00edcia\", \"Konstantin\", \"J\u00falia, Rita\", \"Dezso\", \"Eszter, Eliza\",\n\t\"Orb\u00e1n\", \"F\u00fcl\u00f6p, Evelin\", \"Hella\", \"Emil, Csan\u00e1d\", \"Magdolna\",\n\t\"Janka, Zsanett\", \"Ang\u00e9la, Petronella\", \"T\u00fcnde\")}\nif (ho==6)\n  { var napok=new initArray(\"T\u00fcnde\", \"K\u00e1rmen, Anita\", \"Klotild\", \"Bulcs\u00fa\", \"Fatime\", \"Norbert, Cintia\",\n\t\"R\u00f3bert\", \"Med\u00e1rd\", \"F\u00e9lix\", \"Margit, Gr\u00e9ta\", \"Barnab\u00e1s\", \"Villo\",\n\t\"Antal, Anett\", \"Vazul\", \"Jol\u00e1n, Vid\", \"Jusztin\", \"Laura, Alida\",\n\t\"Arnold, Levente\", \"Gy\u00e1rf\u00e1s\", \"Rafael\", \"Alajos, Leila\", \"Paulina\",\n\t\"Zolt\u00e1n\", \"Iv\u00e1n\", \"Vilmos\", \"J\u00e1nos, P\u00e1l\", \"L\u00e1szl\u00f3\", \"Levente, Ir\u00e9n\",\n\t\"P\u00e9ter, P\u00e1l\", \"P\u00e1l\", \"Tiham\u00e9r\") }\nif (ho==7)\n  { var napok=new initArray(\"Tiham\u00e9r, Annam\u00e1ria\", \"Ott\u00f3\", \"Korn\u00e9l, Soma\", \"Ulrik\", \"Emese, Sarolta\",\n\t\"Csaba\", \"Appol\u00f3nia\", \"Ell\u00e1k\", \"Lukr\u00e9cia\", \"Am\u00e1lia\", \"N\u00f3ra, Lili\",\n\t\"Izabella, Dalma\", \"Jeno\", \"Ors, Stella\", \"Henrik, Roland\", \"Valter\",\n\t\"Endre, Elek\", \"Frigyes\", \"Em\u00edlia\", \"Ill\u00e9s\", \"D\u00e1niel, Daniella\",\n\t\"Magdolna\", \"Lenke\", \"Kinga, Kincso\", \"Krist\u00f3f, Jakab\", \"Anna, Anik\u00f3\",\n\t\"Olga, Lili\u00e1na\", \"Szabolcs\", \"M\u00e1rta, Fl\u00f3ra\", \"Judit, X\u00e9nia\", \"Oszk\u00e1r\", \"Bogl\u00e1rka\")}\nif (ho==8)\n  { var napok=new initArray(\"Bogl\u00e1rka\", \"Lehel\", \"Hermina\", \"Domonkos, Dominika\", \"Krisztina\",\n\t\"Berta, Bettina\", \"Ibolya\", \"L\u00e1szl\u00f3\", \"Emod\", \"L\u00f6rinc\",\n\t\"Zsuzsanna, Tiborc\", \"Kl\u00e1ra\", \"Ipoly\", \"Marcell\", \"M\u00e1ria\", \"\u00c1brah\u00e1m\",\n\t\"J\u00e1cint\", \"Ilona\", \"Huba\", \"Alkotm\u00e1ny \u00dcnnepe, Istv\u00e1n\", \"S\u00e1muel, Hajna\",\n\t\"Menyh\u00e9rt, Mirjam\", \"Bence\", \"Bertalan\", \"Lajos, Patr\u00edcia\", \"Izs\u00f3\",\n\t\"G\u00e1sp\u00e1r\", \"\u00c1goston\", \"Beatrix, Erna\", \"R\u00f3zsa\", \"Erika, Bella\", \"Egyed, Egon\")}\nif (ho==9)\n  { var napok= new initArray(\"Egyed, Egon\", \"Rebeka, Dorina\", \"Hilda\", \"Roz\u00e1lia\", \"Viktor, Lorinc\",\n\t\"Zakari\u00e1s\", \"Regina\", \"M\u00e1ria, Adrienn\", \"\u00c1d\u00e1m\", \"Nikolett, Hunor\",\n\t\"Teod\u00f3ra\", \"M\u00e1ria\", \"Korn\u00e9l\", \"Szer\u00e9na, Rox\u00e1na\", \"Eniko, Melitta\", \"Edit\",\n\t\"Zs\u00f3fia\", \"Di\u00e1na\", \"Vilhelmina\", \"Friderika\", \"M\u00e1t\u00e9, Mirella\", \"M\u00f3ric\",\n\t\"Tekla\", \"Gell\u00e9rt, Merc\u00e9desz\", \"Eufrozina, Kende\", \"Jusztina\", \"Adalbert\",\n\t\"Vencel\", \"Mih\u00e1ly\", \"Jeromos\", \"Malvin\")}\nif (ho==10)\n  { var napok= new initArray(\"Malvin\", \"Petra\", \"Helga\", \"Ferenc\", \"Aur\u00e9l\", \"Br\u00fan\u00f3, Ren\u00e1ta\", \"Am\u00e1lia\",\n\t\"Kopp\u00e1ny\", \"D\u00e9nes\", \"Gedeon\", \"Brigitta\", \"Miksa\", \"K\u00e1lm\u00e1n, Ede\", \"Hel\u00e9n\",\n\t\"Ter\u00e9z\", \"G\u00e1l\", \"Hedvig\", \"Luk\u00e1cs\", \"N\u00e1ndor\", \"Vendel\", \"Orsolya\", \"El\u0151d\",\n\t\"K\u00f6zt\u00e1rsas\u00e1g kiki\u00e1lt., Gy\u00f6ngyi\", \"Salamon\", \"Blanka, Bianka\", \"D\u00f6m\u00f6t\u00f6r\",\n\t\"Szabina\", \"Simon, Szimonetta\", \"N\u00e1rcisz\", \"Alfonz\", \"Farkas\", \"Marianna\")}\nif (ho==11)\n  { var napok=new initArray(\"Marianna\", \"Achilles\", \"Gyozo\", \"K\u00e1roly\", \"Imre\", \"L\u00e9n\u00e1rd\", \"Rezso\",\n\t\"Zsombor\", \"Tivadar\", \"R\u00e9ka\", \"M\u00e1rton\", \"J\u00f3n\u00e1s, Ren\u00e1t\u00f3\", \"Szilvia\",\n\t\"Aliz\", \"Albert, Lip\u00f3t\", \"\u00d6d\u00f6n\", \"Hortenzia, Gergo\", \"Jeno\", \"Erzs\u00e9bet\",\n\t\"Jol\u00e1n\", \"Oliv\u00e9r\", \"Cec\u00edlia\", \"Kelemen, Klementina\", \"Emma\", \"Katalin\",\n\t\"Vir\u00e1g\", \"Virgil\", \"Stef\u00e1nia\", \"Taksony\", \"Andr\u00e1s, Andor\", \"Elza\")}\nif (ho==12)\n  { var napok=new initArray(\"Elza\", \"Melinda, Vivien\", \"Ferenc, Ol\u00edvia\", \"Borb\u00e1la, Barbara\", \"Vilma\",\n\t\"Mikl\u00f3s\", \"Ambrus\", \"M\u00e1ria\", \"Nat\u00e1lia\", \"Judit\", \"\u00c1rp\u00e1d\", \"Gabriella\",\n\t\"Luca, Ot\u00edlia\", \"Szil\u00e1rda\", \"Val\u00e9r\", \"Etelka, Aletta\", \"L\u00e1z\u00e1r, Olimpia\",\n\t\"Auguszta\", \"Viola\", \"Teofil\", \"Tam\u00e1s\", \"Z\u00e9no\", \"Vikt\u00f3ria\", \"\u00c1d\u00e1m, \u00c9va\",\n\t\"Kar\u00e1csony, Eug\u00e9nia\", \"Kar\u00e1csony, Istv\u00e1n\", \"J\u00e1nos\", \"Kamilla\",\n\t\"Tam\u00e1s, Tamara\", \"D\u00e1vid\", \"Szilveszter\", \"\u00daj\u00e9v, Fruzsina\")}\nreturn napok[nap];\n}\n\nvar ido = new Date()\nvar ev = ido.getYear()\nif (ev<2000) ev=ev+1900\nvar ho = ido.getMonth()+1\nvar nap = ido.getDate()\n\ndocument.writeln('<font color=\"#000000\" face=\"ms sans serif, arial, verdana\" size=\"3\">Today is <b><font color=\"#ff0000\"> ' + havinev(ev, ho, nap) + '<\/font><\/b>, tomorrow is <b><font color=\"#ff0000\">' + havinev(ev,ho, nap+1) + '<\/font><\/b> name day.<\/font>')\n\/\/ ]]><\/script><\/td>\n<\/tr>\n<\/tbody>\n<\/table>\n<h2>Upcoming Event<\/h2>\n<\/p>\n<h3><a href=\"https:\/\/omh-ohcc.ca\/en\/events\/laci-kiralyfi-a-puppet-show-performed-by-markuszinhaz\/\">Laci kir\u00e1lyfi - a puppet-show performed by M\u00e1rkusZ\u00ednh\u00e1z<\/a><\/h3>\n<p> Sunday, April 12, 2026 at 14:00 - 19:00<br \/>\n<em><p>14.00 \u2013 Lunch<br \/>\n15.30 \u2013 Puppet-show<\/p>\n<\/p>\n<p>For details and booking please refer to the event\u2019s page: <a href=\"https:\/\/omh-ohcc.ca\/en\/events\/laci-kiralyfi-a-puppet-show-performed-by-markuszinhaz\/\">Laci kir\u00e1lyfi - a puppet-show performed by M\u00e1rkusZ\u00ednh\u00e1z<\/a><br \/>\nUse this button <a href=\"https:\/\/www.google.com\/calendar\/event?action=TEMPLATE&#038;text=Laci+kir%C3%A1lyfi+-+a+puppet-show+performed+by+M%C3%A1rkusZ%C3%ADnh%C3%A1z&#038;dates=20260412T140000\/20260412T190000&#038;details=14.00+%E2%80%93+Lunch15.30+%E2%80%93+Puppet-show&#038;location=&#038;trp=false&#038;sprop=https%3A%2F%2Fomh-ohcc.ca%2Fen%2Fevents%2Flaci-kiralyfi-a-puppet-show-performed-by-markuszinhaz%2F&#038;sprop=name:Ottawa+Hungarian+Community+Centre&#038;ctz=America%2FToronto\" target=\"_blank\"><img src=\"https:\/\/www.google.com\/calendar\/images\/ext\/gc_button2.gif\" alt=\"0\" border=\"0\"><\/a> to mark the event in your Google Calendar.<\/em><br \/>\n\n<h2>Our Latest News<\/h2>\n<section class=\"latest-post-selection\" id=\"lps-a9781083896734a53682644064f49ae1\" style=\"\"><article class=\"post-5189 post type-post status-publish format-standard hentry category-news\"><h3 class=\"item-title-tag\">Piano Recital and L\u00e1ngos (Hungarian Fried Dough) Sale<\/h3><em class=\"item-date\">2023-07-07 <i>09:20<\/i><\/em><p>On Saturday, July 22, you can hear a very nice programme at the Hungarian House in Ottawa. The main performer of the evening<\/p>\n<a href=\"https:\/\/omh-ohcc.ca\/en\/piano-recital-and-langos-hungarian-fried-dough-sale\/\" class=\"read-more\" title=\"Piano Recital and L\u00e1ngos (Hungarian Fried Dough) Sale\"><span class=\"read-more\">Read more...<\/span><\/a><\/article><article class=\"post-5118 post type-post status-publish format-standard hentry category-news\"><h3 class=\"item-title-tag\">Pope Francis in Budapest<\/h3><em class=\"item-date\">2023-04-29 <i>01:41<\/i><\/em><p>On April 28th, 2023 Pope Francis arrived in Budapest for his three-day Apostolic Journey to Hungary. This is the fifth time<\/p>\n<a href=\"https:\/\/omh-ohcc.ca\/en\/pope-francis-in-budapest\/\" class=\"read-more\" title=\"Pope Francis in Budapest\"><span class=\"read-more\">Read more...<\/span><\/a><\/article><article class=\"post-5094 post type-post status-publish format-standard hentry category-camp category-news\"><h3 class=\"item-title-tag\">Hungarian Folk Dance Camp<\/h3><em class=\"item-date\">2023-03-12 <i>00:20<\/i><\/em><p>Sylvie Paquette will open the gates of Sonrisa Farms (in Alexandria, North Glengarry, ON K0C 1A0) for another Hungarian<\/p>\n<a href=\"https:\/\/omh-ohcc.ca\/en\/hungarian-folk-dance-camp\/\" class=\"read-more\" title=\"Hungarian Folk Dance Camp\"><span class=\"read-more\">Read more...<\/span><\/a><\/article><article class=\"post-5080 post type-post status-publish format-standard hentry category-news\"><h3 class=\"item-title-tag\">Further Your Education In Hungary<\/h3><em class=\"item-date\">2023-03-01 <i>19:13<\/i><\/em><p>The Consulate General of Hungary will hold a virtual conference with regard to the possibility of continuing education in<\/p>\n<a href=\"https:\/\/omh-ohcc.ca\/en\/further-your-education-in-hungary\/\" class=\"read-more\" title=\"Further Your Education In Hungary\"><span class=\"read-more\">Read more...<\/span><\/a><\/article><article class=\"post-5032 post type-post status-publish format-standard hentry category-news\"><h3 class=\"item-title-tag\">Hungarian Diaspora Scholarship<\/h3><em class=\"item-date\">2022-11-29 <i>18:55<\/i><\/em><p>We have great news for the young members of the Hungarian community of Ottawa. A call for applications for the Hungarian<\/p>\n<a href=\"https:\/\/omh-ohcc.ca\/en\/hungarian-diaspora-scholarship\/\" class=\"read-more\" title=\"Hungarian Diaspora Scholarship\"><span class=\"read-more\">Read more...<\/span><\/a><\/article><\/section>\n","protected":false},"excerpt":{"rendered":"<p>Upcoming Event Our Latest News<\/p>\n","protected":false},"author":1,"featured_media":0,"parent":0,"menu_order":100,"comment_status":"closed","ping_status":"closed","template":"","meta":[],"_links":{"self":[{"href":"https:\/\/omh-ohcc.ca\/en\/wp-json\/wp\/v2\/pages\/5"}],"collection":[{"href":"https:\/\/omh-ohcc.ca\/en\/wp-json\/wp\/v2\/pages"}],"about":[{"href":"https:\/\/omh-ohcc.ca\/en\/wp-json\/wp\/v2\/types\/page"}],"author":[{"embeddable":true,"href":"https:\/\/omh-ohcc.ca\/en\/wp-json\/wp\/v2\/users\/1"}],"replies":[{"embeddable":true,"href":"https:\/\/omh-ohcc.ca\/en\/wp-json\/wp\/v2\/comments?post=5"}],"version-history":[{"count":0,"href":"https:\/\/omh-ohcc.ca\/en\/wp-json\/wp\/v2\/pages\/5\/revisions"}],"wp:attachment":[{"href":"https:\/\/omh-ohcc.ca\/en\/wp-json\/wp\/v2\/media?parent=5"}],"curies":[{"name":"wp","href":"https:\/\/api.w.org\/{rel}","templated":true}]}}