{"id":4280,"date":"2021-04-15T20:27:52","date_gmt":"2021-04-16T00:27:52","guid":{"rendered":"https:\/\/omh-ohcc.ca\/en\/?page_id=4280"},"modified":"2026-02-14T17:23:27","modified_gmt":"2026-02-14T22:23:27","slug":"ohcc-rtv","status":"publish","type":"page","link":"https:\/\/omh-ohcc.ca\/en\/hungarian-living-in-the-ottawa-valley\/ohcc-rtv\/","title":{"rendered":"OHCC RTV"},"content":{"rendered":"<h3>A brief history of Hungarian radio broadcasts in Ottawa<\/h3>\n<p>Between 1999 and 2001, through the continuous intervention and significant support of President Lajos Gy\u0151rffy and Secretary K\u00e1roly Dombi of OHCC, it became possible for a Hungarian-language program to be created through the CHIN Ottawa&#8217;s Multicultural Radio Station.<br \/>\nStarting in June 2002, the CHIN radio network invited the leadership of the OHCC to participate in the CRTC hearings for the new multicultural broadcast in Ottawa, as a result of which the Hungarian Radio broadcast began in December 2003, led by \u00c9va Hadh\u00e1zy.<br \/>\nFrom 2006, the program editing was taken over by K\u00e1roly Dombi, who held this role until the end of May 2015. In recognition of his successful work over nine years, K\u00e1roly Dombi was <a href=\"https:\/\/www.hunmagyar.org\/radio\/\" rel=\"noopener\" target=\"_blank\">awarded<\/a> the Golden Cross of Merit of Hungary.<br \/>\nYou can search for programs broadcast between 2004 and 2015 on <a href=\"https:\/\/www.hunmagyar.org\/radio\/\" rel=\"noopener\" target=\"_blank\">this website<\/a>.<\/p>\n<h3>Program guide and audio library<\/h3>\n<!-- lps\/start --><div id=\"lps-21896dfffaf552dbfa2197fe6324ed9a-wrap\" data-args=\"{&quot;ver&quot;:1,&quot;perpage&quot;:&quot;5&quot;,&quot;type&quot;:&quot;post&quot;,&quot;chrlimit&quot;:120,&quot;display&quot;:&quot;title,content&quot;,&quot;url&quot;:&quot;yes&quot;,&quot;elements&quot;:&quot;5&quot;,&quot;show_extra&quot;:&quot;tags,ajax_pagination&quot;,&quot;status&quot;:&quot;publish&quot;,&quot;orderby&quot;:&quot;dateD&quot;,&quot;taxonomy&quot;:&quot;category&quot;,&quot;term&quot;:&quot;ohcc-rtv&quot;,&quot;showpages&quot;:&quot;500&quot;,&quot;total_text&quot;:&quot;Total items: %d&quot;,&quot;pagespos&quot;:&quot;2&quot;}\" data-current=\"4280\" class=\"lps-top-section-wrap\" data-url=\"https:\/\/omh-ohcc.ca\/en\/wp-json\/wp\/v2\/pages\/4280\"><div class=\"before lps-pagination-wrap \"><ul class=\"latest-post-selection pages  lps-21896dfffaf552dbfa2197fe6324ed9a\"><li class=\"pages-info\">Page 1 of 35<\/li><li class=\"go-to-prev disabled\"><a class=\"page-item\" data-page=\"1\" title=\"Previous\">&laquo;<\/a><\/li><li class=\"current\"><a class=\"page-item\" href=\"https:\/\/omh-ohcc.ca\/en\/wp-json\/wp\/v2\/pages\/4280\" data-page=\"1\" title=\"First\">1<\/a><\/li><li><a class=\"page-item\" href=\"https:\/\/omh-ohcc.ca\/en\/wp-json\/wp\/v2\/pages\/4280\/page\/2\/\" data-page=\"2\" title=\"Page 2\">2<\/a><\/li><li><a class=\"page-item\" href=\"https:\/\/omh-ohcc.ca\/en\/wp-json\/wp\/v2\/pages\/4280\/page\/3\/\" data-page=\"3\" title=\"Page 3\">3<\/a><\/li><li><a class=\"page-item\" href=\"https:\/\/omh-ohcc.ca\/en\/wp-json\/wp\/v2\/pages\/4280\/page\/4\/\" data-page=\"4\" title=\"Page 4\">4<\/a><\/li><li><a class=\"page-item\" href=\"https:\/\/omh-ohcc.ca\/en\/wp-json\/wp\/v2\/pages\/4280\/page\/5\/\" data-page=\"5\" title=\"Page 5\">5<\/a><\/li><li><a class=\"page-item\" href=\"https:\/\/omh-ohcc.ca\/en\/wp-json\/wp\/v2\/pages\/4280\/page\/6\/\" data-page=\"6\" title=\"Page 6\">6<\/a><\/li><li><a class=\"page-item\" href=\"https:\/\/omh-ohcc.ca\/en\/wp-json\/wp\/v2\/pages\/4280\/page\/7\/\" data-page=\"7\" title=\"Page 7\">7<\/a><\/li><li><a class=\"page-item\" href=\"https:\/\/omh-ohcc.ca\/en\/wp-json\/wp\/v2\/pages\/4280\/page\/8\/\" data-page=\"8\" title=\"Page 8\">8<\/a><\/li><li><a class=\"page-item\" href=\"https:\/\/omh-ohcc.ca\/en\/wp-json\/wp\/v2\/pages\/4280\/page\/9\/\" data-page=\"9\" title=\"Page 9\">9<\/a><\/li><li><a class=\"page-item\" href=\"https:\/\/omh-ohcc.ca\/en\/wp-json\/wp\/v2\/pages\/4280\/page\/10\/\" data-page=\"10\" title=\"Page 10\">10<\/a><\/li><li><a class=\"page-item\" href=\"https:\/\/omh-ohcc.ca\/en\/wp-json\/wp\/v2\/pages\/4280\/page\/11\/\" data-page=\"11\" title=\"Page 11\">11<\/a><\/li><li><a class=\"page-item\" href=\"https:\/\/omh-ohcc.ca\/en\/wp-json\/wp\/v2\/pages\/4280\/page\/12\/\" data-page=\"12\" title=\"Page 12\">12<\/a><\/li><li><a class=\"page-item\" href=\"https:\/\/omh-ohcc.ca\/en\/wp-json\/wp\/v2\/pages\/4280\/page\/13\/\" data-page=\"13\" title=\"Page 13\">13<\/a><\/li><li><a class=\"page-item\" href=\"https:\/\/omh-ohcc.ca\/en\/wp-json\/wp\/v2\/pages\/4280\/page\/14\/\" data-page=\"14\" title=\"Page 14\">14<\/a><\/li><li><a class=\"page-item\" href=\"https:\/\/omh-ohcc.ca\/en\/wp-json\/wp\/v2\/pages\/4280\/page\/15\/\" data-page=\"15\" title=\"Page 15\">15<\/a><\/li><li><a class=\"page-item\" href=\"https:\/\/omh-ohcc.ca\/en\/wp-json\/wp\/v2\/pages\/4280\/page\/16\/\" data-page=\"16\" title=\"Page 16\">16<\/a><\/li><li><a class=\"page-item\" href=\"https:\/\/omh-ohcc.ca\/en\/wp-json\/wp\/v2\/pages\/4280\/page\/17\/\" data-page=\"17\" title=\"Page 17\">17<\/a><\/li><li><a class=\"page-item\" href=\"https:\/\/omh-ohcc.ca\/en\/wp-json\/wp\/v2\/pages\/4280\/page\/18\/\" data-page=\"18\" title=\"Page 18\">18<\/a><\/li><li><a class=\"page-item\" href=\"https:\/\/omh-ohcc.ca\/en\/wp-json\/wp\/v2\/pages\/4280\/page\/19\/\" data-page=\"19\" title=\"Page 19\">19<\/a><\/li><li><a class=\"page-item\" href=\"https:\/\/omh-ohcc.ca\/en\/wp-json\/wp\/v2\/pages\/4280\/page\/20\/\" data-page=\"20\" title=\"Page 20\">20<\/a><\/li><li><a class=\"page-item\" href=\"https:\/\/omh-ohcc.ca\/en\/wp-json\/wp\/v2\/pages\/4280\/page\/21\/\" data-page=\"21\" title=\"Page 21\">21<\/a><\/li><li><a class=\"page-item\" href=\"https:\/\/omh-ohcc.ca\/en\/wp-json\/wp\/v2\/pages\/4280\/page\/22\/\" data-page=\"22\" title=\"Page 22\">22<\/a><\/li><li><a class=\"page-item\" href=\"https:\/\/omh-ohcc.ca\/en\/wp-json\/wp\/v2\/pages\/4280\/page\/23\/\" data-page=\"23\" title=\"Page 23\">23<\/a><\/li><li><a class=\"page-item\" href=\"https:\/\/omh-ohcc.ca\/en\/wp-json\/wp\/v2\/pages\/4280\/page\/24\/\" data-page=\"24\" title=\"Page 24\">24<\/a><\/li><li><a class=\"page-item\" href=\"https:\/\/omh-ohcc.ca\/en\/wp-json\/wp\/v2\/pages\/4280\/page\/25\/\" data-page=\"25\" title=\"Page 25\">25<\/a><\/li><li><a class=\"page-item\" href=\"https:\/\/omh-ohcc.ca\/en\/wp-json\/wp\/v2\/pages\/4280\/page\/26\/\" data-page=\"26\" title=\"Page 26\">26<\/a><\/li><li><a class=\"page-item\" href=\"https:\/\/omh-ohcc.ca\/en\/wp-json\/wp\/v2\/pages\/4280\/page\/27\/\" data-page=\"27\" title=\"Page 27\">27<\/a><\/li><li><a class=\"page-item\" href=\"https:\/\/omh-ohcc.ca\/en\/wp-json\/wp\/v2\/pages\/4280\/page\/28\/\" data-page=\"28\" title=\"Page 28\">28<\/a><\/li><li><a class=\"page-item\" href=\"https:\/\/omh-ohcc.ca\/en\/wp-json\/wp\/v2\/pages\/4280\/page\/29\/\" data-page=\"29\" title=\"Page 29\">29<\/a><\/li><li><a class=\"page-item\" href=\"https:\/\/omh-ohcc.ca\/en\/wp-json\/wp\/v2\/pages\/4280\/page\/30\/\" data-page=\"30\" title=\"Page 30\">30<\/a><\/li><li><a class=\"page-item\" href=\"https:\/\/omh-ohcc.ca\/en\/wp-json\/wp\/v2\/pages\/4280\/page\/31\/\" data-page=\"31\" title=\"Page 31\">31<\/a><\/li><li><a class=\"page-item\" href=\"https:\/\/omh-ohcc.ca\/en\/wp-json\/wp\/v2\/pages\/4280\/page\/32\/\" data-page=\"32\" title=\"Page 32\">32<\/a><\/li><li><a class=\"page-item\" href=\"https:\/\/omh-ohcc.ca\/en\/wp-json\/wp\/v2\/pages\/4280\/page\/33\/\" data-page=\"33\" title=\"Page 33\">33<\/a><\/li><li><a class=\"page-item\" href=\"https:\/\/omh-ohcc.ca\/en\/wp-json\/wp\/v2\/pages\/4280\/page\/34\/\" data-page=\"34\" title=\"Page 34\">34<\/a><\/li><li><a class=\"page-item\" href=\"https:\/\/omh-ohcc.ca\/en\/wp-json\/wp\/v2\/pages\/4280\/page\/35\/\" data-page=\"35\" title=\"Page 35\">35<\/a><\/li><li class=\"go-to-next\"><a class=\"page-item\" href=\"https:\/\/omh-ohcc.ca\/en\/wp-json\/wp\/v2\/pages\/4280\/page\/2\/\" data-page=\"2\" title=\"Next\">&raquo;<\/a><\/li><\/ul><\/div><section class=\"latest-post-selection ajax_pagination\" id=\"lps-21896dfffaf552dbfa2197fe6324ed9a\" style=\"\"><article class=\"post-5809 post type-post status-publish format-standard hentry category-ohcc-rtv\"><h3 class=\"item-title-tag\">OHCC RTV program on 22 December, 2025<\/h3><p>Christmas carols, instrumental pieces and poems at the Ottawa Hungarian Community Center<\/p>\n<p><iframe loading=\"lazy\" title=\"Kar\u00e1csonyv\u00e1r\u00e1s -2025. december 13.\" width=\"800\" height=\"450\" src=\"https:\/\/www.youtube.com\/embed\/za1AWxfZYP0?feature=oembed\" frameborder=\"0\" allow=\"accelerometer; autoplay; clipboard-write; encrypted-media; gyroscope; picture-in-picture; web-share\" referrerpolicy=\"strict-origin-when-cross-origin\" allowfullscreen><\/iframe><\/p>\n<a href=\"https:\/\/omh-ohcc.ca\/en\/ohcc-rtv-program-on-22-december-2025\/\" class=\"read-more\" title=\"OHCC RTV program on 22 December, 2025\"><\/a><\/article><article class=\"post-5805 post type-post status-publish format-standard hentry category-ohcc-rtv\"><h3 class=\"item-title-tag\">OHCC RTV program on 18 December, 2025<\/h3><p>Santa Claus celebration at the Ottawa Hungarian Community Center<\/p>\n<p><iframe loading=\"lazy\" title=\"MIKUL\u00c1S-2025 OMH\" width=\"800\" height=\"450\" src=\"https:\/\/www.youtube.com\/embed\/H7wrO77Z0Mg?feature=oembed\" frameborder=\"0\" allow=\"accelerometer; autoplay; clipboard-write; encrypted-media; gyroscope; picture-in-picture; web-share\" referrerpolicy=\"strict-origin-when-cross-origin\" allowfullscreen><\/iframe><\/p>\n<a href=\"https:\/\/omh-ohcc.ca\/en\/ohcc-rtv-program-on-18-december-2025\/\" class=\"read-more\" title=\"OHCC RTV program on 18 December, 2025\"><\/a><\/article><article class=\"post-5783 post type-post status-publish format-standard hentry category-ohcc-rtv\"><h3 class=\"item-title-tag\">OHCC RTV program on 21 November, 2025<\/h3><p>Music and Poetry Night &#8211; 2025. November 15, 2025<\/p>\n<p><iframe loading=\"lazy\" title=\"Zene \u00e9s K\u00f6lt\u00e9szet-2025. november 15.\" width=\"800\" height=\"450\" src=\"https:\/\/www.youtube.com\/embed\/mpPrYLcbRJA?feature=oembed\" frameborder=\"0\" allow=\"accelerometer; autoplay; clipboard-write; encrypted-media; gyroscope; picture-in-picture; web-share\" referrerpolicy=\"strict-origin-when-cross-origin\" allowfullscreen><\/iframe><\/p>\n<a href=\"https:\/\/omh-ohcc.ca\/en\/ohcc-rtv-program-on-21-november-2025\/\" class=\"read-more\" title=\"OHCC RTV program on 21 November, 2025\"><\/a><\/article><article class=\"post-5781 post type-post status-publish format-standard hentry category-ohcc-rtv\"><h3 class=\"item-title-tag\">OHCC RTV program on 18 November, 2025<\/h3><p>Harvest Ball<\/p>\n<p><iframe loading=\"lazy\" title=\"SZ\u00dcRETI B\u00c1L-OMH- 2025-11-08\" width=\"800\" height=\"450\" src=\"https:\/\/www.youtube.com\/embed\/vusZqOEvHko?feature=oembed\" frameborder=\"0\" allow=\"accelerometer; autoplay; clipboard-write; encrypted-media; gyroscope; picture-in-picture; web-share\" referrerpolicy=\"strict-origin-when-cross-origin\" allowfullscreen><\/iframe><\/p>\n<a href=\"https:\/\/omh-ohcc.ca\/en\/ohcc-rtv-program-on-18-november-2025\/\" class=\"read-more\" title=\"OHCC RTV program on 18 November, 2025\"><\/a><\/article><article class=\"post-5776 post type-post status-publish format-standard hentry category-ohcc-rtv\"><h3 class=\"item-title-tag\">OHCC RTV program on 11 November, 2025<\/h3><p>Commemoration of the 1956 Revolution (2025-10-25)<br \/>\nCelebration program at the Hungarian House in Ottawa<\/p>\n<p><iframe loading=\"lazy\" title=\"Megeml\u00e9kez\u00e9s az 56-os forradalomr\u00f3l (2025-10-25)\" width=\"800\" height=\"450\" src=\"https:\/\/www.youtube.com\/embed\/ooDFxEHhYmA?feature=oembed\" frameborder=\"0\" allow=\"accelerometer; autoplay; clipboard-write; encrypted-media; gyroscope; picture-in-picture; web-share\" referrerpolicy=\"strict-origin-when-cross-origin\" allowfullscreen><\/iframe><\/p>\n<a href=\"https:\/\/omh-ohcc.ca\/en\/ohcc-rtv-program-on-11-november-2025\/\" class=\"read-more\" title=\"OHCC RTV program on 11 November, 2025\"><\/a><\/article><\/section><div class=\"after lps-pagination-wrap \"><ul class=\"latest-post-selection pages  lps-21896dfffaf552dbfa2197fe6324ed9a\"><li class=\"pages-info\">Page 1 of 35<\/li><li class=\"go-to-prev disabled\"><a class=\"page-item\" data-page=\"1\" title=\"Previous\">&laquo;<\/a><\/li><li class=\"current\"><a class=\"page-item\" href=\"https:\/\/omh-ohcc.ca\/en\/wp-json\/wp\/v2\/pages\/4280\" data-page=\"1\" title=\"First\">1<\/a><\/li><li><a class=\"page-item\" href=\"https:\/\/omh-ohcc.ca\/en\/wp-json\/wp\/v2\/pages\/4280\/page\/2\/\" data-page=\"2\" title=\"Page 2\">2<\/a><\/li><li><a class=\"page-item\" href=\"https:\/\/omh-ohcc.ca\/en\/wp-json\/wp\/v2\/pages\/4280\/page\/3\/\" data-page=\"3\" title=\"Page 3\">3<\/a><\/li><li><a class=\"page-item\" href=\"https:\/\/omh-ohcc.ca\/en\/wp-json\/wp\/v2\/pages\/4280\/page\/4\/\" data-page=\"4\" title=\"Page 4\">4<\/a><\/li><li><a class=\"page-item\" href=\"https:\/\/omh-ohcc.ca\/en\/wp-json\/wp\/v2\/pages\/4280\/page\/5\/\" data-page=\"5\" title=\"Page 5\">5<\/a><\/li><li><a class=\"page-item\" href=\"https:\/\/omh-ohcc.ca\/en\/wp-json\/wp\/v2\/pages\/4280\/page\/6\/\" data-page=\"6\" title=\"Page 6\">6<\/a><\/li><li><a class=\"page-item\" href=\"https:\/\/omh-ohcc.ca\/en\/wp-json\/wp\/v2\/pages\/4280\/page\/7\/\" data-page=\"7\" title=\"Page 7\">7<\/a><\/li><li><a class=\"page-item\" href=\"https:\/\/omh-ohcc.ca\/en\/wp-json\/wp\/v2\/pages\/4280\/page\/8\/\" data-page=\"8\" title=\"Page 8\">8<\/a><\/li><li><a class=\"page-item\" href=\"https:\/\/omh-ohcc.ca\/en\/wp-json\/wp\/v2\/pages\/4280\/page\/9\/\" data-page=\"9\" title=\"Page 9\">9<\/a><\/li><li><a class=\"page-item\" href=\"https:\/\/omh-ohcc.ca\/en\/wp-json\/wp\/v2\/pages\/4280\/page\/10\/\" data-page=\"10\" title=\"Page 10\">10<\/a><\/li><li><a class=\"page-item\" href=\"https:\/\/omh-ohcc.ca\/en\/wp-json\/wp\/v2\/pages\/4280\/page\/11\/\" data-page=\"11\" title=\"Page 11\">11<\/a><\/li><li><a class=\"page-item\" href=\"https:\/\/omh-ohcc.ca\/en\/wp-json\/wp\/v2\/pages\/4280\/page\/12\/\" data-page=\"12\" title=\"Page 12\">12<\/a><\/li><li><a class=\"page-item\" href=\"https:\/\/omh-ohcc.ca\/en\/wp-json\/wp\/v2\/pages\/4280\/page\/13\/\" data-page=\"13\" title=\"Page 13\">13<\/a><\/li><li><a class=\"page-item\" href=\"https:\/\/omh-ohcc.ca\/en\/wp-json\/wp\/v2\/pages\/4280\/page\/14\/\" data-page=\"14\" title=\"Page 14\">14<\/a><\/li><li><a class=\"page-item\" href=\"https:\/\/omh-ohcc.ca\/en\/wp-json\/wp\/v2\/pages\/4280\/page\/15\/\" data-page=\"15\" title=\"Page 15\">15<\/a><\/li><li><a class=\"page-item\" href=\"https:\/\/omh-ohcc.ca\/en\/wp-json\/wp\/v2\/pages\/4280\/page\/16\/\" data-page=\"16\" title=\"Page 16\">16<\/a><\/li><li><a class=\"page-item\" href=\"https:\/\/omh-ohcc.ca\/en\/wp-json\/wp\/v2\/pages\/4280\/page\/17\/\" data-page=\"17\" title=\"Page 17\">17<\/a><\/li><li><a class=\"page-item\" href=\"https:\/\/omh-ohcc.ca\/en\/wp-json\/wp\/v2\/pages\/4280\/page\/18\/\" data-page=\"18\" title=\"Page 18\">18<\/a><\/li><li><a class=\"page-item\" href=\"https:\/\/omh-ohcc.ca\/en\/wp-json\/wp\/v2\/pages\/4280\/page\/19\/\" data-page=\"19\" title=\"Page 19\">19<\/a><\/li><li><a class=\"page-item\" href=\"https:\/\/omh-ohcc.ca\/en\/wp-json\/wp\/v2\/pages\/4280\/page\/20\/\" data-page=\"20\" title=\"Page 20\">20<\/a><\/li><li><a class=\"page-item\" href=\"https:\/\/omh-ohcc.ca\/en\/wp-json\/wp\/v2\/pages\/4280\/page\/21\/\" data-page=\"21\" title=\"Page 21\">21<\/a><\/li><li><a class=\"page-item\" href=\"https:\/\/omh-ohcc.ca\/en\/wp-json\/wp\/v2\/pages\/4280\/page\/22\/\" data-page=\"22\" title=\"Page 22\">22<\/a><\/li><li><a class=\"page-item\" href=\"https:\/\/omh-ohcc.ca\/en\/wp-json\/wp\/v2\/pages\/4280\/page\/23\/\" data-page=\"23\" title=\"Page 23\">23<\/a><\/li><li><a class=\"page-item\" href=\"https:\/\/omh-ohcc.ca\/en\/wp-json\/wp\/v2\/pages\/4280\/page\/24\/\" data-page=\"24\" title=\"Page 24\">24<\/a><\/li><li><a class=\"page-item\" href=\"https:\/\/omh-ohcc.ca\/en\/wp-json\/wp\/v2\/pages\/4280\/page\/25\/\" data-page=\"25\" title=\"Page 25\">25<\/a><\/li><li><a class=\"page-item\" href=\"https:\/\/omh-ohcc.ca\/en\/wp-json\/wp\/v2\/pages\/4280\/page\/26\/\" data-page=\"26\" title=\"Page 26\">26<\/a><\/li><li><a class=\"page-item\" href=\"https:\/\/omh-ohcc.ca\/en\/wp-json\/wp\/v2\/pages\/4280\/page\/27\/\" data-page=\"27\" title=\"Page 27\">27<\/a><\/li><li><a class=\"page-item\" href=\"https:\/\/omh-ohcc.ca\/en\/wp-json\/wp\/v2\/pages\/4280\/page\/28\/\" data-page=\"28\" title=\"Page 28\">28<\/a><\/li><li><a class=\"page-item\" href=\"https:\/\/omh-ohcc.ca\/en\/wp-json\/wp\/v2\/pages\/4280\/page\/29\/\" data-page=\"29\" title=\"Page 29\">29<\/a><\/li><li><a class=\"page-item\" href=\"https:\/\/omh-ohcc.ca\/en\/wp-json\/wp\/v2\/pages\/4280\/page\/30\/\" data-page=\"30\" title=\"Page 30\">30<\/a><\/li><li><a class=\"page-item\" href=\"https:\/\/omh-ohcc.ca\/en\/wp-json\/wp\/v2\/pages\/4280\/page\/31\/\" data-page=\"31\" title=\"Page 31\">31<\/a><\/li><li><a class=\"page-item\" href=\"https:\/\/omh-ohcc.ca\/en\/wp-json\/wp\/v2\/pages\/4280\/page\/32\/\" data-page=\"32\" title=\"Page 32\">32<\/a><\/li><li><a class=\"page-item\" href=\"https:\/\/omh-ohcc.ca\/en\/wp-json\/wp\/v2\/pages\/4280\/page\/33\/\" data-page=\"33\" title=\"Page 33\">33<\/a><\/li><li><a class=\"page-item\" href=\"https:\/\/omh-ohcc.ca\/en\/wp-json\/wp\/v2\/pages\/4280\/page\/34\/\" data-page=\"34\" title=\"Page 34\">34<\/a><\/li><li><a class=\"page-item\" href=\"https:\/\/omh-ohcc.ca\/en\/wp-json\/wp\/v2\/pages\/4280\/page\/35\/\" data-page=\"35\" title=\"Page 35\">35<\/a><\/li><li class=\"go-to-next\"><a class=\"page-item\" href=\"https:\/\/omh-ohcc.ca\/en\/wp-json\/wp\/v2\/pages\/4280\/page\/2\/\" data-page=\"2\" title=\"Next\">&raquo;<\/a><\/li><\/ul><\/div><\/div><!-- lps\/end -->\n","protected":false},"excerpt":{"rendered":"<p>A brief history of Hungarian radio broadcasts in Ottawa Between 1999 and 2001, through the continuous intervention and significant support of President Lajos Gy\u0151rffy and Secretary K\u00e1roly Dombi of OHCC, it became possible for a Hungarian-language program to be created through the CHIN Ottawa&#8217;s Multicultural Radio Station. Starting in June 2002, the CHIN radio network [&hellip;]<\/p>\n","protected":false},"author":3,"featured_media":0,"parent":586,"menu_order":0,"comment_status":"closed","ping_status":"closed","template":"t_no-right-page.php","meta":[],"_links":{"self":[{"href":"https:\/\/omh-ohcc.ca\/en\/wp-json\/wp\/v2\/pages\/4280"}],"collection":[{"href":"https:\/\/omh-ohcc.ca\/en\/wp-json\/wp\/v2\/pages"}],"about":[{"href":"https:\/\/omh-ohcc.ca\/en\/wp-json\/wp\/v2\/types\/page"}],"author":[{"embeddable":true,"href":"https:\/\/omh-ohcc.ca\/en\/wp-json\/wp\/v2\/users\/3"}],"replies":[{"embeddable":true,"href":"https:\/\/omh-ohcc.ca\/en\/wp-json\/wp\/v2\/comments?post=4280"}],"version-history":[{"count":4,"href":"https:\/\/omh-ohcc.ca\/en\/wp-json\/wp\/v2\/pages\/4280\/revisions"}],"predecessor-version":[{"id":5828,"href":"https:\/\/omh-ohcc.ca\/en\/wp-json\/wp\/v2\/pages\/4280\/revisions\/5828"}],"up":[{"embeddable":true,"href":"https:\/\/omh-ohcc.ca\/en\/wp-json\/wp\/v2\/pages\/586"}],"wp:attachment":[{"href":"https:\/\/omh-ohcc.ca\/en\/wp-json\/wp\/v2\/media?parent=4280"}],"curies":[{"name":"wp","href":"https:\/\/api.w.org\/{rel}","templated":true}]}}