{"id":334,"date":"2016-01-13T01:35:03","date_gmt":"2016-01-13T06:35:03","guid":{"rendered":"http:\/\/omh-ohcc.ca\/en\/?page_id=334"},"modified":"2018-05-01T19:15:50","modified_gmt":"2018-05-01T23:15:50","slug":"past-menus","status":"publish","type":"page","link":"https:\/\/omh-ohcc.ca\/en\/fridays-menu\/past-menus\/","title":{"rendered":"Past Menus"},"content":{"rendered":"<!-- lps\/start --><div id=\"lps-bdd9829e9bbcc4b2b73112bc346c9d50-wrap\" data-args=\"{&quot;ver&quot;:1,&quot;perpage&quot;:&quot;12&quot;,&quot;type&quot;:&quot;post&quot;,&quot;chrlimit&quot;:120,&quot;display&quot;:&quot;title,content&quot;,&quot;css&quot;:&quot;fridays_menu&quot;,&quot;show_extra&quot;:&quot;ajax_pagination&quot;,&quot;status&quot;:&quot;publish&quot;,&quot;orderby&quot;:&quot;dateD&quot;,&quot;taxonomy&quot;:&quot;category&quot;,&quot;term&quot;:&quot;fridays_menu&quot;,&quot;showpages&quot;:&quot;10&quot;,&quot;total_text&quot;:&quot;Total items: %d&quot;,&quot;pagespos&quot;:&quot;2&quot;,&quot;image&quot;:&quot;full&quot;}\" data-current=\"334\" class=\"lps-top-section-wrap\" data-url=\"https:\/\/omh-ohcc.ca\/en\/wp-json\/wp\/v2\/pages\/334\"><div class=\"before lps-pagination-wrap \"><ul class=\"latest-post-selection pages  lps-bdd9829e9bbcc4b2b73112bc346c9d50\"><li class=\"pages-info\">Page 1 of 20<\/li><li class=\"go-to-first disabled\"><a class=\"page-item\" data-page=\"1\" title=\"First\">&lsaquo;&nbsp;<\/a><\/li><li class=\"go-to-prev disabled\"><a class=\"page-item\" data-page=\"1\" title=\"Previous\">&laquo;<\/a><\/li><li class=\"current\"><a class=\"page-item\" href=\"https:\/\/omh-ohcc.ca\/en\/wp-json\/wp\/v2\/pages\/334\" data-page=\"1\" title=\"First\">1<\/a><\/li><li><a class=\"page-item\" href=\"https:\/\/omh-ohcc.ca\/en\/wp-json\/wp\/v2\/pages\/334\/page\/2\/\" data-page=\"2\" title=\"Page 2\">2<\/a><\/li><li><a class=\"page-item\" href=\"https:\/\/omh-ohcc.ca\/en\/wp-json\/wp\/v2\/pages\/334\/page\/3\/\" data-page=\"3\" title=\"Page 3\">3<\/a><\/li><li><a class=\"page-item\" href=\"https:\/\/omh-ohcc.ca\/en\/wp-json\/wp\/v2\/pages\/334\/page\/4\/\" data-page=\"4\" title=\"Page 4\">4<\/a><\/li><li><a class=\"page-item\" href=\"https:\/\/omh-ohcc.ca\/en\/wp-json\/wp\/v2\/pages\/334\/page\/5\/\" data-page=\"5\" title=\"Page 5\">5<\/a><\/li><li><a class=\"page-item\" href=\"https:\/\/omh-ohcc.ca\/en\/wp-json\/wp\/v2\/pages\/334\/page\/6\/\" data-page=\"6\" title=\"Page 6\">6<\/a><\/li><li><a class=\"page-item\" href=\"https:\/\/omh-ohcc.ca\/en\/wp-json\/wp\/v2\/pages\/334\/page\/7\/\" data-page=\"7\" title=\"Page 7\">7<\/a><\/li><li><a class=\"page-item\" href=\"https:\/\/omh-ohcc.ca\/en\/wp-json\/wp\/v2\/pages\/334\/page\/8\/\" data-page=\"8\" title=\"Page 8\">8<\/a><\/li><li><a class=\"page-item\" href=\"https:\/\/omh-ohcc.ca\/en\/wp-json\/wp\/v2\/pages\/334\/page\/9\/\" data-page=\"9\" title=\"Page 9\">9<\/a><\/li><li><a class=\"page-item\" href=\"https:\/\/omh-ohcc.ca\/en\/wp-json\/wp\/v2\/pages\/334\/page\/10\/\" data-page=\"10\" title=\"Page 10\">10<\/a><\/li><li class=\"go-to-next\"><a class=\"page-item\" href=\"https:\/\/omh-ohcc.ca\/en\/wp-json\/wp\/v2\/pages\/334\/page\/2\/\" data-page=\"2\" title=\"Next\">&raquo;<\/a><\/li><li class=\"go-to-last\"><a class=\"page-item\" href=\"https:\/\/omh-ohcc.ca\/en\/wp-json\/wp\/v2\/pages\/334\/page\/20\/\" data-page=\"20\" title=\"Last\">&nbsp;&rsaquo;<\/a><\/li><\/ul><\/div><section class=\"latest-post-selection fridays_menu ajax_pagination\" id=\"lps-bdd9829e9bbcc4b2b73112bc346c9d50\" style=\"\"><article class=\"post-5788 post type-post status-publish format-standard hentry category-fridays_menu\"><h3 class=\"item-title-tag\">November 28, 2025<\/h3><table style=\"border: none;\">\n<!--\n\n\n<thead>Heritage Hungarian meal by <strong>Gizella Moldov\u00e1n<\/strong>:<\/thead>\n\n\n--><\/p>\n<thead>Heritage Hungarian meal:<\/thead>\n<tr>\n<td style=\"border: none; text-align: center; vertical-align: top;\">\n<div style=\"width: 130px\" class=\"wp-caption aligncenter\"><img decoding=\"async\" class=\"\" src=\"\/kep\/160\/be\/etel\/toltott_kaposzta_tort_krumpli.jpg\" alt=\"f\u0151\u00e9tel\" width=\"160\"\/><p class=\"wp-caption-text\">Cabbage Rolls with Parsley Potatoes<\/p><\/div><\/td>\n<td style=\"border: none; text-align: center; vertical-align: top;\">\n<div style=\"width: 130px\" class=\"wp-caption aligncenter\"><img decoding=\"async\" class=\"\" src=\"\/kep\/160\/be\/sutemeny\/tiramisu-Costco.png\" alt=\"\u00e9tel\" width=\"160\"\/><p class=\"wp-caption-text\">Tiramisu Cake Slice<\/p><\/div><\/td>\n<\/tr>\n<\/tbody>\n<\/table>\n<\/article><article class=\"post-5665 post type-post status-publish format-standard hentry category-fridays_menu\"><h3 class=\"item-title-tag\">March 21, 2025<\/h3><table style=\"border: none;\">\n<thead>Heritage Hungarian meal by <strong>Gizella Moldov\u00e1n<\/strong>:<\/thead>\n<p><!--\n\n\n<thead>Heritage Hungarian meal:<\/thead>\n\n\n--><\/p>\n<tr>\n<td style=\"border: none; text-align: center; vertical-align: top;\">\n<div style=\"width: 130px\" class=\"wp-caption aligncenter\"><img decoding=\"async\" class=\"\" src=\"\/kep\/160\/be\/etel\/sertes_porkolt_nokedlivel-2.jpg\" alt=\"f\u0151\u00e9tel\" width=\"160\"\/><p class=\"wp-caption-text\">Pork <em>P\u00f6rk\u00f6lt<\/em> with <em>Nokedli<\/em><\/p><\/div><\/td>\n<td style=\"border: none; text-align: center; vertical-align: top;\">\n<div style=\"width: 130px\" class=\"wp-caption aligncenter\"><img decoding=\"async\" class=\"\" src=\"\/kep\/160\/be\/sutemeny\/malnas_sutemeny.png\" alt=\"\u00e9tel\" width=\"160\"\/><p class=\"wp-caption-text\">Raspberry Burst Cake<\/p><\/div><\/td>\n<\/tr>\n<\/tbody>\n<\/table>\n<\/article><article class=\"post-5644 post type-post status-publish format-standard hentry category-fridays_menu\"><h3 class=\"item-title-tag\">February 7, 2025<\/h3><table style=\"border: none;\">\n<thead>Heritage Hungarian meal by <strong>Gizella Moldov\u00e1n<\/strong>:<\/thead>\n<p><!--\n\n\n<thead>Heritage Hungarian meal:<\/thead>\n\n\n--><\/p>\n<tr>\n<td style=\"border: none; text-align: center; vertical-align: top;\">\n<div style=\"width: 130px\" class=\"wp-caption aligncenter\"><img decoding=\"async\" class=\"\" src=\"\/kep\/160\/be\/etel\/toltott_kaposzta-1.jpg\" alt=\"f\u0151\u00e9tel\" width=\"160\"\/><p class=\"wp-caption-text\">Cabbage Rolls with Potatoes<\/p><\/div><\/td>\n<td style=\"border: none; text-align: center; vertical-align: top;\">\n<div style=\"width: 130px\" class=\"wp-caption aligncenter\"><img decoding=\"async\" class=\"\" src=\"\/kep\/160\/be\/sutemeny\/meggyes_pite-01.png\" alt=\"\u00e9tel\" width=\"160\" \/><p class=\"wp-caption-text\">Sour Cherry Squares<\/p><\/div><\/td>\n<\/tr>\n<\/tbody>\n<\/table>\n<\/article><article class=\"post-5555 post type-post status-publish format-standard hentry category-fridays_menu\"><h3 class=\"item-title-tag\">June 28, 2024<\/h3><p><div style=\"width: 170px\" class=\"wp-caption aligncenter\"><img decoding=\"async\" src=\"\/kep\/be\/targy\/egyeb\/closed.jpg\" alt=\"closed\" width=\"160\" \/><p class=\"wp-caption-text\">Sorry, we are closed.<\/p><\/div><br \/>\n<!--\n\n<table style=\"border: none;\">\n\n\n\n<thead><strong>Moldov\u00e1n Gizella<\/strong> hagyom\u00e1nyos magyar konyh\u00e1j\u00e1b\u00f3l:<\/thead>\n\n\n\n\n\n<thead>Heritage Hungarian meal:<\/thead>\n\n\n\n\n<tbody>\n\n\n<tr>\n\n\n<td style=\"border: none; text-align: center; vertical-align: top;\">\n<\/td>\n\n\n\n\n\n\n<td style=\"border: none; text-align: center; vertical-align: top;\">\n<\/td>\n\n\n\n<\/tr>\n\n\n<\/tbody>\n\n\n<\/table>\n\n--><\/p>\n<\/article><article class=\"post-5530 post type-post status-publish format-standard hentry category-fridays_menu\"><h3 class=\"item-title-tag\">May 24, 2024<\/h3><table style=\"border: none;\">\n<!--\n\n\n<thead><strong>Moldov\u00e1n Gizella<\/strong> hagyom\u00e1nyos magyar konyh\u00e1j\u00e1b\u00f3l:<\/thead>\n\n\n--><\/p>\n<thead>Hagyom\u00e1nyos magyar \u00e9tel:<\/thead>\n<tbody>\n<tr>\n<td style=\"border: none; text-align: center; vertical-align: top;\">\n<div style=\"width: 130px\" class=\"wp-caption aligncenter\"><img decoding=\"async\" class=\"\" src=\"\/kep\/160\/be\/etel\/magyaros-karfiolleves.png\" alt=\"soup\" width=\"160\"\/><p class=\"wp-caption-text\">Hungarian Style Cauliflower Soup<\/p><\/div><\/td>\n<td style=\"border: none; text-align: center; vertical-align: top;\">\n<div style=\"width: 130px\" class=\"wp-caption aligncenter\"><img decoding=\"async\" class=\"\" src=\"\/kep\/160\/be\/etel\/rantott-hus-petrezselymes-krumpli.png\" alt=\"main\" width=\"160\"\/><p class=\"wp-caption-text\">Schnitzel with Parsleyed Potatoes<\/p><\/div><\/td>\n<td style=\"border: none; text-align: center; vertical-align: top;\">\n<div style=\"width: 130px\" class=\"wp-caption aligncenter\"><img decoding=\"async\" class=\"\" src=\"\/kep\/160\/be\/sutemeny\/rizsfelfujt-baracklekvar.jpg\" alt=\"dessert\" width=\"160\"\/><p class=\"wp-caption-text\">Rice Pudding Souffl\u00e9 Cake<\/p><\/div><\/td>\n<\/tr>\n<\/tbody>\n<\/table>\n<\/article><article class=\"post-5513 post type-post status-publish format-standard hentry category-fridays_menu\"><h3 class=\"item-title-tag\">April 12, 2024<\/h3><table style=\"border: none;\">\n<!--\n\n\n<thead><strong>Moldov\u00e1n Gizella<\/strong> hagyom\u00e1nyos magyar konyh\u00e1j\u00e1b\u00f3l:<\/thead>\n\n\n--><\/p>\n<thead>Hagyom\u00e1nyos magyar \u00e9tel:<\/thead>\n<tbody>\n<tr>\n<td style=\"border: none; text-align: center; vertical-align: top;\">\n<div style=\"width: 130px\" class=\"wp-caption aligncenter\"><img decoding=\"async\" class=\"\" src=\"\/kep\/160\/be\/etel\/zoldsegleves_sonkagaluskaval.jpg\" alt=\"soup\" width=\"160\"\/><p class=\"wp-caption-text\">Vegetable Soup with Ham Dumplings<\/p><\/div><\/td>\n<td style=\"border: none; text-align: center; vertical-align: top;\">\n<div style=\"width: 130px\" class=\"wp-caption aligncenter\"><img decoding=\"async\" class=\"\" src=\"\/kep\/160\/be\/etel\/vasi_pecsenye_petrezselymes_krumplival.jpg\" alt=\"main\" width=\"160\"\/><p class=\"wp-caption-text\">Pork Cutlets Vasi-style with Parsleyed Potatoes<\/p>\n<p><\/p><\/div><\/td>\n<td style=\"border: none; text-align: center; vertical-align: top;\">\n<div style=\"width: 130px\" class=\"wp-caption aligncenter\"><img decoding=\"async\" class=\"\" src=\"\/kep\/160\/be\/sutemeny\/omlos_barackos_pite.jpg\" alt=\"dessert\" width=\"160\"\/><p class=\"wp-caption-text\">Peach Crumble Squares<\/p><\/div><\/td>\n<\/tr>\n<\/tbody>\n<\/table>\n<\/article><article class=\"post-5479 post type-post status-publish format-standard hentry category-fridays_menu\"><h3 class=\"item-title-tag\">February 23, 2024<\/h3><table style=\"border: none;\">\n<!--\n\n\n<thead>Heritage Hungarian meal by <strong>Gizella Moldov\u00e1n<\/strong>:<\/thead>\n\n\n--><\/p>\n<thead>Heritage Hungarian meal<\/strong>:<\/thead>\n<tr>\n<td style=\"border: none; text-align: center; vertical-align: top;\">\n<div style=\"width: 130px\" class=\"wp-caption aligncenter\"><img decoding=\"async\" class=\"\" src=\"\/kep\/160\/be\/etel\/debreceni-tokany-tarhonyaval.jpg\" alt=\"f\u0151\u00e9tel\" width=\"160\"\/><p class=\"wp-caption-text\">Braised Beef in Pepper Stew and Debreceni Sausage Served with Pasta<\/p><\/div><\/td>\n<td style=\"border: none; text-align: center; vertical-align: top;\">\n<div style=\"width: 130px\" class=\"wp-caption aligncenter\"><img decoding=\"async\" class=\"\" src=\"\/kep\/160\/be\/sutemeny\/tiramisu-Costco.png\" alt=\"\u00e9tel\" width=\"160\" \/><p class=\"wp-caption-text\">Chestnut Roulade Cake Slice<\/p><\/div><\/td>\n<\/tr>\n<\/tbody>\n<\/table>\n<\/article><article class=\"post-5462 post type-post status-publish format-standard hentry category-fridays_menu\"><h3 class=\"item-title-tag\">January 26, 2024<\/h3><table style=\"border: none;\">\n<!--\n\n\n<thead>Heritage Hungarian meal by <strong>Gizella Moldov\u00e1n<\/strong>:<\/thead>\n\n\n--><\/p>\n<thead>Heritage Hungarian meal<\/strong>:<\/thead>\n<tr>\n<td style=\"border: none; text-align: center; vertical-align: top;\">\n<div style=\"width: 130px\" class=\"wp-caption aligncenter\"><img decoding=\"async\" class=\"\" src=\"\/kep\/160\/be\/etel\/rantott_hus_krumplipurevel.png\" alt=\"f\u0151\u00e9tel\" width=\"160\" \/><p class=\"wp-caption-text\">Wiener Schnitzel with Mashed Potatoes and Steamed Vegetables<\/p><\/div><\/td>\n<td style=\"border: none; text-align: center; vertical-align: top;\">\n<div style=\"width: 130px\" class=\"wp-caption aligncenter\"><img decoding=\"async\" class=\"\" src=\"\/kep\/160\/be\/sutemeny\/tiramisu-Costco.png\" alt=\"\u00e9tel\" width=\"160\" \/><p class=\"wp-caption-text\">Tiramisu Cake Slice<\/p><\/div><\/td>\n<\/tr>\n<\/tbody>\n<\/table>\n<\/article><article class=\"post-5442 post type-post status-publish format-standard hentry category-fridays_menu\"><h3 class=\"item-title-tag\">January 12, 2024<\/h3><table style=\"border: none;\">\n<!--\n\n\n<thead>Heritage Hungarian meal by <strong>Gizella Moldov\u00e1n<\/strong>:<\/thead>\n\n\n--><\/p>\n<thead>Heritage Hungarian meal<\/strong>:<\/thead>\n<tr>\n<td style=\"border: none; text-align: center; vertical-align: top;\">\n<div style=\"width: 130px\" class=\"wp-caption aligncenter\"><img decoding=\"async\" class=\"\" src=\"\/kep\/160\/be\/etel\/sertes_porkolt_nokedlivel-2.jpg\" alt=\"f\u0151\u00e9tel\" width=\"160\" \/><p class=\"wp-caption-text\">Pork Stew and Little Dumplings, Dill Pickle<\/p><\/div><\/td>\n<td style=\"border: none; text-align: center; vertical-align: top;\">\n<div style=\"width: 130px\" class=\"wp-caption aligncenter\"><img decoding=\"async\" class=\"\" src=\"\/kep\/160\/be\/sutemeny\/tiramisu-Costco.png\" alt=\"\u00e9tel\" width=\"160\" \/><p class=\"wp-caption-text\">Tiramisu Cake Slice<\/p><\/div><\/td>\n<\/tr>\n<\/tbody>\n<\/table>\n<\/article><article class=\"post-5230 post type-post status-publish format-standard hentry category-fridays_menu\"><h3 class=\"item-title-tag\">September 08, 2023<\/h3><table style=\"border: none;\">\n<thead>Heritage Hungarian meal by <strong>Gizella Moldov\u00e1n<\/strong>:<\/thead>\n<tr>\n<td style=\"border: none; text-align: center; vertical-align: top;\">\n<div style=\"width: 190px\" class=\"wp-caption aligncenter\"><img decoding=\"async\" class=\"\" src=\"\/kep\/160\/be\/etel\/rantott_hus_krumplipurevel.png\" alt=\"f\u0151\u00e9tel\" width=\"160\" \/><p class=\"wp-caption-text\">Wiener Schnitzel with Mashed Potatoes<\/p><\/div><\/td>\n<td style=\"border: none; text-align: center; vertical-align: top;\">\n<div style=\"width: 130px\" class=\"wp-caption aligncenter\"><img decoding=\"async\" class=\"\" src=\"\/kep\/160\/be\/sutemeny\/meggyes_piskota-3.png\" alt=\"\u00e9tel\" width=\"160\" \/><p class=\"wp-caption-text\">Sour Cherry Sponge Cake<\/p><\/div><\/td>\n<\/tr>\n<\/tbody>\n<\/table>\n<\/article><article class=\"post-5176 post type-post status-publish format-standard hentry category-fridays_menu\"><h3 class=\"item-title-tag\">July 14, 2023<\/h3><table style=\"border: none;\">\n<thead>Heritage Hungarian meal by <strong>Gizella Moldov\u00e1n<\/strong>:<\/thead>\n<tr>\n<td style=\"border: none; text-align: center; vertical-align: top;\">\n<div style=\"width: 190px\" class=\"wp-caption aligncenter\"><img decoding=\"async\" class=\"\" src=\"\/kep\/160\/be\/etel\/bakonyi_lecsos_csirke.jpg\" alt=\"f\u0151\u00e9tel\" width=\"160\" \/><p class=\"wp-caption-text\">Chicken Bakony Style with Rice<\/p><\/div><\/td>\n<td style=\"border: none; text-align: center; vertical-align: top;\">\n<div style=\"width: 130px\" class=\"wp-caption aligncenter\"><img decoding=\"async\" class=\"\" src=\"\/kep\/160\/be\/sutemeny\/almas_meggyes_retes.jpg\" alt=\"\u00e9tel\" width=\"160\" \/><p class=\"wp-caption-text\">Apple Sour Cherry Strudel<\/p><\/div><\/td>\n<\/tr>\n<\/tbody>\n<\/table>\n<\/article><article class=\"post-5128 post type-post status-publish format-standard hentry category-fridays_menu\"><h3 class=\"item-title-tag\">May 12, 2023<\/h3><table style=\"border: none;\">\n<tr>\n<td style=\"border: none; text-align: center; vertical-align: top;\">\n<div style=\"width: 170px\" class=\"wp-caption aligncenter\"><img decoding=\"async\" class=\"\" src=\"\/kep\/160\/be\/etel\/porkolt_nokedlivel-2.png\" alt=\"main\" width=\"160\" \/><p class=\"wp-caption-text\">Beef Goulash and<br \/>\nNokedli, Dill Pickle<\/p><\/div><\/td>\n<td style=\"border: none; text-align: center; vertical-align: top;\">\n<div style=\"width: 130px\" class=\"wp-caption aligncenter\"><img decoding=\"async\" class=\"\" src=\"\/kep\/160\/be\/sutemeny\/tuxedo_torta.jpg\" alt=\"dessert\" width=\"160\" \/><p class=\"wp-caption-text\">Tuxedo cake<\/p><\/div><\/td>\n<\/tr>\n<\/tbody>\n<\/table>\n<\/article><\/section><div class=\"after lps-pagination-wrap \"><ul class=\"latest-post-selection pages  lps-bdd9829e9bbcc4b2b73112bc346c9d50\"><li class=\"pages-info\">Page 1 of 20<\/li><li class=\"go-to-first disabled\"><a class=\"page-item\" data-page=\"1\" title=\"First\">&lsaquo;&nbsp;<\/a><\/li><li class=\"go-to-prev disabled\"><a class=\"page-item\" data-page=\"1\" title=\"Previous\">&laquo;<\/a><\/li><li class=\"current\"><a class=\"page-item\" href=\"https:\/\/omh-ohcc.ca\/en\/wp-json\/wp\/v2\/pages\/334\" data-page=\"1\" title=\"First\">1<\/a><\/li><li><a class=\"page-item\" href=\"https:\/\/omh-ohcc.ca\/en\/wp-json\/wp\/v2\/pages\/334\/page\/2\/\" data-page=\"2\" title=\"Page 2\">2<\/a><\/li><li><a class=\"page-item\" href=\"https:\/\/omh-ohcc.ca\/en\/wp-json\/wp\/v2\/pages\/334\/page\/3\/\" data-page=\"3\" title=\"Page 3\">3<\/a><\/li><li><a class=\"page-item\" href=\"https:\/\/omh-ohcc.ca\/en\/wp-json\/wp\/v2\/pages\/334\/page\/4\/\" data-page=\"4\" title=\"Page 4\">4<\/a><\/li><li><a class=\"page-item\" href=\"https:\/\/omh-ohcc.ca\/en\/wp-json\/wp\/v2\/pages\/334\/page\/5\/\" data-page=\"5\" title=\"Page 5\">5<\/a><\/li><li><a class=\"page-item\" href=\"https:\/\/omh-ohcc.ca\/en\/wp-json\/wp\/v2\/pages\/334\/page\/6\/\" data-page=\"6\" title=\"Page 6\">6<\/a><\/li><li><a class=\"page-item\" href=\"https:\/\/omh-ohcc.ca\/en\/wp-json\/wp\/v2\/pages\/334\/page\/7\/\" data-page=\"7\" title=\"Page 7\">7<\/a><\/li><li><a class=\"page-item\" href=\"https:\/\/omh-ohcc.ca\/en\/wp-json\/wp\/v2\/pages\/334\/page\/8\/\" data-page=\"8\" title=\"Page 8\">8<\/a><\/li><li><a class=\"page-item\" href=\"https:\/\/omh-ohcc.ca\/en\/wp-json\/wp\/v2\/pages\/334\/page\/9\/\" data-page=\"9\" title=\"Page 9\">9<\/a><\/li><li><a class=\"page-item\" href=\"https:\/\/omh-ohcc.ca\/en\/wp-json\/wp\/v2\/pages\/334\/page\/10\/\" data-page=\"10\" title=\"Page 10\">10<\/a><\/li><li class=\"go-to-next\"><a class=\"page-item\" href=\"https:\/\/omh-ohcc.ca\/en\/wp-json\/wp\/v2\/pages\/334\/page\/2\/\" data-page=\"2\" title=\"Next\">&raquo;<\/a><\/li><li class=\"go-to-last\"><a class=\"page-item\" href=\"https:\/\/omh-ohcc.ca\/en\/wp-json\/wp\/v2\/pages\/334\/page\/20\/\" data-page=\"20\" title=\"Last\">&nbsp;&rsaquo;<\/a><\/li><\/ul><\/div><\/div><!-- lps\/end -->\n","protected":false},"excerpt":{"rendered":"","protected":false},"author":1,"featured_media":0,"parent":243,"menu_order":21000,"comment_status":"closed","ping_status":"closed","template":"","meta":[],"_links":{"self":[{"href":"https:\/\/omh-ohcc.ca\/en\/wp-json\/wp\/v2\/pages\/334"}],"collection":[{"href":"https:\/\/omh-ohcc.ca\/en\/wp-json\/wp\/v2\/pages"}],"about":[{"href":"https:\/\/omh-ohcc.ca\/en\/wp-json\/wp\/v2\/types\/page"}],"author":[{"embeddable":true,"href":"https:\/\/omh-ohcc.ca\/en\/wp-json\/wp\/v2\/users\/1"}],"replies":[{"embeddable":true,"href":"https:\/\/omh-ohcc.ca\/en\/wp-json\/wp\/v2\/comments?post=334"}],"version-history":[{"count":0,"href":"https:\/\/omh-ohcc.ca\/en\/wp-json\/wp\/v2\/pages\/334\/revisions"}],"up":[{"embeddable":true,"href":"https:\/\/omh-ohcc.ca\/en\/wp-json\/wp\/v2\/pages\/243"}],"wp:attachment":[{"href":"https:\/\/omh-ohcc.ca\/en\/wp-json\/wp\/v2\/media?parent=334"}],"curies":[{"name":"wp","href":"https:\/\/api.w.org\/{rel}","templated":true}]}}