{"id":1602,"date":"2017-06-24T14:49:31","date_gmt":"2017-06-24T18:49:31","guid":{"rendered":"http:\/\/omh-ohcc.ca\/en\/?page_id=1602"},"modified":"2026-02-15T19:02:50","modified_gmt":"2026-02-16T00:02:50","slug":"ohcc-radio","status":"publish","type":"page","link":"https:\/\/omh-ohcc.ca\/en\/hungarian-living-in-the-ottawa-valley\/ohcc-radio\/","title":{"rendered":"OHCC Radio"},"content":{"rendered":"<h3>A brief history of Hungarian radio broadcasts in Ottawa<\/h3>\n<p>Between 2002 and 2003, as a result of consistent lobbying and support of President Lajos Gy\u0151rffy and Secretary K\u00e1roly Dombi of OHCC, it became possible for a Hungarian-language program broadcast through the CHIN Ottawa&#8217;s Multicultural Radio Station.<br \/>\nStarting in June 2002, the CHIN radio network invited the managers of the OHCC, among other leaders of minority organizations, to participate in the CRTC hearings for the new multicultural broadcast in Ottawa, as a result of which the Hungarian Radio broadcast began in December 2003, led by \u00c9va Hadh\u00e1zy. In march 2004 K\u00e1roly Dombi joined the editing of the program. From 2006, the program was edited solely by K\u00e1roly Dombi, who held this role until the end of May 2015. In recognition of his successful work over more than 10 years, he was <a href=\"https:\/\/www.hunmagyar.org\/radio\/\" rel=\"noopener\" target=\"_blank\">awarded<\/a> the Golden Cross of Merit of Hungary.<br \/>\nThe broadcast continued for a few more years with program editors appointed by the Management of OHCC.<br \/>\nYou can search for programs broadcast between 2004 and 2015 on <a href=\"https:\/\/www.hunmagyar.org\/radio\/\" rel=\"noopener\" target=\"_blank\">this website<\/a>.<\/p>\n<h3>Program Guide and Archives<\/h3>\n<!-- lps\/start --><div id=\"lps-423bdc121e843103d5ee76d79cb46fe0-wrap\" data-args=\"{&quot;ver&quot;:1,&quot;limit&quot;:&quot;100&quot;,&quot;perpage&quot;:&quot;10&quot;,&quot;type&quot;:&quot;post&quot;,&quot;chrlimit&quot;:&quot;120&quot;,&quot;display&quot;:&quot;title,content-small&quot;,&quot;url&quot;:&quot;yes&quot;,&quot;linktext&quot;:&quot;Content details and listening...&quot;,&quot;elements&quot;:&quot;5&quot;,&quot;show_extra&quot;:&quot;ajax_pagination&quot;,&quot;status&quot;:&quot;publish&quot;,&quot;orderby&quot;:&quot;dateD&quot;,&quot;taxonomy&quot;:&quot;category&quot;,&quot;term&quot;:&quot;Radio&quot;,&quot;showpages&quot;:&quot;500&quot;,&quot;total_text&quot;:&quot;Total items: %d&quot;,&quot;pagespos&quot;:&quot;2&quot;}\" data-current=\"1602\" class=\"lps-top-section-wrap\" data-url=\"https:\/\/omh-ohcc.ca\/en\/wp-json\/wp\/v2\/pages\/1602\"><div class=\"before lps-pagination-wrap \"><ul class=\"latest-post-selection pages  lps-423bdc121e843103d5ee76d79cb46fe0\"><li class=\"pages-info\">Page 1 of 10<\/li><li class=\"go-to-prev disabled\"><a class=\"page-item\" data-page=\"1\" title=\"Previous\">&laquo;<\/a><\/li><li class=\"current\"><a class=\"page-item\" href=\"https:\/\/omh-ohcc.ca\/en\/wp-json\/wp\/v2\/pages\/1602\" data-page=\"1\" title=\"First\">1<\/a><\/li><li><a class=\"page-item\" href=\"https:\/\/omh-ohcc.ca\/en\/wp-json\/wp\/v2\/pages\/1602\/page\/2\/\" data-page=\"2\" title=\"Page 2\">2<\/a><\/li><li><a class=\"page-item\" href=\"https:\/\/omh-ohcc.ca\/en\/wp-json\/wp\/v2\/pages\/1602\/page\/3\/\" data-page=\"3\" title=\"Page 3\">3<\/a><\/li><li><a class=\"page-item\" href=\"https:\/\/omh-ohcc.ca\/en\/wp-json\/wp\/v2\/pages\/1602\/page\/4\/\" data-page=\"4\" title=\"Page 4\">4<\/a><\/li><li><a class=\"page-item\" href=\"https:\/\/omh-ohcc.ca\/en\/wp-json\/wp\/v2\/pages\/1602\/page\/5\/\" data-page=\"5\" title=\"Page 5\">5<\/a><\/li><li><a class=\"page-item\" href=\"https:\/\/omh-ohcc.ca\/en\/wp-json\/wp\/v2\/pages\/1602\/page\/6\/\" data-page=\"6\" title=\"Page 6\">6<\/a><\/li><li><a class=\"page-item\" href=\"https:\/\/omh-ohcc.ca\/en\/wp-json\/wp\/v2\/pages\/1602\/page\/7\/\" data-page=\"7\" title=\"Page 7\">7<\/a><\/li><li><a class=\"page-item\" href=\"https:\/\/omh-ohcc.ca\/en\/wp-json\/wp\/v2\/pages\/1602\/page\/8\/\" data-page=\"8\" title=\"Page 8\">8<\/a><\/li><li><a class=\"page-item\" href=\"https:\/\/omh-ohcc.ca\/en\/wp-json\/wp\/v2\/pages\/1602\/page\/9\/\" data-page=\"9\" title=\"Page 9\">9<\/a><\/li><li><a class=\"page-item\" href=\"https:\/\/omh-ohcc.ca\/en\/wp-json\/wp\/v2\/pages\/1602\/page\/10\/\" data-page=\"10\" title=\"Page 10\">10<\/a><\/li><li class=\"go-to-next\"><a class=\"page-item\" href=\"https:\/\/omh-ohcc.ca\/en\/wp-json\/wp\/v2\/pages\/1602\/page\/2\/\" data-page=\"2\" title=\"Next\">&raquo;<\/a><\/li><\/ul><\/div><section class=\"latest-post-selection ajax_pagination\" id=\"lps-423bdc121e843103d5ee76d79cb46fe0\" style=\"\"><article class=\"post-4259 post type-post status-publish format-standard hentry category-radio\"><h3 class=\"item-title-tag\">Radio Program on March 28, 2021<\/h3><p>Content At the request of the listeners (Finta G\u00e1bor) J\u00e1nos Br\u00f3dy: Az \u00e9n apuk\u00e1m (Judit Hal\u00e1sz) J\u00e1nos Br\u00f3dy: Mama k\u00e9rlek<\/p>\n<a href=\"https:\/\/omh-ohcc.ca\/en\/radio-program-on-march-28-2021\/\" class=\"read-more\" title=\"Radio Program on March 28, 2021\"><span class=\"read-more\">Content details and listening...<\/span><\/a><\/article><article class=\"post-4251 post type-post status-publish format-standard hentry category-radio\"><h3 class=\"item-title-tag\">Radio Program on March 21, 2021<\/h3><p>Content Hungarian Classical Music F\u00f6ldes J\u00e1nos k\u00e9r\u00e9se (Finta G\u00e1bor) Vincze Zsigmond, Kulinyi Ern\u0151: Sz\u00e9p vagy, Magyarorsz\u00e1g<\/p>\n<a href=\"https:\/\/omh-ohcc.ca\/en\/radio-program-on-march-21-2021\/\" class=\"read-more\" title=\"Radio Program on March 21, 2021\"><span class=\"read-more\">Content details and listening...<\/span><\/a><\/article><article class=\"post-4239 post type-post status-publish format-standard hentry category-radio\"><h3 class=\"item-title-tag\">Radio Program on March 14, 2021<\/h3><p>Content Franz Liszt: Magyar rapsz\u00f3dia \u2013 M\u00e1rcius 15. esem\u00e9nyei \u00e9s helysz\u00ednei &#8211; akkor \u00e9s most. (Kriszta Fr\u00e1ny\u00f3) M\u00e1rcius<\/p>\n<a href=\"https:\/\/omh-ohcc.ca\/en\/radio-program-on-march-14-2021\/\" class=\"read-more\" title=\"Radio Program on March 14, 2021\"><span class=\"read-more\">Content details and listening...<\/span><\/a><\/article><article class=\"post-4219 post type-post status-publish format-standard hentry category-radio\"><h3 class=\"item-title-tag\">Radio Program on March 7, 2021<\/h3><p>Content Hungarian Classical Music N\u0151k napja (Finta G\u00e1bor) Bach-Gounod: Ave Maria (Ren\u00e9e Fleming) Dombi K\u00e1roly n\u0151napi m\u0171sora<\/p>\n<a href=\"https:\/\/omh-ohcc.ca\/en\/radio-program-on-march-7-2021\/\" class=\"read-more\" title=\"Radio Program on March 7, 2021\"><span class=\"read-more\">Content details and listening...<\/span><\/a><\/article><article class=\"post-4216 post type-post status-publish format-standard hentry category-radio\"><h3 class=\"item-title-tag\">Radio Program on February 28, 2021<\/h3><p>Content Hungarian Classical Music K\u00f3nya S\u00e1ndor bemutat\u00e1sa (Finta G\u00e1bor) Giacomo Puccini: La Boheme-duet (S\u00e1ndor K\u00f3nya, Renata<\/p>\n<a href=\"https:\/\/omh-ohcc.ca\/en\/radio-program-on-february-28-2021\/\" class=\"read-more\" title=\"Radio Program on February 28, 2021\"><span class=\"read-more\">Content details and listening...<\/span><\/a><\/article><article class=\"post-4193 post type-post status-publish format-standard hentry category-radio\"><h3 class=\"item-title-tag\">Radio Program on February 21, 2021<\/h3><p>Content Hungarian Classical Music Finta G\u00e1bor bemutat\u00f3ja 1 (Finta G\u00e1bor) C.P.A.Bach-Ittz\u00e9s: Solo Sonata (Ittz\u00e9s Gergely)<\/p>\n<a href=\"https:\/\/omh-ohcc.ca\/en\/radio-program-on-february-21-2021\/\" class=\"read-more\" title=\"Radio Program on February 21, 2021\"><span class=\"read-more\">Content details and listening...<\/span><\/a><\/article><article class=\"post-4188 post type-post status-publish format-standard hentry category-radio\"><h3 class=\"item-title-tag\">Radio Program on February 14, 2021<\/h3><p>Content Hungarian Classical Music Presentation of R\u00f3bert Ilosfalvy (Finta G\u00e1bor) Giuseppe Verdi: Rigoletto, Quartett (Ilosfalvy<\/p>\n<a href=\"https:\/\/omh-ohcc.ca\/en\/radio-program-on-february-14-2021\/\" class=\"read-more\" title=\"Radio Program on February 14, 2021\"><span class=\"read-more\">Content details and listening...<\/span><\/a><\/article><article class=\"post-4173 post type-post status-publish format-standard hentry category-radio\"><h3 class=\"item-title-tag\">Radio Program on February 7, 2021<\/h3><p>Content Hungarian Classical Music Koml\u00f3si Ildik\u00f3 bemutat\u00e1sa (Finta G\u00e1bor) Erkel Ferenc: B\u00e1nk b\u00e1n &#8211; duett (Koml\u00f3si<\/p>\n<a href=\"https:\/\/omh-ohcc.ca\/en\/radio-program-on-february-7-2021\/\" class=\"read-more\" title=\"Radio Program on February 7, 2021\"><span class=\"read-more\">Content details and listening...<\/span><\/a><\/article><article class=\"post-4126 post type-post status-publish format-standard hentry category-radio\"><h3 class=\"item-title-tag\">Radio Program on January 31, 2021<\/h3><p>Content Hungarian Classical Music Boldoczki p\u00e1ly\u00e1ja (Finta G\u00e1bor) Joseph Haydn: Trumpet Concerto in E flat major (Boldoczki<\/p>\n<a href=\"https:\/\/omh-ohcc.ca\/en\/radio-program-on-january-31-2021\/\" class=\"read-more\" title=\"Radio Program on January 31, 2021\"><span class=\"read-more\">Content details and listening...<\/span><\/a><\/article><article class=\"post-4112 post type-post status-publish format-standard hentry category-radio\"><h3 class=\"item-title-tag\">Radio Program on January 24, 2021<\/h3><p>Content Hungarian Classical Music Career of Margit L\u00e1szl\u00f3 (G\u00e1bor Finta) W.A. Mozart: Don Giovanni duet (Margit L\u00e1szl\u00f3, Gy\u00f6rgy<\/p>\n<a href=\"https:\/\/omh-ohcc.ca\/en\/radio-program-on-january-24-2021\/\" class=\"read-more\" title=\"Radio Program on January 24, 2021\"><span class=\"read-more\">Content details and listening...<\/span><\/a><\/article><\/section><div class=\"after lps-pagination-wrap \"><ul class=\"latest-post-selection pages  lps-423bdc121e843103d5ee76d79cb46fe0\"><li class=\"pages-info\">Page 1 of 10<\/li><li class=\"go-to-prev disabled\"><a class=\"page-item\" data-page=\"1\" title=\"Previous\">&laquo;<\/a><\/li><li class=\"current\"><a class=\"page-item\" href=\"https:\/\/omh-ohcc.ca\/en\/wp-json\/wp\/v2\/pages\/1602\" data-page=\"1\" title=\"First\">1<\/a><\/li><li><a class=\"page-item\" href=\"https:\/\/omh-ohcc.ca\/en\/wp-json\/wp\/v2\/pages\/1602\/page\/2\/\" data-page=\"2\" title=\"Page 2\">2<\/a><\/li><li><a class=\"page-item\" href=\"https:\/\/omh-ohcc.ca\/en\/wp-json\/wp\/v2\/pages\/1602\/page\/3\/\" data-page=\"3\" title=\"Page 3\">3<\/a><\/li><li><a class=\"page-item\" href=\"https:\/\/omh-ohcc.ca\/en\/wp-json\/wp\/v2\/pages\/1602\/page\/4\/\" data-page=\"4\" title=\"Page 4\">4<\/a><\/li><li><a class=\"page-item\" href=\"https:\/\/omh-ohcc.ca\/en\/wp-json\/wp\/v2\/pages\/1602\/page\/5\/\" data-page=\"5\" title=\"Page 5\">5<\/a><\/li><li><a class=\"page-item\" href=\"https:\/\/omh-ohcc.ca\/en\/wp-json\/wp\/v2\/pages\/1602\/page\/6\/\" data-page=\"6\" title=\"Page 6\">6<\/a><\/li><li><a class=\"page-item\" href=\"https:\/\/omh-ohcc.ca\/en\/wp-json\/wp\/v2\/pages\/1602\/page\/7\/\" data-page=\"7\" title=\"Page 7\">7<\/a><\/li><li><a class=\"page-item\" href=\"https:\/\/omh-ohcc.ca\/en\/wp-json\/wp\/v2\/pages\/1602\/page\/8\/\" data-page=\"8\" title=\"Page 8\">8<\/a><\/li><li><a class=\"page-item\" href=\"https:\/\/omh-ohcc.ca\/en\/wp-json\/wp\/v2\/pages\/1602\/page\/9\/\" data-page=\"9\" title=\"Page 9\">9<\/a><\/li><li><a class=\"page-item\" href=\"https:\/\/omh-ohcc.ca\/en\/wp-json\/wp\/v2\/pages\/1602\/page\/10\/\" data-page=\"10\" title=\"Page 10\">10<\/a><\/li><li class=\"go-to-next\"><a class=\"page-item\" href=\"https:\/\/omh-ohcc.ca\/en\/wp-json\/wp\/v2\/pages\/1602\/page\/2\/\" data-page=\"2\" title=\"Next\">&raquo;<\/a><\/li><\/ul><\/div><\/div><!-- lps\/end -->\n","protected":false},"excerpt":{"rendered":"<p>A brief history of Hungarian radio broadcasts in Ottawa Between 2002 and 2003, as a result of consistent lobbying and support of President Lajos Gy\u0151rffy and Secretary K\u00e1roly Dombi of OHCC, it became possible for a Hungarian-language program broadcast through the CHIN Ottawa&#8217;s Multicultural Radio Station. Starting in June 2002, the CHIN radio network invited [&hellip;]<\/p>\n","protected":false},"author":1,"featured_media":0,"parent":586,"menu_order":60500,"comment_status":"closed","ping_status":"closed","template":"","meta":[],"_links":{"self":[{"href":"https:\/\/omh-ohcc.ca\/en\/wp-json\/wp\/v2\/pages\/1602"}],"collection":[{"href":"https:\/\/omh-ohcc.ca\/en\/wp-json\/wp\/v2\/pages"}],"about":[{"href":"https:\/\/omh-ohcc.ca\/en\/wp-json\/wp\/v2\/types\/page"}],"author":[{"embeddable":true,"href":"https:\/\/omh-ohcc.ca\/en\/wp-json\/wp\/v2\/users\/1"}],"replies":[{"embeddable":true,"href":"https:\/\/omh-ohcc.ca\/en\/wp-json\/wp\/v2\/comments?post=1602"}],"version-history":[{"count":3,"href":"https:\/\/omh-ohcc.ca\/en\/wp-json\/wp\/v2\/pages\/1602\/revisions"}],"predecessor-version":[{"id":5830,"href":"https:\/\/omh-ohcc.ca\/en\/wp-json\/wp\/v2\/pages\/1602\/revisions\/5830"}],"up":[{"embeddable":true,"href":"https:\/\/omh-ohcc.ca\/en\/wp-json\/wp\/v2\/pages\/586"}],"wp:attachment":[{"href":"https:\/\/omh-ohcc.ca\/en\/wp-json\/wp\/v2\/media?parent=1602"}],"curies":[{"name":"wp","href":"https:\/\/api.w.org\/{rel}","templated":true}]}}